{"id":23871,"date":"2026-02-27T08:47:21","date_gmt":"2026-02-27T08:47:21","guid":{"rendered":"https:\/\/termotom.com\/podloga-za-stol-za-zascito-tal-1-mm\/"},"modified":"2026-04-01T09:50:37","modified_gmt":"2026-04-01T09:50:37","slug":"stuhlmatte-fur-bodenschutz-1-mm","status":"publish","type":"product","link":"https:\/\/termotom.com\/de\/stuhlmatte-fur-bodenschutz-1-mm\/","title":{"rendered":"Stuhlmatte, f\u00fcr Bodenschutz, 1 mm"},"content":{"rendered":"<ul>\n<li>Die transparente Stuhlunterlage wurde entwickelt, um Ihren Boden vor Abnutzung, Kratzern und anderen Besch\u00e4digungen zu sch\u00fctzen, die durch B\u00fcrost\u00fchle oder andere M\u00f6bel verursacht werden k\u00f6nnen. Ganz gleich, ob Sie Schutz f\u00fcr Ihre Parkett-, Laminat- oder Teppichb\u00f6den suchen, unsere Stuhlunterlage ist die richtige L\u00f6sung f\u00fcr Sie.<br \/>\nHochwertiges Material: Unser Schutz besteht aus strapazierf\u00e4higem Polycarbonat, das robust und bruchsicher ist und Ihren Boden langfristig sch\u00fctzt. <u>Das Material ist 1 mm dick.<\/u><\/li>\n<li>Unsichtbarer Schutz: Damit sieht Ihr Boden immer perfekt aus, da der Schutz die \u00c4sthetik des Raumes nicht beeintr\u00e4chtigt.<\/li>\n<li>Einfache Installation: Die Stuhlunterlage ist so konzipiert, dass Sie sie einfach auf den Boden legen k\u00f6nnen, ohne zus\u00e4tzliche Werkzeuge oder Hilfsmittel zu ben\u00f6tigen.<\/li>\n<li>Geeignet f\u00fcr verschiedene Oberfl\u00e4chen: Die Unterlage ist mit verschiedenen Bodenarten kompatibel, darunter Parkett, Laminat, Fliesen &#8230;<\/li>\n<\/ul>\n","protected":false},"excerpt":{"rendered":"<p>Sch\u00fctzen Sie Ihre B\u00f6den mit unserer Stuhlmatte. Sch\u00fctzen Sie Ihre B\u00f6den auf kosteng\u00fcnstige Weise.<\/p>\n","protected":false},"featured_media":23872,"comment_status":"closed","ping_status":"closed","template":"","meta":{"_acf_changed":false},"product_brand":[],"product_cat":[1651],"product_tag":[],"class_list":{"0":"post-23871","1":"product","2":"type-product","3":"status-publish","4":"has-post-thumbnail","6":"product_cat-produkte-und-loesungen","7":"pa_dimenzija-1200x1000-mm","8":"pa_dimenzija-1200x2000-mm","10":"first","11":"instock","12":"taxable","13":"shipping-taxable","14":"purchasable","15":"product-type-variable"},"acf":[],"yoast_head":"<!-- This site is optimized with the Yoast SEO plugin v27.0 - https:\/\/yoast.com\/product\/yoast-seo-wordpress\/ -->\n<title>Stuhlmatte, f\u00fcr Bodenschutz, 1 mm - Trgovina Termotom<\/title>\n<meta name=\"robots\" content=\"index, follow, max-snippet:-1, max-image-preview:large, max-video-preview:-1\" \/>\n<link rel=\"canonical\" href=\"https:\/\/termotom.com\/de\/stuhlmatte-fur-bodenschutz-1-mm\/\" \/>\n<meta property=\"og:locale\" content=\"de_DE\" \/>\n<meta property=\"og:type\" content=\"article\" \/>\n<meta property=\"og:title\" content=\"Stuhlmatte, f\u00fcr Bodenschutz, 1 mm - Trgovina Termotom\" \/>\n<meta property=\"og:description\" content=\"Sch\u00fctzen Sie Ihre B\u00f6den mit unserer Stuhlmatte. Sch\u00fctzen Sie Ihre B\u00f6den auf kosteng\u00fcnstige Weise.\" \/>\n<meta property=\"og:url\" content=\"https:\/\/termotom.com\/de\/stuhlmatte-fur-bodenschutz-1-mm\/\" \/>\n<meta property=\"og:site_name\" content=\"Trgovina Termotom\" \/>\n<meta property=\"article:modified_time\" content=\"2026-04-01T09:50:37+00:00\" \/>\n<meta property=\"og:image\" content=\"https:\/\/termotom.com\/wp-content\/uploads\/s-l500-1.jpg\" \/>\n\t<meta property=\"og:image:width\" content=\"800\" \/>\n\t<meta property=\"og:image:height\" content=\"600\" \/>\n\t<meta property=\"og:image:type\" content=\"image\/jpeg\" \/>\n<meta name=\"twitter:card\" content=\"summary_large_image\" \/>\n<meta name=\"twitter:label1\" content=\"Gesch\u00e4tzte Lesezeit\" \/>\n\t<meta name=\"twitter:data1\" content=\"1\u00a0Minute\" \/>\n<script type=\"application\/ld+json\" class=\"yoast-schema-graph\">{\"@context\":\"https:\/\/schema.org\",\"@graph\":[{\"@type\":\"WebPage\",\"@id\":\"https:\/\/termotom.com\/de\/stuhlmatte-fur-bodenschutz-1-mm\/\",\"url\":\"https:\/\/termotom.com\/de\/stuhlmatte-fur-bodenschutz-1-mm\/\",\"name\":\"Stuhlmatte, f\u00fcr Bodenschutz, 1 mm - Trgovina Termotom\",\"isPartOf\":{\"@id\":\"https:\/\/termotom.com\/de\/#website\"},\"primaryImageOfPage\":{\"@id\":\"https:\/\/termotom.com\/de\/stuhlmatte-fur-bodenschutz-1-mm\/#primaryimage\"},\"image\":{\"@id\":\"https:\/\/termotom.com\/de\/stuhlmatte-fur-bodenschutz-1-mm\/#primaryimage\"},\"thumbnailUrl\":\"https:\/\/termotom.com\/wp-content\/uploads\/s-l500-1.jpg\",\"datePublished\":\"2026-02-27T08:47:21+00:00\",\"dateModified\":\"2026-04-01T09:50:37+00:00\",\"breadcrumb\":{\"@id\":\"https:\/\/termotom.com\/de\/stuhlmatte-fur-bodenschutz-1-mm\/#breadcrumb\"},\"inLanguage\":\"de\",\"potentialAction\":[{\"@type\":\"ReadAction\",\"target\":[\"https:\/\/termotom.com\/de\/stuhlmatte-fur-bodenschutz-1-mm\/\"]}]},{\"@type\":\"ImageObject\",\"inLanguage\":\"de\",\"@id\":\"https:\/\/termotom.com\/de\/stuhlmatte-fur-bodenschutz-1-mm\/#primaryimage\",\"url\":\"https:\/\/termotom.com\/wp-content\/uploads\/s-l500-1.jpg\",\"contentUrl\":\"https:\/\/termotom.com\/wp-content\/uploads\/s-l500-1.jpg\",\"width\":800,\"height\":600},{\"@type\":\"BreadcrumbList\",\"@id\":\"https:\/\/termotom.com\/de\/stuhlmatte-fur-bodenschutz-1-mm\/#breadcrumb\",\"itemListElement\":[{\"@type\":\"ListItem\",\"position\":1,\"name\":\"Home\",\"item\":\"https:\/\/termotom.com\/de\/\"},{\"@type\":\"ListItem\",\"position\":2,\"name\":\"Shop\",\"item\":\"https:\/\/termotom.com\/de\/shop\/\"},{\"@type\":\"ListItem\",\"position\":3,\"name\":\"Stuhlmatte, f\u00fcr Bodenschutz, 1 mm\"}]},{\"@type\":\"WebSite\",\"@id\":\"https:\/\/termotom.com\/de\/#website\",\"url\":\"https:\/\/termotom.com\/de\/\",\"name\":\"Trgovina Termotom\",\"description\":\"Spletna trgovina\",\"publisher\":{\"@id\":\"https:\/\/termotom.com\/de\/#organization\"},\"potentialAction\":[{\"@type\":\"SearchAction\",\"target\":{\"@type\":\"EntryPoint\",\"urlTemplate\":\"https:\/\/termotom.com\/de\/?s={search_term_string}\"},\"query-input\":{\"@type\":\"PropertyValueSpecification\",\"valueRequired\":true,\"valueName\":\"search_term_string\"}}],\"inLanguage\":\"de\"},{\"@type\":\"Organization\",\"@id\":\"https:\/\/termotom.com\/de\/#organization\",\"name\":\"Trgovina Termotom\",\"url\":\"https:\/\/termotom.com\/de\/\",\"logo\":{\"@type\":\"ImageObject\",\"inLanguage\":\"de\",\"@id\":\"https:\/\/termotom.com\/de\/#\/schema\/logo\/image\/\",\"url\":\"https:\/\/termotom.com\/wp-content\/uploads\/logo.png\",\"contentUrl\":\"https:\/\/termotom.com\/wp-content\/uploads\/logo.png\",\"width\":400,\"height\":60,\"caption\":\"Trgovina Termotom\"},\"image\":{\"@id\":\"https:\/\/termotom.com\/de\/#\/schema\/logo\/image\/\"}}]}<\/script>\n<!-- \/ Yoast SEO plugin. -->","yoast_head_json":{"title":"Stuhlmatte, f\u00fcr Bodenschutz, 1 mm - Trgovina Termotom","robots":{"index":"index","follow":"follow","max-snippet":"max-snippet:-1","max-image-preview":"max-image-preview:large","max-video-preview":"max-video-preview:-1"},"canonical":"https:\/\/termotom.com\/de\/stuhlmatte-fur-bodenschutz-1-mm\/","og_locale":"de_DE","og_type":"article","og_title":"Stuhlmatte, f\u00fcr Bodenschutz, 1 mm - Trgovina Termotom","og_description":"Sch\u00fctzen Sie Ihre B\u00f6den mit unserer Stuhlmatte. Sch\u00fctzen Sie Ihre B\u00f6den auf kosteng\u00fcnstige Weise.","og_url":"https:\/\/termotom.com\/de\/stuhlmatte-fur-bodenschutz-1-mm\/","og_site_name":"Trgovina Termotom","article_modified_time":"2026-04-01T09:50:37+00:00","og_image":[{"width":800,"height":600,"url":"https:\/\/termotom.com\/wp-content\/uploads\/s-l500-1.jpg","type":"image\/jpeg"}],"twitter_card":"summary_large_image","twitter_misc":{"Gesch\u00e4tzte Lesezeit":"1\u00a0Minute"},"schema":{"@context":"https:\/\/schema.org","@graph":[{"@type":"WebPage","@id":"https:\/\/termotom.com\/de\/stuhlmatte-fur-bodenschutz-1-mm\/","url":"https:\/\/termotom.com\/de\/stuhlmatte-fur-bodenschutz-1-mm\/","name":"Stuhlmatte, f\u00fcr Bodenschutz, 1 mm - Trgovina Termotom","isPartOf":{"@id":"https:\/\/termotom.com\/de\/#website"},"primaryImageOfPage":{"@id":"https:\/\/termotom.com\/de\/stuhlmatte-fur-bodenschutz-1-mm\/#primaryimage"},"image":{"@id":"https:\/\/termotom.com\/de\/stuhlmatte-fur-bodenschutz-1-mm\/#primaryimage"},"thumbnailUrl":"https:\/\/termotom.com\/wp-content\/uploads\/s-l500-1.jpg","datePublished":"2026-02-27T08:47:21+00:00","dateModified":"2026-04-01T09:50:37+00:00","breadcrumb":{"@id":"https:\/\/termotom.com\/de\/stuhlmatte-fur-bodenschutz-1-mm\/#breadcrumb"},"inLanguage":"de","potentialAction":[{"@type":"ReadAction","target":["https:\/\/termotom.com\/de\/stuhlmatte-fur-bodenschutz-1-mm\/"]}]},{"@type":"ImageObject","inLanguage":"de","@id":"https:\/\/termotom.com\/de\/stuhlmatte-fur-bodenschutz-1-mm\/#primaryimage","url":"https:\/\/termotom.com\/wp-content\/uploads\/s-l500-1.jpg","contentUrl":"https:\/\/termotom.com\/wp-content\/uploads\/s-l500-1.jpg","width":800,"height":600},{"@type":"BreadcrumbList","@id":"https:\/\/termotom.com\/de\/stuhlmatte-fur-bodenschutz-1-mm\/#breadcrumb","itemListElement":[{"@type":"ListItem","position":1,"name":"Home","item":"https:\/\/termotom.com\/de\/"},{"@type":"ListItem","position":2,"name":"Shop","item":"https:\/\/termotom.com\/de\/shop\/"},{"@type":"ListItem","position":3,"name":"Stuhlmatte, f\u00fcr Bodenschutz, 1 mm"}]},{"@type":"WebSite","@id":"https:\/\/termotom.com\/de\/#website","url":"https:\/\/termotom.com\/de\/","name":"Trgovina Termotom","description":"Spletna trgovina","publisher":{"@id":"https:\/\/termotom.com\/de\/#organization"},"potentialAction":[{"@type":"SearchAction","target":{"@type":"EntryPoint","urlTemplate":"https:\/\/termotom.com\/de\/?s={search_term_string}"},"query-input":{"@type":"PropertyValueSpecification","valueRequired":true,"valueName":"search_term_string"}}],"inLanguage":"de"},{"@type":"Organization","@id":"https:\/\/termotom.com\/de\/#organization","name":"Trgovina Termotom","url":"https:\/\/termotom.com\/de\/","logo":{"@type":"ImageObject","inLanguage":"de","@id":"https:\/\/termotom.com\/de\/#\/schema\/logo\/image\/","url":"https:\/\/termotom.com\/wp-content\/uploads\/logo.png","contentUrl":"https:\/\/termotom.com\/wp-content\/uploads\/logo.png","width":400,"height":60,"caption":"Trgovina Termotom"},"image":{"@id":"https:\/\/termotom.com\/de\/#\/schema\/logo\/image\/"}}]}},"_links":{"self":[{"href":"https:\/\/termotom.com\/de\/wp-json\/wp\/v2\/product\/23871","targetHints":{"allow":["GET"]}}],"collection":[{"href":"https:\/\/termotom.com\/de\/wp-json\/wp\/v2\/product"}],"about":[{"href":"https:\/\/termotom.com\/de\/wp-json\/wp\/v2\/types\/product"}],"replies":[{"embeddable":true,"href":"https:\/\/termotom.com\/de\/wp-json\/wp\/v2\/comments?post=23871"}],"wp:featuredmedia":[{"embeddable":true,"href":"https:\/\/termotom.com\/de\/wp-json\/wp\/v2\/media\/23872"}],"wp:attachment":[{"href":"https:\/\/termotom.com\/de\/wp-json\/wp\/v2\/media?parent=23871"}],"wp:term":[{"taxonomy":"product_brand","embeddable":true,"href":"https:\/\/termotom.com\/de\/wp-json\/wp\/v2\/product_brand?post=23871"},{"taxonomy":"product_cat","embeddable":true,"href":"https:\/\/termotom.com\/de\/wp-json\/wp\/v2\/product_cat?post=23871"},{"taxonomy":"product_tag","embeddable":true,"href":"https:\/\/termotom.com\/de\/wp-json\/wp\/v2\/product_tag?post=23871"}],"curies":[{"name":"wp","href":"https:\/\/api.w.org\/{rel}","templated":true}]}}