{"id":23949,"date":"2026-02-19T08:29:14","date_gmt":"2026-02-19T08:29:14","guid":{"rendered":"https:\/\/termotom.com\/robniki-za-travo-obroba-za-gredice\/"},"modified":"2026-04-01T09:51:07","modified_gmt":"2026-04-01T09:51:07","slug":"rasenkanten-beeteinfassungen","status":"publish","type":"product","link":"https:\/\/termotom.com\/de\/rasenkanten-beeteinfassungen\/","title":{"rendered":"Rasenkanten, Beeteinfassungen"},"content":{"rendered":"<p>12 St\u00fcck UV-best\u00e4ndiges, geh\u00e4rtetes Polycarbonat, L\u00e4nge jedes St\u00fccks: 100 cm, 4 Platten 50 cm. H\u00f6he: 20 cm, Dicke: 2,8 mm, Gesamtl\u00e4nge des Sets: 10 m<\/p>\n","protected":false},"excerpt":{"rendered":"<p>Hochwertige <strong>Einfassung f\u00fcr den Garten<\/strong>, die <strong>eine<\/strong> einfache und \u00e4sthetische <strong>Abgrenzung des Rasens von den Beeten<\/strong> erm\u00f6glicht. Die Einfassungen erm\u00f6glichen eine klare Abgrenzung der Fl\u00e4chen, verhindern das Wachsen von Gras auf den Beeten und sorgen f\u00fcr ein gepflegtes Erscheinungsbild des Gartens. Erh\u00e4ltliche Farben: transparent, get\u00f6nt grau, get\u00f6nt braun.<\/p>\n","protected":false},"featured_media":23951,"comment_status":"closed","ping_status":"closed","template":"","meta":{"_acf_changed":false},"product_brand":[],"product_cat":[1735],"product_tag":[],"class_list":{"0":"post-23949","1":"product","2":"type-product","3":"status-publish","4":"has-post-thumbnail","6":"product_cat-produkte-fuer-den-garten","7":"product_shipping_class-nizja-dostava","8":"pa_barva-grau-gefaerbt","9":"pa_barva-temno-dimljena","10":"pa_barva-transparent","12":"first","13":"instock","14":"taxable","15":"shipping-taxable","16":"purchasable","17":"product-type-variable"},"acf":[],"yoast_head":"<!-- This site is optimized with the Yoast SEO plugin v27.0 - https:\/\/yoast.com\/product\/yoast-seo-wordpress\/ -->\n<title>Rasenkanten, Beeteinfassungen - Trgovina Termotom<\/title>\n<meta name=\"robots\" content=\"index, follow, max-snippet:-1, max-image-preview:large, max-video-preview:-1\" \/>\n<link rel=\"canonical\" href=\"https:\/\/termotom.com\/de\/rasenkanten-beeteinfassungen\/\" \/>\n<meta property=\"og:locale\" content=\"de_DE\" \/>\n<meta property=\"og:type\" content=\"article\" \/>\n<meta property=\"og:title\" content=\"Rasenkanten, Beeteinfassungen - Trgovina Termotom\" \/>\n<meta property=\"og:description\" content=\"Hochwertige Einfassung f\u00fcr den Garten, die eine einfache und \u00e4sthetische Abgrenzung des Rasens von den Beeten erm\u00f6glicht. Die Einfassungen erm\u00f6glichen eine klare Abgrenzung der Fl\u00e4chen, verhindern das Wachsen von Gras auf den Beeten und sorgen f\u00fcr ein gepflegtes Erscheinungsbild des Gartens. Erh\u00e4ltliche Farben: transparent, get\u00f6nt grau, get\u00f6nt braun.\" \/>\n<meta property=\"og:url\" content=\"https:\/\/termotom.com\/de\/rasenkanten-beeteinfassungen\/\" \/>\n<meta property=\"og:site_name\" content=\"Trgovina Termotom\" \/>\n<meta property=\"article:modified_time\" content=\"2026-04-01T09:51:07+00:00\" \/>\n<meta property=\"og:image\" content=\"https:\/\/termotom.com\/wp-content\/uploads\/7b0f5f65-ab4f-439e-adbc-448800d266bb-533x800.png\" \/>\n\t<meta property=\"og:image:width\" content=\"533\" \/>\n\t<meta property=\"og:image:height\" content=\"800\" \/>\n\t<meta property=\"og:image:type\" content=\"image\/png\" \/>\n<meta name=\"twitter:card\" content=\"summary_large_image\" \/>\n<script type=\"application\/ld+json\" class=\"yoast-schema-graph\">{\"@context\":\"https:\/\/schema.org\",\"@graph\":[{\"@type\":\"WebPage\",\"@id\":\"https:\/\/termotom.com\/de\/rasenkanten-beeteinfassungen\/\",\"url\":\"https:\/\/termotom.com\/de\/rasenkanten-beeteinfassungen\/\",\"name\":\"Rasenkanten, Beeteinfassungen - Trgovina Termotom\",\"isPartOf\":{\"@id\":\"https:\/\/termotom.com\/de\/#website\"},\"primaryImageOfPage\":{\"@id\":\"https:\/\/termotom.com\/de\/rasenkanten-beeteinfassungen\/#primaryimage\"},\"image\":{\"@id\":\"https:\/\/termotom.com\/de\/rasenkanten-beeteinfassungen\/#primaryimage\"},\"thumbnailUrl\":\"https:\/\/termotom.com\/wp-content\/uploads\/7b0f5f65-ab4f-439e-adbc-448800d266bb.png\",\"datePublished\":\"2026-02-19T08:29:14+00:00\",\"dateModified\":\"2026-04-01T09:51:07+00:00\",\"breadcrumb\":{\"@id\":\"https:\/\/termotom.com\/de\/rasenkanten-beeteinfassungen\/#breadcrumb\"},\"inLanguage\":\"de\",\"potentialAction\":[{\"@type\":\"ReadAction\",\"target\":[\"https:\/\/termotom.com\/de\/rasenkanten-beeteinfassungen\/\"]}]},{\"@type\":\"ImageObject\",\"inLanguage\":\"de\",\"@id\":\"https:\/\/termotom.com\/de\/rasenkanten-beeteinfassungen\/#primaryimage\",\"url\":\"https:\/\/termotom.com\/wp-content\/uploads\/7b0f5f65-ab4f-439e-adbc-448800d266bb.png\",\"contentUrl\":\"https:\/\/termotom.com\/wp-content\/uploads\/7b0f5f65-ab4f-439e-adbc-448800d266bb.png\",\"width\":1024,\"height\":1536},{\"@type\":\"BreadcrumbList\",\"@id\":\"https:\/\/termotom.com\/de\/rasenkanten-beeteinfassungen\/#breadcrumb\",\"itemListElement\":[{\"@type\":\"ListItem\",\"position\":1,\"name\":\"Home\",\"item\":\"https:\/\/termotom.com\/de\/\"},{\"@type\":\"ListItem\",\"position\":2,\"name\":\"Shop\",\"item\":\"https:\/\/termotom.com\/de\/shop\/\"},{\"@type\":\"ListItem\",\"position\":3,\"name\":\"Rasenkanten, Beeteinfassungen\"}]},{\"@type\":\"WebSite\",\"@id\":\"https:\/\/termotom.com\/de\/#website\",\"url\":\"https:\/\/termotom.com\/de\/\",\"name\":\"Trgovina Termotom\",\"description\":\"Spletna trgovina\",\"publisher\":{\"@id\":\"https:\/\/termotom.com\/de\/#organization\"},\"potentialAction\":[{\"@type\":\"SearchAction\",\"target\":{\"@type\":\"EntryPoint\",\"urlTemplate\":\"https:\/\/termotom.com\/de\/?s={search_term_string}\"},\"query-input\":{\"@type\":\"PropertyValueSpecification\",\"valueRequired\":true,\"valueName\":\"search_term_string\"}}],\"inLanguage\":\"de\"},{\"@type\":\"Organization\",\"@id\":\"https:\/\/termotom.com\/de\/#organization\",\"name\":\"Trgovina Termotom\",\"url\":\"https:\/\/termotom.com\/de\/\",\"logo\":{\"@type\":\"ImageObject\",\"inLanguage\":\"de\",\"@id\":\"https:\/\/termotom.com\/de\/#\/schema\/logo\/image\/\",\"url\":\"https:\/\/termotom.com\/wp-content\/uploads\/logo.png\",\"contentUrl\":\"https:\/\/termotom.com\/wp-content\/uploads\/logo.png\",\"width\":400,\"height\":60,\"caption\":\"Trgovina Termotom\"},\"image\":{\"@id\":\"https:\/\/termotom.com\/de\/#\/schema\/logo\/image\/\"}}]}<\/script>\n<!-- \/ Yoast SEO plugin. -->","yoast_head_json":{"title":"Rasenkanten, Beeteinfassungen - Trgovina Termotom","robots":{"index":"index","follow":"follow","max-snippet":"max-snippet:-1","max-image-preview":"max-image-preview:large","max-video-preview":"max-video-preview:-1"},"canonical":"https:\/\/termotom.com\/de\/rasenkanten-beeteinfassungen\/","og_locale":"de_DE","og_type":"article","og_title":"Rasenkanten, Beeteinfassungen - Trgovina Termotom","og_description":"Hochwertige Einfassung f\u00fcr den Garten, die eine einfache und \u00e4sthetische Abgrenzung des Rasens von den Beeten erm\u00f6glicht. Die Einfassungen erm\u00f6glichen eine klare Abgrenzung der Fl\u00e4chen, verhindern das Wachsen von Gras auf den Beeten und sorgen f\u00fcr ein gepflegtes Erscheinungsbild des Gartens. Erh\u00e4ltliche Farben: transparent, get\u00f6nt grau, get\u00f6nt braun.","og_url":"https:\/\/termotom.com\/de\/rasenkanten-beeteinfassungen\/","og_site_name":"Trgovina Termotom","article_modified_time":"2026-04-01T09:51:07+00:00","og_image":[{"width":533,"height":800,"url":"https:\/\/termotom.com\/wp-content\/uploads\/7b0f5f65-ab4f-439e-adbc-448800d266bb-533x800.png","type":"image\/png"}],"twitter_card":"summary_large_image","schema":{"@context":"https:\/\/schema.org","@graph":[{"@type":"WebPage","@id":"https:\/\/termotom.com\/de\/rasenkanten-beeteinfassungen\/","url":"https:\/\/termotom.com\/de\/rasenkanten-beeteinfassungen\/","name":"Rasenkanten, Beeteinfassungen - Trgovina Termotom","isPartOf":{"@id":"https:\/\/termotom.com\/de\/#website"},"primaryImageOfPage":{"@id":"https:\/\/termotom.com\/de\/rasenkanten-beeteinfassungen\/#primaryimage"},"image":{"@id":"https:\/\/termotom.com\/de\/rasenkanten-beeteinfassungen\/#primaryimage"},"thumbnailUrl":"https:\/\/termotom.com\/wp-content\/uploads\/7b0f5f65-ab4f-439e-adbc-448800d266bb.png","datePublished":"2026-02-19T08:29:14+00:00","dateModified":"2026-04-01T09:51:07+00:00","breadcrumb":{"@id":"https:\/\/termotom.com\/de\/rasenkanten-beeteinfassungen\/#breadcrumb"},"inLanguage":"de","potentialAction":[{"@type":"ReadAction","target":["https:\/\/termotom.com\/de\/rasenkanten-beeteinfassungen\/"]}]},{"@type":"ImageObject","inLanguage":"de","@id":"https:\/\/termotom.com\/de\/rasenkanten-beeteinfassungen\/#primaryimage","url":"https:\/\/termotom.com\/wp-content\/uploads\/7b0f5f65-ab4f-439e-adbc-448800d266bb.png","contentUrl":"https:\/\/termotom.com\/wp-content\/uploads\/7b0f5f65-ab4f-439e-adbc-448800d266bb.png","width":1024,"height":1536},{"@type":"BreadcrumbList","@id":"https:\/\/termotom.com\/de\/rasenkanten-beeteinfassungen\/#breadcrumb","itemListElement":[{"@type":"ListItem","position":1,"name":"Home","item":"https:\/\/termotom.com\/de\/"},{"@type":"ListItem","position":2,"name":"Shop","item":"https:\/\/termotom.com\/de\/shop\/"},{"@type":"ListItem","position":3,"name":"Rasenkanten, Beeteinfassungen"}]},{"@type":"WebSite","@id":"https:\/\/termotom.com\/de\/#website","url":"https:\/\/termotom.com\/de\/","name":"Trgovina Termotom","description":"Spletna trgovina","publisher":{"@id":"https:\/\/termotom.com\/de\/#organization"},"potentialAction":[{"@type":"SearchAction","target":{"@type":"EntryPoint","urlTemplate":"https:\/\/termotom.com\/de\/?s={search_term_string}"},"query-input":{"@type":"PropertyValueSpecification","valueRequired":true,"valueName":"search_term_string"}}],"inLanguage":"de"},{"@type":"Organization","@id":"https:\/\/termotom.com\/de\/#organization","name":"Trgovina Termotom","url":"https:\/\/termotom.com\/de\/","logo":{"@type":"ImageObject","inLanguage":"de","@id":"https:\/\/termotom.com\/de\/#\/schema\/logo\/image\/","url":"https:\/\/termotom.com\/wp-content\/uploads\/logo.png","contentUrl":"https:\/\/termotom.com\/wp-content\/uploads\/logo.png","width":400,"height":60,"caption":"Trgovina Termotom"},"image":{"@id":"https:\/\/termotom.com\/de\/#\/schema\/logo\/image\/"}}]}},"_links":{"self":[{"href":"https:\/\/termotom.com\/de\/wp-json\/wp\/v2\/product\/23949","targetHints":{"allow":["GET"]}}],"collection":[{"href":"https:\/\/termotom.com\/de\/wp-json\/wp\/v2\/product"}],"about":[{"href":"https:\/\/termotom.com\/de\/wp-json\/wp\/v2\/types\/product"}],"replies":[{"embeddable":true,"href":"https:\/\/termotom.com\/de\/wp-json\/wp\/v2\/comments?post=23949"}],"wp:featuredmedia":[{"embeddable":true,"href":"https:\/\/termotom.com\/de\/wp-json\/wp\/v2\/media\/23951"}],"wp:attachment":[{"href":"https:\/\/termotom.com\/de\/wp-json\/wp\/v2\/media?parent=23949"}],"wp:term":[{"taxonomy":"product_brand","embeddable":true,"href":"https:\/\/termotom.com\/de\/wp-json\/wp\/v2\/product_brand?post=23949"},{"taxonomy":"product_cat","embeddable":true,"href":"https:\/\/termotom.com\/de\/wp-json\/wp\/v2\/product_cat?post=23949"},{"taxonomy":"product_tag","embeddable":true,"href":"https:\/\/termotom.com\/de\/wp-json\/wp\/v2\/product_tag?post=23949"}],"curies":[{"name":"wp","href":"https:\/\/api.w.org\/{rel}","templated":true}]}}