{"id":24347,"date":"2026-01-26T08:14:08","date_gmt":"2026-01-26T08:14:08","guid":{"rendered":"https:\/\/termotom.com\/penjen-pvc-1-mm-bel\/"},"modified":"2026-04-01T09:53:56","modified_gmt":"2026-04-01T09:53:56","slug":"geschaumtes-pvc-1-mm-weis","status":"publish","type":"product","link":"https:\/\/termotom.com\/de\/geschaumtes-pvc-1-mm-weis\/","title":{"rendered":"Gesch\u00e4umtes PVC 1 mm, wei\u00df"},"content":{"rendered":"<p>Gesch\u00e4umte PVC-Platten sind auch unter anderen Namen bekannt, wie z. B. Forex. Sie sind f\u00fcr eine breite Palette von Anwendungen im Bereich der visuellen Kommunikation bestimmt. Das Material ist auf einer Seite durch eine Folie gesch\u00fctzt. Durch sein geringes Gewicht ist es leicht zu verlegen. Es eignet sich f\u00fcr UV- und Digitaldruck, Folienverklebung, CNC-Schneiden und Kleben.<\/p>\n","protected":false},"excerpt":{"rendered":"<p>Gesch\u00e4umtes PVC wei\u00df, 1 mm dick<\/p>\n","protected":false},"featured_media":24348,"comment_status":"open","ping_status":"closed","template":"","meta":{"_acf_changed":false},"product_brand":[],"product_cat":[1812,1813],"product_tag":[],"class_list":{"0":"post-24347","1":"product","2":"type-product","3":"status-publish","4":"has-post-thumbnail","6":"product_cat-kunststoff-und-andere-teller","7":"product_cat-geschaeumtes-pvc","8":"product_shipping_class-visoka-dostava","9":"pa_debelina-1-mm","10":"pa_dimenzija-1000x1000-mm","11":"pa_dimenzija-2000x1000-mm","12":"pa_dimenzija-2000x1500-mm","13":"pa_dimenzija-2030x3050-mm","14":"pa_struktura-einzelschicht","15":"pa_uv-zascita-ohne","17":"first","18":"instock","19":"taxable","20":"shipping-taxable","21":"purchasable","22":"product-type-variable"},"acf":[],"yoast_head":"<!-- This site is optimized with the Yoast SEO plugin v27.0 - https:\/\/yoast.com\/product\/yoast-seo-wordpress\/ -->\n<title>Gesch\u00e4umtes PVC 1 mm, wei\u00df - Trgovina Termotom<\/title>\n<meta name=\"robots\" content=\"index, follow, max-snippet:-1, max-image-preview:large, max-video-preview:-1\" \/>\n<link rel=\"canonical\" href=\"https:\/\/termotom.com\/de\/geschaumtes-pvc-1-mm-weis\/\" \/>\n<meta property=\"og:locale\" content=\"de_DE\" \/>\n<meta property=\"og:type\" content=\"article\" \/>\n<meta property=\"og:title\" content=\"Gesch\u00e4umtes PVC 1 mm, wei\u00df - Trgovina Termotom\" \/>\n<meta property=\"og:description\" content=\"Gesch\u00e4umtes PVC wei\u00df, 1 mm dick\" \/>\n<meta property=\"og:url\" content=\"https:\/\/termotom.com\/de\/geschaumtes-pvc-1-mm-weis\/\" \/>\n<meta property=\"og:site_name\" content=\"Trgovina Termotom\" \/>\n<meta property=\"article:modified_time\" content=\"2026-04-01T09:53:56+00:00\" \/>\n<meta property=\"og:image\" content=\"https:\/\/termotom.com\/wp-content\/uploads\/PENJEN_PVC_3-1-scaled.jpg\" \/>\n\t<meta property=\"og:image:width\" content=\"2560\" \/>\n\t<meta property=\"og:image:height\" content=\"2560\" \/>\n\t<meta property=\"og:image:type\" content=\"image\/jpeg\" \/>\n<meta name=\"twitter:card\" content=\"summary_large_image\" \/>\n<script type=\"application\/ld+json\" class=\"yoast-schema-graph\">{\"@context\":\"https:\/\/schema.org\",\"@graph\":[{\"@type\":\"WebPage\",\"@id\":\"https:\/\/termotom.com\/de\/geschaumtes-pvc-1-mm-weis\/\",\"url\":\"https:\/\/termotom.com\/de\/geschaumtes-pvc-1-mm-weis\/\",\"name\":\"Gesch\u00e4umtes PVC 1 mm, wei\u00df - Trgovina Termotom\",\"isPartOf\":{\"@id\":\"https:\/\/termotom.com\/de\/#website\"},\"primaryImageOfPage\":{\"@id\":\"https:\/\/termotom.com\/de\/geschaumtes-pvc-1-mm-weis\/#primaryimage\"},\"image\":{\"@id\":\"https:\/\/termotom.com\/de\/geschaumtes-pvc-1-mm-weis\/#primaryimage\"},\"thumbnailUrl\":\"https:\/\/termotom.com\/wp-content\/uploads\/PENJEN_PVC_3-1-scaled.jpg\",\"datePublished\":\"2026-01-26T08:14:08+00:00\",\"dateModified\":\"2026-04-01T09:53:56+00:00\",\"breadcrumb\":{\"@id\":\"https:\/\/termotom.com\/de\/geschaumtes-pvc-1-mm-weis\/#breadcrumb\"},\"inLanguage\":\"de\",\"potentialAction\":[{\"@type\":\"ReadAction\",\"target\":[\"https:\/\/termotom.com\/de\/geschaumtes-pvc-1-mm-weis\/\"]}]},{\"@type\":\"ImageObject\",\"inLanguage\":\"de\",\"@id\":\"https:\/\/termotom.com\/de\/geschaumtes-pvc-1-mm-weis\/#primaryimage\",\"url\":\"https:\/\/termotom.com\/wp-content\/uploads\/PENJEN_PVC_3-1-scaled.jpg\",\"contentUrl\":\"https:\/\/termotom.com\/wp-content\/uploads\/PENJEN_PVC_3-1-scaled.jpg\",\"width\":2560,\"height\":2560},{\"@type\":\"BreadcrumbList\",\"@id\":\"https:\/\/termotom.com\/de\/geschaumtes-pvc-1-mm-weis\/#breadcrumb\",\"itemListElement\":[{\"@type\":\"ListItem\",\"position\":1,\"name\":\"Home\",\"item\":\"https:\/\/termotom.com\/de\/\"},{\"@type\":\"ListItem\",\"position\":2,\"name\":\"Shop\",\"item\":\"https:\/\/termotom.com\/de\/shop\/\"},{\"@type\":\"ListItem\",\"position\":3,\"name\":\"Gesch\u00e4umtes PVC 1 mm, wei\u00df\"}]},{\"@type\":\"WebSite\",\"@id\":\"https:\/\/termotom.com\/de\/#website\",\"url\":\"https:\/\/termotom.com\/de\/\",\"name\":\"Trgovina Termotom\",\"description\":\"Spletna trgovina\",\"publisher\":{\"@id\":\"https:\/\/termotom.com\/de\/#organization\"},\"potentialAction\":[{\"@type\":\"SearchAction\",\"target\":{\"@type\":\"EntryPoint\",\"urlTemplate\":\"https:\/\/termotom.com\/de\/?s={search_term_string}\"},\"query-input\":{\"@type\":\"PropertyValueSpecification\",\"valueRequired\":true,\"valueName\":\"search_term_string\"}}],\"inLanguage\":\"de\"},{\"@type\":\"Organization\",\"@id\":\"https:\/\/termotom.com\/de\/#organization\",\"name\":\"Trgovina Termotom\",\"url\":\"https:\/\/termotom.com\/de\/\",\"logo\":{\"@type\":\"ImageObject\",\"inLanguage\":\"de\",\"@id\":\"https:\/\/termotom.com\/de\/#\/schema\/logo\/image\/\",\"url\":\"https:\/\/termotom.com\/wp-content\/uploads\/logo.png\",\"contentUrl\":\"https:\/\/termotom.com\/wp-content\/uploads\/logo.png\",\"width\":400,\"height\":60,\"caption\":\"Trgovina Termotom\"},\"image\":{\"@id\":\"https:\/\/termotom.com\/de\/#\/schema\/logo\/image\/\"}}]}<\/script>\n<!-- \/ Yoast SEO plugin. -->","yoast_head_json":{"title":"Gesch\u00e4umtes PVC 1 mm, wei\u00df - Trgovina Termotom","robots":{"index":"index","follow":"follow","max-snippet":"max-snippet:-1","max-image-preview":"max-image-preview:large","max-video-preview":"max-video-preview:-1"},"canonical":"https:\/\/termotom.com\/de\/geschaumtes-pvc-1-mm-weis\/","og_locale":"de_DE","og_type":"article","og_title":"Gesch\u00e4umtes PVC 1 mm, wei\u00df - Trgovina Termotom","og_description":"Gesch\u00e4umtes PVC wei\u00df, 1 mm dick","og_url":"https:\/\/termotom.com\/de\/geschaumtes-pvc-1-mm-weis\/","og_site_name":"Trgovina Termotom","article_modified_time":"2026-04-01T09:53:56+00:00","og_image":[{"width":2560,"height":2560,"url":"https:\/\/termotom.com\/wp-content\/uploads\/PENJEN_PVC_3-1-scaled.jpg","type":"image\/jpeg"}],"twitter_card":"summary_large_image","schema":{"@context":"https:\/\/schema.org","@graph":[{"@type":"WebPage","@id":"https:\/\/termotom.com\/de\/geschaumtes-pvc-1-mm-weis\/","url":"https:\/\/termotom.com\/de\/geschaumtes-pvc-1-mm-weis\/","name":"Gesch\u00e4umtes PVC 1 mm, wei\u00df - Trgovina Termotom","isPartOf":{"@id":"https:\/\/termotom.com\/de\/#website"},"primaryImageOfPage":{"@id":"https:\/\/termotom.com\/de\/geschaumtes-pvc-1-mm-weis\/#primaryimage"},"image":{"@id":"https:\/\/termotom.com\/de\/geschaumtes-pvc-1-mm-weis\/#primaryimage"},"thumbnailUrl":"https:\/\/termotom.com\/wp-content\/uploads\/PENJEN_PVC_3-1-scaled.jpg","datePublished":"2026-01-26T08:14:08+00:00","dateModified":"2026-04-01T09:53:56+00:00","breadcrumb":{"@id":"https:\/\/termotom.com\/de\/geschaumtes-pvc-1-mm-weis\/#breadcrumb"},"inLanguage":"de","potentialAction":[{"@type":"ReadAction","target":["https:\/\/termotom.com\/de\/geschaumtes-pvc-1-mm-weis\/"]}]},{"@type":"ImageObject","inLanguage":"de","@id":"https:\/\/termotom.com\/de\/geschaumtes-pvc-1-mm-weis\/#primaryimage","url":"https:\/\/termotom.com\/wp-content\/uploads\/PENJEN_PVC_3-1-scaled.jpg","contentUrl":"https:\/\/termotom.com\/wp-content\/uploads\/PENJEN_PVC_3-1-scaled.jpg","width":2560,"height":2560},{"@type":"BreadcrumbList","@id":"https:\/\/termotom.com\/de\/geschaumtes-pvc-1-mm-weis\/#breadcrumb","itemListElement":[{"@type":"ListItem","position":1,"name":"Home","item":"https:\/\/termotom.com\/de\/"},{"@type":"ListItem","position":2,"name":"Shop","item":"https:\/\/termotom.com\/de\/shop\/"},{"@type":"ListItem","position":3,"name":"Gesch\u00e4umtes PVC 1 mm, wei\u00df"}]},{"@type":"WebSite","@id":"https:\/\/termotom.com\/de\/#website","url":"https:\/\/termotom.com\/de\/","name":"Trgovina Termotom","description":"Spletna trgovina","publisher":{"@id":"https:\/\/termotom.com\/de\/#organization"},"potentialAction":[{"@type":"SearchAction","target":{"@type":"EntryPoint","urlTemplate":"https:\/\/termotom.com\/de\/?s={search_term_string}"},"query-input":{"@type":"PropertyValueSpecification","valueRequired":true,"valueName":"search_term_string"}}],"inLanguage":"de"},{"@type":"Organization","@id":"https:\/\/termotom.com\/de\/#organization","name":"Trgovina Termotom","url":"https:\/\/termotom.com\/de\/","logo":{"@type":"ImageObject","inLanguage":"de","@id":"https:\/\/termotom.com\/de\/#\/schema\/logo\/image\/","url":"https:\/\/termotom.com\/wp-content\/uploads\/logo.png","contentUrl":"https:\/\/termotom.com\/wp-content\/uploads\/logo.png","width":400,"height":60,"caption":"Trgovina Termotom"},"image":{"@id":"https:\/\/termotom.com\/de\/#\/schema\/logo\/image\/"}}]}},"_links":{"self":[{"href":"https:\/\/termotom.com\/de\/wp-json\/wp\/v2\/product\/24347","targetHints":{"allow":["GET"]}}],"collection":[{"href":"https:\/\/termotom.com\/de\/wp-json\/wp\/v2\/product"}],"about":[{"href":"https:\/\/termotom.com\/de\/wp-json\/wp\/v2\/types\/product"}],"replies":[{"embeddable":true,"href":"https:\/\/termotom.com\/de\/wp-json\/wp\/v2\/comments?post=24347"}],"wp:featuredmedia":[{"embeddable":true,"href":"https:\/\/termotom.com\/de\/wp-json\/wp\/v2\/media\/24348"}],"wp:attachment":[{"href":"https:\/\/termotom.com\/de\/wp-json\/wp\/v2\/media?parent=24347"}],"wp:term":[{"taxonomy":"product_brand","embeddable":true,"href":"https:\/\/termotom.com\/de\/wp-json\/wp\/v2\/product_brand?post=24347"},{"taxonomy":"product_cat","embeddable":true,"href":"https:\/\/termotom.com\/de\/wp-json\/wp\/v2\/product_cat?post=24347"},{"taxonomy":"product_tag","embeddable":true,"href":"https:\/\/termotom.com\/de\/wp-json\/wp\/v2\/product_tag?post=24347"}],"curies":[{"name":"wp","href":"https:\/\/api.w.org\/{rel}","templated":true}]}}