{"id":24394,"date":"2026-01-23T12:45:32","date_gmt":"2026-01-23T12:45:32","guid":{"rendered":"https:\/\/termotom.com\/hit-hlevska-guma-pohodna\/"},"modified":"2026-04-01T09:54:10","modified_gmt":"2026-04-01T09:54:10","slug":"hit-stabiler-gummi-gehend","status":"publish","type":"product","link":"https:\/\/termotom.com\/de\/hit-stabiler-gummi-gehend\/","title":{"rendered":"HIT stabiler Gummi, gehend"},"content":{"rendered":"<p>HIT Stallgummi ist ein preisg\u00fcnstiger, strapazierf\u00e4higer Belag aus recyceltem Gummi, der speziell f\u00fcr den Einsatz in Pferdest\u00e4llen, Trockenpferchen, Auslaufbereichen, G\u00e4ngen und Pferdewaschr\u00e4umen entwickelt wurde.<\/p>\n<p>Die Oberseite der Platten hat ein leicht gew\u00f6lbtes, rutschfestes Profil, das ein Ausrutschen wirksam verhindert und die Sicherheit von Pferden und Pferdepflegern erh\u00f6ht. Die Unterseite ist speziell f\u00fcr einen effektiven Wasserabfluss profiliert, was eine hervorragende Drainage erm\u00f6glicht \u2013 ein entscheidender Faktor in feuchten R\u00e4umen wie Boxen und Waschr\u00e4umen.<\/p>\n<p>Mit einer Dicke von 3,2 cm bietet HIT-Stallgummi eine gute Isolierung und eine schalld\u00e4mpfende Wirkung. Der leichte Federungseffekt reduziert punktuelle Belastungen der Gelenke, was sich positiv auf das Wohlbefinden der Pferde auswirkt.<\/p>\n<p>HIT-Gummimatten eignen sich f\u00fcr beschlagene und unbeschlagene Pferde. Sie sind best\u00e4ndig gegen Feuchtigkeit, Urin und Witterungseinfl\u00fcsse und daher eine hervorragende L\u00f6sung f\u00fcr Innen- und Au\u00dfenbereiche.<\/p>\n<p>Sie bestehen aus einem \u00e4u\u00dferst strapazierf\u00e4higen Material, das hohen Belastungen problemlos standh\u00e4lt und eine lange Lebensdauer gew\u00e4hrleistet.<\/p>\n<p>Das Verbindungssystem mit Rinnen erm\u00f6glicht <strong>eine schnelle und einfache Montage<\/strong>, und die Platten k\u00f6nnen bei Bedarf durch Schneiden (Kreiss\u00e4ge oder Stichs\u00e4ge) angepasst werden.<\/p>\n","protected":false},"excerpt":{"rendered":"<p>HIT-Stallgummi geeignet f\u00fcr St\u00e4lle, Trockenboxen, G\u00e4nge.<\/p>\n<p>Die Gr\u00f6\u00dfe der Platten ist 118 x 84 cm und die Dicke betr\u00e4gt 3,2 cm.<\/p>\n","protected":false},"featured_media":24395,"comment_status":"closed","ping_status":"closed","template":"","meta":{"_acf_changed":false},"product_brand":[],"product_cat":[1841],"product_tag":[],"class_list":{"0":"post-24394","1":"product","2":"type-product","3":"status-publish","4":"has-post-thumbnail","6":"product_cat-ausruestung-fuer-pferde","7":"product_shipping_class-visoka-dostava","9":"first","10":"instock","11":"taxable","12":"shipping-taxable","13":"purchasable","14":"product-type-simple"},"acf":[],"yoast_head":"<!-- This site is optimized with the Yoast SEO plugin v27.0 - https:\/\/yoast.com\/product\/yoast-seo-wordpress\/ -->\n<title>HIT stabiler Gummi, gehend - Trgovina Termotom<\/title>\n<meta name=\"description\" content=\"HIT hlevska guma za konje je trpe\u017ena, protizdrsna gumijasta podloga z odli\u010dno drena\u017eo, ki pove\u010duje varnost, udobje in dobrobit konj.\" \/>\n<meta name=\"robots\" content=\"index, follow, max-snippet:-1, max-image-preview:large, max-video-preview:-1\" \/>\n<link rel=\"canonical\" href=\"https:\/\/termotom.com\/de\/hit-stabiler-gummi-gehend\/\" \/>\n<meta property=\"og:locale\" content=\"de_DE\" \/>\n<meta property=\"og:type\" content=\"article\" \/>\n<meta property=\"og:title\" content=\"HIT stabiler Gummi, gehend - Trgovina Termotom\" \/>\n<meta property=\"og:description\" content=\"HIT hlevska guma za konje je trpe\u017ena, protizdrsna gumijasta podloga z odli\u010dno drena\u017eo, ki pove\u010duje varnost, udobje in dobrobit konj.\" \/>\n<meta property=\"og:url\" content=\"https:\/\/termotom.com\/de\/hit-stabiler-gummi-gehend\/\" \/>\n<meta property=\"og:site_name\" content=\"Trgovina Termotom\" \/>\n<meta property=\"article:modified_time\" content=\"2026-04-01T09:54:10+00:00\" \/>\n<meta property=\"og:image\" content=\"https:\/\/termotom.com\/wp-content\/uploads\/box-1-scaled.jpg\" \/>\n\t<meta property=\"og:image:width\" content=\"2560\" \/>\n\t<meta property=\"og:image:height\" content=\"2067\" \/>\n\t<meta property=\"og:image:type\" content=\"image\/jpeg\" \/>\n<meta name=\"twitter:card\" content=\"summary_large_image\" \/>\n<meta name=\"twitter:label1\" content=\"Gesch\u00e4tzte Lesezeit\" \/>\n\t<meta name=\"twitter:data1\" content=\"1\u00a0Minute\" \/>\n<script type=\"application\/ld+json\" class=\"yoast-schema-graph\">{\"@context\":\"https:\/\/schema.org\",\"@graph\":[{\"@type\":\"WebPage\",\"@id\":\"https:\/\/termotom.com\/de\/hit-stabiler-gummi-gehend\/\",\"url\":\"https:\/\/termotom.com\/de\/hit-stabiler-gummi-gehend\/\",\"name\":\"HIT stabiler Gummi, gehend - Trgovina Termotom\",\"isPartOf\":{\"@id\":\"https:\/\/termotom.com\/de\/#website\"},\"primaryImageOfPage\":{\"@id\":\"https:\/\/termotom.com\/de\/hit-stabiler-gummi-gehend\/#primaryimage\"},\"image\":{\"@id\":\"https:\/\/termotom.com\/de\/hit-stabiler-gummi-gehend\/#primaryimage\"},\"thumbnailUrl\":\"https:\/\/termotom.com\/wp-content\/uploads\/box-1-scaled.jpg\",\"datePublished\":\"2026-01-23T12:45:32+00:00\",\"dateModified\":\"2026-04-01T09:54:10+00:00\",\"description\":\"HIT hlevska guma za konje je trpe\u017ena, protizdrsna gumijasta podloga z odli\u010dno drena\u017eo, ki pove\u010duje varnost, udobje in dobrobit konj.\",\"breadcrumb\":{\"@id\":\"https:\/\/termotom.com\/de\/hit-stabiler-gummi-gehend\/#breadcrumb\"},\"inLanguage\":\"de\",\"potentialAction\":[{\"@type\":\"ReadAction\",\"target\":[\"https:\/\/termotom.com\/de\/hit-stabiler-gummi-gehend\/\"]}]},{\"@type\":\"ImageObject\",\"inLanguage\":\"de\",\"@id\":\"https:\/\/termotom.com\/de\/hit-stabiler-gummi-gehend\/#primaryimage\",\"url\":\"https:\/\/termotom.com\/wp-content\/uploads\/box-1-scaled.jpg\",\"contentUrl\":\"https:\/\/termotom.com\/wp-content\/uploads\/box-1-scaled.jpg\",\"width\":2560,\"height\":2067},{\"@type\":\"BreadcrumbList\",\"@id\":\"https:\/\/termotom.com\/de\/hit-stabiler-gummi-gehend\/#breadcrumb\",\"itemListElement\":[{\"@type\":\"ListItem\",\"position\":1,\"name\":\"Home\",\"item\":\"https:\/\/termotom.com\/de\/\"},{\"@type\":\"ListItem\",\"position\":2,\"name\":\"Shop\",\"item\":\"https:\/\/termotom.com\/de\/shop\/\"},{\"@type\":\"ListItem\",\"position\":3,\"name\":\"HIT stabiler Gummi, gehend\"}]},{\"@type\":\"WebSite\",\"@id\":\"https:\/\/termotom.com\/de\/#website\",\"url\":\"https:\/\/termotom.com\/de\/\",\"name\":\"Trgovina Termotom\",\"description\":\"Spletna trgovina\",\"publisher\":{\"@id\":\"https:\/\/termotom.com\/de\/#organization\"},\"potentialAction\":[{\"@type\":\"SearchAction\",\"target\":{\"@type\":\"EntryPoint\",\"urlTemplate\":\"https:\/\/termotom.com\/de\/?s={search_term_string}\"},\"query-input\":{\"@type\":\"PropertyValueSpecification\",\"valueRequired\":true,\"valueName\":\"search_term_string\"}}],\"inLanguage\":\"de\"},{\"@type\":\"Organization\",\"@id\":\"https:\/\/termotom.com\/de\/#organization\",\"name\":\"Trgovina Termotom\",\"url\":\"https:\/\/termotom.com\/de\/\",\"logo\":{\"@type\":\"ImageObject\",\"inLanguage\":\"de\",\"@id\":\"https:\/\/termotom.com\/de\/#\/schema\/logo\/image\/\",\"url\":\"https:\/\/termotom.com\/wp-content\/uploads\/logo.png\",\"contentUrl\":\"https:\/\/termotom.com\/wp-content\/uploads\/logo.png\",\"width\":400,\"height\":60,\"caption\":\"Trgovina Termotom\"},\"image\":{\"@id\":\"https:\/\/termotom.com\/de\/#\/schema\/logo\/image\/\"}}]}<\/script>\n<!-- \/ Yoast SEO plugin. -->","yoast_head_json":{"title":"HIT stabiler Gummi, gehend - Trgovina Termotom","description":"HIT hlevska guma za konje je trpe\u017ena, protizdrsna gumijasta podloga z odli\u010dno drena\u017eo, ki pove\u010duje varnost, udobje in dobrobit konj.","robots":{"index":"index","follow":"follow","max-snippet":"max-snippet:-1","max-image-preview":"max-image-preview:large","max-video-preview":"max-video-preview:-1"},"canonical":"https:\/\/termotom.com\/de\/hit-stabiler-gummi-gehend\/","og_locale":"de_DE","og_type":"article","og_title":"HIT stabiler Gummi, gehend - Trgovina Termotom","og_description":"HIT hlevska guma za konje je trpe\u017ena, protizdrsna gumijasta podloga z odli\u010dno drena\u017eo, ki pove\u010duje varnost, udobje in dobrobit konj.","og_url":"https:\/\/termotom.com\/de\/hit-stabiler-gummi-gehend\/","og_site_name":"Trgovina Termotom","article_modified_time":"2026-04-01T09:54:10+00:00","og_image":[{"width":2560,"height":2067,"url":"https:\/\/termotom.com\/wp-content\/uploads\/box-1-scaled.jpg","type":"image\/jpeg"}],"twitter_card":"summary_large_image","twitter_misc":{"Gesch\u00e4tzte Lesezeit":"1\u00a0Minute"},"schema":{"@context":"https:\/\/schema.org","@graph":[{"@type":"WebPage","@id":"https:\/\/termotom.com\/de\/hit-stabiler-gummi-gehend\/","url":"https:\/\/termotom.com\/de\/hit-stabiler-gummi-gehend\/","name":"HIT stabiler Gummi, gehend - Trgovina Termotom","isPartOf":{"@id":"https:\/\/termotom.com\/de\/#website"},"primaryImageOfPage":{"@id":"https:\/\/termotom.com\/de\/hit-stabiler-gummi-gehend\/#primaryimage"},"image":{"@id":"https:\/\/termotom.com\/de\/hit-stabiler-gummi-gehend\/#primaryimage"},"thumbnailUrl":"https:\/\/termotom.com\/wp-content\/uploads\/box-1-scaled.jpg","datePublished":"2026-01-23T12:45:32+00:00","dateModified":"2026-04-01T09:54:10+00:00","description":"HIT hlevska guma za konje je trpe\u017ena, protizdrsna gumijasta podloga z odli\u010dno drena\u017eo, ki pove\u010duje varnost, udobje in dobrobit konj.","breadcrumb":{"@id":"https:\/\/termotom.com\/de\/hit-stabiler-gummi-gehend\/#breadcrumb"},"inLanguage":"de","potentialAction":[{"@type":"ReadAction","target":["https:\/\/termotom.com\/de\/hit-stabiler-gummi-gehend\/"]}]},{"@type":"ImageObject","inLanguage":"de","@id":"https:\/\/termotom.com\/de\/hit-stabiler-gummi-gehend\/#primaryimage","url":"https:\/\/termotom.com\/wp-content\/uploads\/box-1-scaled.jpg","contentUrl":"https:\/\/termotom.com\/wp-content\/uploads\/box-1-scaled.jpg","width":2560,"height":2067},{"@type":"BreadcrumbList","@id":"https:\/\/termotom.com\/de\/hit-stabiler-gummi-gehend\/#breadcrumb","itemListElement":[{"@type":"ListItem","position":1,"name":"Home","item":"https:\/\/termotom.com\/de\/"},{"@type":"ListItem","position":2,"name":"Shop","item":"https:\/\/termotom.com\/de\/shop\/"},{"@type":"ListItem","position":3,"name":"HIT stabiler Gummi, gehend"}]},{"@type":"WebSite","@id":"https:\/\/termotom.com\/de\/#website","url":"https:\/\/termotom.com\/de\/","name":"Trgovina Termotom","description":"Spletna trgovina","publisher":{"@id":"https:\/\/termotom.com\/de\/#organization"},"potentialAction":[{"@type":"SearchAction","target":{"@type":"EntryPoint","urlTemplate":"https:\/\/termotom.com\/de\/?s={search_term_string}"},"query-input":{"@type":"PropertyValueSpecification","valueRequired":true,"valueName":"search_term_string"}}],"inLanguage":"de"},{"@type":"Organization","@id":"https:\/\/termotom.com\/de\/#organization","name":"Trgovina Termotom","url":"https:\/\/termotom.com\/de\/","logo":{"@type":"ImageObject","inLanguage":"de","@id":"https:\/\/termotom.com\/de\/#\/schema\/logo\/image\/","url":"https:\/\/termotom.com\/wp-content\/uploads\/logo.png","contentUrl":"https:\/\/termotom.com\/wp-content\/uploads\/logo.png","width":400,"height":60,"caption":"Trgovina Termotom"},"image":{"@id":"https:\/\/termotom.com\/de\/#\/schema\/logo\/image\/"}}]}},"_links":{"self":[{"href":"https:\/\/termotom.com\/de\/wp-json\/wp\/v2\/product\/24394","targetHints":{"allow":["GET"]}}],"collection":[{"href":"https:\/\/termotom.com\/de\/wp-json\/wp\/v2\/product"}],"about":[{"href":"https:\/\/termotom.com\/de\/wp-json\/wp\/v2\/types\/product"}],"replies":[{"embeddable":true,"href":"https:\/\/termotom.com\/de\/wp-json\/wp\/v2\/comments?post=24394"}],"wp:featuredmedia":[{"embeddable":true,"href":"https:\/\/termotom.com\/de\/wp-json\/wp\/v2\/media\/24395"}],"wp:attachment":[{"href":"https:\/\/termotom.com\/de\/wp-json\/wp\/v2\/media?parent=24394"}],"wp:term":[{"taxonomy":"product_brand","embeddable":true,"href":"https:\/\/termotom.com\/de\/wp-json\/wp\/v2\/product_brand?post=24394"},{"taxonomy":"product_cat","embeddable":true,"href":"https:\/\/termotom.com\/de\/wp-json\/wp\/v2\/product_cat?post=24394"},{"taxonomy":"product_tag","embeddable":true,"href":"https:\/\/termotom.com\/de\/wp-json\/wp\/v2\/product_tag?post=24394"}],"curies":[{"name":"wp","href":"https:\/\/api.w.org\/{rel}","templated":true}]}}