{"id":24757,"date":"2025-07-22T06:33:25","date_gmt":"2025-07-22T06:33:25","guid":{"rendered":"https:\/\/termotom.com\/lezisce-za-konje-hit-comfort\/"},"modified":"2026-04-01T09:55:57","modified_gmt":"2026-04-01T09:55:57","slug":"hit-komfort-pferdebett","status":"publish","type":"product","link":"https:\/\/termotom.com\/de\/hit-komfort-pferdebett\/","title":{"rendered":"HIT Komfort-Pferdebett"},"content":{"rendered":"<p>Weich, trocken und einfach gestaltet \u2013 so sollten pferdefreundliche Liegepl\u00e4tze sein, und genau deshalb stehen und liegen Pferde gerne auf den HIT-Pferdebetten. In der Praxis haben sich die HIT-Pferdebetten bew\u00e4hrt, da sie sehr pflegeleicht sind, was nicht nur unn\u00f6tiges Streumaterial, sondern auch Arbeit spart.<\/p>\n<p><strong>HIT-Liegefl\u00e4chen \u2013 Komfort und Sauberkeit in einem<\/strong><\/p>\n<p>HIT-Liegefl\u00e4chen f\u00fcr Pferde sind eine innovative L\u00f6sung f\u00fcr St\u00e4lle, die maximalen Komfort f\u00fcr das Pferd und einfache Pflege f\u00fcr den Besitzer vereint. Jedes Bett ist als weiche, aber strapazierf\u00e4hige Unterlage aus Spezialgummi und Schaumstoff konzipiert, die eine angenehme, trockene und warme Liegefl\u00e4che schafft und gleichzeitig widerstandsf\u00e4hig gegen die Belastungen durch Pferdehufe ist. Im Gegensatz zu klassischem Stroh zerf\u00e4llt und verteilt sich die HIT-Liegefl\u00e4che nicht, da sie nicht essbar ist \u2013 die Pferde nutzen sie wirklich nur zum Ausruhen. So bleibt die Liegefl\u00e4che l\u00e4nger sauber<br \/>\nund Sie verbrauchen deutlich weniger Einstreu pro Tag . Bei Bedarf wird nur eine d\u00fcnne Schicht S\u00e4gemehl oder Pellets auf die Liegefl\u00e4che gestreut, die den Urin aufsaugen und schnell entfernt werden k\u00f6nnen, w\u00e4hrend die Unterlage darunter trocken bleibt.<\/p>\n<p>Das Wohlbefinden der Tiere steht dabei an erster Stelle. Pferde k\u00f6nnen auf dem weichen Untergrund l\u00e4nger und mit gr\u00f6\u00dferer Zufriedenheit liegen, da sie nicht durch einen harten Boden oder einen feuchten Untergrund gest\u00f6rt werden. In der Praxis ruhen sich Pferde sehr gerne auf HIT-Liegefl\u00e4chen aus \u2013 es ist nicht ungew\u00f6hnlich, entspannte Pferde zu sehen, die sich auf ein weiches Gummibett statt auf einen Strohhaufen legen. Da sich auf diesen Liegefl\u00e4chen kein Staub bildet, ist auch die Luft im Stall sauberer und die Pferde atmen beim Liegen keine Staubpartikel ein. Weniger Staub und Schimmel bedeuten eine bessere Gesundheit der Atemwege der Pferde, insbesondere f\u00fcr empfindliche oder allergische Tiere.<\/p>\n<p><strong>Zeit- und Geldersparnis bei der Pflege<\/strong><\/p>\n<p>Die Investition in HIT-Liegefl\u00e4chen macht sich durch Einsparungen bei Arbeit und Material bezahlt. T\u00e4glich entfernen Sie deutlich weniger verschmutzte Einstreu aus dem Stall, da die Liegefl\u00e4che gr\u00f6\u00dftenteils trocken und sauber bleibt. Weniger Mist und feuchtes Stroh bedeuten weniger Misthaufen und selteneres Abtransportieren von Abf\u00e4llen. Nach Sch\u00e4tzungen von Landwirten, die ein solches System eingef\u00fchrt haben, hat sich der Verbrauch an Einstreu um bis zu 75 % verringert, und auch die Reinigungszeit f\u00fcr einzelne Boxen hat sich drastisch verk\u00fcrzt. Die Betriebskosten des Stalls (Kauf von Einstreu, Arbeit der Tierpfleger, Abtransport des Mist) sind<br \/>\nso stark gesunken, dass sich die Anfangsinvestition in die Liegefl\u00e4chen innerhalb weniger Jahre amortisiert hat . Neben den finanziellen Einsparungen ist auch die Zeitersparnis nicht zu vernachl\u00e4ssigen \u2013 weniger Reinigungsaufwand bedeutet mehr Zeit, die Sie Ihren Pferden oder anderen Aufgaben widmen k\u00f6nnen.<\/p>\n<p>HIT-Liegefl\u00e4chen sind auch eine nachhaltige L\u00f6sung. Sie werden aus hochwertigen Materialien mit langer Lebensdauer hergestellt, sodass sie nicht oft ausgetauscht werden m\u00fcssen. Dadurch wird die Menge an Abfallstreu reduziert und zu einer nachhaltigeren Stallbewirtschaftung beigetragen. Auch die Installation ist einfach: Das Modell HIT Comfort wird als Ganzes geliefert und einfach an den vorgesehenen Platz gelegt \u2013 die Unterlage ist sofort einsatzbereit.<\/p>\n","protected":false},"excerpt":{"rendered":"<p>HIT Comfort Bett &#8211; Ideal f\u00fcr Einzelboxen oder kleine Gruppen von Pferden. Das HIT Comfort hat eine Standardgr\u00f6\u00dfe von 1,8 m \u00d7 2,4 m. Es ist tragbar, d.h. es kann je nach Bedarf verschoben oder entfernt werden. Es besteht aus weichem Gummi und einer Schaumstoffeinlage f\u00fcr optimalen Komfort.<\/p>\n","protected":false},"featured_media":24758,"comment_status":"closed","ping_status":"closed","template":"","meta":{"_acf_changed":false},"product_brand":[],"product_cat":[1841],"product_tag":[],"class_list":{"0":"post-24757","1":"product","2":"type-product","3":"status-publish","4":"has-post-thumbnail","6":"product_cat-ausruestung-fuer-pferde","7":"product_shipping_class-visoka-dostava","9":"first","10":"instock","11":"taxable","12":"shipping-taxable","13":"purchasable","14":"product-type-simple"},"acf":[],"yoast_head":"<!-- This site is optimized with the Yoast SEO plugin v27.0 - https:\/\/yoast.com\/product\/yoast-seo-wordpress\/ -->\n<title>HIT Komfort-Pferdebett - Trgovina Termotom<\/title>\n<meta name=\"robots\" content=\"index, follow, max-snippet:-1, max-image-preview:large, max-video-preview:-1\" \/>\n<link rel=\"canonical\" href=\"https:\/\/termotom.com\/de\/hit-komfort-pferdebett\/\" \/>\n<meta property=\"og:locale\" content=\"de_DE\" \/>\n<meta property=\"og:type\" content=\"article\" \/>\n<meta property=\"og:title\" content=\"HIT Komfort-Pferdebett - Trgovina Termotom\" \/>\n<meta property=\"og:description\" content=\"HIT Comfort Bett - Ideal f\u00fcr Einzelboxen oder kleine Gruppen von Pferden. Das HIT Comfort hat eine Standardgr\u00f6\u00dfe von 1,8 m \u00d7 2,4 m. Es ist tragbar, d.h. es kann je nach Bedarf verschoben oder entfernt werden. Es besteht aus weichem Gummi und einer Schaumstoffeinlage f\u00fcr optimalen Komfort.\" \/>\n<meta property=\"og:url\" content=\"https:\/\/termotom.com\/de\/hit-komfort-pferdebett\/\" \/>\n<meta property=\"og:site_name\" content=\"Trgovina Termotom\" \/>\n<meta property=\"article:modified_time\" content=\"2026-04-01T09:55:57+00:00\" \/>\n<meta property=\"og:image\" content=\"https:\/\/termotom.com\/wp-content\/uploads\/lezisce-za-konje-hit-comfort6-scaled.jpg\" \/>\n\t<meta property=\"og:image:width\" content=\"2560\" \/>\n\t<meta property=\"og:image:height\" content=\"1854\" \/>\n\t<meta property=\"og:image:type\" content=\"image\/jpeg\" \/>\n<meta name=\"twitter:card\" content=\"summary_large_image\" \/>\n<meta name=\"twitter:label1\" content=\"Gesch\u00e4tzte Lesezeit\" \/>\n\t<meta name=\"twitter:data1\" content=\"3\u00a0Minuten\" \/>\n<script type=\"application\/ld+json\" class=\"yoast-schema-graph\">{\"@context\":\"https:\/\/schema.org\",\"@graph\":[{\"@type\":\"WebPage\",\"@id\":\"https:\/\/termotom.com\/de\/hit-komfort-pferdebett\/\",\"url\":\"https:\/\/termotom.com\/de\/hit-komfort-pferdebett\/\",\"name\":\"HIT Komfort-Pferdebett - Trgovina Termotom\",\"isPartOf\":{\"@id\":\"https:\/\/termotom.com\/de\/#website\"},\"primaryImageOfPage\":{\"@id\":\"https:\/\/termotom.com\/de\/hit-komfort-pferdebett\/#primaryimage\"},\"image\":{\"@id\":\"https:\/\/termotom.com\/de\/hit-komfort-pferdebett\/#primaryimage\"},\"thumbnailUrl\":\"https:\/\/termotom.com\/wp-content\/uploads\/lezisce-za-konje-hit-comfort6-scaled.jpg\",\"datePublished\":\"2025-07-22T06:33:25+00:00\",\"dateModified\":\"2026-04-01T09:55:57+00:00\",\"breadcrumb\":{\"@id\":\"https:\/\/termotom.com\/de\/hit-komfort-pferdebett\/#breadcrumb\"},\"inLanguage\":\"de\",\"potentialAction\":[{\"@type\":\"ReadAction\",\"target\":[\"https:\/\/termotom.com\/de\/hit-komfort-pferdebett\/\"]}]},{\"@type\":\"ImageObject\",\"inLanguage\":\"de\",\"@id\":\"https:\/\/termotom.com\/de\/hit-komfort-pferdebett\/#primaryimage\",\"url\":\"https:\/\/termotom.com\/wp-content\/uploads\/lezisce-za-konje-hit-comfort6-scaled.jpg\",\"contentUrl\":\"https:\/\/termotom.com\/wp-content\/uploads\/lezisce-za-konje-hit-comfort6-scaled.jpg\",\"width\":2560,\"height\":1854,\"caption\":\"Le\u017ei\u0161\u010de za konje HIT Comfort\"},{\"@type\":\"BreadcrumbList\",\"@id\":\"https:\/\/termotom.com\/de\/hit-komfort-pferdebett\/#breadcrumb\",\"itemListElement\":[{\"@type\":\"ListItem\",\"position\":1,\"name\":\"Home\",\"item\":\"https:\/\/termotom.com\/de\/\"},{\"@type\":\"ListItem\",\"position\":2,\"name\":\"Shop\",\"item\":\"https:\/\/termotom.com\/de\/shop\/\"},{\"@type\":\"ListItem\",\"position\":3,\"name\":\"HIT Komfort-Pferdebett\"}]},{\"@type\":\"WebSite\",\"@id\":\"https:\/\/termotom.com\/de\/#website\",\"url\":\"https:\/\/termotom.com\/de\/\",\"name\":\"Trgovina Termotom\",\"description\":\"Spletna trgovina\",\"publisher\":{\"@id\":\"https:\/\/termotom.com\/de\/#organization\"},\"potentialAction\":[{\"@type\":\"SearchAction\",\"target\":{\"@type\":\"EntryPoint\",\"urlTemplate\":\"https:\/\/termotom.com\/de\/?s={search_term_string}\"},\"query-input\":{\"@type\":\"PropertyValueSpecification\",\"valueRequired\":true,\"valueName\":\"search_term_string\"}}],\"inLanguage\":\"de\"},{\"@type\":\"Organization\",\"@id\":\"https:\/\/termotom.com\/de\/#organization\",\"name\":\"Trgovina Termotom\",\"url\":\"https:\/\/termotom.com\/de\/\",\"logo\":{\"@type\":\"ImageObject\",\"inLanguage\":\"de\",\"@id\":\"https:\/\/termotom.com\/de\/#\/schema\/logo\/image\/\",\"url\":\"https:\/\/termotom.com\/wp-content\/uploads\/logo.png\",\"contentUrl\":\"https:\/\/termotom.com\/wp-content\/uploads\/logo.png\",\"width\":400,\"height\":60,\"caption\":\"Trgovina Termotom\"},\"image\":{\"@id\":\"https:\/\/termotom.com\/de\/#\/schema\/logo\/image\/\"}}]}<\/script>\n<!-- \/ Yoast SEO plugin. -->","yoast_head_json":{"title":"HIT Komfort-Pferdebett - Trgovina Termotom","robots":{"index":"index","follow":"follow","max-snippet":"max-snippet:-1","max-image-preview":"max-image-preview:large","max-video-preview":"max-video-preview:-1"},"canonical":"https:\/\/termotom.com\/de\/hit-komfort-pferdebett\/","og_locale":"de_DE","og_type":"article","og_title":"HIT Komfort-Pferdebett - Trgovina Termotom","og_description":"HIT Comfort Bett - Ideal f\u00fcr Einzelboxen oder kleine Gruppen von Pferden. Das HIT Comfort hat eine Standardgr\u00f6\u00dfe von 1,8 m \u00d7 2,4 m. Es ist tragbar, d.h. es kann je nach Bedarf verschoben oder entfernt werden. Es besteht aus weichem Gummi und einer Schaumstoffeinlage f\u00fcr optimalen Komfort.","og_url":"https:\/\/termotom.com\/de\/hit-komfort-pferdebett\/","og_site_name":"Trgovina Termotom","article_modified_time":"2026-04-01T09:55:57+00:00","og_image":[{"width":2560,"height":1854,"url":"https:\/\/termotom.com\/wp-content\/uploads\/lezisce-za-konje-hit-comfort6-scaled.jpg","type":"image\/jpeg"}],"twitter_card":"summary_large_image","twitter_misc":{"Gesch\u00e4tzte Lesezeit":"3\u00a0Minuten"},"schema":{"@context":"https:\/\/schema.org","@graph":[{"@type":"WebPage","@id":"https:\/\/termotom.com\/de\/hit-komfort-pferdebett\/","url":"https:\/\/termotom.com\/de\/hit-komfort-pferdebett\/","name":"HIT Komfort-Pferdebett - Trgovina Termotom","isPartOf":{"@id":"https:\/\/termotom.com\/de\/#website"},"primaryImageOfPage":{"@id":"https:\/\/termotom.com\/de\/hit-komfort-pferdebett\/#primaryimage"},"image":{"@id":"https:\/\/termotom.com\/de\/hit-komfort-pferdebett\/#primaryimage"},"thumbnailUrl":"https:\/\/termotom.com\/wp-content\/uploads\/lezisce-za-konje-hit-comfort6-scaled.jpg","datePublished":"2025-07-22T06:33:25+00:00","dateModified":"2026-04-01T09:55:57+00:00","breadcrumb":{"@id":"https:\/\/termotom.com\/de\/hit-komfort-pferdebett\/#breadcrumb"},"inLanguage":"de","potentialAction":[{"@type":"ReadAction","target":["https:\/\/termotom.com\/de\/hit-komfort-pferdebett\/"]}]},{"@type":"ImageObject","inLanguage":"de","@id":"https:\/\/termotom.com\/de\/hit-komfort-pferdebett\/#primaryimage","url":"https:\/\/termotom.com\/wp-content\/uploads\/lezisce-za-konje-hit-comfort6-scaled.jpg","contentUrl":"https:\/\/termotom.com\/wp-content\/uploads\/lezisce-za-konje-hit-comfort6-scaled.jpg","width":2560,"height":1854,"caption":"Le\u017ei\u0161\u010de za konje HIT Comfort"},{"@type":"BreadcrumbList","@id":"https:\/\/termotom.com\/de\/hit-komfort-pferdebett\/#breadcrumb","itemListElement":[{"@type":"ListItem","position":1,"name":"Home","item":"https:\/\/termotom.com\/de\/"},{"@type":"ListItem","position":2,"name":"Shop","item":"https:\/\/termotom.com\/de\/shop\/"},{"@type":"ListItem","position":3,"name":"HIT Komfort-Pferdebett"}]},{"@type":"WebSite","@id":"https:\/\/termotom.com\/de\/#website","url":"https:\/\/termotom.com\/de\/","name":"Trgovina Termotom","description":"Spletna trgovina","publisher":{"@id":"https:\/\/termotom.com\/de\/#organization"},"potentialAction":[{"@type":"SearchAction","target":{"@type":"EntryPoint","urlTemplate":"https:\/\/termotom.com\/de\/?s={search_term_string}"},"query-input":{"@type":"PropertyValueSpecification","valueRequired":true,"valueName":"search_term_string"}}],"inLanguage":"de"},{"@type":"Organization","@id":"https:\/\/termotom.com\/de\/#organization","name":"Trgovina Termotom","url":"https:\/\/termotom.com\/de\/","logo":{"@type":"ImageObject","inLanguage":"de","@id":"https:\/\/termotom.com\/de\/#\/schema\/logo\/image\/","url":"https:\/\/termotom.com\/wp-content\/uploads\/logo.png","contentUrl":"https:\/\/termotom.com\/wp-content\/uploads\/logo.png","width":400,"height":60,"caption":"Trgovina Termotom"},"image":{"@id":"https:\/\/termotom.com\/de\/#\/schema\/logo\/image\/"}}]}},"_links":{"self":[{"href":"https:\/\/termotom.com\/de\/wp-json\/wp\/v2\/product\/24757","targetHints":{"allow":["GET"]}}],"collection":[{"href":"https:\/\/termotom.com\/de\/wp-json\/wp\/v2\/product"}],"about":[{"href":"https:\/\/termotom.com\/de\/wp-json\/wp\/v2\/types\/product"}],"replies":[{"embeddable":true,"href":"https:\/\/termotom.com\/de\/wp-json\/wp\/v2\/comments?post=24757"}],"wp:featuredmedia":[{"embeddable":true,"href":"https:\/\/termotom.com\/de\/wp-json\/wp\/v2\/media\/24758"}],"wp:attachment":[{"href":"https:\/\/termotom.com\/de\/wp-json\/wp\/v2\/media?parent=24757"}],"wp:term":[{"taxonomy":"product_brand","embeddable":true,"href":"https:\/\/termotom.com\/de\/wp-json\/wp\/v2\/product_brand?post=24757"},{"taxonomy":"product_cat","embeddable":true,"href":"https:\/\/termotom.com\/de\/wp-json\/wp\/v2\/product_cat?post=24757"},{"taxonomy":"product_tag","embeddable":true,"href":"https:\/\/termotom.com\/de\/wp-json\/wp\/v2\/product_tag?post=24757"}],"curies":[{"name":"wp","href":"https:\/\/api.w.org\/{rel}","templated":true}]}}