{"id":25325,"date":"2025-07-04T10:37:33","date_gmt":"2025-07-04T10:37:33","guid":{"rendered":"https:\/\/termotom.com\/vecslojne-polikarbonatno-plosce-16-mm-razlicne-debeline-in-barve-odrezki-ostanki-odprodaja\/"},"modified":"2026-04-01T10:53:25","modified_gmt":"2026-04-01T10:53:25","slug":"mehrschichtige-polycarbonatplatten-16-mm-verschiedene-dicken-und-farben-verschnitt-ausschuss-sale","status":"publish","type":"product","link":"https:\/\/termotom.com\/de\/mehrschichtige-polycarbonatplatten-16-mm-verschiedene-dicken-und-farben-verschnitt-ausschuss-sale\/","title":{"rendered":"Mehrschichtige Polycarbonatplatten &#8211; 16 mm &#8211; verschiedene Dicken und Farben, Verschnitt, Ausschuss SALE"},"content":{"rendered":"<p>Wir verkaufen <strong>mehrschichtige Polycarbonatplatten<\/strong> mit einer Dicke von 16 mm und in verschiedenen Farben. Besuchen Sie uns in Logatec und w\u00e4hlen Sie die Platten aus, die wir zum Verkauf vorgesehen haben.<\/p>\n","protected":false},"excerpt":{"rendered":"<p>Verschnitt, Projektreste und andere St\u00fccke, Klasse 1 und Klasse 1B. Verkaufsst\u00fccke k\u00f6nnen nur durch pers\u00f6nliche Besichtigung nach dem Prinzip &#8222;gesehen und gekauft&#8220; erworben werden. Unabh\u00e4ngig von Qualit\u00e4t und Farbe wird f\u00fcr den Kauf von Platten ein Preis von 14 \u20ac pro Quadratmeter Platte berechnet. Eine Voranmeldung ist nicht erforderlich, da die Platten in speziellen Regalen gelagert werden, in die t\u00e4glich neues Material eingelagert wird.<\/p>\n","protected":false},"featured_media":25320,"comment_status":"closed","ping_status":"closed","template":"","meta":{"_acf_changed":false},"product_brand":[],"product_cat":[1644],"product_tag":[],"class_list":{"0":"post-25325","1":"product","2":"type-product","3":"status-publish","4":"has-post-thumbnail","6":"product_cat-divestment","8":"first","9":"instock","10":"taxable","11":"shipping-taxable","12":"purchasable","13":"product-type-simple"},"acf":[],"yoast_head":"<!-- This site is optimized with the Yoast SEO plugin v27.0 - https:\/\/yoast.com\/product\/yoast-seo-wordpress\/ -->\n<title>Mehrschichtige Polycarbonatplatten - 16 mm - verschiedene Dicken und Farben, Verschnitt, Ausschuss SALE - Trgovina Termotom<\/title>\n<meta name=\"robots\" content=\"index, follow, max-snippet:-1, max-image-preview:large, max-video-preview:-1\" \/>\n<link rel=\"canonical\" href=\"https:\/\/termotom.com\/de\/mehrschichtige-polycarbonatplatten-16-mm-verschiedene-dicken-und-farben-verschnitt-ausschuss-sale\/\" \/>\n<meta property=\"og:locale\" content=\"de_DE\" \/>\n<meta property=\"og:type\" content=\"article\" \/>\n<meta property=\"og:title\" content=\"Mehrschichtige Polycarbonatplatten - 16 mm - verschiedene Dicken und Farben, Verschnitt, Ausschuss SALE - Trgovina Termotom\" \/>\n<meta property=\"og:description\" content=\"Verschnitt, Projektreste und andere St\u00fccke, Klasse 1 und Klasse 1B. Verkaufsst\u00fccke k\u00f6nnen nur durch pers\u00f6nliche Besichtigung nach dem Prinzip &quot;gesehen und gekauft&quot; erworben werden. Unabh\u00e4ngig von Qualit\u00e4t und Farbe wird f\u00fcr den Kauf von Platten ein Preis von 14 \u20ac pro Quadratmeter Platte berechnet. Eine Voranmeldung ist nicht erforderlich, da die Platten in speziellen Regalen gelagert werden, in die t\u00e4glich neues Material eingelagert wird.\" \/>\n<meta property=\"og:url\" content=\"https:\/\/termotom.com\/de\/mehrschichtige-polycarbonatplatten-16-mm-verschiedene-dicken-und-farben-verschnitt-ausschuss-sale\/\" \/>\n<meta property=\"og:site_name\" content=\"Trgovina Termotom\" \/>\n<meta property=\"article:modified_time\" content=\"2026-04-01T10:53:25+00:00\" \/>\n<meta property=\"og:image\" content=\"https:\/\/termotom.com\/wp-content\/uploads\/20250704_123949-1-scaled.jpg\" \/>\n\t<meta property=\"og:image:width\" content=\"2560\" \/>\n\t<meta property=\"og:image:height\" content=\"1920\" \/>\n\t<meta property=\"og:image:type\" content=\"image\/jpeg\" \/>\n<meta name=\"twitter:card\" content=\"summary_large_image\" \/>\n<script type=\"application\/ld+json\" class=\"yoast-schema-graph\">{\"@context\":\"https:\/\/schema.org\",\"@graph\":[{\"@type\":\"WebPage\",\"@id\":\"https:\/\/termotom.com\/de\/mehrschichtige-polycarbonatplatten-16-mm-verschiedene-dicken-und-farben-verschnitt-ausschuss-sale\/\",\"url\":\"https:\/\/termotom.com\/de\/mehrschichtige-polycarbonatplatten-16-mm-verschiedene-dicken-und-farben-verschnitt-ausschuss-sale\/\",\"name\":\"Mehrschichtige Polycarbonatplatten - 16 mm - verschiedene Dicken und Farben, Verschnitt, Ausschuss SALE - Trgovina Termotom\",\"isPartOf\":{\"@id\":\"https:\/\/termotom.com\/de\/#website\"},\"primaryImageOfPage\":{\"@id\":\"https:\/\/termotom.com\/de\/mehrschichtige-polycarbonatplatten-16-mm-verschiedene-dicken-und-farben-verschnitt-ausschuss-sale\/#primaryimage\"},\"image\":{\"@id\":\"https:\/\/termotom.com\/de\/mehrschichtige-polycarbonatplatten-16-mm-verschiedene-dicken-und-farben-verschnitt-ausschuss-sale\/#primaryimage\"},\"thumbnailUrl\":\"https:\/\/termotom.com\/wp-content\/uploads\/20250704_123949-1-scaled.jpg\",\"datePublished\":\"2025-07-04T10:37:33+00:00\",\"dateModified\":\"2026-04-01T10:53:25+00:00\",\"breadcrumb\":{\"@id\":\"https:\/\/termotom.com\/de\/mehrschichtige-polycarbonatplatten-16-mm-verschiedene-dicken-und-farben-verschnitt-ausschuss-sale\/#breadcrumb\"},\"inLanguage\":\"de\",\"potentialAction\":[{\"@type\":\"ReadAction\",\"target\":[\"https:\/\/termotom.com\/de\/mehrschichtige-polycarbonatplatten-16-mm-verschiedene-dicken-und-farben-verschnitt-ausschuss-sale\/\"]}]},{\"@type\":\"ImageObject\",\"inLanguage\":\"de\",\"@id\":\"https:\/\/termotom.com\/de\/mehrschichtige-polycarbonatplatten-16-mm-verschiedene-dicken-und-farben-verschnitt-ausschuss-sale\/#primaryimage\",\"url\":\"https:\/\/termotom.com\/wp-content\/uploads\/20250704_123949-1-scaled.jpg\",\"contentUrl\":\"https:\/\/termotom.com\/wp-content\/uploads\/20250704_123949-1-scaled.jpg\",\"width\":2560,\"height\":1920},{\"@type\":\"BreadcrumbList\",\"@id\":\"https:\/\/termotom.com\/de\/mehrschichtige-polycarbonatplatten-16-mm-verschiedene-dicken-und-farben-verschnitt-ausschuss-sale\/#breadcrumb\",\"itemListElement\":[{\"@type\":\"ListItem\",\"position\":1,\"name\":\"Home\",\"item\":\"https:\/\/termotom.com\/de\/\"},{\"@type\":\"ListItem\",\"position\":2,\"name\":\"Shop\",\"item\":\"https:\/\/termotom.com\/de\/shop\/\"},{\"@type\":\"ListItem\",\"position\":3,\"name\":\"Mehrschichtige Polycarbonatplatten &#8211; 16 mm &#8211; verschiedene Dicken und Farben, Verschnitt, Ausschuss SALE\"}]},{\"@type\":\"WebSite\",\"@id\":\"https:\/\/termotom.com\/de\/#website\",\"url\":\"https:\/\/termotom.com\/de\/\",\"name\":\"Trgovina Termotom\",\"description\":\"Spletna trgovina\",\"publisher\":{\"@id\":\"https:\/\/termotom.com\/de\/#organization\"},\"potentialAction\":[{\"@type\":\"SearchAction\",\"target\":{\"@type\":\"EntryPoint\",\"urlTemplate\":\"https:\/\/termotom.com\/de\/?s={search_term_string}\"},\"query-input\":{\"@type\":\"PropertyValueSpecification\",\"valueRequired\":true,\"valueName\":\"search_term_string\"}}],\"inLanguage\":\"de\"},{\"@type\":\"Organization\",\"@id\":\"https:\/\/termotom.com\/de\/#organization\",\"name\":\"Trgovina Termotom\",\"url\":\"https:\/\/termotom.com\/de\/\",\"logo\":{\"@type\":\"ImageObject\",\"inLanguage\":\"de\",\"@id\":\"https:\/\/termotom.com\/de\/#\/schema\/logo\/image\/\",\"url\":\"https:\/\/termotom.com\/wp-content\/uploads\/logo.png\",\"contentUrl\":\"https:\/\/termotom.com\/wp-content\/uploads\/logo.png\",\"width\":400,\"height\":60,\"caption\":\"Trgovina Termotom\"},\"image\":{\"@id\":\"https:\/\/termotom.com\/de\/#\/schema\/logo\/image\/\"}}]}<\/script>\n<!-- \/ Yoast SEO plugin. -->","yoast_head_json":{"title":"Mehrschichtige Polycarbonatplatten - 16 mm - verschiedene Dicken und Farben, Verschnitt, Ausschuss SALE - Trgovina Termotom","robots":{"index":"index","follow":"follow","max-snippet":"max-snippet:-1","max-image-preview":"max-image-preview:large","max-video-preview":"max-video-preview:-1"},"canonical":"https:\/\/termotom.com\/de\/mehrschichtige-polycarbonatplatten-16-mm-verschiedene-dicken-und-farben-verschnitt-ausschuss-sale\/","og_locale":"de_DE","og_type":"article","og_title":"Mehrschichtige Polycarbonatplatten - 16 mm - verschiedene Dicken und Farben, Verschnitt, Ausschuss SALE - Trgovina Termotom","og_description":"Verschnitt, Projektreste und andere St\u00fccke, Klasse 1 und Klasse 1B. Verkaufsst\u00fccke k\u00f6nnen nur durch pers\u00f6nliche Besichtigung nach dem Prinzip \"gesehen und gekauft\" erworben werden. Unabh\u00e4ngig von Qualit\u00e4t und Farbe wird f\u00fcr den Kauf von Platten ein Preis von 14 \u20ac pro Quadratmeter Platte berechnet. Eine Voranmeldung ist nicht erforderlich, da die Platten in speziellen Regalen gelagert werden, in die t\u00e4glich neues Material eingelagert wird.","og_url":"https:\/\/termotom.com\/de\/mehrschichtige-polycarbonatplatten-16-mm-verschiedene-dicken-und-farben-verschnitt-ausschuss-sale\/","og_site_name":"Trgovina Termotom","article_modified_time":"2026-04-01T10:53:25+00:00","og_image":[{"width":2560,"height":1920,"url":"https:\/\/termotom.com\/wp-content\/uploads\/20250704_123949-1-scaled.jpg","type":"image\/jpeg"}],"twitter_card":"summary_large_image","schema":{"@context":"https:\/\/schema.org","@graph":[{"@type":"WebPage","@id":"https:\/\/termotom.com\/de\/mehrschichtige-polycarbonatplatten-16-mm-verschiedene-dicken-und-farben-verschnitt-ausschuss-sale\/","url":"https:\/\/termotom.com\/de\/mehrschichtige-polycarbonatplatten-16-mm-verschiedene-dicken-und-farben-verschnitt-ausschuss-sale\/","name":"Mehrschichtige Polycarbonatplatten - 16 mm - verschiedene Dicken und Farben, Verschnitt, Ausschuss SALE - Trgovina Termotom","isPartOf":{"@id":"https:\/\/termotom.com\/de\/#website"},"primaryImageOfPage":{"@id":"https:\/\/termotom.com\/de\/mehrschichtige-polycarbonatplatten-16-mm-verschiedene-dicken-und-farben-verschnitt-ausschuss-sale\/#primaryimage"},"image":{"@id":"https:\/\/termotom.com\/de\/mehrschichtige-polycarbonatplatten-16-mm-verschiedene-dicken-und-farben-verschnitt-ausschuss-sale\/#primaryimage"},"thumbnailUrl":"https:\/\/termotom.com\/wp-content\/uploads\/20250704_123949-1-scaled.jpg","datePublished":"2025-07-04T10:37:33+00:00","dateModified":"2026-04-01T10:53:25+00:00","breadcrumb":{"@id":"https:\/\/termotom.com\/de\/mehrschichtige-polycarbonatplatten-16-mm-verschiedene-dicken-und-farben-verschnitt-ausschuss-sale\/#breadcrumb"},"inLanguage":"de","potentialAction":[{"@type":"ReadAction","target":["https:\/\/termotom.com\/de\/mehrschichtige-polycarbonatplatten-16-mm-verschiedene-dicken-und-farben-verschnitt-ausschuss-sale\/"]}]},{"@type":"ImageObject","inLanguage":"de","@id":"https:\/\/termotom.com\/de\/mehrschichtige-polycarbonatplatten-16-mm-verschiedene-dicken-und-farben-verschnitt-ausschuss-sale\/#primaryimage","url":"https:\/\/termotom.com\/wp-content\/uploads\/20250704_123949-1-scaled.jpg","contentUrl":"https:\/\/termotom.com\/wp-content\/uploads\/20250704_123949-1-scaled.jpg","width":2560,"height":1920},{"@type":"BreadcrumbList","@id":"https:\/\/termotom.com\/de\/mehrschichtige-polycarbonatplatten-16-mm-verschiedene-dicken-und-farben-verschnitt-ausschuss-sale\/#breadcrumb","itemListElement":[{"@type":"ListItem","position":1,"name":"Home","item":"https:\/\/termotom.com\/de\/"},{"@type":"ListItem","position":2,"name":"Shop","item":"https:\/\/termotom.com\/de\/shop\/"},{"@type":"ListItem","position":3,"name":"Mehrschichtige Polycarbonatplatten &#8211; 16 mm &#8211; verschiedene Dicken und Farben, Verschnitt, Ausschuss SALE"}]},{"@type":"WebSite","@id":"https:\/\/termotom.com\/de\/#website","url":"https:\/\/termotom.com\/de\/","name":"Trgovina Termotom","description":"Spletna trgovina","publisher":{"@id":"https:\/\/termotom.com\/de\/#organization"},"potentialAction":[{"@type":"SearchAction","target":{"@type":"EntryPoint","urlTemplate":"https:\/\/termotom.com\/de\/?s={search_term_string}"},"query-input":{"@type":"PropertyValueSpecification","valueRequired":true,"valueName":"search_term_string"}}],"inLanguage":"de"},{"@type":"Organization","@id":"https:\/\/termotom.com\/de\/#organization","name":"Trgovina Termotom","url":"https:\/\/termotom.com\/de\/","logo":{"@type":"ImageObject","inLanguage":"de","@id":"https:\/\/termotom.com\/de\/#\/schema\/logo\/image\/","url":"https:\/\/termotom.com\/wp-content\/uploads\/logo.png","contentUrl":"https:\/\/termotom.com\/wp-content\/uploads\/logo.png","width":400,"height":60,"caption":"Trgovina Termotom"},"image":{"@id":"https:\/\/termotom.com\/de\/#\/schema\/logo\/image\/"}}]}},"_links":{"self":[{"href":"https:\/\/termotom.com\/de\/wp-json\/wp\/v2\/product\/25325","targetHints":{"allow":["GET"]}}],"collection":[{"href":"https:\/\/termotom.com\/de\/wp-json\/wp\/v2\/product"}],"about":[{"href":"https:\/\/termotom.com\/de\/wp-json\/wp\/v2\/types\/product"}],"replies":[{"embeddable":true,"href":"https:\/\/termotom.com\/de\/wp-json\/wp\/v2\/comments?post=25325"}],"wp:featuredmedia":[{"embeddable":true,"href":"https:\/\/termotom.com\/de\/wp-json\/wp\/v2\/media\/25320"}],"wp:attachment":[{"href":"https:\/\/termotom.com\/de\/wp-json\/wp\/v2\/media?parent=25325"}],"wp:term":[{"taxonomy":"product_brand","embeddable":true,"href":"https:\/\/termotom.com\/de\/wp-json\/wp\/v2\/product_brand?post=25325"},{"taxonomy":"product_cat","embeddable":true,"href":"https:\/\/termotom.com\/de\/wp-json\/wp\/v2\/product_cat?post=25325"},{"taxonomy":"product_tag","embeddable":true,"href":"https:\/\/termotom.com\/de\/wp-json\/wp\/v2\/product_tag?post=25325"}],"curies":[{"name":"wp","href":"https:\/\/api.w.org\/{rel}","templated":true}]}}