{"id":25585,"date":"2025-06-19T13:44:37","date_gmt":"2025-06-19T13:44:37","guid":{"rendered":"https:\/\/termotom.com\/pleksi-plosca-cn-mlecna-10-mm-zaprta-bela\/"},"modified":"2026-04-01T10:55:29","modified_gmt":"2026-04-01T10:55:29","slug":"plexiglasscheibe-cn-milky-10-mm-weiss-versiegelt","status":"publish","type":"product","link":"https:\/\/termotom.com\/de\/plexiglasscheibe-cn-milky-10-mm-weiss-versiegelt\/","title":{"rendered":"Plexiglasscheibe CN Milky, 10 mm, wei\u00df versiegelt"},"content":{"rendered":"<p>Acryl\/Plexiglas wird h\u00e4ufig als Ersatz f\u00fcr gew\u00f6hnliches Glas verwendet. Es ist nur halb so schwer und stabil wie Glas. Die Platten zeichnen sich durch hervorragende Lichtdurchl\u00e4ssigkeit, UV-Best\u00e4ndigkeit und einfache Verarbeitung aus. Acrylglasplatten unterscheiden sich durch die Art ihrer Herstellung. Die Bezeichnung XT steht f\u00fcr extrudierte Acrylplatten. Diese haben im Vergleich zu gegossenem Acrylglas geringere Toleranzen in der Dicke, aber auch h\u00f6here Spannungen in der Platte, die bei anspruchsvolleren Anwendungen zu kleinen Rissen f\u00fchren k\u00f6nnen. CN steht f\u00fcr gegossenes Plexiglas. Gegossenes Acrylglas gilt als chemikalien- und l\u00f6sungsmittelbest\u00e4ndiger, weniger kratzempfindlich, leichter zu handhaben und z\u00e4her als extrudiertes Glas.<\/p>\n","protected":false},"excerpt":{"rendered":"<p>10 mm dicke, geschlossene, wei\u00dfe Plexiglasscheibe<\/p>\n","protected":false},"featured_media":25586,"comment_status":"open","ping_status":"closed","template":"","meta":{"_acf_changed":false},"product_brand":[],"product_cat":[1777,2000,2001,2002],"product_tag":[],"class_list":{"0":"post-25585","1":"product","2":"type-product","3":"status-publish","4":"has-post-thumbnail","6":"product_cat-plexiglas-platten","7":"product_cat-weiss","8":"product_cat-lite-cn-cast-2","9":"product_cat-opal-milchig","10":"pa_barva-prosojno-bela","11":"pa_debelina-10mm","12":"pa_dimenzija-1000x1000-mm","13":"pa_dimenzija-2000x1000-mm","14":"pa_dimenzija-2000x1500-mm","15":"pa_dimenzija-2000x500-mm","16":"pa_dimenzija-2030x3050-mm","17":"pa_dimenzija-500x1000-mm","18":"pa_dimenzija-500x500-mm","19":"pa_struktura-enoslojna","20":"pa_uv-zascita-v-materialu","22":"first","23":"instock","24":"taxable","25":"shipping-taxable","26":"purchasable","27":"product-type-variable"},"acf":[],"yoast_head":"<!-- This site is optimized with the Yoast SEO plugin v27.0 - https:\/\/yoast.com\/product\/yoast-seo-wordpress\/ -->\n<title>Plexiglasscheibe CN Milky, 10 mm, wei\u00df versiegelt - Trgovina Termotom<\/title>\n<meta name=\"robots\" content=\"index, follow, max-snippet:-1, max-image-preview:large, max-video-preview:-1\" \/>\n<link rel=\"canonical\" href=\"https:\/\/termotom.com\/de\/plexiglasscheibe-cn-milky-10-mm-weiss-versiegelt\/\" \/>\n<meta property=\"og:locale\" content=\"de_DE\" \/>\n<meta property=\"og:type\" content=\"article\" \/>\n<meta property=\"og:title\" content=\"Plexiglasscheibe CN Milky, 10 mm, wei\u00df versiegelt - Trgovina Termotom\" \/>\n<meta property=\"og:description\" content=\"10 mm dicke, geschlossene, wei\u00dfe Plexiglasscheibe\" \/>\n<meta property=\"og:url\" content=\"https:\/\/termotom.com\/de\/plexiglasscheibe-cn-milky-10-mm-weiss-versiegelt\/\" \/>\n<meta property=\"og:site_name\" content=\"Trgovina Termotom\" \/>\n<meta property=\"article:modified_time\" content=\"2026-04-01T10:55:29+00:00\" \/>\n<meta property=\"og:image\" content=\"https:\/\/termotom.com\/wp-content\/uploads\/Mlecna_opal_1-4mm-scaled.jpg\" \/>\n\t<meta property=\"og:image:width\" content=\"2560\" \/>\n\t<meta property=\"og:image:height\" content=\"2560\" \/>\n\t<meta property=\"og:image:type\" content=\"image\/jpeg\" \/>\n<meta name=\"twitter:card\" content=\"summary_large_image\" \/>\n<meta name=\"twitter:label1\" content=\"Gesch\u00e4tzte Lesezeit\" \/>\n\t<meta name=\"twitter:data1\" content=\"1\u00a0Minute\" \/>\n<script type=\"application\/ld+json\" class=\"yoast-schema-graph\">{\"@context\":\"https:\/\/schema.org\",\"@graph\":[{\"@type\":\"WebPage\",\"@id\":\"https:\/\/termotom.com\/de\/plexiglasscheibe-cn-milky-10-mm-weiss-versiegelt\/\",\"url\":\"https:\/\/termotom.com\/de\/plexiglasscheibe-cn-milky-10-mm-weiss-versiegelt\/\",\"name\":\"Plexiglasscheibe CN Milky, 10 mm, wei\u00df versiegelt - Trgovina Termotom\",\"isPartOf\":{\"@id\":\"https:\/\/termotom.com\/de\/#website\"},\"primaryImageOfPage\":{\"@id\":\"https:\/\/termotom.com\/de\/plexiglasscheibe-cn-milky-10-mm-weiss-versiegelt\/#primaryimage\"},\"image\":{\"@id\":\"https:\/\/termotom.com\/de\/plexiglasscheibe-cn-milky-10-mm-weiss-versiegelt\/#primaryimage\"},\"thumbnailUrl\":\"https:\/\/termotom.com\/wp-content\/uploads\/Mlecna_opal_1-4mm-scaled.jpg\",\"datePublished\":\"2025-06-19T13:44:37+00:00\",\"dateModified\":\"2026-04-01T10:55:29+00:00\",\"breadcrumb\":{\"@id\":\"https:\/\/termotom.com\/de\/plexiglasscheibe-cn-milky-10-mm-weiss-versiegelt\/#breadcrumb\"},\"inLanguage\":\"de\",\"potentialAction\":[{\"@type\":\"ReadAction\",\"target\":[\"https:\/\/termotom.com\/de\/plexiglasscheibe-cn-milky-10-mm-weiss-versiegelt\/\"]}]},{\"@type\":\"ImageObject\",\"inLanguage\":\"de\",\"@id\":\"https:\/\/termotom.com\/de\/plexiglasscheibe-cn-milky-10-mm-weiss-versiegelt\/#primaryimage\",\"url\":\"https:\/\/termotom.com\/wp-content\/uploads\/Mlecna_opal_1-4mm-scaled.jpg\",\"contentUrl\":\"https:\/\/termotom.com\/wp-content\/uploads\/Mlecna_opal_1-4mm-scaled.jpg\",\"width\":2560,\"height\":2560},{\"@type\":\"BreadcrumbList\",\"@id\":\"https:\/\/termotom.com\/de\/plexiglasscheibe-cn-milky-10-mm-weiss-versiegelt\/#breadcrumb\",\"itemListElement\":[{\"@type\":\"ListItem\",\"position\":1,\"name\":\"Home\",\"item\":\"https:\/\/termotom.com\/de\/\"},{\"@type\":\"ListItem\",\"position\":2,\"name\":\"Shop\",\"item\":\"https:\/\/termotom.com\/de\/shop\/\"},{\"@type\":\"ListItem\",\"position\":3,\"name\":\"Plexiglasscheibe CN Milky, 10 mm, wei\u00df versiegelt\"}]},{\"@type\":\"WebSite\",\"@id\":\"https:\/\/termotom.com\/de\/#website\",\"url\":\"https:\/\/termotom.com\/de\/\",\"name\":\"Trgovina Termotom\",\"description\":\"Spletna trgovina\",\"publisher\":{\"@id\":\"https:\/\/termotom.com\/de\/#organization\"},\"potentialAction\":[{\"@type\":\"SearchAction\",\"target\":{\"@type\":\"EntryPoint\",\"urlTemplate\":\"https:\/\/termotom.com\/de\/?s={search_term_string}\"},\"query-input\":{\"@type\":\"PropertyValueSpecification\",\"valueRequired\":true,\"valueName\":\"search_term_string\"}}],\"inLanguage\":\"de\"},{\"@type\":\"Organization\",\"@id\":\"https:\/\/termotom.com\/de\/#organization\",\"name\":\"Trgovina Termotom\",\"url\":\"https:\/\/termotom.com\/de\/\",\"logo\":{\"@type\":\"ImageObject\",\"inLanguage\":\"de\",\"@id\":\"https:\/\/termotom.com\/de\/#\/schema\/logo\/image\/\",\"url\":\"https:\/\/termotom.com\/wp-content\/uploads\/logo.png\",\"contentUrl\":\"https:\/\/termotom.com\/wp-content\/uploads\/logo.png\",\"width\":400,\"height\":60,\"caption\":\"Trgovina Termotom\"},\"image\":{\"@id\":\"https:\/\/termotom.com\/de\/#\/schema\/logo\/image\/\"}}]}<\/script>\n<!-- \/ Yoast SEO plugin. -->","yoast_head_json":{"title":"Plexiglasscheibe CN Milky, 10 mm, wei\u00df versiegelt - Trgovina Termotom","robots":{"index":"index","follow":"follow","max-snippet":"max-snippet:-1","max-image-preview":"max-image-preview:large","max-video-preview":"max-video-preview:-1"},"canonical":"https:\/\/termotom.com\/de\/plexiglasscheibe-cn-milky-10-mm-weiss-versiegelt\/","og_locale":"de_DE","og_type":"article","og_title":"Plexiglasscheibe CN Milky, 10 mm, wei\u00df versiegelt - Trgovina Termotom","og_description":"10 mm dicke, geschlossene, wei\u00dfe Plexiglasscheibe","og_url":"https:\/\/termotom.com\/de\/plexiglasscheibe-cn-milky-10-mm-weiss-versiegelt\/","og_site_name":"Trgovina Termotom","article_modified_time":"2026-04-01T10:55:29+00:00","og_image":[{"width":2560,"height":2560,"url":"https:\/\/termotom.com\/wp-content\/uploads\/Mlecna_opal_1-4mm-scaled.jpg","type":"image\/jpeg"}],"twitter_card":"summary_large_image","twitter_misc":{"Gesch\u00e4tzte Lesezeit":"1\u00a0Minute"},"schema":{"@context":"https:\/\/schema.org","@graph":[{"@type":"WebPage","@id":"https:\/\/termotom.com\/de\/plexiglasscheibe-cn-milky-10-mm-weiss-versiegelt\/","url":"https:\/\/termotom.com\/de\/plexiglasscheibe-cn-milky-10-mm-weiss-versiegelt\/","name":"Plexiglasscheibe CN Milky, 10 mm, wei\u00df versiegelt - Trgovina Termotom","isPartOf":{"@id":"https:\/\/termotom.com\/de\/#website"},"primaryImageOfPage":{"@id":"https:\/\/termotom.com\/de\/plexiglasscheibe-cn-milky-10-mm-weiss-versiegelt\/#primaryimage"},"image":{"@id":"https:\/\/termotom.com\/de\/plexiglasscheibe-cn-milky-10-mm-weiss-versiegelt\/#primaryimage"},"thumbnailUrl":"https:\/\/termotom.com\/wp-content\/uploads\/Mlecna_opal_1-4mm-scaled.jpg","datePublished":"2025-06-19T13:44:37+00:00","dateModified":"2026-04-01T10:55:29+00:00","breadcrumb":{"@id":"https:\/\/termotom.com\/de\/plexiglasscheibe-cn-milky-10-mm-weiss-versiegelt\/#breadcrumb"},"inLanguage":"de","potentialAction":[{"@type":"ReadAction","target":["https:\/\/termotom.com\/de\/plexiglasscheibe-cn-milky-10-mm-weiss-versiegelt\/"]}]},{"@type":"ImageObject","inLanguage":"de","@id":"https:\/\/termotom.com\/de\/plexiglasscheibe-cn-milky-10-mm-weiss-versiegelt\/#primaryimage","url":"https:\/\/termotom.com\/wp-content\/uploads\/Mlecna_opal_1-4mm-scaled.jpg","contentUrl":"https:\/\/termotom.com\/wp-content\/uploads\/Mlecna_opal_1-4mm-scaled.jpg","width":2560,"height":2560},{"@type":"BreadcrumbList","@id":"https:\/\/termotom.com\/de\/plexiglasscheibe-cn-milky-10-mm-weiss-versiegelt\/#breadcrumb","itemListElement":[{"@type":"ListItem","position":1,"name":"Home","item":"https:\/\/termotom.com\/de\/"},{"@type":"ListItem","position":2,"name":"Shop","item":"https:\/\/termotom.com\/de\/shop\/"},{"@type":"ListItem","position":3,"name":"Plexiglasscheibe CN Milky, 10 mm, wei\u00df versiegelt"}]},{"@type":"WebSite","@id":"https:\/\/termotom.com\/de\/#website","url":"https:\/\/termotom.com\/de\/","name":"Trgovina Termotom","description":"Spletna trgovina","publisher":{"@id":"https:\/\/termotom.com\/de\/#organization"},"potentialAction":[{"@type":"SearchAction","target":{"@type":"EntryPoint","urlTemplate":"https:\/\/termotom.com\/de\/?s={search_term_string}"},"query-input":{"@type":"PropertyValueSpecification","valueRequired":true,"valueName":"search_term_string"}}],"inLanguage":"de"},{"@type":"Organization","@id":"https:\/\/termotom.com\/de\/#organization","name":"Trgovina Termotom","url":"https:\/\/termotom.com\/de\/","logo":{"@type":"ImageObject","inLanguage":"de","@id":"https:\/\/termotom.com\/de\/#\/schema\/logo\/image\/","url":"https:\/\/termotom.com\/wp-content\/uploads\/logo.png","contentUrl":"https:\/\/termotom.com\/wp-content\/uploads\/logo.png","width":400,"height":60,"caption":"Trgovina Termotom"},"image":{"@id":"https:\/\/termotom.com\/de\/#\/schema\/logo\/image\/"}}]}},"_links":{"self":[{"href":"https:\/\/termotom.com\/de\/wp-json\/wp\/v2\/product\/25585","targetHints":{"allow":["GET"]}}],"collection":[{"href":"https:\/\/termotom.com\/de\/wp-json\/wp\/v2\/product"}],"about":[{"href":"https:\/\/termotom.com\/de\/wp-json\/wp\/v2\/types\/product"}],"replies":[{"embeddable":true,"href":"https:\/\/termotom.com\/de\/wp-json\/wp\/v2\/comments?post=25585"}],"wp:featuredmedia":[{"embeddable":true,"href":"https:\/\/termotom.com\/de\/wp-json\/wp\/v2\/media\/25586"}],"wp:attachment":[{"href":"https:\/\/termotom.com\/de\/wp-json\/wp\/v2\/media?parent=25585"}],"wp:term":[{"taxonomy":"product_brand","embeddable":true,"href":"https:\/\/termotom.com\/de\/wp-json\/wp\/v2\/product_brand?post=25585"},{"taxonomy":"product_cat","embeddable":true,"href":"https:\/\/termotom.com\/de\/wp-json\/wp\/v2\/product_cat?post=25585"},{"taxonomy":"product_tag","embeddable":true,"href":"https:\/\/termotom.com\/de\/wp-json\/wp\/v2\/product_tag?post=25585"}],"curies":[{"name":"wp","href":"https:\/\/api.w.org\/{rel}","templated":true}]}}