{"id":25796,"date":"2025-02-20T11:53:59","date_gmt":"2025-02-20T11:53:59","guid":{"rendered":"https:\/\/termotom.com\/poliestrski-venci-za-kupole-okna-uv-odporni\/"},"modified":"2026-04-01T10:56:53","modified_gmt":"2026-04-01T10:56:53","slug":"polyesterkraenze-125x125cm-fuer-kuppeln-fenster-uv-bestaendig","status":"publish","type":"product","link":"https:\/\/termotom.com\/de\/polyesterkraenze-125x125cm-fuer-kuppeln-fenster-uv-bestaendig\/","title":{"rendered":"Polyesterkr\u00e4nze, 125x125cm, f\u00fcr Kuppeln, Fenster, UV-best\u00e4ndig"},"content":{"rendered":"<p>Aus unserem Lager in Sodra\u017eica verkaufen wir 50 cm hohe Kr\u00e4nze. Die Kr\u00e4nze sind in gutem Zustand, das Polyester ist dauerhaft witterungsbest\u00e4ndig und sehr tragf\u00e4hig \u2013 sie k\u00f6nnen <strong>ein Fenster<\/strong> oder <strong>eine Kuppel<\/strong> tragen oder f\u00fcr <strong>ein Hochbeet<\/strong> und andere Heimwerkerprojekte verwendet werden.<\/p>\n","protected":false},"excerpt":{"rendered":"<ul>\n<li>1 St\u00fcck, Selbstabholung, 127 \u20ac inkl. MwSt.<\/li>\n<li>1 St\u00fcck, Lieferung, 137 \u20ac inkl. MwSt.<\/li>\n<li>7 St\u00fcck, Lieferung, 790 \u20ac inkl. MwSt.<\/li>\n<\/ul>\n<p>Weitere Informationen erhalten Sie unter der Telefonnummer 051 371 618.<\/p>\n","protected":false},"featured_media":25797,"comment_status":"closed","ping_status":"closed","template":"","meta":{"_acf_changed":false},"product_brand":[],"product_cat":[1644],"product_tag":[],"class_list":{"0":"post-25796","1":"product","2":"type-product","3":"status-publish","4":"has-post-thumbnail","6":"product_cat-divestment","8":"first","9":"instock","10":"taxable","11":"shipping-taxable","12":"product-type-simple"},"acf":[],"yoast_head":"<!-- This site is optimized with the Yoast SEO plugin v27.0 - https:\/\/yoast.com\/product\/yoast-seo-wordpress\/ -->\n<title>Polyesterkr\u00e4nze, 125x125cm, f\u00fcr Kuppeln, Fenster, UV-best\u00e4ndig - Trgovina Termotom<\/title>\n<meta name=\"robots\" content=\"index, follow, max-snippet:-1, max-image-preview:large, max-video-preview:-1\" \/>\n<link rel=\"canonical\" href=\"https:\/\/termotom.com\/de\/polyesterkraenze-125x125cm-fuer-kuppeln-fenster-uv-bestaendig\/\" \/>\n<meta property=\"og:locale\" content=\"de_DE\" \/>\n<meta property=\"og:type\" content=\"article\" \/>\n<meta property=\"og:title\" content=\"Polyesterkr\u00e4nze, 125x125cm, f\u00fcr Kuppeln, Fenster, UV-best\u00e4ndig - Trgovina Termotom\" \/>\n<meta property=\"og:description\" content=\"1 St\u00fcck, Selbstabholung, 127 \u20ac inkl. MwSt.  1 St\u00fcck, Lieferung, 137 \u20ac inkl. MwSt.  7 St\u00fcck, Lieferung, 790 \u20ac inkl. MwSt. Weitere Informationen erhalten Sie unter der Telefonnummer 051 371 618.\" \/>\n<meta property=\"og:url\" content=\"https:\/\/termotom.com\/de\/polyesterkraenze-125x125cm-fuer-kuppeln-fenster-uv-bestaendig\/\" \/>\n<meta property=\"og:site_name\" content=\"Trgovina Termotom\" \/>\n<meta property=\"article:modified_time\" content=\"2026-04-01T10:56:53+00:00\" \/>\n<meta property=\"og:image\" content=\"https:\/\/termotom.com\/wp-content\/uploads\/venci.png\" \/>\n\t<meta property=\"og:image:width\" content=\"478\" \/>\n\t<meta property=\"og:image:height\" content=\"1001\" \/>\n\t<meta property=\"og:image:type\" content=\"image\/png\" \/>\n<meta name=\"twitter:card\" content=\"summary_large_image\" \/>\n<script type=\"application\/ld+json\" class=\"yoast-schema-graph\">{\"@context\":\"https:\/\/schema.org\",\"@graph\":[{\"@type\":\"WebPage\",\"@id\":\"https:\/\/termotom.com\/de\/polyesterkraenze-125x125cm-fuer-kuppeln-fenster-uv-bestaendig\/\",\"url\":\"https:\/\/termotom.com\/de\/polyesterkraenze-125x125cm-fuer-kuppeln-fenster-uv-bestaendig\/\",\"name\":\"Polyesterkr\u00e4nze, 125x125cm, f\u00fcr Kuppeln, Fenster, UV-best\u00e4ndig - Trgovina Termotom\",\"isPartOf\":{\"@id\":\"https:\/\/termotom.com\/de\/#website\"},\"primaryImageOfPage\":{\"@id\":\"https:\/\/termotom.com\/de\/polyesterkraenze-125x125cm-fuer-kuppeln-fenster-uv-bestaendig\/#primaryimage\"},\"image\":{\"@id\":\"https:\/\/termotom.com\/de\/polyesterkraenze-125x125cm-fuer-kuppeln-fenster-uv-bestaendig\/#primaryimage\"},\"thumbnailUrl\":\"https:\/\/termotom.com\/wp-content\/uploads\/venci.png\",\"datePublished\":\"2025-02-20T11:53:59+00:00\",\"dateModified\":\"2026-04-01T10:56:53+00:00\",\"breadcrumb\":{\"@id\":\"https:\/\/termotom.com\/de\/polyesterkraenze-125x125cm-fuer-kuppeln-fenster-uv-bestaendig\/#breadcrumb\"},\"inLanguage\":\"de\",\"potentialAction\":[{\"@type\":\"ReadAction\",\"target\":[\"https:\/\/termotom.com\/de\/polyesterkraenze-125x125cm-fuer-kuppeln-fenster-uv-bestaendig\/\"]}]},{\"@type\":\"ImageObject\",\"inLanguage\":\"de\",\"@id\":\"https:\/\/termotom.com\/de\/polyesterkraenze-125x125cm-fuer-kuppeln-fenster-uv-bestaendig\/#primaryimage\",\"url\":\"https:\/\/termotom.com\/wp-content\/uploads\/venci.png\",\"contentUrl\":\"https:\/\/termotom.com\/wp-content\/uploads\/venci.png\",\"width\":478,\"height\":1001},{\"@type\":\"BreadcrumbList\",\"@id\":\"https:\/\/termotom.com\/de\/polyesterkraenze-125x125cm-fuer-kuppeln-fenster-uv-bestaendig\/#breadcrumb\",\"itemListElement\":[{\"@type\":\"ListItem\",\"position\":1,\"name\":\"Home\",\"item\":\"https:\/\/termotom.com\/de\/\"},{\"@type\":\"ListItem\",\"position\":2,\"name\":\"Shop\",\"item\":\"https:\/\/termotom.com\/de\/shop\/\"},{\"@type\":\"ListItem\",\"position\":3,\"name\":\"Polyesterkr\u00e4nze, 125x125cm, f\u00fcr Kuppeln, Fenster, UV-best\u00e4ndig\"}]},{\"@type\":\"WebSite\",\"@id\":\"https:\/\/termotom.com\/de\/#website\",\"url\":\"https:\/\/termotom.com\/de\/\",\"name\":\"Trgovina Termotom\",\"description\":\"Spletna trgovina\",\"publisher\":{\"@id\":\"https:\/\/termotom.com\/de\/#organization\"},\"potentialAction\":[{\"@type\":\"SearchAction\",\"target\":{\"@type\":\"EntryPoint\",\"urlTemplate\":\"https:\/\/termotom.com\/de\/?s={search_term_string}\"},\"query-input\":{\"@type\":\"PropertyValueSpecification\",\"valueRequired\":true,\"valueName\":\"search_term_string\"}}],\"inLanguage\":\"de\"},{\"@type\":\"Organization\",\"@id\":\"https:\/\/termotom.com\/de\/#organization\",\"name\":\"Trgovina Termotom\",\"url\":\"https:\/\/termotom.com\/de\/\",\"logo\":{\"@type\":\"ImageObject\",\"inLanguage\":\"de\",\"@id\":\"https:\/\/termotom.com\/de\/#\/schema\/logo\/image\/\",\"url\":\"https:\/\/termotom.com\/wp-content\/uploads\/logo.png\",\"contentUrl\":\"https:\/\/termotom.com\/wp-content\/uploads\/logo.png\",\"width\":400,\"height\":60,\"caption\":\"Trgovina Termotom\"},\"image\":{\"@id\":\"https:\/\/termotom.com\/de\/#\/schema\/logo\/image\/\"}}]}<\/script>\n<!-- \/ Yoast SEO plugin. -->","yoast_head_json":{"title":"Polyesterkr\u00e4nze, 125x125cm, f\u00fcr Kuppeln, Fenster, UV-best\u00e4ndig - Trgovina Termotom","robots":{"index":"index","follow":"follow","max-snippet":"max-snippet:-1","max-image-preview":"max-image-preview:large","max-video-preview":"max-video-preview:-1"},"canonical":"https:\/\/termotom.com\/de\/polyesterkraenze-125x125cm-fuer-kuppeln-fenster-uv-bestaendig\/","og_locale":"de_DE","og_type":"article","og_title":"Polyesterkr\u00e4nze, 125x125cm, f\u00fcr Kuppeln, Fenster, UV-best\u00e4ndig - Trgovina Termotom","og_description":"1 St\u00fcck, Selbstabholung, 127 \u20ac inkl. MwSt.  1 St\u00fcck, Lieferung, 137 \u20ac inkl. MwSt.  7 St\u00fcck, Lieferung, 790 \u20ac inkl. MwSt. Weitere Informationen erhalten Sie unter der Telefonnummer 051 371 618.","og_url":"https:\/\/termotom.com\/de\/polyesterkraenze-125x125cm-fuer-kuppeln-fenster-uv-bestaendig\/","og_site_name":"Trgovina Termotom","article_modified_time":"2026-04-01T10:56:53+00:00","og_image":[{"width":478,"height":1001,"url":"https:\/\/termotom.com\/wp-content\/uploads\/venci.png","type":"image\/png"}],"twitter_card":"summary_large_image","schema":{"@context":"https:\/\/schema.org","@graph":[{"@type":"WebPage","@id":"https:\/\/termotom.com\/de\/polyesterkraenze-125x125cm-fuer-kuppeln-fenster-uv-bestaendig\/","url":"https:\/\/termotom.com\/de\/polyesterkraenze-125x125cm-fuer-kuppeln-fenster-uv-bestaendig\/","name":"Polyesterkr\u00e4nze, 125x125cm, f\u00fcr Kuppeln, Fenster, UV-best\u00e4ndig - Trgovina Termotom","isPartOf":{"@id":"https:\/\/termotom.com\/de\/#website"},"primaryImageOfPage":{"@id":"https:\/\/termotom.com\/de\/polyesterkraenze-125x125cm-fuer-kuppeln-fenster-uv-bestaendig\/#primaryimage"},"image":{"@id":"https:\/\/termotom.com\/de\/polyesterkraenze-125x125cm-fuer-kuppeln-fenster-uv-bestaendig\/#primaryimage"},"thumbnailUrl":"https:\/\/termotom.com\/wp-content\/uploads\/venci.png","datePublished":"2025-02-20T11:53:59+00:00","dateModified":"2026-04-01T10:56:53+00:00","breadcrumb":{"@id":"https:\/\/termotom.com\/de\/polyesterkraenze-125x125cm-fuer-kuppeln-fenster-uv-bestaendig\/#breadcrumb"},"inLanguage":"de","potentialAction":[{"@type":"ReadAction","target":["https:\/\/termotom.com\/de\/polyesterkraenze-125x125cm-fuer-kuppeln-fenster-uv-bestaendig\/"]}]},{"@type":"ImageObject","inLanguage":"de","@id":"https:\/\/termotom.com\/de\/polyesterkraenze-125x125cm-fuer-kuppeln-fenster-uv-bestaendig\/#primaryimage","url":"https:\/\/termotom.com\/wp-content\/uploads\/venci.png","contentUrl":"https:\/\/termotom.com\/wp-content\/uploads\/venci.png","width":478,"height":1001},{"@type":"BreadcrumbList","@id":"https:\/\/termotom.com\/de\/polyesterkraenze-125x125cm-fuer-kuppeln-fenster-uv-bestaendig\/#breadcrumb","itemListElement":[{"@type":"ListItem","position":1,"name":"Home","item":"https:\/\/termotom.com\/de\/"},{"@type":"ListItem","position":2,"name":"Shop","item":"https:\/\/termotom.com\/de\/shop\/"},{"@type":"ListItem","position":3,"name":"Polyesterkr\u00e4nze, 125x125cm, f\u00fcr Kuppeln, Fenster, UV-best\u00e4ndig"}]},{"@type":"WebSite","@id":"https:\/\/termotom.com\/de\/#website","url":"https:\/\/termotom.com\/de\/","name":"Trgovina Termotom","description":"Spletna trgovina","publisher":{"@id":"https:\/\/termotom.com\/de\/#organization"},"potentialAction":[{"@type":"SearchAction","target":{"@type":"EntryPoint","urlTemplate":"https:\/\/termotom.com\/de\/?s={search_term_string}"},"query-input":{"@type":"PropertyValueSpecification","valueRequired":true,"valueName":"search_term_string"}}],"inLanguage":"de"},{"@type":"Organization","@id":"https:\/\/termotom.com\/de\/#organization","name":"Trgovina Termotom","url":"https:\/\/termotom.com\/de\/","logo":{"@type":"ImageObject","inLanguage":"de","@id":"https:\/\/termotom.com\/de\/#\/schema\/logo\/image\/","url":"https:\/\/termotom.com\/wp-content\/uploads\/logo.png","contentUrl":"https:\/\/termotom.com\/wp-content\/uploads\/logo.png","width":400,"height":60,"caption":"Trgovina Termotom"},"image":{"@id":"https:\/\/termotom.com\/de\/#\/schema\/logo\/image\/"}}]}},"_links":{"self":[{"href":"https:\/\/termotom.com\/de\/wp-json\/wp\/v2\/product\/25796","targetHints":{"allow":["GET"]}}],"collection":[{"href":"https:\/\/termotom.com\/de\/wp-json\/wp\/v2\/product"}],"about":[{"href":"https:\/\/termotom.com\/de\/wp-json\/wp\/v2\/types\/product"}],"replies":[{"embeddable":true,"href":"https:\/\/termotom.com\/de\/wp-json\/wp\/v2\/comments?post=25796"}],"wp:featuredmedia":[{"embeddable":true,"href":"https:\/\/termotom.com\/de\/wp-json\/wp\/v2\/media\/25797"}],"wp:attachment":[{"href":"https:\/\/termotom.com\/de\/wp-json\/wp\/v2\/media?parent=25796"}],"wp:term":[{"taxonomy":"product_brand","embeddable":true,"href":"https:\/\/termotom.com\/de\/wp-json\/wp\/v2\/product_brand?post=25796"},{"taxonomy":"product_cat","embeddable":true,"href":"https:\/\/termotom.com\/de\/wp-json\/wp\/v2\/product_cat?post=25796"},{"taxonomy":"product_tag","embeddable":true,"href":"https:\/\/termotom.com\/de\/wp-json\/wp\/v2\/product_tag?post=25796"}],"curies":[{"name":"wp","href":"https:\/\/api.w.org\/{rel}","templated":true}]}}