{"id":28078,"date":"2024-04-07T14:58:16","date_gmt":"2024-04-07T14:58:16","guid":{"rendered":"https:\/\/termotom.com\/hpl-plosca-0101-front-white-8mm\/"},"modified":"2026-04-01T11:14:27","modified_gmt":"2026-04-01T11:14:27","slug":"hpl-platte-0101-front-weiss-8mm","status":"publish","type":"product","link":"https:\/\/termotom.com\/de\/hpl-platte-0101-front-weiss-8mm\/","title":{"rendered":"HPL-Platte 0101 FRONT WEISS 8mm"},"content":{"rendered":"<div>DEKORATIVE HPL-PLATTEN<br \/>\nKompaktplatten (HPL) sind eine Alternative zu anderen Baumaterialien, insbesondere wenn eine hohe Feuchtigkeitsbest\u00e4ndigkeit und mechanische Festigkeit erforderlich sind. Die Platten werden durch Pressen mehrerer Kernschichten und mit Harz impr\u00e4gniertem Dekorpapier hergestellt. Solche Platten sind sehr widerstandsf\u00e4hig, langlebig und hygienisch. Kompaktplatten eignen sich zum Verkleiden vertikaler Fl\u00e4chen wie T\u00fcren und W\u00e4nde. Dicke: 8 mm.<\/div>\n","protected":false},"excerpt":{"rendered":"<p>DEKORATIVE HPL-PLATTEN Kompaktplatten (HPL) sind eine Alternative zu anderen Baumaterialien, insbesondere wenn eine hohe Feuchtigkeitsbest\u00e4ndigkeit und mechanische Festigkeit erforderlich sind. Die Platten werden durch Pressen mehrerer Kernschichten und mit Harz impr\u00e4gniertem Dekorpapier hergestellt. Solche Platten sind sehr widerstandsf\u00e4hig, langlebig und hygienisch. Kompaktplatten eignen sich zum Verkleiden vertikaler Fl\u00e4chen wie T\u00fcren und W\u00e4nde. Dicke: 8 mm.<\/p>\n","protected":false},"featured_media":25376,"comment_status":"closed","ping_status":"closed","template":"","meta":{"_acf_changed":false},"product_brand":[],"product_cat":[1812,2046],"product_tag":[],"class_list":{"0":"post-28078","1":"product","2":"type-product","3":"status-publish","4":"has-post-thumbnail","6":"product_cat-kunststoff-und-andere-teller","7":"product_cat-hpl-dekorplatten","9":"first","10":"instock","11":"taxable","12":"shipping-taxable","13":"purchasable","14":"product-type-variable"},"acf":[],"yoast_head":"<!-- This site is optimized with the Yoast SEO plugin v27.0 - https:\/\/yoast.com\/product\/yoast-seo-wordpress\/ -->\n<title>HPL-Platte 0101 FRONT WEISS 8mm - Trgovina Termotom<\/title>\n<meta name=\"robots\" content=\"index, follow, max-snippet:-1, max-image-preview:large, max-video-preview:-1\" \/>\n<link rel=\"canonical\" href=\"https:\/\/termotom.com\/de\/hpl-platte-0101-front-weiss-8mm\/\" \/>\n<meta property=\"og:locale\" content=\"de_DE\" \/>\n<meta property=\"og:type\" content=\"article\" \/>\n<meta property=\"og:title\" content=\"HPL-Platte 0101 FRONT WEISS 8mm - Trgovina Termotom\" \/>\n<meta property=\"og:description\" content=\"DEKORATIVE HPL-PLATTEN Kompaktplatten (HPL) sind eine Alternative zu anderen Baumaterialien, insbesondere wenn eine hohe Feuchtigkeitsbest\u00e4ndigkeit und mechanische Festigkeit erforderlich sind. Die Platten werden durch Pressen mehrerer Kernschichten und mit Harz impr\u00e4gniertem Dekorpapier hergestellt. Solche Platten sind sehr widerstandsf\u00e4hig, langlebig und hygienisch. Kompaktplatten eignen sich zum Verkleiden vertikaler Fl\u00e4chen wie T\u00fcren und W\u00e4nde. Dicke: 8 mm.\" \/>\n<meta property=\"og:url\" content=\"https:\/\/termotom.com\/de\/hpl-platte-0101-front-weiss-8mm\/\" \/>\n<meta property=\"og:site_name\" content=\"Trgovina Termotom\" \/>\n<meta property=\"article:modified_time\" content=\"2026-04-01T11:14:27+00:00\" \/>\n<meta property=\"og:image\" content=\"https:\/\/termotom.com\/wp-content\/uploads\/0101-PE_HPL_FRONT_WHITE.jpg\" \/>\n\t<meta property=\"og:image:width\" content=\"1028\" \/>\n\t<meta property=\"og:image:height\" content=\"1280\" \/>\n\t<meta property=\"og:image:type\" content=\"image\/jpeg\" \/>\n<meta name=\"twitter:card\" content=\"summary_large_image\" \/>\n<script type=\"application\/ld+json\" class=\"yoast-schema-graph\">{\"@context\":\"https:\/\/schema.org\",\"@graph\":[{\"@type\":\"WebPage\",\"@id\":\"https:\/\/termotom.com\/de\/hpl-platte-0101-front-weiss-8mm\/\",\"url\":\"https:\/\/termotom.com\/de\/hpl-platte-0101-front-weiss-8mm\/\",\"name\":\"HPL-Platte 0101 FRONT WEISS 8mm - Trgovina Termotom\",\"isPartOf\":{\"@id\":\"https:\/\/termotom.com\/de\/#website\"},\"primaryImageOfPage\":{\"@id\":\"https:\/\/termotom.com\/de\/hpl-platte-0101-front-weiss-8mm\/#primaryimage\"},\"image\":{\"@id\":\"https:\/\/termotom.com\/de\/hpl-platte-0101-front-weiss-8mm\/#primaryimage\"},\"thumbnailUrl\":\"https:\/\/termotom.com\/wp-content\/uploads\/0101-PE_HPL_FRONT_WHITE.jpg\",\"datePublished\":\"2024-04-07T14:58:16+00:00\",\"dateModified\":\"2026-04-01T11:14:27+00:00\",\"breadcrumb\":{\"@id\":\"https:\/\/termotom.com\/de\/hpl-platte-0101-front-weiss-8mm\/#breadcrumb\"},\"inLanguage\":\"de\",\"potentialAction\":[{\"@type\":\"ReadAction\",\"target\":[\"https:\/\/termotom.com\/de\/hpl-platte-0101-front-weiss-8mm\/\"]}]},{\"@type\":\"ImageObject\",\"inLanguage\":\"de\",\"@id\":\"https:\/\/termotom.com\/de\/hpl-platte-0101-front-weiss-8mm\/#primaryimage\",\"url\":\"https:\/\/termotom.com\/wp-content\/uploads\/0101-PE_HPL_FRONT_WHITE.jpg\",\"contentUrl\":\"https:\/\/termotom.com\/wp-content\/uploads\/0101-PE_HPL_FRONT_WHITE.jpg\",\"width\":1028,\"height\":1280},{\"@type\":\"BreadcrumbList\",\"@id\":\"https:\/\/termotom.com\/de\/hpl-platte-0101-front-weiss-8mm\/#breadcrumb\",\"itemListElement\":[{\"@type\":\"ListItem\",\"position\":1,\"name\":\"Home\",\"item\":\"https:\/\/termotom.com\/de\/\"},{\"@type\":\"ListItem\",\"position\":2,\"name\":\"Shop\",\"item\":\"https:\/\/termotom.com\/de\/shop\/\"},{\"@type\":\"ListItem\",\"position\":3,\"name\":\"HPL-Platte 0101 FRONT WEISS 8mm\"}]},{\"@type\":\"WebSite\",\"@id\":\"https:\/\/termotom.com\/de\/#website\",\"url\":\"https:\/\/termotom.com\/de\/\",\"name\":\"Trgovina Termotom\",\"description\":\"Spletna trgovina\",\"publisher\":{\"@id\":\"https:\/\/termotom.com\/de\/#organization\"},\"potentialAction\":[{\"@type\":\"SearchAction\",\"target\":{\"@type\":\"EntryPoint\",\"urlTemplate\":\"https:\/\/termotom.com\/de\/?s={search_term_string}\"},\"query-input\":{\"@type\":\"PropertyValueSpecification\",\"valueRequired\":true,\"valueName\":\"search_term_string\"}}],\"inLanguage\":\"de\"},{\"@type\":\"Organization\",\"@id\":\"https:\/\/termotom.com\/de\/#organization\",\"name\":\"Trgovina Termotom\",\"url\":\"https:\/\/termotom.com\/de\/\",\"logo\":{\"@type\":\"ImageObject\",\"inLanguage\":\"de\",\"@id\":\"https:\/\/termotom.com\/de\/#\/schema\/logo\/image\/\",\"url\":\"https:\/\/termotom.com\/wp-content\/uploads\/logo.png\",\"contentUrl\":\"https:\/\/termotom.com\/wp-content\/uploads\/logo.png\",\"width\":400,\"height\":60,\"caption\":\"Trgovina Termotom\"},\"image\":{\"@id\":\"https:\/\/termotom.com\/de\/#\/schema\/logo\/image\/\"}}]}<\/script>\n<!-- \/ Yoast SEO plugin. -->","yoast_head_json":{"title":"HPL-Platte 0101 FRONT WEISS 8mm - Trgovina Termotom","robots":{"index":"index","follow":"follow","max-snippet":"max-snippet:-1","max-image-preview":"max-image-preview:large","max-video-preview":"max-video-preview:-1"},"canonical":"https:\/\/termotom.com\/de\/hpl-platte-0101-front-weiss-8mm\/","og_locale":"de_DE","og_type":"article","og_title":"HPL-Platte 0101 FRONT WEISS 8mm - Trgovina Termotom","og_description":"DEKORATIVE HPL-PLATTEN Kompaktplatten (HPL) sind eine Alternative zu anderen Baumaterialien, insbesondere wenn eine hohe Feuchtigkeitsbest\u00e4ndigkeit und mechanische Festigkeit erforderlich sind. Die Platten werden durch Pressen mehrerer Kernschichten und mit Harz impr\u00e4gniertem Dekorpapier hergestellt. Solche Platten sind sehr widerstandsf\u00e4hig, langlebig und hygienisch. Kompaktplatten eignen sich zum Verkleiden vertikaler Fl\u00e4chen wie T\u00fcren und W\u00e4nde. Dicke: 8 mm.","og_url":"https:\/\/termotom.com\/de\/hpl-platte-0101-front-weiss-8mm\/","og_site_name":"Trgovina Termotom","article_modified_time":"2026-04-01T11:14:27+00:00","og_image":[{"width":1028,"height":1280,"url":"https:\/\/termotom.com\/wp-content\/uploads\/0101-PE_HPL_FRONT_WHITE.jpg","type":"image\/jpeg"}],"twitter_card":"summary_large_image","schema":{"@context":"https:\/\/schema.org","@graph":[{"@type":"WebPage","@id":"https:\/\/termotom.com\/de\/hpl-platte-0101-front-weiss-8mm\/","url":"https:\/\/termotom.com\/de\/hpl-platte-0101-front-weiss-8mm\/","name":"HPL-Platte 0101 FRONT WEISS 8mm - Trgovina Termotom","isPartOf":{"@id":"https:\/\/termotom.com\/de\/#website"},"primaryImageOfPage":{"@id":"https:\/\/termotom.com\/de\/hpl-platte-0101-front-weiss-8mm\/#primaryimage"},"image":{"@id":"https:\/\/termotom.com\/de\/hpl-platte-0101-front-weiss-8mm\/#primaryimage"},"thumbnailUrl":"https:\/\/termotom.com\/wp-content\/uploads\/0101-PE_HPL_FRONT_WHITE.jpg","datePublished":"2024-04-07T14:58:16+00:00","dateModified":"2026-04-01T11:14:27+00:00","breadcrumb":{"@id":"https:\/\/termotom.com\/de\/hpl-platte-0101-front-weiss-8mm\/#breadcrumb"},"inLanguage":"de","potentialAction":[{"@type":"ReadAction","target":["https:\/\/termotom.com\/de\/hpl-platte-0101-front-weiss-8mm\/"]}]},{"@type":"ImageObject","inLanguage":"de","@id":"https:\/\/termotom.com\/de\/hpl-platte-0101-front-weiss-8mm\/#primaryimage","url":"https:\/\/termotom.com\/wp-content\/uploads\/0101-PE_HPL_FRONT_WHITE.jpg","contentUrl":"https:\/\/termotom.com\/wp-content\/uploads\/0101-PE_HPL_FRONT_WHITE.jpg","width":1028,"height":1280},{"@type":"BreadcrumbList","@id":"https:\/\/termotom.com\/de\/hpl-platte-0101-front-weiss-8mm\/#breadcrumb","itemListElement":[{"@type":"ListItem","position":1,"name":"Home","item":"https:\/\/termotom.com\/de\/"},{"@type":"ListItem","position":2,"name":"Shop","item":"https:\/\/termotom.com\/de\/shop\/"},{"@type":"ListItem","position":3,"name":"HPL-Platte 0101 FRONT WEISS 8mm"}]},{"@type":"WebSite","@id":"https:\/\/termotom.com\/de\/#website","url":"https:\/\/termotom.com\/de\/","name":"Trgovina Termotom","description":"Spletna trgovina","publisher":{"@id":"https:\/\/termotom.com\/de\/#organization"},"potentialAction":[{"@type":"SearchAction","target":{"@type":"EntryPoint","urlTemplate":"https:\/\/termotom.com\/de\/?s={search_term_string}"},"query-input":{"@type":"PropertyValueSpecification","valueRequired":true,"valueName":"search_term_string"}}],"inLanguage":"de"},{"@type":"Organization","@id":"https:\/\/termotom.com\/de\/#organization","name":"Trgovina Termotom","url":"https:\/\/termotom.com\/de\/","logo":{"@type":"ImageObject","inLanguage":"de","@id":"https:\/\/termotom.com\/de\/#\/schema\/logo\/image\/","url":"https:\/\/termotom.com\/wp-content\/uploads\/logo.png","contentUrl":"https:\/\/termotom.com\/wp-content\/uploads\/logo.png","width":400,"height":60,"caption":"Trgovina Termotom"},"image":{"@id":"https:\/\/termotom.com\/de\/#\/schema\/logo\/image\/"}}]}},"_links":{"self":[{"href":"https:\/\/termotom.com\/de\/wp-json\/wp\/v2\/product\/28078","targetHints":{"allow":["GET"]}}],"collection":[{"href":"https:\/\/termotom.com\/de\/wp-json\/wp\/v2\/product"}],"about":[{"href":"https:\/\/termotom.com\/de\/wp-json\/wp\/v2\/types\/product"}],"replies":[{"embeddable":true,"href":"https:\/\/termotom.com\/de\/wp-json\/wp\/v2\/comments?post=28078"}],"wp:featuredmedia":[{"embeddable":true,"href":"https:\/\/termotom.com\/de\/wp-json\/wp\/v2\/media\/25376"}],"wp:attachment":[{"href":"https:\/\/termotom.com\/de\/wp-json\/wp\/v2\/media?parent=28078"}],"wp:term":[{"taxonomy":"product_brand","embeddable":true,"href":"https:\/\/termotom.com\/de\/wp-json\/wp\/v2\/product_brand?post=28078"},{"taxonomy":"product_cat","embeddable":true,"href":"https:\/\/termotom.com\/de\/wp-json\/wp\/v2\/product_cat?post=28078"},{"taxonomy":"product_tag","embeddable":true,"href":"https:\/\/termotom.com\/de\/wp-json\/wp\/v2\/product_tag?post=28078"}],"curies":[{"name":"wp","href":"https:\/\/api.w.org\/{rel}","templated":true}]}}