{"id":28339,"date":"2024-03-14T08:40:42","date_gmt":"2024-03-14T08:40:42","guid":{"rendered":"https:\/\/termotom.com\/hpl-plosca-0112-stone-grey\/"},"modified":"2026-04-01T11:16:31","modified_gmt":"2026-04-01T11:16:31","slug":"hpl-platte-0112-stein-grau-6mm","status":"publish","type":"product","link":"https:\/\/termotom.com\/de\/hpl-platte-0112-stein-grau-6mm\/","title":{"rendered":"HPL-Platte 0112 STEIN GRAU 6mm"},"content":{"rendered":"<div>DEKORATIVE HPL-PLATTEN<br \/>\nKompaktplatten (HPL) sind eine Alternative zu anderen Baumaterialien, insbesondere wenn eine hohe Feuchtigkeitsbest\u00e4ndigkeit und mechanische Festigkeit erforderlich sind. Die Platten werden durch Pressen mehrerer Kernschichten und mit Harz impr\u00e4gniertem Dekorpapier hergestellt. Solche Platten sind sehr widerstandsf\u00e4hig, langlebig und hygienisch. Kompaktplatten eignen sich zum Verkleiden vertikaler Fl\u00e4chen wie T\u00fcren und W\u00e4nde. DICKE: 6 mm EIGENSCHAFTEN:<\/div>\n","protected":false},"excerpt":{"rendered":"<p>DEKORATIVE HPL-PLATTEN Kompaktplatten (HPL) sind eine Alternative zu anderen Baumaterialien, insbesondere wenn eine hohe Feuchtigkeitsbest\u00e4ndigkeit und mechanische Festigkeit erforderlich sind. Die Platten werden durch Pressen mehrerer Kernschichten und mit Harz impr\u00e4gniertem Dekorpapier hergestellt. Solche Platten sind sehr widerstandsf\u00e4hig, langlebig und hygienisch. Kompaktplatten eignen sich zum Verkleiden vertikaler Fl\u00e4chen wie T\u00fcren und W\u00e4nde. DICKE: 6 mm [&#8230;]\n","protected":false},"featured_media":25358,"comment_status":"closed","ping_status":"closed","template":"","meta":{"_acf_changed":false},"product_brand":[],"product_cat":[1812,2046],"product_tag":[],"class_list":{"0":"post-28339","1":"product","2":"type-product","3":"status-publish","4":"has-post-thumbnail","6":"product_cat-kunststoff-und-andere-teller","7":"product_cat-hpl-dekorplatten","9":"first","10":"instock","11":"taxable","12":"shipping-taxable","13":"purchasable","14":"product-type-variable"},"acf":[],"yoast_head":"<!-- This site is optimized with the Yoast SEO plugin v27.0 - https:\/\/yoast.com\/product\/yoast-seo-wordpress\/ -->\n<title>HPL-Platte 0112 STEIN GRAU 6mm - Trgovina Termotom<\/title>\n<meta name=\"robots\" content=\"index, follow, max-snippet:-1, max-image-preview:large, max-video-preview:-1\" \/>\n<link rel=\"canonical\" href=\"https:\/\/termotom.com\/de\/hpl-platte-0112-stein-grau-6mm\/\" \/>\n<meta property=\"og:locale\" content=\"de_DE\" \/>\n<meta property=\"og:type\" content=\"article\" \/>\n<meta property=\"og:title\" content=\"HPL-Platte 0112 STEIN GRAU 6mm - Trgovina Termotom\" \/>\n<meta property=\"og:description\" content=\"DEKORATIVE HPL-PLATTEN Kompaktplatten (HPL) sind eine Alternative zu anderen Baumaterialien, insbesondere wenn eine hohe Feuchtigkeitsbest\u00e4ndigkeit und mechanische Festigkeit erforderlich sind. Die Platten werden durch Pressen mehrerer Kernschichten und mit Harz impr\u00e4gniertem Dekorpapier hergestellt. Solche Platten sind sehr widerstandsf\u00e4hig, langlebig und hygienisch. Kompaktplatten eignen sich zum Verkleiden vertikaler Fl\u00e4chen wie T\u00fcren und W\u00e4nde. DICKE: 6 mm [...]\" \/>\n<meta property=\"og:url\" content=\"https:\/\/termotom.com\/de\/hpl-platte-0112-stein-grau-6mm\/\" \/>\n<meta property=\"og:site_name\" content=\"Trgovina Termotom\" \/>\n<meta property=\"article:modified_time\" content=\"2026-04-01T11:16:31+00:00\" \/>\n<meta property=\"og:image\" content=\"https:\/\/termotom.com\/wp-content\/uploads\/0112-PE_HPL_STONE_GRAY.jpg\" \/>\n\t<meta property=\"og:image:width\" content=\"1028\" \/>\n\t<meta property=\"og:image:height\" content=\"1280\" \/>\n\t<meta property=\"og:image:type\" content=\"image\/jpeg\" \/>\n<meta name=\"twitter:card\" content=\"summary_large_image\" \/>\n<script type=\"application\/ld+json\" class=\"yoast-schema-graph\">{\"@context\":\"https:\/\/schema.org\",\"@graph\":[{\"@type\":\"WebPage\",\"@id\":\"https:\/\/termotom.com\/de\/hpl-platte-0112-stein-grau-6mm\/\",\"url\":\"https:\/\/termotom.com\/de\/hpl-platte-0112-stein-grau-6mm\/\",\"name\":\"HPL-Platte 0112 STEIN GRAU 6mm - Trgovina Termotom\",\"isPartOf\":{\"@id\":\"https:\/\/termotom.com\/de\/#website\"},\"primaryImageOfPage\":{\"@id\":\"https:\/\/termotom.com\/de\/hpl-platte-0112-stein-grau-6mm\/#primaryimage\"},\"image\":{\"@id\":\"https:\/\/termotom.com\/de\/hpl-platte-0112-stein-grau-6mm\/#primaryimage\"},\"thumbnailUrl\":\"https:\/\/termotom.com\/wp-content\/uploads\/0112-PE_HPL_STONE_GRAY.jpg\",\"datePublished\":\"2024-03-14T08:40:42+00:00\",\"dateModified\":\"2026-04-01T11:16:31+00:00\",\"breadcrumb\":{\"@id\":\"https:\/\/termotom.com\/de\/hpl-platte-0112-stein-grau-6mm\/#breadcrumb\"},\"inLanguage\":\"de\",\"potentialAction\":[{\"@type\":\"ReadAction\",\"target\":[\"https:\/\/termotom.com\/de\/hpl-platte-0112-stein-grau-6mm\/\"]}]},{\"@type\":\"ImageObject\",\"inLanguage\":\"de\",\"@id\":\"https:\/\/termotom.com\/de\/hpl-platte-0112-stein-grau-6mm\/#primaryimage\",\"url\":\"https:\/\/termotom.com\/wp-content\/uploads\/0112-PE_HPL_STONE_GRAY.jpg\",\"contentUrl\":\"https:\/\/termotom.com\/wp-content\/uploads\/0112-PE_HPL_STONE_GRAY.jpg\",\"width\":1028,\"height\":1280},{\"@type\":\"BreadcrumbList\",\"@id\":\"https:\/\/termotom.com\/de\/hpl-platte-0112-stein-grau-6mm\/#breadcrumb\",\"itemListElement\":[{\"@type\":\"ListItem\",\"position\":1,\"name\":\"Home\",\"item\":\"https:\/\/termotom.com\/de\/\"},{\"@type\":\"ListItem\",\"position\":2,\"name\":\"Shop\",\"item\":\"https:\/\/termotom.com\/de\/shop\/\"},{\"@type\":\"ListItem\",\"position\":3,\"name\":\"HPL-Platte 0112 STEIN GRAU 6mm\"}]},{\"@type\":\"WebSite\",\"@id\":\"https:\/\/termotom.com\/de\/#website\",\"url\":\"https:\/\/termotom.com\/de\/\",\"name\":\"Trgovina Termotom\",\"description\":\"Spletna trgovina\",\"publisher\":{\"@id\":\"https:\/\/termotom.com\/de\/#organization\"},\"potentialAction\":[{\"@type\":\"SearchAction\",\"target\":{\"@type\":\"EntryPoint\",\"urlTemplate\":\"https:\/\/termotom.com\/de\/?s={search_term_string}\"},\"query-input\":{\"@type\":\"PropertyValueSpecification\",\"valueRequired\":true,\"valueName\":\"search_term_string\"}}],\"inLanguage\":\"de\"},{\"@type\":\"Organization\",\"@id\":\"https:\/\/termotom.com\/de\/#organization\",\"name\":\"Trgovina Termotom\",\"url\":\"https:\/\/termotom.com\/de\/\",\"logo\":{\"@type\":\"ImageObject\",\"inLanguage\":\"de\",\"@id\":\"https:\/\/termotom.com\/de\/#\/schema\/logo\/image\/\",\"url\":\"https:\/\/termotom.com\/wp-content\/uploads\/logo.png\",\"contentUrl\":\"https:\/\/termotom.com\/wp-content\/uploads\/logo.png\",\"width\":400,\"height\":60,\"caption\":\"Trgovina Termotom\"},\"image\":{\"@id\":\"https:\/\/termotom.com\/de\/#\/schema\/logo\/image\/\"}}]}<\/script>\n<!-- \/ Yoast SEO plugin. -->","yoast_head_json":{"title":"HPL-Platte 0112 STEIN GRAU 6mm - Trgovina Termotom","robots":{"index":"index","follow":"follow","max-snippet":"max-snippet:-1","max-image-preview":"max-image-preview:large","max-video-preview":"max-video-preview:-1"},"canonical":"https:\/\/termotom.com\/de\/hpl-platte-0112-stein-grau-6mm\/","og_locale":"de_DE","og_type":"article","og_title":"HPL-Platte 0112 STEIN GRAU 6mm - Trgovina Termotom","og_description":"DEKORATIVE HPL-PLATTEN Kompaktplatten (HPL) sind eine Alternative zu anderen Baumaterialien, insbesondere wenn eine hohe Feuchtigkeitsbest\u00e4ndigkeit und mechanische Festigkeit erforderlich sind. Die Platten werden durch Pressen mehrerer Kernschichten und mit Harz impr\u00e4gniertem Dekorpapier hergestellt. Solche Platten sind sehr widerstandsf\u00e4hig, langlebig und hygienisch. Kompaktplatten eignen sich zum Verkleiden vertikaler Fl\u00e4chen wie T\u00fcren und W\u00e4nde. DICKE: 6 mm [...]","og_url":"https:\/\/termotom.com\/de\/hpl-platte-0112-stein-grau-6mm\/","og_site_name":"Trgovina Termotom","article_modified_time":"2026-04-01T11:16:31+00:00","og_image":[{"width":1028,"height":1280,"url":"https:\/\/termotom.com\/wp-content\/uploads\/0112-PE_HPL_STONE_GRAY.jpg","type":"image\/jpeg"}],"twitter_card":"summary_large_image","schema":{"@context":"https:\/\/schema.org","@graph":[{"@type":"WebPage","@id":"https:\/\/termotom.com\/de\/hpl-platte-0112-stein-grau-6mm\/","url":"https:\/\/termotom.com\/de\/hpl-platte-0112-stein-grau-6mm\/","name":"HPL-Platte 0112 STEIN GRAU 6mm - Trgovina Termotom","isPartOf":{"@id":"https:\/\/termotom.com\/de\/#website"},"primaryImageOfPage":{"@id":"https:\/\/termotom.com\/de\/hpl-platte-0112-stein-grau-6mm\/#primaryimage"},"image":{"@id":"https:\/\/termotom.com\/de\/hpl-platte-0112-stein-grau-6mm\/#primaryimage"},"thumbnailUrl":"https:\/\/termotom.com\/wp-content\/uploads\/0112-PE_HPL_STONE_GRAY.jpg","datePublished":"2024-03-14T08:40:42+00:00","dateModified":"2026-04-01T11:16:31+00:00","breadcrumb":{"@id":"https:\/\/termotom.com\/de\/hpl-platte-0112-stein-grau-6mm\/#breadcrumb"},"inLanguage":"de","potentialAction":[{"@type":"ReadAction","target":["https:\/\/termotom.com\/de\/hpl-platte-0112-stein-grau-6mm\/"]}]},{"@type":"ImageObject","inLanguage":"de","@id":"https:\/\/termotom.com\/de\/hpl-platte-0112-stein-grau-6mm\/#primaryimage","url":"https:\/\/termotom.com\/wp-content\/uploads\/0112-PE_HPL_STONE_GRAY.jpg","contentUrl":"https:\/\/termotom.com\/wp-content\/uploads\/0112-PE_HPL_STONE_GRAY.jpg","width":1028,"height":1280},{"@type":"BreadcrumbList","@id":"https:\/\/termotom.com\/de\/hpl-platte-0112-stein-grau-6mm\/#breadcrumb","itemListElement":[{"@type":"ListItem","position":1,"name":"Home","item":"https:\/\/termotom.com\/de\/"},{"@type":"ListItem","position":2,"name":"Shop","item":"https:\/\/termotom.com\/de\/shop\/"},{"@type":"ListItem","position":3,"name":"HPL-Platte 0112 STEIN GRAU 6mm"}]},{"@type":"WebSite","@id":"https:\/\/termotom.com\/de\/#website","url":"https:\/\/termotom.com\/de\/","name":"Trgovina Termotom","description":"Spletna trgovina","publisher":{"@id":"https:\/\/termotom.com\/de\/#organization"},"potentialAction":[{"@type":"SearchAction","target":{"@type":"EntryPoint","urlTemplate":"https:\/\/termotom.com\/de\/?s={search_term_string}"},"query-input":{"@type":"PropertyValueSpecification","valueRequired":true,"valueName":"search_term_string"}}],"inLanguage":"de"},{"@type":"Organization","@id":"https:\/\/termotom.com\/de\/#organization","name":"Trgovina Termotom","url":"https:\/\/termotom.com\/de\/","logo":{"@type":"ImageObject","inLanguage":"de","@id":"https:\/\/termotom.com\/de\/#\/schema\/logo\/image\/","url":"https:\/\/termotom.com\/wp-content\/uploads\/logo.png","contentUrl":"https:\/\/termotom.com\/wp-content\/uploads\/logo.png","width":400,"height":60,"caption":"Trgovina Termotom"},"image":{"@id":"https:\/\/termotom.com\/de\/#\/schema\/logo\/image\/"}}]}},"_links":{"self":[{"href":"https:\/\/termotom.com\/de\/wp-json\/wp\/v2\/product\/28339","targetHints":{"allow":["GET"]}}],"collection":[{"href":"https:\/\/termotom.com\/de\/wp-json\/wp\/v2\/product"}],"about":[{"href":"https:\/\/termotom.com\/de\/wp-json\/wp\/v2\/types\/product"}],"replies":[{"embeddable":true,"href":"https:\/\/termotom.com\/de\/wp-json\/wp\/v2\/comments?post=28339"}],"wp:featuredmedia":[{"embeddable":true,"href":"https:\/\/termotom.com\/de\/wp-json\/wp\/v2\/media\/25358"}],"wp:attachment":[{"href":"https:\/\/termotom.com\/de\/wp-json\/wp\/v2\/media?parent=28339"}],"wp:term":[{"taxonomy":"product_brand","embeddable":true,"href":"https:\/\/termotom.com\/de\/wp-json\/wp\/v2\/product_brand?post=28339"},{"taxonomy":"product_cat","embeddable":true,"href":"https:\/\/termotom.com\/de\/wp-json\/wp\/v2\/product_cat?post=28339"},{"taxonomy":"product_tag","embeddable":true,"href":"https:\/\/termotom.com\/de\/wp-json\/wp\/v2\/product_tag?post=28339"}],"curies":[{"name":"wp","href":"https:\/\/api.w.org\/{rel}","templated":true}]}}