{"id":29297,"date":"2024-03-12T06:43:47","date_gmt":"2024-03-12T06:43:47","guid":{"rendered":"https:\/\/termotom.com\/nadstresek-iz-pleksi-stekla-peskan\/"},"modified":"2026-04-01T11:18:26","modified_gmt":"2026-04-01T11:18:26","slug":"plexiglas-vordach-sandgestrahlt","status":"publish","type":"product","link":"https:\/\/termotom.com\/de\/plexiglas-vordach-sandgestrahlt\/","title":{"rendered":"PLEXIGLAS-VORDACH &#8211; SANDGESTRAHLT"},"content":{"rendered":"<p>Ein Vordach mit einem modernen und unauff\u00e4lligen Aussehen. Es besteht aus einem tragenden Profil und sandgestrahltem Plexiglas. Das verdeckte Entw\u00e4sserungssystem ist elegant integriert und tr\u00e4gt zu einem minimalistischen Erscheinungsbild bei. Das gesamte System ist so konzipiert, dass es unterschiedlichen Wetterbedingungen problemlos standh\u00e4lt. Die Installation ist einfach, da die Paneele keine zus\u00e4tzliche Behandlung erfordern. Die Paneele werden mit einem Klicksystem befestigt, bei dem sich das Profil an das Paneel anschmiegt und es zusammendr\u00fcckt.<\/p>\n","protected":false},"excerpt":{"rendered":"<p>Ein Vordach mit einem modernen und unauff\u00e4lligen Aussehen. Es besteht aus einem tragenden Profil und sandgestrahltem Plexiglas. Das verdeckte Entw\u00e4sserungssystem ist elegant integriert und tr\u00e4gt zu einem minimalistischen Erscheinungsbild bei. Das gesamte System ist so konzipiert, dass es unterschiedlichen Wetterbedingungen problemlos standh\u00e4lt. Die Installation ist einfach, da die Paneele keine zus\u00e4tzliche Behandlung erfordern. Die Paneele [&#8230;]\n","protected":false},"featured_media":28531,"comment_status":"closed","ping_status":"open","template":"","meta":{"_acf_changed":false},"product_brand":[],"product_cat":[1651,2477],"product_tag":[],"class_list":{"0":"post-29297","1":"product","2":"type-product","3":"status-publish","4":"has-post-thumbnail","6":"product_cat-produkte-und-loesungen","7":"product_cat-vordaecher-aus-plexiglas","9":"first","10":"instock","11":"taxable","12":"shipping-taxable","13":"purchasable","14":"product-type-variable"},"acf":[],"yoast_head":"<!-- This site is optimized with the Yoast SEO plugin v27.0 - https:\/\/yoast.com\/product\/yoast-seo-wordpress\/ -->\n<title>PLEXIGLAS-VORDACH - SANDGESTRAHLT - Trgovina Termotom<\/title>\n<meta name=\"robots\" content=\"index, follow, max-snippet:-1, max-image-preview:large, max-video-preview:-1\" \/>\n<link rel=\"canonical\" href=\"https:\/\/termotom.com\/de\/plexiglas-vordach-sandgestrahlt\/\" \/>\n<meta property=\"og:locale\" content=\"de_DE\" \/>\n<meta property=\"og:type\" content=\"article\" \/>\n<meta property=\"og:title\" content=\"PLEXIGLAS-VORDACH - SANDGESTRAHLT - Trgovina Termotom\" \/>\n<meta property=\"og:description\" content=\"Ein Vordach mit einem modernen und unauff\u00e4lligen Aussehen. Es besteht aus einem tragenden Profil und sandgestrahltem Plexiglas. Das verdeckte Entw\u00e4sserungssystem ist elegant integriert und tr\u00e4gt zu einem minimalistischen Erscheinungsbild bei. Das gesamte System ist so konzipiert, dass es unterschiedlichen Wetterbedingungen problemlos standh\u00e4lt. Die Installation ist einfach, da die Paneele keine zus\u00e4tzliche Behandlung erfordern. Die Paneele [...]\" \/>\n<meta property=\"og:url\" content=\"https:\/\/termotom.com\/de\/plexiglas-vordach-sandgestrahlt\/\" \/>\n<meta property=\"og:site_name\" content=\"Trgovina Termotom\" \/>\n<meta property=\"article:modified_time\" content=\"2026-04-01T11:18:26+00:00\" \/>\n<meta property=\"og:image\" content=\"https:\/\/termotom.com\/wp-content\/uploads\/IMG_20240311_134446-min-scaled.jpg\" \/>\n\t<meta property=\"og:image:width\" content=\"1920\" \/>\n\t<meta property=\"og:image:height\" content=\"2560\" \/>\n\t<meta property=\"og:image:type\" content=\"image\/jpeg\" \/>\n<meta name=\"twitter:card\" content=\"summary_large_image\" \/>\n<script type=\"application\/ld+json\" class=\"yoast-schema-graph\">{\"@context\":\"https:\/\/schema.org\",\"@graph\":[{\"@type\":\"WebPage\",\"@id\":\"https:\/\/termotom.com\/de\/plexiglas-vordach-sandgestrahlt\/\",\"url\":\"https:\/\/termotom.com\/de\/plexiglas-vordach-sandgestrahlt\/\",\"name\":\"PLEXIGLAS-VORDACH - SANDGESTRAHLT - Trgovina Termotom\",\"isPartOf\":{\"@id\":\"https:\/\/termotom.com\/de\/#website\"},\"primaryImageOfPage\":{\"@id\":\"https:\/\/termotom.com\/de\/plexiglas-vordach-sandgestrahlt\/#primaryimage\"},\"image\":{\"@id\":\"https:\/\/termotom.com\/de\/plexiglas-vordach-sandgestrahlt\/#primaryimage\"},\"thumbnailUrl\":\"https:\/\/termotom.com\/wp-content\/uploads\/IMG_20240311_134446-min-scaled.jpg\",\"datePublished\":\"2024-03-12T06:43:47+00:00\",\"dateModified\":\"2026-04-01T11:18:26+00:00\",\"breadcrumb\":{\"@id\":\"https:\/\/termotom.com\/de\/plexiglas-vordach-sandgestrahlt\/#breadcrumb\"},\"inLanguage\":\"de\",\"potentialAction\":[{\"@type\":\"ReadAction\",\"target\":[\"https:\/\/termotom.com\/de\/plexiglas-vordach-sandgestrahlt\/\"]}]},{\"@type\":\"ImageObject\",\"inLanguage\":\"de\",\"@id\":\"https:\/\/termotom.com\/de\/plexiglas-vordach-sandgestrahlt\/#primaryimage\",\"url\":\"https:\/\/termotom.com\/wp-content\/uploads\/IMG_20240311_134446-min-scaled.jpg\",\"contentUrl\":\"https:\/\/termotom.com\/wp-content\/uploads\/IMG_20240311_134446-min-scaled.jpg\",\"width\":1920,\"height\":2560},{\"@type\":\"BreadcrumbList\",\"@id\":\"https:\/\/termotom.com\/de\/plexiglas-vordach-sandgestrahlt\/#breadcrumb\",\"itemListElement\":[{\"@type\":\"ListItem\",\"position\":1,\"name\":\"Home\",\"item\":\"https:\/\/termotom.com\/de\/\"},{\"@type\":\"ListItem\",\"position\":2,\"name\":\"Shop\",\"item\":\"https:\/\/termotom.com\/de\/shop\/\"},{\"@type\":\"ListItem\",\"position\":3,\"name\":\"PLEXIGLAS-VORDACH &#8211; SANDGESTRAHLT\"}]},{\"@type\":\"WebSite\",\"@id\":\"https:\/\/termotom.com\/de\/#website\",\"url\":\"https:\/\/termotom.com\/de\/\",\"name\":\"Trgovina Termotom\",\"description\":\"Spletna trgovina\",\"publisher\":{\"@id\":\"https:\/\/termotom.com\/de\/#organization\"},\"potentialAction\":[{\"@type\":\"SearchAction\",\"target\":{\"@type\":\"EntryPoint\",\"urlTemplate\":\"https:\/\/termotom.com\/de\/?s={search_term_string}\"},\"query-input\":{\"@type\":\"PropertyValueSpecification\",\"valueRequired\":true,\"valueName\":\"search_term_string\"}}],\"inLanguage\":\"de\"},{\"@type\":\"Organization\",\"@id\":\"https:\/\/termotom.com\/de\/#organization\",\"name\":\"Trgovina Termotom\",\"url\":\"https:\/\/termotom.com\/de\/\",\"logo\":{\"@type\":\"ImageObject\",\"inLanguage\":\"de\",\"@id\":\"https:\/\/termotom.com\/de\/#\/schema\/logo\/image\/\",\"url\":\"https:\/\/termotom.com\/wp-content\/uploads\/logo.png\",\"contentUrl\":\"https:\/\/termotom.com\/wp-content\/uploads\/logo.png\",\"width\":400,\"height\":60,\"caption\":\"Trgovina Termotom\"},\"image\":{\"@id\":\"https:\/\/termotom.com\/de\/#\/schema\/logo\/image\/\"}}]}<\/script>\n<!-- \/ Yoast SEO plugin. -->","yoast_head_json":{"title":"PLEXIGLAS-VORDACH - SANDGESTRAHLT - Trgovina Termotom","robots":{"index":"index","follow":"follow","max-snippet":"max-snippet:-1","max-image-preview":"max-image-preview:large","max-video-preview":"max-video-preview:-1"},"canonical":"https:\/\/termotom.com\/de\/plexiglas-vordach-sandgestrahlt\/","og_locale":"de_DE","og_type":"article","og_title":"PLEXIGLAS-VORDACH - SANDGESTRAHLT - Trgovina Termotom","og_description":"Ein Vordach mit einem modernen und unauff\u00e4lligen Aussehen. Es besteht aus einem tragenden Profil und sandgestrahltem Plexiglas. Das verdeckte Entw\u00e4sserungssystem ist elegant integriert und tr\u00e4gt zu einem minimalistischen Erscheinungsbild bei. Das gesamte System ist so konzipiert, dass es unterschiedlichen Wetterbedingungen problemlos standh\u00e4lt. Die Installation ist einfach, da die Paneele keine zus\u00e4tzliche Behandlung erfordern. Die Paneele [...]","og_url":"https:\/\/termotom.com\/de\/plexiglas-vordach-sandgestrahlt\/","og_site_name":"Trgovina Termotom","article_modified_time":"2026-04-01T11:18:26+00:00","og_image":[{"width":1920,"height":2560,"url":"https:\/\/termotom.com\/wp-content\/uploads\/IMG_20240311_134446-min-scaled.jpg","type":"image\/jpeg"}],"twitter_card":"summary_large_image","schema":{"@context":"https:\/\/schema.org","@graph":[{"@type":"WebPage","@id":"https:\/\/termotom.com\/de\/plexiglas-vordach-sandgestrahlt\/","url":"https:\/\/termotom.com\/de\/plexiglas-vordach-sandgestrahlt\/","name":"PLEXIGLAS-VORDACH - SANDGESTRAHLT - Trgovina Termotom","isPartOf":{"@id":"https:\/\/termotom.com\/de\/#website"},"primaryImageOfPage":{"@id":"https:\/\/termotom.com\/de\/plexiglas-vordach-sandgestrahlt\/#primaryimage"},"image":{"@id":"https:\/\/termotom.com\/de\/plexiglas-vordach-sandgestrahlt\/#primaryimage"},"thumbnailUrl":"https:\/\/termotom.com\/wp-content\/uploads\/IMG_20240311_134446-min-scaled.jpg","datePublished":"2024-03-12T06:43:47+00:00","dateModified":"2026-04-01T11:18:26+00:00","breadcrumb":{"@id":"https:\/\/termotom.com\/de\/plexiglas-vordach-sandgestrahlt\/#breadcrumb"},"inLanguage":"de","potentialAction":[{"@type":"ReadAction","target":["https:\/\/termotom.com\/de\/plexiglas-vordach-sandgestrahlt\/"]}]},{"@type":"ImageObject","inLanguage":"de","@id":"https:\/\/termotom.com\/de\/plexiglas-vordach-sandgestrahlt\/#primaryimage","url":"https:\/\/termotom.com\/wp-content\/uploads\/IMG_20240311_134446-min-scaled.jpg","contentUrl":"https:\/\/termotom.com\/wp-content\/uploads\/IMG_20240311_134446-min-scaled.jpg","width":1920,"height":2560},{"@type":"BreadcrumbList","@id":"https:\/\/termotom.com\/de\/plexiglas-vordach-sandgestrahlt\/#breadcrumb","itemListElement":[{"@type":"ListItem","position":1,"name":"Home","item":"https:\/\/termotom.com\/de\/"},{"@type":"ListItem","position":2,"name":"Shop","item":"https:\/\/termotom.com\/de\/shop\/"},{"@type":"ListItem","position":3,"name":"PLEXIGLAS-VORDACH &#8211; SANDGESTRAHLT"}]},{"@type":"WebSite","@id":"https:\/\/termotom.com\/de\/#website","url":"https:\/\/termotom.com\/de\/","name":"Trgovina Termotom","description":"Spletna trgovina","publisher":{"@id":"https:\/\/termotom.com\/de\/#organization"},"potentialAction":[{"@type":"SearchAction","target":{"@type":"EntryPoint","urlTemplate":"https:\/\/termotom.com\/de\/?s={search_term_string}"},"query-input":{"@type":"PropertyValueSpecification","valueRequired":true,"valueName":"search_term_string"}}],"inLanguage":"de"},{"@type":"Organization","@id":"https:\/\/termotom.com\/de\/#organization","name":"Trgovina Termotom","url":"https:\/\/termotom.com\/de\/","logo":{"@type":"ImageObject","inLanguage":"de","@id":"https:\/\/termotom.com\/de\/#\/schema\/logo\/image\/","url":"https:\/\/termotom.com\/wp-content\/uploads\/logo.png","contentUrl":"https:\/\/termotom.com\/wp-content\/uploads\/logo.png","width":400,"height":60,"caption":"Trgovina Termotom"},"image":{"@id":"https:\/\/termotom.com\/de\/#\/schema\/logo\/image\/"}}]}},"_links":{"self":[{"href":"https:\/\/termotom.com\/de\/wp-json\/wp\/v2\/product\/29297","targetHints":{"allow":["GET"]}}],"collection":[{"href":"https:\/\/termotom.com\/de\/wp-json\/wp\/v2\/product"}],"about":[{"href":"https:\/\/termotom.com\/de\/wp-json\/wp\/v2\/types\/product"}],"replies":[{"embeddable":true,"href":"https:\/\/termotom.com\/de\/wp-json\/wp\/v2\/comments?post=29297"}],"wp:featuredmedia":[{"embeddable":true,"href":"https:\/\/termotom.com\/de\/wp-json\/wp\/v2\/media\/28531"}],"wp:attachment":[{"href":"https:\/\/termotom.com\/de\/wp-json\/wp\/v2\/media?parent=29297"}],"wp:term":[{"taxonomy":"product_brand","embeddable":true,"href":"https:\/\/termotom.com\/de\/wp-json\/wp\/v2\/product_brand?post=29297"},{"taxonomy":"product_cat","embeddable":true,"href":"https:\/\/termotom.com\/de\/wp-json\/wp\/v2\/product_cat?post=29297"},{"taxonomy":"product_tag","embeddable":true,"href":"https:\/\/termotom.com\/de\/wp-json\/wp\/v2\/product_tag?post=29297"}],"curies":[{"name":"wp","href":"https:\/\/api.w.org\/{rel}","templated":true}]}}