{"id":29456,"date":"2024-02-26T11:13:02","date_gmt":"2024-02-26T11:13:02","guid":{"rendered":"https:\/\/termotom.com\/stresni-panel-plocevinasti-izolativni-panel-30mm-ral-7016-9003\/"},"modified":"2026-03-09T10:52:38","modified_gmt":"2026-03-09T10:52:38","slug":"dachplatte-blechdaemmplatte-30mm-ral-7016-9003-klasse-2","status":"publish","type":"product","link":"https:\/\/termotom.com\/de\/dachplatte-blechdaemmplatte-30mm-ral-7016-9003-klasse-2\/","title":{"rendered":"Dachplatte, Blechd\u00e4mmplatte 30mm RAL 7016\/9003 Klasse 2"},"content":{"rendered":"<p>Dachisolierplatten mit beidseitigem Blech<br \/>\nBlechdachplatten mit Polyurethan (PU)-Isolierung und beidseitigem Blech sind eine ausgezeichnete Wahl sowohl f\u00fcr kleinere private \u00dcberdachungen als auch f\u00fcr Industrie-, Sport- und Gewerbeobjekte.<\/p>\n<ul>\n<li><strong>Dicke<\/strong>: 30 mm<\/li>\n<li><strong>Plattenbreite<\/strong>: 1000 mm<\/li>\n<li><strong>Blechdicke<\/strong>: Oberseite: 0,5 mm, Unterseite 0,4 mm<\/li>\n<li>Isolierf\u00fcllung: Polyurethan<\/li>\n<li><strong>Gewicht<\/strong>: 8,8 kg\/m2<\/li>\n<li>Empfohlene <strong>Dachneigung<\/strong>: 7 %<\/li>\n<\/ul>\n<p>In Kombination mit Lichtb\u00e4ndern aus mehrschichtigen Polycarbonat-Trapezplatten, die in ihrer Form der Trapezform der Blechpaneele entsprechen, bringen wir auch eine ordentliche Portion Licht in das Geb\u00e4ude. Ein solches Dach ist nachhaltig: Die hohe Isolierf\u00e4higkeit und Lichtdurchl\u00e4ssigkeit senken die Energiekosten.<\/p>\n","protected":false},"excerpt":{"rendered":"<p>Dachplatten in verschiedenen Abmessungen.<\/p>\n<p>Erh\u00e4ltlich nur bei PE Termotom Logatec.<\/p>\n","protected":false},"featured_media":29457,"comment_status":"closed","ping_status":"closed","template":"","meta":{"_acf_changed":false},"product_brand":[],"product_cat":[2107,1644],"product_tag":[],"class_list":{"0":"post-29456","1":"product","2":"type-product","3":"status-publish","4":"has-post-thumbnail","6":"product_cat-dach-und-fassadenpaneele-aus-blech","7":"product_cat-divestment","9":"first","10":"outofstock","11":"taxable","12":"shipping-taxable","13":"purchasable","14":"product-type-simple"},"acf":[],"yoast_head":"<!-- This site is optimized with the Yoast SEO plugin v27.0 - https:\/\/yoast.com\/product\/yoast-seo-wordpress\/ -->\n<title>Dachplatte, Blechd\u00e4mmplatte 30mm RAL 7016\/9003 Klasse 2 - Trgovina Termotom<\/title>\n<meta name=\"robots\" content=\"index, follow, max-snippet:-1, max-image-preview:large, max-video-preview:-1\" \/>\n<link rel=\"canonical\" href=\"https:\/\/termotom.com\/de\/dachplatte-blechdaemmplatte-30mm-ral-7016-9003-klasse-2\/\" \/>\n<meta property=\"og:locale\" content=\"de_DE\" \/>\n<meta property=\"og:type\" content=\"article\" \/>\n<meta property=\"og:title\" content=\"Dachplatte, Blechd\u00e4mmplatte 30mm RAL 7016\/9003 Klasse 2 - Trgovina Termotom\" \/>\n<meta property=\"og:description\" content=\"Dachplatten in verschiedenen Abmessungen. Erh\u00e4ltlich nur bei PE Termotom Logatec.\" \/>\n<meta property=\"og:url\" content=\"https:\/\/termotom.com\/de\/dachplatte-blechdaemmplatte-30mm-ral-7016-9003-klasse-2\/\" \/>\n<meta property=\"og:site_name\" content=\"Trgovina Termotom\" \/>\n<meta property=\"article:modified_time\" content=\"2026-03-09T10:52:38+00:00\" \/>\n<meta property=\"og:image\" content=\"https:\/\/termotom.com\/wp-content\/uploads\/Termotom_produkti7-1-scaled.jpg\" \/>\n\t<meta property=\"og:image:width\" content=\"2560\" \/>\n\t<meta property=\"og:image:height\" content=\"1745\" \/>\n\t<meta property=\"og:image:type\" content=\"image\/jpeg\" \/>\n<meta name=\"twitter:card\" content=\"summary_large_image\" \/>\n<script type=\"application\/ld+json\" class=\"yoast-schema-graph\">{\"@context\":\"https:\/\/schema.org\",\"@graph\":[{\"@type\":\"WebPage\",\"@id\":\"https:\/\/termotom.com\/de\/dachplatte-blechdaemmplatte-30mm-ral-7016-9003-klasse-2\/\",\"url\":\"https:\/\/termotom.com\/de\/dachplatte-blechdaemmplatte-30mm-ral-7016-9003-klasse-2\/\",\"name\":\"Dachplatte, Blechd\u00e4mmplatte 30mm RAL 7016\/9003 Klasse 2 - Trgovina Termotom\",\"isPartOf\":{\"@id\":\"https:\/\/termotom.com\/de\/#website\"},\"primaryImageOfPage\":{\"@id\":\"https:\/\/termotom.com\/de\/dachplatte-blechdaemmplatte-30mm-ral-7016-9003-klasse-2\/#primaryimage\"},\"image\":{\"@id\":\"https:\/\/termotom.com\/de\/dachplatte-blechdaemmplatte-30mm-ral-7016-9003-klasse-2\/#primaryimage\"},\"thumbnailUrl\":\"https:\/\/termotom.com\/wp-content\/uploads\/Termotom_produkti7-1-scaled.jpg\",\"datePublished\":\"2024-02-26T11:13:02+00:00\",\"dateModified\":\"2026-03-09T10:52:38+00:00\",\"breadcrumb\":{\"@id\":\"https:\/\/termotom.com\/de\/dachplatte-blechdaemmplatte-30mm-ral-7016-9003-klasse-2\/#breadcrumb\"},\"inLanguage\":\"de\",\"potentialAction\":[{\"@type\":\"ReadAction\",\"target\":[\"https:\/\/termotom.com\/de\/dachplatte-blechdaemmplatte-30mm-ral-7016-9003-klasse-2\/\"]}]},{\"@type\":\"ImageObject\",\"inLanguage\":\"de\",\"@id\":\"https:\/\/termotom.com\/de\/dachplatte-blechdaemmplatte-30mm-ral-7016-9003-klasse-2\/#primaryimage\",\"url\":\"https:\/\/termotom.com\/wp-content\/uploads\/Termotom_produkti7-1-scaled.jpg\",\"contentUrl\":\"https:\/\/termotom.com\/wp-content\/uploads\/Termotom_produkti7-1-scaled.jpg\",\"width\":2560,\"height\":1745},{\"@type\":\"BreadcrumbList\",\"@id\":\"https:\/\/termotom.com\/de\/dachplatte-blechdaemmplatte-30mm-ral-7016-9003-klasse-2\/#breadcrumb\",\"itemListElement\":[{\"@type\":\"ListItem\",\"position\":1,\"name\":\"Home\",\"item\":\"https:\/\/termotom.com\/de\/\"},{\"@type\":\"ListItem\",\"position\":2,\"name\":\"Shop\",\"item\":\"https:\/\/termotom.com\/de\/shop\/\"},{\"@type\":\"ListItem\",\"position\":3,\"name\":\"Dachplatte, Blechd\u00e4mmplatte 30mm RAL 7016\/9003 Klasse 2\"}]},{\"@type\":\"WebSite\",\"@id\":\"https:\/\/termotom.com\/de\/#website\",\"url\":\"https:\/\/termotom.com\/de\/\",\"name\":\"Trgovina Termotom\",\"description\":\"Spletna trgovina\",\"publisher\":{\"@id\":\"https:\/\/termotom.com\/de\/#organization\"},\"potentialAction\":[{\"@type\":\"SearchAction\",\"target\":{\"@type\":\"EntryPoint\",\"urlTemplate\":\"https:\/\/termotom.com\/de\/?s={search_term_string}\"},\"query-input\":{\"@type\":\"PropertyValueSpecification\",\"valueRequired\":true,\"valueName\":\"search_term_string\"}}],\"inLanguage\":\"de\"},{\"@type\":\"Organization\",\"@id\":\"https:\/\/termotom.com\/de\/#organization\",\"name\":\"Trgovina Termotom\",\"url\":\"https:\/\/termotom.com\/de\/\",\"logo\":{\"@type\":\"ImageObject\",\"inLanguage\":\"de\",\"@id\":\"https:\/\/termotom.com\/de\/#\/schema\/logo\/image\/\",\"url\":\"https:\/\/termotom.com\/wp-content\/uploads\/logo.png\",\"contentUrl\":\"https:\/\/termotom.com\/wp-content\/uploads\/logo.png\",\"width\":400,\"height\":60,\"caption\":\"Trgovina Termotom\"},\"image\":{\"@id\":\"https:\/\/termotom.com\/de\/#\/schema\/logo\/image\/\"}}]}<\/script>\n<!-- \/ Yoast SEO plugin. -->","yoast_head_json":{"title":"Dachplatte, Blechd\u00e4mmplatte 30mm RAL 7016\/9003 Klasse 2 - Trgovina Termotom","robots":{"index":"index","follow":"follow","max-snippet":"max-snippet:-1","max-image-preview":"max-image-preview:large","max-video-preview":"max-video-preview:-1"},"canonical":"https:\/\/termotom.com\/de\/dachplatte-blechdaemmplatte-30mm-ral-7016-9003-klasse-2\/","og_locale":"de_DE","og_type":"article","og_title":"Dachplatte, Blechd\u00e4mmplatte 30mm RAL 7016\/9003 Klasse 2 - Trgovina Termotom","og_description":"Dachplatten in verschiedenen Abmessungen. Erh\u00e4ltlich nur bei PE Termotom Logatec.","og_url":"https:\/\/termotom.com\/de\/dachplatte-blechdaemmplatte-30mm-ral-7016-9003-klasse-2\/","og_site_name":"Trgovina Termotom","article_modified_time":"2026-03-09T10:52:38+00:00","og_image":[{"width":2560,"height":1745,"url":"https:\/\/termotom.com\/wp-content\/uploads\/Termotom_produkti7-1-scaled.jpg","type":"image\/jpeg"}],"twitter_card":"summary_large_image","schema":{"@context":"https:\/\/schema.org","@graph":[{"@type":"WebPage","@id":"https:\/\/termotom.com\/de\/dachplatte-blechdaemmplatte-30mm-ral-7016-9003-klasse-2\/","url":"https:\/\/termotom.com\/de\/dachplatte-blechdaemmplatte-30mm-ral-7016-9003-klasse-2\/","name":"Dachplatte, Blechd\u00e4mmplatte 30mm RAL 7016\/9003 Klasse 2 - Trgovina Termotom","isPartOf":{"@id":"https:\/\/termotom.com\/de\/#website"},"primaryImageOfPage":{"@id":"https:\/\/termotom.com\/de\/dachplatte-blechdaemmplatte-30mm-ral-7016-9003-klasse-2\/#primaryimage"},"image":{"@id":"https:\/\/termotom.com\/de\/dachplatte-blechdaemmplatte-30mm-ral-7016-9003-klasse-2\/#primaryimage"},"thumbnailUrl":"https:\/\/termotom.com\/wp-content\/uploads\/Termotom_produkti7-1-scaled.jpg","datePublished":"2024-02-26T11:13:02+00:00","dateModified":"2026-03-09T10:52:38+00:00","breadcrumb":{"@id":"https:\/\/termotom.com\/de\/dachplatte-blechdaemmplatte-30mm-ral-7016-9003-klasse-2\/#breadcrumb"},"inLanguage":"de","potentialAction":[{"@type":"ReadAction","target":["https:\/\/termotom.com\/de\/dachplatte-blechdaemmplatte-30mm-ral-7016-9003-klasse-2\/"]}]},{"@type":"ImageObject","inLanguage":"de","@id":"https:\/\/termotom.com\/de\/dachplatte-blechdaemmplatte-30mm-ral-7016-9003-klasse-2\/#primaryimage","url":"https:\/\/termotom.com\/wp-content\/uploads\/Termotom_produkti7-1-scaled.jpg","contentUrl":"https:\/\/termotom.com\/wp-content\/uploads\/Termotom_produkti7-1-scaled.jpg","width":2560,"height":1745},{"@type":"BreadcrumbList","@id":"https:\/\/termotom.com\/de\/dachplatte-blechdaemmplatte-30mm-ral-7016-9003-klasse-2\/#breadcrumb","itemListElement":[{"@type":"ListItem","position":1,"name":"Home","item":"https:\/\/termotom.com\/de\/"},{"@type":"ListItem","position":2,"name":"Shop","item":"https:\/\/termotom.com\/de\/shop\/"},{"@type":"ListItem","position":3,"name":"Dachplatte, Blechd\u00e4mmplatte 30mm RAL 7016\/9003 Klasse 2"}]},{"@type":"WebSite","@id":"https:\/\/termotom.com\/de\/#website","url":"https:\/\/termotom.com\/de\/","name":"Trgovina Termotom","description":"Spletna trgovina","publisher":{"@id":"https:\/\/termotom.com\/de\/#organization"},"potentialAction":[{"@type":"SearchAction","target":{"@type":"EntryPoint","urlTemplate":"https:\/\/termotom.com\/de\/?s={search_term_string}"},"query-input":{"@type":"PropertyValueSpecification","valueRequired":true,"valueName":"search_term_string"}}],"inLanguage":"de"},{"@type":"Organization","@id":"https:\/\/termotom.com\/de\/#organization","name":"Trgovina Termotom","url":"https:\/\/termotom.com\/de\/","logo":{"@type":"ImageObject","inLanguage":"de","@id":"https:\/\/termotom.com\/de\/#\/schema\/logo\/image\/","url":"https:\/\/termotom.com\/wp-content\/uploads\/logo.png","contentUrl":"https:\/\/termotom.com\/wp-content\/uploads\/logo.png","width":400,"height":60,"caption":"Trgovina Termotom"},"image":{"@id":"https:\/\/termotom.com\/de\/#\/schema\/logo\/image\/"}}]}},"_links":{"self":[{"href":"https:\/\/termotom.com\/de\/wp-json\/wp\/v2\/product\/29456","targetHints":{"allow":["GET"]}}],"collection":[{"href":"https:\/\/termotom.com\/de\/wp-json\/wp\/v2\/product"}],"about":[{"href":"https:\/\/termotom.com\/de\/wp-json\/wp\/v2\/types\/product"}],"replies":[{"embeddable":true,"href":"https:\/\/termotom.com\/de\/wp-json\/wp\/v2\/comments?post=29456"}],"wp:featuredmedia":[{"embeddable":true,"href":"https:\/\/termotom.com\/de\/wp-json\/wp\/v2\/media\/29457"}],"wp:attachment":[{"href":"https:\/\/termotom.com\/de\/wp-json\/wp\/v2\/media?parent=29456"}],"wp:term":[{"taxonomy":"product_brand","embeddable":true,"href":"https:\/\/termotom.com\/de\/wp-json\/wp\/v2\/product_brand?post=29456"},{"taxonomy":"product_cat","embeddable":true,"href":"https:\/\/termotom.com\/de\/wp-json\/wp\/v2\/product_cat?post=29456"},{"taxonomy":"product_tag","embeddable":true,"href":"https:\/\/termotom.com\/de\/wp-json\/wp\/v2\/product_tag?post=29456"}],"curies":[{"name":"wp","href":"https:\/\/api.w.org\/{rel}","templated":true}]}}