{"id":29652,"date":"2023-12-04T16:53:17","date_gmt":"2023-12-04T16:53:17","guid":{"rendered":"https:\/\/termotom.com\/pom-c-poliacetal-40-mm-bela-plosca\/"},"modified":"2026-04-01T11:20:29","modified_gmt":"2026-04-01T11:20:29","slug":"pom-c-polyacetal-40-mm-weisse-platte","status":"publish","type":"product","link":"https:\/\/termotom.com\/de\/pom-c-polyacetal-40-mm-weisse-platte\/","title":{"rendered":"POM C &#8211; Polyacetal, 40 mm, wei\u00dfe Platte"},"content":{"rendered":"<p><strong data-start=\"98\" data-end=\"136\">Der technische Kunststoff POM (Polyacetal)<\/strong> ist ein hochwertiges und vielseitig einsetzbares Material, das f\u00fcr seine au\u00dfergew\u00f6hnliche mechanische Festigkeit und hervorragende Dimensionsstabilit\u00e4t bekannt ist. Aufgrund seiner Zuverl\u00e4ssigkeit eignet er sich f\u00fcr anspruchsvolle technische Anwendungen. Der Werkstoff beh\u00e4lt seine Eigenschaften in einem breiten Temperaturbereich von <strong data-start=\"403\" data-end=\"424\">\u201340 \u00b0C bis +100 \u00b0C<\/strong>.<\/p>\n","protected":false},"excerpt":{"rendered":"<p>Der technische Kunststoff POM (Polyacetal) ist ein hochwertiges und vielseitig einsetzbares Material, das f\u00fcr seine au\u00dfergew\u00f6hnliche mechanische Festigkeit und hervorragende Dimensionsstabilit\u00e4t bekannt ist. Aufgrund seiner Zuverl\u00e4ssigkeit eignet er sich f\u00fcr anspruchsvolle technische Anwendungen. Der Werkstoff beh\u00e4lt seine Eigenschaften in einem breiten Temperaturbereich von \u201340 \u00b0C bis +100 \u00b0C.<\/p>\n","protected":false},"featured_media":29653,"comment_status":"closed","ping_status":"closed","template":"","meta":{"_acf_changed":false},"product_brand":[],"product_cat":[1812,2833],"product_tag":[],"class_list":{"0":"post-29652","1":"product","2":"type-product","3":"status-publish","4":"has-post-thumbnail","6":"product_cat-kunststoff-und-andere-teller","7":"product_cat-pom-c","8":"pa_barva-bela","9":"pa_debelina-40-mm","10":"pa_dimenzija-500x1000-mm","11":"pa_dimenzija-500x500-mm","13":"first","14":"instock","15":"taxable","16":"shipping-taxable","17":"purchasable","18":"product-type-variable"},"acf":[],"yoast_head":"<!-- This site is optimized with the Yoast SEO plugin v27.0 - https:\/\/yoast.com\/product\/yoast-seo-wordpress\/ -->\n<title>POM C - Polyacetal, 40 mm, wei\u00dfe Platte - Trgovina Termotom<\/title>\n<meta name=\"robots\" content=\"index, follow, max-snippet:-1, max-image-preview:large, max-video-preview:-1\" \/>\n<link rel=\"canonical\" href=\"https:\/\/termotom.com\/de\/pom-c-polyacetal-40-mm-weisse-platte\/\" \/>\n<meta property=\"og:locale\" content=\"de_DE\" \/>\n<meta property=\"og:type\" content=\"article\" \/>\n<meta property=\"og:title\" content=\"POM C - Polyacetal, 40 mm, wei\u00dfe Platte - Trgovina Termotom\" \/>\n<meta property=\"og:description\" content=\"Der technische Kunststoff POM (Polyacetal) ist ein hochwertiges und vielseitig einsetzbares Material, das f\u00fcr seine au\u00dfergew\u00f6hnliche mechanische Festigkeit und hervorragende Dimensionsstabilit\u00e4t bekannt ist. Aufgrund seiner Zuverl\u00e4ssigkeit eignet er sich f\u00fcr anspruchsvolle technische Anwendungen. Der Werkstoff beh\u00e4lt seine Eigenschaften in einem breiten Temperaturbereich von \u201340 \u00b0C bis +100 \u00b0C.\" \/>\n<meta property=\"og:url\" content=\"https:\/\/termotom.com\/de\/pom-c-polyacetal-40-mm-weisse-platte\/\" \/>\n<meta property=\"og:site_name\" content=\"Trgovina Termotom\" \/>\n<meta property=\"article:modified_time\" content=\"2026-04-01T11:20:29+00:00\" \/>\n<meta property=\"og:image\" content=\"https:\/\/termotom.com\/wp-content\/uploads\/POM-Platten-Kunststoffplatten-Weiss1.jpg\" \/>\n\t<meta property=\"og:image:width\" content=\"800\" \/>\n\t<meta property=\"og:image:height\" content=\"600\" \/>\n\t<meta property=\"og:image:type\" content=\"image\/jpeg\" \/>\n<meta name=\"twitter:card\" content=\"summary_large_image\" \/>\n<script type=\"application\/ld+json\" class=\"yoast-schema-graph\">{\"@context\":\"https:\/\/schema.org\",\"@graph\":[{\"@type\":\"WebPage\",\"@id\":\"https:\/\/termotom.com\/de\/pom-c-polyacetal-40-mm-weisse-platte\/\",\"url\":\"https:\/\/termotom.com\/de\/pom-c-polyacetal-40-mm-weisse-platte\/\",\"name\":\"POM C - Polyacetal, 40 mm, wei\u00dfe Platte - Trgovina Termotom\",\"isPartOf\":{\"@id\":\"https:\/\/termotom.com\/de\/#website\"},\"primaryImageOfPage\":{\"@id\":\"https:\/\/termotom.com\/de\/pom-c-polyacetal-40-mm-weisse-platte\/#primaryimage\"},\"image\":{\"@id\":\"https:\/\/termotom.com\/de\/pom-c-polyacetal-40-mm-weisse-platte\/#primaryimage\"},\"thumbnailUrl\":\"https:\/\/termotom.com\/wp-content\/uploads\/POM-Platten-Kunststoffplatten-Weiss1.jpg\",\"datePublished\":\"2023-12-04T16:53:17+00:00\",\"dateModified\":\"2026-04-01T11:20:29+00:00\",\"breadcrumb\":{\"@id\":\"https:\/\/termotom.com\/de\/pom-c-polyacetal-40-mm-weisse-platte\/#breadcrumb\"},\"inLanguage\":\"de\",\"potentialAction\":[{\"@type\":\"ReadAction\",\"target\":[\"https:\/\/termotom.com\/de\/pom-c-polyacetal-40-mm-weisse-platte\/\"]}]},{\"@type\":\"ImageObject\",\"inLanguage\":\"de\",\"@id\":\"https:\/\/termotom.com\/de\/pom-c-polyacetal-40-mm-weisse-platte\/#primaryimage\",\"url\":\"https:\/\/termotom.com\/wp-content\/uploads\/POM-Platten-Kunststoffplatten-Weiss1.jpg\",\"contentUrl\":\"https:\/\/termotom.com\/wp-content\/uploads\/POM-Platten-Kunststoffplatten-Weiss1.jpg\",\"width\":800,\"height\":600},{\"@type\":\"BreadcrumbList\",\"@id\":\"https:\/\/termotom.com\/de\/pom-c-polyacetal-40-mm-weisse-platte\/#breadcrumb\",\"itemListElement\":[{\"@type\":\"ListItem\",\"position\":1,\"name\":\"Home\",\"item\":\"https:\/\/termotom.com\/de\/\"},{\"@type\":\"ListItem\",\"position\":2,\"name\":\"Shop\",\"item\":\"https:\/\/termotom.com\/de\/shop\/\"},{\"@type\":\"ListItem\",\"position\":3,\"name\":\"POM C &#8211; Polyacetal, 40 mm, wei\u00dfe Platte\"}]},{\"@type\":\"WebSite\",\"@id\":\"https:\/\/termotom.com\/de\/#website\",\"url\":\"https:\/\/termotom.com\/de\/\",\"name\":\"Trgovina Termotom\",\"description\":\"Spletna trgovina\",\"publisher\":{\"@id\":\"https:\/\/termotom.com\/de\/#organization\"},\"potentialAction\":[{\"@type\":\"SearchAction\",\"target\":{\"@type\":\"EntryPoint\",\"urlTemplate\":\"https:\/\/termotom.com\/de\/?s={search_term_string}\"},\"query-input\":{\"@type\":\"PropertyValueSpecification\",\"valueRequired\":true,\"valueName\":\"search_term_string\"}}],\"inLanguage\":\"de\"},{\"@type\":\"Organization\",\"@id\":\"https:\/\/termotom.com\/de\/#organization\",\"name\":\"Trgovina Termotom\",\"url\":\"https:\/\/termotom.com\/de\/\",\"logo\":{\"@type\":\"ImageObject\",\"inLanguage\":\"de\",\"@id\":\"https:\/\/termotom.com\/de\/#\/schema\/logo\/image\/\",\"url\":\"https:\/\/termotom.com\/wp-content\/uploads\/logo.png\",\"contentUrl\":\"https:\/\/termotom.com\/wp-content\/uploads\/logo.png\",\"width\":400,\"height\":60,\"caption\":\"Trgovina Termotom\"},\"image\":{\"@id\":\"https:\/\/termotom.com\/de\/#\/schema\/logo\/image\/\"}}]}<\/script>\n<!-- \/ Yoast SEO plugin. -->","yoast_head_json":{"title":"POM C - Polyacetal, 40 mm, wei\u00dfe Platte - Trgovina Termotom","robots":{"index":"index","follow":"follow","max-snippet":"max-snippet:-1","max-image-preview":"max-image-preview:large","max-video-preview":"max-video-preview:-1"},"canonical":"https:\/\/termotom.com\/de\/pom-c-polyacetal-40-mm-weisse-platte\/","og_locale":"de_DE","og_type":"article","og_title":"POM C - Polyacetal, 40 mm, wei\u00dfe Platte - Trgovina Termotom","og_description":"Der technische Kunststoff POM (Polyacetal) ist ein hochwertiges und vielseitig einsetzbares Material, das f\u00fcr seine au\u00dfergew\u00f6hnliche mechanische Festigkeit und hervorragende Dimensionsstabilit\u00e4t bekannt ist. Aufgrund seiner Zuverl\u00e4ssigkeit eignet er sich f\u00fcr anspruchsvolle technische Anwendungen. Der Werkstoff beh\u00e4lt seine Eigenschaften in einem breiten Temperaturbereich von \u201340 \u00b0C bis +100 \u00b0C.","og_url":"https:\/\/termotom.com\/de\/pom-c-polyacetal-40-mm-weisse-platte\/","og_site_name":"Trgovina Termotom","article_modified_time":"2026-04-01T11:20:29+00:00","og_image":[{"width":800,"height":600,"url":"https:\/\/termotom.com\/wp-content\/uploads\/POM-Platten-Kunststoffplatten-Weiss1.jpg","type":"image\/jpeg"}],"twitter_card":"summary_large_image","schema":{"@context":"https:\/\/schema.org","@graph":[{"@type":"WebPage","@id":"https:\/\/termotom.com\/de\/pom-c-polyacetal-40-mm-weisse-platte\/","url":"https:\/\/termotom.com\/de\/pom-c-polyacetal-40-mm-weisse-platte\/","name":"POM C - Polyacetal, 40 mm, wei\u00dfe Platte - Trgovina Termotom","isPartOf":{"@id":"https:\/\/termotom.com\/de\/#website"},"primaryImageOfPage":{"@id":"https:\/\/termotom.com\/de\/pom-c-polyacetal-40-mm-weisse-platte\/#primaryimage"},"image":{"@id":"https:\/\/termotom.com\/de\/pom-c-polyacetal-40-mm-weisse-platte\/#primaryimage"},"thumbnailUrl":"https:\/\/termotom.com\/wp-content\/uploads\/POM-Platten-Kunststoffplatten-Weiss1.jpg","datePublished":"2023-12-04T16:53:17+00:00","dateModified":"2026-04-01T11:20:29+00:00","breadcrumb":{"@id":"https:\/\/termotom.com\/de\/pom-c-polyacetal-40-mm-weisse-platte\/#breadcrumb"},"inLanguage":"de","potentialAction":[{"@type":"ReadAction","target":["https:\/\/termotom.com\/de\/pom-c-polyacetal-40-mm-weisse-platte\/"]}]},{"@type":"ImageObject","inLanguage":"de","@id":"https:\/\/termotom.com\/de\/pom-c-polyacetal-40-mm-weisse-platte\/#primaryimage","url":"https:\/\/termotom.com\/wp-content\/uploads\/POM-Platten-Kunststoffplatten-Weiss1.jpg","contentUrl":"https:\/\/termotom.com\/wp-content\/uploads\/POM-Platten-Kunststoffplatten-Weiss1.jpg","width":800,"height":600},{"@type":"BreadcrumbList","@id":"https:\/\/termotom.com\/de\/pom-c-polyacetal-40-mm-weisse-platte\/#breadcrumb","itemListElement":[{"@type":"ListItem","position":1,"name":"Home","item":"https:\/\/termotom.com\/de\/"},{"@type":"ListItem","position":2,"name":"Shop","item":"https:\/\/termotom.com\/de\/shop\/"},{"@type":"ListItem","position":3,"name":"POM C &#8211; Polyacetal, 40 mm, wei\u00dfe Platte"}]},{"@type":"WebSite","@id":"https:\/\/termotom.com\/de\/#website","url":"https:\/\/termotom.com\/de\/","name":"Trgovina Termotom","description":"Spletna trgovina","publisher":{"@id":"https:\/\/termotom.com\/de\/#organization"},"potentialAction":[{"@type":"SearchAction","target":{"@type":"EntryPoint","urlTemplate":"https:\/\/termotom.com\/de\/?s={search_term_string}"},"query-input":{"@type":"PropertyValueSpecification","valueRequired":true,"valueName":"search_term_string"}}],"inLanguage":"de"},{"@type":"Organization","@id":"https:\/\/termotom.com\/de\/#organization","name":"Trgovina Termotom","url":"https:\/\/termotom.com\/de\/","logo":{"@type":"ImageObject","inLanguage":"de","@id":"https:\/\/termotom.com\/de\/#\/schema\/logo\/image\/","url":"https:\/\/termotom.com\/wp-content\/uploads\/logo.png","contentUrl":"https:\/\/termotom.com\/wp-content\/uploads\/logo.png","width":400,"height":60,"caption":"Trgovina Termotom"},"image":{"@id":"https:\/\/termotom.com\/de\/#\/schema\/logo\/image\/"}}]}},"_links":{"self":[{"href":"https:\/\/termotom.com\/de\/wp-json\/wp\/v2\/product\/29652","targetHints":{"allow":["GET"]}}],"collection":[{"href":"https:\/\/termotom.com\/de\/wp-json\/wp\/v2\/product"}],"about":[{"href":"https:\/\/termotom.com\/de\/wp-json\/wp\/v2\/types\/product"}],"replies":[{"embeddable":true,"href":"https:\/\/termotom.com\/de\/wp-json\/wp\/v2\/comments?post=29652"}],"wp:featuredmedia":[{"embeddable":true,"href":"https:\/\/termotom.com\/de\/wp-json\/wp\/v2\/media\/29653"}],"wp:attachment":[{"href":"https:\/\/termotom.com\/de\/wp-json\/wp\/v2\/media?parent=29652"}],"wp:term":[{"taxonomy":"product_brand","embeddable":true,"href":"https:\/\/termotom.com\/de\/wp-json\/wp\/v2\/product_brand?post=29652"},{"taxonomy":"product_cat","embeddable":true,"href":"https:\/\/termotom.com\/de\/wp-json\/wp\/v2\/product_cat?post=29652"},{"taxonomy":"product_tag","embeddable":true,"href":"https:\/\/termotom.com\/de\/wp-json\/wp\/v2\/product_tag?post=29652"}],"curies":[{"name":"wp","href":"https:\/\/api.w.org\/{rel}","templated":true}]}}