{"id":33055,"date":"2023-11-15T19:54:55","date_gmt":"2023-11-15T19:54:55","guid":{"rendered":"https:\/\/termotom.com\/alu-kompozitna-plosca-3mm-srebrna-brusena-bela-mat\/"},"modified":"2026-04-01T11:22:13","modified_gmt":"2026-04-01T11:22:13","slug":"alu-kompositplatte-3mm-silber-gebuerstet-weiss-matt","status":"publish","type":"product","link":"https:\/\/termotom.com\/de\/alu-kompositplatte-3mm-silber-gebuerstet-weiss-matt\/","title":{"rendered":"ALU-KOMPOSITPLATTE, 3mm, silber geb\u00fcrstet \/ wei\u00df matt"},"content":{"rendered":"<p>Aluminiumverbundplatten (wie dibond, combond, neobond, alupanel, alubond, multipanel, ecobond) bestehen aus zwei Aluminiumplatten und einer Polyethylenschicht in der Mitte. Die Platten haben eine St\u00e4rke von 3 mm und werden f\u00fcr Ladenbeschilderungen, Verkehrs- und Orientierungsschilder, Ladenfronten, Messedisplays, M\u00f6bel, Werbest\u00e4nder usw. verwendet. Die Platten sind leicht zu bearbeiten: s\u00e4gen, schneiden, bohren, formen, falten, kleben, schleifen, gravieren usw.<\/p>\n","protected":false},"excerpt":{"rendered":"<p>Aluminium-Verbundplatte, 3 mm dick. Eine Seite ist silber geb\u00fcrstet, die andere matt wei\u00df (RAL 9003).<\/p>\n","protected":false},"featured_media":33057,"comment_status":"open","ping_status":"closed","template":"","meta":{"_acf_changed":false},"product_brand":[],"product_cat":[1812,1833],"product_tag":[],"class_list":{"0":"post-33055","1":"product","2":"type-product","3":"status-publish","4":"has-post-thumbnail","6":"product_cat-kunststoff-und-andere-teller","7":"product_cat-alu-verbund-paneele","8":"pa_barva-srebrna-brusena-bela-mat-9003","9":"pa_debelina-3mm","10":"pa_dimenzija-1500x1000-mm","11":"pa_dimenzija-1500x1500-mm","12":"pa_dimenzija-1500x2000-mm","13":"pa_dimenzija-1500x3050-mm","14":"pa_struktura-enoslojna","16":"first","17":"instock","18":"taxable","19":"shipping-taxable","20":"purchasable","21":"product-type-variable"},"acf":[],"yoast_head":"<!-- This site is optimized with the Yoast SEO plugin v27.0 - https:\/\/yoast.com\/product\/yoast-seo-wordpress\/ -->\n<title>ALU-KOMPOSITPLATTE, 3mm, silber geb\u00fcrstet \/ wei\u00df matt - Trgovina Termotom<\/title>\n<meta name=\"robots\" content=\"index, follow, max-snippet:-1, max-image-preview:large, max-video-preview:-1\" \/>\n<link rel=\"canonical\" href=\"https:\/\/termotom.com\/de\/alu-kompositplatte-3mm-silber-gebuerstet-weiss-matt\/\" \/>\n<meta property=\"og:locale\" content=\"de_DE\" \/>\n<meta property=\"og:type\" content=\"article\" \/>\n<meta property=\"og:title\" content=\"ALU-KOMPOSITPLATTE, 3mm, silber geb\u00fcrstet \/ wei\u00df matt - Trgovina Termotom\" \/>\n<meta property=\"og:description\" content=\"Aluminium-Verbundplatte, 3 mm dick. Eine Seite ist silber geb\u00fcrstet, die andere matt wei\u00df (RAL 9003).\" \/>\n<meta property=\"og:url\" content=\"https:\/\/termotom.com\/de\/alu-kompositplatte-3mm-silber-gebuerstet-weiss-matt\/\" \/>\n<meta property=\"og:site_name\" content=\"Trgovina Termotom\" \/>\n<meta property=\"article:modified_time\" content=\"2026-04-01T11:22:13+00:00\" \/>\n<meta property=\"og:image\" content=\"https:\/\/termotom.com\/wp-content\/uploads\/65941bbc-1e7e-42f0-b0b4-459e0f2cd5d9.png\" \/>\n\t<meta property=\"og:image:width\" content=\"1024\" \/>\n\t<meta property=\"og:image:height\" content=\"1024\" \/>\n\t<meta property=\"og:image:type\" content=\"image\/png\" \/>\n<meta name=\"twitter:card\" content=\"summary_large_image\" \/>\n<script type=\"application\/ld+json\" class=\"yoast-schema-graph\">{\"@context\":\"https:\/\/schema.org\",\"@graph\":[{\"@type\":\"WebPage\",\"@id\":\"https:\/\/termotom.com\/de\/alu-kompositplatte-3mm-silber-gebuerstet-weiss-matt\/\",\"url\":\"https:\/\/termotom.com\/de\/alu-kompositplatte-3mm-silber-gebuerstet-weiss-matt\/\",\"name\":\"ALU-KOMPOSITPLATTE, 3mm, silber geb\u00fcrstet \/ wei\u00df matt - Trgovina Termotom\",\"isPartOf\":{\"@id\":\"https:\/\/termotom.com\/de\/#website\"},\"primaryImageOfPage\":{\"@id\":\"https:\/\/termotom.com\/de\/alu-kompositplatte-3mm-silber-gebuerstet-weiss-matt\/#primaryimage\"},\"image\":{\"@id\":\"https:\/\/termotom.com\/de\/alu-kompositplatte-3mm-silber-gebuerstet-weiss-matt\/#primaryimage\"},\"thumbnailUrl\":\"https:\/\/termotom.com\/wp-content\/uploads\/65941bbc-1e7e-42f0-b0b4-459e0f2cd5d9.png\",\"datePublished\":\"2023-11-15T19:54:55+00:00\",\"dateModified\":\"2026-04-01T11:22:13+00:00\",\"breadcrumb\":{\"@id\":\"https:\/\/termotom.com\/de\/alu-kompositplatte-3mm-silber-gebuerstet-weiss-matt\/#breadcrumb\"},\"inLanguage\":\"de\",\"potentialAction\":[{\"@type\":\"ReadAction\",\"target\":[\"https:\/\/termotom.com\/de\/alu-kompositplatte-3mm-silber-gebuerstet-weiss-matt\/\"]}]},{\"@type\":\"ImageObject\",\"inLanguage\":\"de\",\"@id\":\"https:\/\/termotom.com\/de\/alu-kompositplatte-3mm-silber-gebuerstet-weiss-matt\/#primaryimage\",\"url\":\"https:\/\/termotom.com\/wp-content\/uploads\/65941bbc-1e7e-42f0-b0b4-459e0f2cd5d9.png\",\"contentUrl\":\"https:\/\/termotom.com\/wp-content\/uploads\/65941bbc-1e7e-42f0-b0b4-459e0f2cd5d9.png\",\"width\":1024,\"height\":1024},{\"@type\":\"BreadcrumbList\",\"@id\":\"https:\/\/termotom.com\/de\/alu-kompositplatte-3mm-silber-gebuerstet-weiss-matt\/#breadcrumb\",\"itemListElement\":[{\"@type\":\"ListItem\",\"position\":1,\"name\":\"Home\",\"item\":\"https:\/\/termotom.com\/de\/\"},{\"@type\":\"ListItem\",\"position\":2,\"name\":\"Shop\",\"item\":\"https:\/\/termotom.com\/de\/shop\/\"},{\"@type\":\"ListItem\",\"position\":3,\"name\":\"ALU-KOMPOSITPLATTE, 3mm, silber geb\u00fcrstet \/ wei\u00df matt\"}]},{\"@type\":\"WebSite\",\"@id\":\"https:\/\/termotom.com\/de\/#website\",\"url\":\"https:\/\/termotom.com\/de\/\",\"name\":\"Trgovina Termotom\",\"description\":\"Spletna trgovina\",\"publisher\":{\"@id\":\"https:\/\/termotom.com\/de\/#organization\"},\"potentialAction\":[{\"@type\":\"SearchAction\",\"target\":{\"@type\":\"EntryPoint\",\"urlTemplate\":\"https:\/\/termotom.com\/de\/?s={search_term_string}\"},\"query-input\":{\"@type\":\"PropertyValueSpecification\",\"valueRequired\":true,\"valueName\":\"search_term_string\"}}],\"inLanguage\":\"de\"},{\"@type\":\"Organization\",\"@id\":\"https:\/\/termotom.com\/de\/#organization\",\"name\":\"Trgovina Termotom\",\"url\":\"https:\/\/termotom.com\/de\/\",\"logo\":{\"@type\":\"ImageObject\",\"inLanguage\":\"de\",\"@id\":\"https:\/\/termotom.com\/de\/#\/schema\/logo\/image\/\",\"url\":\"https:\/\/termotom.com\/wp-content\/uploads\/logo.png\",\"contentUrl\":\"https:\/\/termotom.com\/wp-content\/uploads\/logo.png\",\"width\":400,\"height\":60,\"caption\":\"Trgovina Termotom\"},\"image\":{\"@id\":\"https:\/\/termotom.com\/de\/#\/schema\/logo\/image\/\"}}]}<\/script>\n<!-- \/ Yoast SEO plugin. -->","yoast_head_json":{"title":"ALU-KOMPOSITPLATTE, 3mm, silber geb\u00fcrstet \/ wei\u00df matt - Trgovina Termotom","robots":{"index":"index","follow":"follow","max-snippet":"max-snippet:-1","max-image-preview":"max-image-preview:large","max-video-preview":"max-video-preview:-1"},"canonical":"https:\/\/termotom.com\/de\/alu-kompositplatte-3mm-silber-gebuerstet-weiss-matt\/","og_locale":"de_DE","og_type":"article","og_title":"ALU-KOMPOSITPLATTE, 3mm, silber geb\u00fcrstet \/ wei\u00df matt - Trgovina Termotom","og_description":"Aluminium-Verbundplatte, 3 mm dick. Eine Seite ist silber geb\u00fcrstet, die andere matt wei\u00df (RAL 9003).","og_url":"https:\/\/termotom.com\/de\/alu-kompositplatte-3mm-silber-gebuerstet-weiss-matt\/","og_site_name":"Trgovina Termotom","article_modified_time":"2026-04-01T11:22:13+00:00","og_image":[{"width":1024,"height":1024,"url":"https:\/\/termotom.com\/wp-content\/uploads\/65941bbc-1e7e-42f0-b0b4-459e0f2cd5d9.png","type":"image\/png"}],"twitter_card":"summary_large_image","schema":{"@context":"https:\/\/schema.org","@graph":[{"@type":"WebPage","@id":"https:\/\/termotom.com\/de\/alu-kompositplatte-3mm-silber-gebuerstet-weiss-matt\/","url":"https:\/\/termotom.com\/de\/alu-kompositplatte-3mm-silber-gebuerstet-weiss-matt\/","name":"ALU-KOMPOSITPLATTE, 3mm, silber geb\u00fcrstet \/ wei\u00df matt - Trgovina Termotom","isPartOf":{"@id":"https:\/\/termotom.com\/de\/#website"},"primaryImageOfPage":{"@id":"https:\/\/termotom.com\/de\/alu-kompositplatte-3mm-silber-gebuerstet-weiss-matt\/#primaryimage"},"image":{"@id":"https:\/\/termotom.com\/de\/alu-kompositplatte-3mm-silber-gebuerstet-weiss-matt\/#primaryimage"},"thumbnailUrl":"https:\/\/termotom.com\/wp-content\/uploads\/65941bbc-1e7e-42f0-b0b4-459e0f2cd5d9.png","datePublished":"2023-11-15T19:54:55+00:00","dateModified":"2026-04-01T11:22:13+00:00","breadcrumb":{"@id":"https:\/\/termotom.com\/de\/alu-kompositplatte-3mm-silber-gebuerstet-weiss-matt\/#breadcrumb"},"inLanguage":"de","potentialAction":[{"@type":"ReadAction","target":["https:\/\/termotom.com\/de\/alu-kompositplatte-3mm-silber-gebuerstet-weiss-matt\/"]}]},{"@type":"ImageObject","inLanguage":"de","@id":"https:\/\/termotom.com\/de\/alu-kompositplatte-3mm-silber-gebuerstet-weiss-matt\/#primaryimage","url":"https:\/\/termotom.com\/wp-content\/uploads\/65941bbc-1e7e-42f0-b0b4-459e0f2cd5d9.png","contentUrl":"https:\/\/termotom.com\/wp-content\/uploads\/65941bbc-1e7e-42f0-b0b4-459e0f2cd5d9.png","width":1024,"height":1024},{"@type":"BreadcrumbList","@id":"https:\/\/termotom.com\/de\/alu-kompositplatte-3mm-silber-gebuerstet-weiss-matt\/#breadcrumb","itemListElement":[{"@type":"ListItem","position":1,"name":"Home","item":"https:\/\/termotom.com\/de\/"},{"@type":"ListItem","position":2,"name":"Shop","item":"https:\/\/termotom.com\/de\/shop\/"},{"@type":"ListItem","position":3,"name":"ALU-KOMPOSITPLATTE, 3mm, silber geb\u00fcrstet \/ wei\u00df matt"}]},{"@type":"WebSite","@id":"https:\/\/termotom.com\/de\/#website","url":"https:\/\/termotom.com\/de\/","name":"Trgovina Termotom","description":"Spletna trgovina","publisher":{"@id":"https:\/\/termotom.com\/de\/#organization"},"potentialAction":[{"@type":"SearchAction","target":{"@type":"EntryPoint","urlTemplate":"https:\/\/termotom.com\/de\/?s={search_term_string}"},"query-input":{"@type":"PropertyValueSpecification","valueRequired":true,"valueName":"search_term_string"}}],"inLanguage":"de"},{"@type":"Organization","@id":"https:\/\/termotom.com\/de\/#organization","name":"Trgovina Termotom","url":"https:\/\/termotom.com\/de\/","logo":{"@type":"ImageObject","inLanguage":"de","@id":"https:\/\/termotom.com\/de\/#\/schema\/logo\/image\/","url":"https:\/\/termotom.com\/wp-content\/uploads\/logo.png","contentUrl":"https:\/\/termotom.com\/wp-content\/uploads\/logo.png","width":400,"height":60,"caption":"Trgovina Termotom"},"image":{"@id":"https:\/\/termotom.com\/de\/#\/schema\/logo\/image\/"}}]}},"_links":{"self":[{"href":"https:\/\/termotom.com\/de\/wp-json\/wp\/v2\/product\/33055","targetHints":{"allow":["GET"]}}],"collection":[{"href":"https:\/\/termotom.com\/de\/wp-json\/wp\/v2\/product"}],"about":[{"href":"https:\/\/termotom.com\/de\/wp-json\/wp\/v2\/types\/product"}],"replies":[{"embeddable":true,"href":"https:\/\/termotom.com\/de\/wp-json\/wp\/v2\/comments?post=33055"}],"wp:featuredmedia":[{"embeddable":true,"href":"https:\/\/termotom.com\/de\/wp-json\/wp\/v2\/media\/33057"}],"wp:attachment":[{"href":"https:\/\/termotom.com\/de\/wp-json\/wp\/v2\/media?parent=33055"}],"wp:term":[{"taxonomy":"product_brand","embeddable":true,"href":"https:\/\/termotom.com\/de\/wp-json\/wp\/v2\/product_brand?post=33055"},{"taxonomy":"product_cat","embeddable":true,"href":"https:\/\/termotom.com\/de\/wp-json\/wp\/v2\/product_cat?post=33055"},{"taxonomy":"product_tag","embeddable":true,"href":"https:\/\/termotom.com\/de\/wp-json\/wp\/v2\/product_tag?post=33055"}],"curies":[{"name":"wp","href":"https:\/\/api.w.org\/{rel}","templated":true}]}}