{"id":33457,"date":"2023-11-15T19:53:51","date_gmt":"2023-11-15T19:53:51","guid":{"rendered":"https:\/\/termotom.com\/polikarbonatno-steklo-hard-coated-5-mm-prozorna\/"},"modified":"2026-04-01T11:25:32","modified_gmt":"2026-04-01T11:25:32","slug":"polycarbonatglas-hard-coated-5-mm-transparent","status":"publish","type":"product","link":"https:\/\/termotom.com\/de\/polycarbonatglas-hard-coated-5-mm-transparent\/","title":{"rendered":"Polycarbonatglas, HARD COATED, 5 mm, transparent"},"content":{"rendered":"<p>Polycarbonatglas, transparent, 5 mm dick, mit UV-Schutz und einer zus\u00e4tzlichen Anti-Kratz-Beschichtung. Der Hauptvorteil des Materials sind seine nicht reflektierenden Eigenschaften und sein geringes Gewicht. Das Material ist nur halb so schwer wie gew\u00f6hnliches Glas. Es ist leicht zu handhaben, kann gebogen, gebohrt, geschlitzt und w\u00e4rmebehandelt werden. Polycarbonatglas ist ein optisch sehr klares Material.<\/p>\n","protected":false},"excerpt":{"rendered":"<p>Polycarbonatglas in transparenter Farbe 5 mm mit UV-Schutz und einer zus\u00e4tzlichen Beschichtung f\u00fcr erh\u00f6hte Kratzfestigkeit.<\/p>\n","protected":false},"featured_media":26797,"comment_status":"closed","ping_status":"closed","template":"","meta":{"_acf_changed":false},"product_brand":[],"product_cat":[1670,1754,1988],"product_tag":[],"class_list":{"0":"post-33457","1":"product","2":"type-product","3":"status-publish","4":"has-post-thumbnail","6":"product_cat-polycarbonat-paneele","7":"product_cat-polycarbonat-glas","8":"product_cat-besondere-tafeln","9":"product_shipping_class-visoka-dostava","10":"pa_barva-prozorna","11":"pa_debelina-5mm","12":"pa_dimenzija-1000x1000-mm","13":"pa_dimenzija-1000x500-mm","14":"pa_dimenzija-2000x1000-mm","15":"pa_dimenzija-2000x1500-mm","16":"pa_dimenzija-2000x3000-mm","17":"pa_dimenzija-500x500-mm","18":"pa_struktura-enoslojna","19":"pa_uv-zascita-dvostranska","21":"first","22":"instock","23":"taxable","24":"shipping-taxable","25":"purchasable","26":"product-type-variable"},"acf":[],"yoast_head":"<!-- This site is optimized with the Yoast SEO plugin v27.0 - https:\/\/yoast.com\/product\/yoast-seo-wordpress\/ -->\n<title>Polycarbonatglas, HARD COATED, 5 mm, transparent - Trgovina Termotom<\/title>\n<meta name=\"robots\" content=\"index, follow, max-snippet:-1, max-image-preview:large, max-video-preview:-1\" \/>\n<link rel=\"canonical\" href=\"https:\/\/termotom.com\/de\/polycarbonatglas-hard-coated-5-mm-transparent\/\" \/>\n<meta property=\"og:locale\" content=\"de_DE\" \/>\n<meta property=\"og:type\" content=\"article\" \/>\n<meta property=\"og:title\" content=\"Polycarbonatglas, HARD COATED, 5 mm, transparent - Trgovina Termotom\" \/>\n<meta property=\"og:description\" content=\"Polycarbonatglas in transparenter Farbe 5 mm mit UV-Schutz und einer zus\u00e4tzlichen Beschichtung f\u00fcr erh\u00f6hte Kratzfestigkeit.\" \/>\n<meta property=\"og:url\" content=\"https:\/\/termotom.com\/de\/polycarbonatglas-hard-coated-5-mm-transparent\/\" \/>\n<meta property=\"og:site_name\" content=\"Trgovina Termotom\" \/>\n<meta property=\"article:modified_time\" content=\"2026-04-01T11:25:32+00:00\" \/>\n<meta property=\"og:image\" content=\"https:\/\/termotom.com\/wp-content\/uploads\/PC_PROZORNA_5mm_7mm-1-scaled.jpg\" \/>\n\t<meta property=\"og:image:width\" content=\"2560\" \/>\n\t<meta property=\"og:image:height\" content=\"2560\" \/>\n\t<meta property=\"og:image:type\" content=\"image\/jpeg\" \/>\n<meta name=\"twitter:card\" content=\"summary_large_image\" \/>\n<script type=\"application\/ld+json\" class=\"yoast-schema-graph\">{\"@context\":\"https:\/\/schema.org\",\"@graph\":[{\"@type\":\"WebPage\",\"@id\":\"https:\/\/termotom.com\/de\/polycarbonatglas-hard-coated-5-mm-transparent\/\",\"url\":\"https:\/\/termotom.com\/de\/polycarbonatglas-hard-coated-5-mm-transparent\/\",\"name\":\"Polycarbonatglas, HARD COATED, 5 mm, transparent - Trgovina Termotom\",\"isPartOf\":{\"@id\":\"https:\/\/termotom.com\/de\/#website\"},\"primaryImageOfPage\":{\"@id\":\"https:\/\/termotom.com\/de\/polycarbonatglas-hard-coated-5-mm-transparent\/#primaryimage\"},\"image\":{\"@id\":\"https:\/\/termotom.com\/de\/polycarbonatglas-hard-coated-5-mm-transparent\/#primaryimage\"},\"thumbnailUrl\":\"https:\/\/termotom.com\/wp-content\/uploads\/PC_PROZORNA_5mm_7mm-1-scaled.jpg\",\"datePublished\":\"2023-11-15T19:53:51+00:00\",\"dateModified\":\"2026-04-01T11:25:32+00:00\",\"breadcrumb\":{\"@id\":\"https:\/\/termotom.com\/de\/polycarbonatglas-hard-coated-5-mm-transparent\/#breadcrumb\"},\"inLanguage\":\"de\",\"potentialAction\":[{\"@type\":\"ReadAction\",\"target\":[\"https:\/\/termotom.com\/de\/polycarbonatglas-hard-coated-5-mm-transparent\/\"]}]},{\"@type\":\"ImageObject\",\"inLanguage\":\"de\",\"@id\":\"https:\/\/termotom.com\/de\/polycarbonatglas-hard-coated-5-mm-transparent\/#primaryimage\",\"url\":\"https:\/\/termotom.com\/wp-content\/uploads\/PC_PROZORNA_5mm_7mm-1-scaled.jpg\",\"contentUrl\":\"https:\/\/termotom.com\/wp-content\/uploads\/PC_PROZORNA_5mm_7mm-1-scaled.jpg\",\"width\":2560,\"height\":2560},{\"@type\":\"BreadcrumbList\",\"@id\":\"https:\/\/termotom.com\/de\/polycarbonatglas-hard-coated-5-mm-transparent\/#breadcrumb\",\"itemListElement\":[{\"@type\":\"ListItem\",\"position\":1,\"name\":\"Home\",\"item\":\"https:\/\/termotom.com\/de\/\"},{\"@type\":\"ListItem\",\"position\":2,\"name\":\"Shop\",\"item\":\"https:\/\/termotom.com\/de\/shop\/\"},{\"@type\":\"ListItem\",\"position\":3,\"name\":\"Polycarbonatglas, HARD COATED, 5 mm, transparent\"}]},{\"@type\":\"WebSite\",\"@id\":\"https:\/\/termotom.com\/de\/#website\",\"url\":\"https:\/\/termotom.com\/de\/\",\"name\":\"Trgovina Termotom\",\"description\":\"Spletna trgovina\",\"publisher\":{\"@id\":\"https:\/\/termotom.com\/de\/#organization\"},\"potentialAction\":[{\"@type\":\"SearchAction\",\"target\":{\"@type\":\"EntryPoint\",\"urlTemplate\":\"https:\/\/termotom.com\/de\/?s={search_term_string}\"},\"query-input\":{\"@type\":\"PropertyValueSpecification\",\"valueRequired\":true,\"valueName\":\"search_term_string\"}}],\"inLanguage\":\"de\"},{\"@type\":\"Organization\",\"@id\":\"https:\/\/termotom.com\/de\/#organization\",\"name\":\"Trgovina Termotom\",\"url\":\"https:\/\/termotom.com\/de\/\",\"logo\":{\"@type\":\"ImageObject\",\"inLanguage\":\"de\",\"@id\":\"https:\/\/termotom.com\/de\/#\/schema\/logo\/image\/\",\"url\":\"https:\/\/termotom.com\/wp-content\/uploads\/logo.png\",\"contentUrl\":\"https:\/\/termotom.com\/wp-content\/uploads\/logo.png\",\"width\":400,\"height\":60,\"caption\":\"Trgovina Termotom\"},\"image\":{\"@id\":\"https:\/\/termotom.com\/de\/#\/schema\/logo\/image\/\"}}]}<\/script>\n<!-- \/ Yoast SEO plugin. -->","yoast_head_json":{"title":"Polycarbonatglas, HARD COATED, 5 mm, transparent - Trgovina Termotom","robots":{"index":"index","follow":"follow","max-snippet":"max-snippet:-1","max-image-preview":"max-image-preview:large","max-video-preview":"max-video-preview:-1"},"canonical":"https:\/\/termotom.com\/de\/polycarbonatglas-hard-coated-5-mm-transparent\/","og_locale":"de_DE","og_type":"article","og_title":"Polycarbonatglas, HARD COATED, 5 mm, transparent - Trgovina Termotom","og_description":"Polycarbonatglas in transparenter Farbe 5 mm mit UV-Schutz und einer zus\u00e4tzlichen Beschichtung f\u00fcr erh\u00f6hte Kratzfestigkeit.","og_url":"https:\/\/termotom.com\/de\/polycarbonatglas-hard-coated-5-mm-transparent\/","og_site_name":"Trgovina Termotom","article_modified_time":"2026-04-01T11:25:32+00:00","og_image":[{"width":2560,"height":2560,"url":"https:\/\/termotom.com\/wp-content\/uploads\/PC_PROZORNA_5mm_7mm-1-scaled.jpg","type":"image\/jpeg"}],"twitter_card":"summary_large_image","schema":{"@context":"https:\/\/schema.org","@graph":[{"@type":"WebPage","@id":"https:\/\/termotom.com\/de\/polycarbonatglas-hard-coated-5-mm-transparent\/","url":"https:\/\/termotom.com\/de\/polycarbonatglas-hard-coated-5-mm-transparent\/","name":"Polycarbonatglas, HARD COATED, 5 mm, transparent - Trgovina Termotom","isPartOf":{"@id":"https:\/\/termotom.com\/de\/#website"},"primaryImageOfPage":{"@id":"https:\/\/termotom.com\/de\/polycarbonatglas-hard-coated-5-mm-transparent\/#primaryimage"},"image":{"@id":"https:\/\/termotom.com\/de\/polycarbonatglas-hard-coated-5-mm-transparent\/#primaryimage"},"thumbnailUrl":"https:\/\/termotom.com\/wp-content\/uploads\/PC_PROZORNA_5mm_7mm-1-scaled.jpg","datePublished":"2023-11-15T19:53:51+00:00","dateModified":"2026-04-01T11:25:32+00:00","breadcrumb":{"@id":"https:\/\/termotom.com\/de\/polycarbonatglas-hard-coated-5-mm-transparent\/#breadcrumb"},"inLanguage":"de","potentialAction":[{"@type":"ReadAction","target":["https:\/\/termotom.com\/de\/polycarbonatglas-hard-coated-5-mm-transparent\/"]}]},{"@type":"ImageObject","inLanguage":"de","@id":"https:\/\/termotom.com\/de\/polycarbonatglas-hard-coated-5-mm-transparent\/#primaryimage","url":"https:\/\/termotom.com\/wp-content\/uploads\/PC_PROZORNA_5mm_7mm-1-scaled.jpg","contentUrl":"https:\/\/termotom.com\/wp-content\/uploads\/PC_PROZORNA_5mm_7mm-1-scaled.jpg","width":2560,"height":2560},{"@type":"BreadcrumbList","@id":"https:\/\/termotom.com\/de\/polycarbonatglas-hard-coated-5-mm-transparent\/#breadcrumb","itemListElement":[{"@type":"ListItem","position":1,"name":"Home","item":"https:\/\/termotom.com\/de\/"},{"@type":"ListItem","position":2,"name":"Shop","item":"https:\/\/termotom.com\/de\/shop\/"},{"@type":"ListItem","position":3,"name":"Polycarbonatglas, HARD COATED, 5 mm, transparent"}]},{"@type":"WebSite","@id":"https:\/\/termotom.com\/de\/#website","url":"https:\/\/termotom.com\/de\/","name":"Trgovina Termotom","description":"Spletna trgovina","publisher":{"@id":"https:\/\/termotom.com\/de\/#organization"},"potentialAction":[{"@type":"SearchAction","target":{"@type":"EntryPoint","urlTemplate":"https:\/\/termotom.com\/de\/?s={search_term_string}"},"query-input":{"@type":"PropertyValueSpecification","valueRequired":true,"valueName":"search_term_string"}}],"inLanguage":"de"},{"@type":"Organization","@id":"https:\/\/termotom.com\/de\/#organization","name":"Trgovina Termotom","url":"https:\/\/termotom.com\/de\/","logo":{"@type":"ImageObject","inLanguage":"de","@id":"https:\/\/termotom.com\/de\/#\/schema\/logo\/image\/","url":"https:\/\/termotom.com\/wp-content\/uploads\/logo.png","contentUrl":"https:\/\/termotom.com\/wp-content\/uploads\/logo.png","width":400,"height":60,"caption":"Trgovina Termotom"},"image":{"@id":"https:\/\/termotom.com\/de\/#\/schema\/logo\/image\/"}}]}},"_links":{"self":[{"href":"https:\/\/termotom.com\/de\/wp-json\/wp\/v2\/product\/33457","targetHints":{"allow":["GET"]}}],"collection":[{"href":"https:\/\/termotom.com\/de\/wp-json\/wp\/v2\/product"}],"about":[{"href":"https:\/\/termotom.com\/de\/wp-json\/wp\/v2\/types\/product"}],"replies":[{"embeddable":true,"href":"https:\/\/termotom.com\/de\/wp-json\/wp\/v2\/comments?post=33457"}],"wp:featuredmedia":[{"embeddable":true,"href":"https:\/\/termotom.com\/de\/wp-json\/wp\/v2\/media\/26797"}],"wp:attachment":[{"href":"https:\/\/termotom.com\/de\/wp-json\/wp\/v2\/media?parent=33457"}],"wp:term":[{"taxonomy":"product_brand","embeddable":true,"href":"https:\/\/termotom.com\/de\/wp-json\/wp\/v2\/product_brand?post=33457"},{"taxonomy":"product_cat","embeddable":true,"href":"https:\/\/termotom.com\/de\/wp-json\/wp\/v2\/product_cat?post=33457"},{"taxonomy":"product_tag","embeddable":true,"href":"https:\/\/termotom.com\/de\/wp-json\/wp\/v2\/product_tag?post=33457"}],"curies":[{"name":"wp","href":"https:\/\/api.w.org\/{rel}","templated":true}]}}