{"id":34209,"date":"2023-11-15T19:51:38","date_gmt":"2023-11-15T19:51:38","guid":{"rendered":"https:\/\/termotom.com\/pleksi-plosca-esd-3-mm-prozorna\/"},"modified":"2026-04-01T11:31:55","modified_gmt":"2026-04-01T11:31:55","slug":"plexiglas-esd-platte-3-mm-transparent","status":"publish","type":"product","link":"https:\/\/termotom.com\/de\/plexiglas-esd-platte-3-mm-transparent\/","title":{"rendered":"Plexiglas ESD-Platte, 3 mm, transparent"},"content":{"rendered":"<p>Acryl-\/Plexiglas wird h\u00e4ufig als Ersatz f\u00fcr normales Glas verwendet. Es ist um die H\u00e4lfte leichter und stabiler als dieses. Die Platten zeichnen sich durch eine hervorragende Lichtdurchl\u00e4ssigkeit, UV-Best\u00e4ndigkeit und einfache Verarbeitung aus. Acrylplatten unterscheiden sich je nach Herstellungsverfahren. Die Bezeichnung XT steht f\u00fcr extrudierte Acrylplatten. Im Vergleich zu gegossenen Platten weisen diese geringere Dickentoleranzen auf, gleichzeitig aber auch h\u00f6here Spannungen in der Platte, was bei anspruchsvollerer Bearbeitung zu kleinen Rissen f\u00fchren kann. Die Bezeichnung CN steht f\u00fcr gegossene Plexiglasplatten. Gegossenes Acrylglas gilt als chemikalien- und l\u00f6sungsmittelbest\u00e4ndiger, weniger kratzempfindlich, einfacher zu bearbeiten und widerstandsf\u00e4higer als extrudiertes Acrylglas.   <b>ESD- bzw. extrudierte antistatische Acrylplatten werden zur Verhinderung der Entstehung statischer Elektrizit\u00e4t verwendet. Sie werden bei der Herstellung von elektrischen, elektronischen, optischen, medizinischen und hochtechnologischen Produkten sowie \u00fcberall dort eingesetzt, wo unkontrollierte elektrostatische Entladungen Spannungen verursachen und elektronische Bauteile besch\u00e4digen oder zerst\u00f6ren k\u00f6nnen.<\/b><\/p>\n","protected":false},"excerpt":{"rendered":"<p>ESD-Plexiglasscheibe 3 mm dick, transparent.<\/p>\n","protected":false},"featured_media":24432,"comment_status":"open","ping_status":"open","template":"","meta":{"_acf_changed":false},"product_brand":[],"product_cat":[1777,3145,1876],"product_tag":[],"class_list":{"0":"post-34209","1":"product","2":"type-product","3":"status-publish","4":"has-post-thumbnail","6":"product_cat-plexiglas-platten","7":"product_cat-antistatisch-esd","8":"product_cat-transparent-2","9":"pa_barva-prozorna","10":"pa_debelina-3mm","11":"pa_dimenzija-1000x2000-mm","12":"pa_dimenzija-500x1000-mm","13":"pa_dimenzija-500x2000-mm","14":"pa_dimenzija-500x500-mm","15":"pa_struktura-enoslojna","16":"pa_uv-zascita-v-materialu","18":"first","19":"instock","20":"taxable","21":"shipping-taxable","22":"purchasable","23":"product-type-variable"},"acf":[],"yoast_head":"<!-- This site is optimized with the Yoast SEO plugin v27.0 - https:\/\/yoast.com\/product\/yoast-seo-wordpress\/ -->\n<title>Plexiglas ESD-Platte, 3 mm, transparent - Trgovina Termotom<\/title>\n<meta name=\"robots\" content=\"index, follow, max-snippet:-1, max-image-preview:large, max-video-preview:-1\" \/>\n<link rel=\"canonical\" href=\"https:\/\/termotom.com\/de\/plexiglas-esd-platte-3-mm-transparent\/\" \/>\n<meta property=\"og:locale\" content=\"de_DE\" \/>\n<meta property=\"og:type\" content=\"article\" \/>\n<meta property=\"og:title\" content=\"Plexiglas ESD-Platte, 3 mm, transparent - Trgovina Termotom\" \/>\n<meta property=\"og:description\" content=\"ESD-Plexiglasscheibe 3 mm dick, transparent.\" \/>\n<meta property=\"og:url\" content=\"https:\/\/termotom.com\/de\/plexiglas-esd-platte-3-mm-transparent\/\" \/>\n<meta property=\"og:site_name\" content=\"Trgovina Termotom\" \/>\n<meta property=\"article:modified_time\" content=\"2026-04-01T11:31:55+00:00\" \/>\n<meta property=\"og:image\" content=\"https:\/\/termotom.com\/wp-content\/uploads\/1mm-4mm-scaled.jpg\" \/>\n\t<meta property=\"og:image:width\" content=\"2560\" \/>\n\t<meta property=\"og:image:height\" content=\"2560\" \/>\n\t<meta property=\"og:image:type\" content=\"image\/jpeg\" \/>\n<meta name=\"twitter:card\" content=\"summary_large_image\" \/>\n<meta name=\"twitter:label1\" content=\"Gesch\u00e4tzte Lesezeit\" \/>\n\t<meta name=\"twitter:data1\" content=\"1\u00a0Minute\" \/>\n<script type=\"application\/ld+json\" class=\"yoast-schema-graph\">{\"@context\":\"https:\/\/schema.org\",\"@graph\":[{\"@type\":\"WebPage\",\"@id\":\"https:\/\/termotom.com\/de\/plexiglas-esd-platte-3-mm-transparent\/\",\"url\":\"https:\/\/termotom.com\/de\/plexiglas-esd-platte-3-mm-transparent\/\",\"name\":\"Plexiglas ESD-Platte, 3 mm, transparent - Trgovina Termotom\",\"isPartOf\":{\"@id\":\"https:\/\/termotom.com\/de\/#website\"},\"primaryImageOfPage\":{\"@id\":\"https:\/\/termotom.com\/de\/plexiglas-esd-platte-3-mm-transparent\/#primaryimage\"},\"image\":{\"@id\":\"https:\/\/termotom.com\/de\/plexiglas-esd-platte-3-mm-transparent\/#primaryimage\"},\"thumbnailUrl\":\"https:\/\/termotom.com\/wp-content\/uploads\/1mm-4mm-scaled.jpg\",\"datePublished\":\"2023-11-15T19:51:38+00:00\",\"dateModified\":\"2026-04-01T11:31:55+00:00\",\"breadcrumb\":{\"@id\":\"https:\/\/termotom.com\/de\/plexiglas-esd-platte-3-mm-transparent\/#breadcrumb\"},\"inLanguage\":\"de\",\"potentialAction\":[{\"@type\":\"ReadAction\",\"target\":[\"https:\/\/termotom.com\/de\/plexiglas-esd-platte-3-mm-transparent\/\"]}]},{\"@type\":\"ImageObject\",\"inLanguage\":\"de\",\"@id\":\"https:\/\/termotom.com\/de\/plexiglas-esd-platte-3-mm-transparent\/#primaryimage\",\"url\":\"https:\/\/termotom.com\/wp-content\/uploads\/1mm-4mm-scaled.jpg\",\"contentUrl\":\"https:\/\/termotom.com\/wp-content\/uploads\/1mm-4mm-scaled.jpg\",\"width\":2560,\"height\":2560},{\"@type\":\"BreadcrumbList\",\"@id\":\"https:\/\/termotom.com\/de\/plexiglas-esd-platte-3-mm-transparent\/#breadcrumb\",\"itemListElement\":[{\"@type\":\"ListItem\",\"position\":1,\"name\":\"Home\",\"item\":\"https:\/\/termotom.com\/de\/\"},{\"@type\":\"ListItem\",\"position\":2,\"name\":\"Shop\",\"item\":\"https:\/\/termotom.com\/de\/shop\/\"},{\"@type\":\"ListItem\",\"position\":3,\"name\":\"Plexiglas ESD-Platte, 3 mm, transparent\"}]},{\"@type\":\"WebSite\",\"@id\":\"https:\/\/termotom.com\/de\/#website\",\"url\":\"https:\/\/termotom.com\/de\/\",\"name\":\"Trgovina Termotom\",\"description\":\"Spletna trgovina\",\"publisher\":{\"@id\":\"https:\/\/termotom.com\/de\/#organization\"},\"potentialAction\":[{\"@type\":\"SearchAction\",\"target\":{\"@type\":\"EntryPoint\",\"urlTemplate\":\"https:\/\/termotom.com\/de\/?s={search_term_string}\"},\"query-input\":{\"@type\":\"PropertyValueSpecification\",\"valueRequired\":true,\"valueName\":\"search_term_string\"}}],\"inLanguage\":\"de\"},{\"@type\":\"Organization\",\"@id\":\"https:\/\/termotom.com\/de\/#organization\",\"name\":\"Trgovina Termotom\",\"url\":\"https:\/\/termotom.com\/de\/\",\"logo\":{\"@type\":\"ImageObject\",\"inLanguage\":\"de\",\"@id\":\"https:\/\/termotom.com\/de\/#\/schema\/logo\/image\/\",\"url\":\"https:\/\/termotom.com\/wp-content\/uploads\/logo.png\",\"contentUrl\":\"https:\/\/termotom.com\/wp-content\/uploads\/logo.png\",\"width\":400,\"height\":60,\"caption\":\"Trgovina Termotom\"},\"image\":{\"@id\":\"https:\/\/termotom.com\/de\/#\/schema\/logo\/image\/\"}}]}<\/script>\n<!-- \/ Yoast SEO plugin. -->","yoast_head_json":{"title":"Plexiglas ESD-Platte, 3 mm, transparent - Trgovina Termotom","robots":{"index":"index","follow":"follow","max-snippet":"max-snippet:-1","max-image-preview":"max-image-preview:large","max-video-preview":"max-video-preview:-1"},"canonical":"https:\/\/termotom.com\/de\/plexiglas-esd-platte-3-mm-transparent\/","og_locale":"de_DE","og_type":"article","og_title":"Plexiglas ESD-Platte, 3 mm, transparent - Trgovina Termotom","og_description":"ESD-Plexiglasscheibe 3 mm dick, transparent.","og_url":"https:\/\/termotom.com\/de\/plexiglas-esd-platte-3-mm-transparent\/","og_site_name":"Trgovina Termotom","article_modified_time":"2026-04-01T11:31:55+00:00","og_image":[{"width":2560,"height":2560,"url":"https:\/\/termotom.com\/wp-content\/uploads\/1mm-4mm-scaled.jpg","type":"image\/jpeg"}],"twitter_card":"summary_large_image","twitter_misc":{"Gesch\u00e4tzte Lesezeit":"1\u00a0Minute"},"schema":{"@context":"https:\/\/schema.org","@graph":[{"@type":"WebPage","@id":"https:\/\/termotom.com\/de\/plexiglas-esd-platte-3-mm-transparent\/","url":"https:\/\/termotom.com\/de\/plexiglas-esd-platte-3-mm-transparent\/","name":"Plexiglas ESD-Platte, 3 mm, transparent - Trgovina Termotom","isPartOf":{"@id":"https:\/\/termotom.com\/de\/#website"},"primaryImageOfPage":{"@id":"https:\/\/termotom.com\/de\/plexiglas-esd-platte-3-mm-transparent\/#primaryimage"},"image":{"@id":"https:\/\/termotom.com\/de\/plexiglas-esd-platte-3-mm-transparent\/#primaryimage"},"thumbnailUrl":"https:\/\/termotom.com\/wp-content\/uploads\/1mm-4mm-scaled.jpg","datePublished":"2023-11-15T19:51:38+00:00","dateModified":"2026-04-01T11:31:55+00:00","breadcrumb":{"@id":"https:\/\/termotom.com\/de\/plexiglas-esd-platte-3-mm-transparent\/#breadcrumb"},"inLanguage":"de","potentialAction":[{"@type":"ReadAction","target":["https:\/\/termotom.com\/de\/plexiglas-esd-platte-3-mm-transparent\/"]}]},{"@type":"ImageObject","inLanguage":"de","@id":"https:\/\/termotom.com\/de\/plexiglas-esd-platte-3-mm-transparent\/#primaryimage","url":"https:\/\/termotom.com\/wp-content\/uploads\/1mm-4mm-scaled.jpg","contentUrl":"https:\/\/termotom.com\/wp-content\/uploads\/1mm-4mm-scaled.jpg","width":2560,"height":2560},{"@type":"BreadcrumbList","@id":"https:\/\/termotom.com\/de\/plexiglas-esd-platte-3-mm-transparent\/#breadcrumb","itemListElement":[{"@type":"ListItem","position":1,"name":"Home","item":"https:\/\/termotom.com\/de\/"},{"@type":"ListItem","position":2,"name":"Shop","item":"https:\/\/termotom.com\/de\/shop\/"},{"@type":"ListItem","position":3,"name":"Plexiglas ESD-Platte, 3 mm, transparent"}]},{"@type":"WebSite","@id":"https:\/\/termotom.com\/de\/#website","url":"https:\/\/termotom.com\/de\/","name":"Trgovina Termotom","description":"Spletna trgovina","publisher":{"@id":"https:\/\/termotom.com\/de\/#organization"},"potentialAction":[{"@type":"SearchAction","target":{"@type":"EntryPoint","urlTemplate":"https:\/\/termotom.com\/de\/?s={search_term_string}"},"query-input":{"@type":"PropertyValueSpecification","valueRequired":true,"valueName":"search_term_string"}}],"inLanguage":"de"},{"@type":"Organization","@id":"https:\/\/termotom.com\/de\/#organization","name":"Trgovina Termotom","url":"https:\/\/termotom.com\/de\/","logo":{"@type":"ImageObject","inLanguage":"de","@id":"https:\/\/termotom.com\/de\/#\/schema\/logo\/image\/","url":"https:\/\/termotom.com\/wp-content\/uploads\/logo.png","contentUrl":"https:\/\/termotom.com\/wp-content\/uploads\/logo.png","width":400,"height":60,"caption":"Trgovina Termotom"},"image":{"@id":"https:\/\/termotom.com\/de\/#\/schema\/logo\/image\/"}}]}},"_links":{"self":[{"href":"https:\/\/termotom.com\/de\/wp-json\/wp\/v2\/product\/34209","targetHints":{"allow":["GET"]}}],"collection":[{"href":"https:\/\/termotom.com\/de\/wp-json\/wp\/v2\/product"}],"about":[{"href":"https:\/\/termotom.com\/de\/wp-json\/wp\/v2\/types\/product"}],"replies":[{"embeddable":true,"href":"https:\/\/termotom.com\/de\/wp-json\/wp\/v2\/comments?post=34209"}],"wp:featuredmedia":[{"embeddable":true,"href":"https:\/\/termotom.com\/de\/wp-json\/wp\/v2\/media\/24432"}],"wp:attachment":[{"href":"https:\/\/termotom.com\/de\/wp-json\/wp\/v2\/media?parent=34209"}],"wp:term":[{"taxonomy":"product_brand","embeddable":true,"href":"https:\/\/termotom.com\/de\/wp-json\/wp\/v2\/product_brand?post=34209"},{"taxonomy":"product_cat","embeddable":true,"href":"https:\/\/termotom.com\/de\/wp-json\/wp\/v2\/product_cat?post=34209"},{"taxonomy":"product_tag","embeddable":true,"href":"https:\/\/termotom.com\/de\/wp-json\/wp\/v2\/product_tag?post=34209"}],"curies":[{"name":"wp","href":"https:\/\/api.w.org\/{rel}","templated":true}]}}