{"id":35745,"date":"2023-11-15T18:51:22","date_gmt":"2023-11-15T18:51:22","guid":{"rendered":"https:\/\/termotom.com\/aluminijast-odkapni-profil-za-debelino-plosce-10-mm\/"},"modified":"2026-04-01T11:44:45","modified_gmt":"2026-04-01T11:44:45","slug":"aluminium-traufprofil-fuer-plattendicke-10-mm","status":"publish","type":"product","link":"https:\/\/termotom.com\/de\/aluminium-traufprofil-fuer-plattendicke-10-mm\/","title":{"rendered":"Aluminium-Traufprofil f\u00fcr Plattendicke 10 mm"},"content":{"rendered":"<p>Das Traufprofil aus Aluminium ist f\u00fcr den Abschluss von Polycarbonatplatten vorgesehen. Die Hauptfunktion des Traufprofils besteht darin, das Regenwasser von der \u00dcberdachung in die Dachrinne ablaufen zu lassen. Das Traufprofil verhindert, dass Regenwasser abl\u00e4uft und an der Unterseite der Paneele wieder herunterl\u00e4uft. Eine spezielle Entw\u00e4sserungsrinne sorgt daf\u00fcr, dass die Feuchtigkeit aus den Zellen abgeleitet wird. Bei Lexan-Paneel\u00fcberdachungen m\u00fcssen die offenen Zellen der Paneele mit einem Staubschutzstreifen verschlossen werden, bevor das Traufprofil angebracht wird.<\/p>\n","protected":false},"excerpt":{"rendered":"<p>Traufprofil aus Aluminium f\u00fcr den Abschluss von Polycarbonatplatten mit Ableitung des Regenwassers vom Vordach in die Rinne.<\/p>\n","protected":false},"featured_media":35746,"comment_status":"open","ping_status":"open","template":"","meta":{"_acf_changed":false},"product_brand":[],"product_cat":[1799,1800],"product_tag":[],"class_list":{"0":"post-35745","1":"product","2":"type-product","3":"status-publish","4":"has-post-thumbnail","6":"product_cat-befestigungsmaterialien-fuer-bedachungen","7":"product_cat-aluminium-profile","8":"pa_barva-srebrna","9":"pa_dolzina-2100-mm","10":"pa_dolzina-4250-mm","11":"pa_dolzina-6350-mm","13":"first","14":"instock","15":"taxable","16":"shipping-taxable","17":"purchasable","18":"product-type-variable"},"acf":[],"yoast_head":"<!-- This site is optimized with the Yoast SEO plugin v27.0 - https:\/\/yoast.com\/product\/yoast-seo-wordpress\/ -->\n<title>Aluminium-Traufprofil f\u00fcr Plattendicke 10 mm - Trgovina Termotom<\/title>\n<meta name=\"robots\" content=\"index, follow, max-snippet:-1, max-image-preview:large, max-video-preview:-1\" \/>\n<link rel=\"canonical\" href=\"https:\/\/termotom.com\/de\/aluminium-traufprofil-fuer-plattendicke-10-mm\/\" \/>\n<meta property=\"og:locale\" content=\"de_DE\" \/>\n<meta property=\"og:type\" content=\"article\" \/>\n<meta property=\"og:title\" content=\"Aluminium-Traufprofil f\u00fcr Plattendicke 10 mm - Trgovina Termotom\" \/>\n<meta property=\"og:description\" content=\"Traufprofil aus Aluminium f\u00fcr den Abschluss von Polycarbonatplatten mit Ableitung des Regenwassers vom Vordach in die Rinne.\" \/>\n<meta property=\"og:url\" content=\"https:\/\/termotom.com\/de\/aluminium-traufprofil-fuer-plattendicke-10-mm\/\" \/>\n<meta property=\"og:site_name\" content=\"Trgovina Termotom\" \/>\n<meta property=\"article:modified_time\" content=\"2026-04-01T11:44:45+00:00\" \/>\n<meta property=\"og:image\" content=\"https:\/\/termotom.com\/wp-content\/uploads\/ODKAPNIK_10MM.jpg\" \/>\n\t<meta property=\"og:image:width\" content=\"1992\" \/>\n\t<meta property=\"og:image:height\" content=\"1081\" \/>\n\t<meta property=\"og:image:type\" content=\"image\/jpeg\" \/>\n<meta name=\"twitter:card\" content=\"summary_large_image\" \/>\n<script type=\"application\/ld+json\" class=\"yoast-schema-graph\">{\"@context\":\"https:\/\/schema.org\",\"@graph\":[{\"@type\":\"WebPage\",\"@id\":\"https:\/\/termotom.com\/de\/aluminium-traufprofil-fuer-plattendicke-10-mm\/\",\"url\":\"https:\/\/termotom.com\/de\/aluminium-traufprofil-fuer-plattendicke-10-mm\/\",\"name\":\"Aluminium-Traufprofil f\u00fcr Plattendicke 10 mm - Trgovina Termotom\",\"isPartOf\":{\"@id\":\"https:\/\/termotom.com\/de\/#website\"},\"primaryImageOfPage\":{\"@id\":\"https:\/\/termotom.com\/de\/aluminium-traufprofil-fuer-plattendicke-10-mm\/#primaryimage\"},\"image\":{\"@id\":\"https:\/\/termotom.com\/de\/aluminium-traufprofil-fuer-plattendicke-10-mm\/#primaryimage\"},\"thumbnailUrl\":\"https:\/\/termotom.com\/wp-content\/uploads\/ODKAPNIK_10MM.jpg\",\"datePublished\":\"2023-11-15T18:51:22+00:00\",\"dateModified\":\"2026-04-01T11:44:45+00:00\",\"breadcrumb\":{\"@id\":\"https:\/\/termotom.com\/de\/aluminium-traufprofil-fuer-plattendicke-10-mm\/#breadcrumb\"},\"inLanguage\":\"de\",\"potentialAction\":[{\"@type\":\"ReadAction\",\"target\":[\"https:\/\/termotom.com\/de\/aluminium-traufprofil-fuer-plattendicke-10-mm\/\"]}]},{\"@type\":\"ImageObject\",\"inLanguage\":\"de\",\"@id\":\"https:\/\/termotom.com\/de\/aluminium-traufprofil-fuer-plattendicke-10-mm\/#primaryimage\",\"url\":\"https:\/\/termotom.com\/wp-content\/uploads\/ODKAPNIK_10MM.jpg\",\"contentUrl\":\"https:\/\/termotom.com\/wp-content\/uploads\/ODKAPNIK_10MM.jpg\",\"width\":1992,\"height\":1081},{\"@type\":\"BreadcrumbList\",\"@id\":\"https:\/\/termotom.com\/de\/aluminium-traufprofil-fuer-plattendicke-10-mm\/#breadcrumb\",\"itemListElement\":[{\"@type\":\"ListItem\",\"position\":1,\"name\":\"Home\",\"item\":\"https:\/\/termotom.com\/de\/\"},{\"@type\":\"ListItem\",\"position\":2,\"name\":\"Shop\",\"item\":\"https:\/\/termotom.com\/de\/shop\/\"},{\"@type\":\"ListItem\",\"position\":3,\"name\":\"Aluminium-Traufprofil f\u00fcr Plattendicke 10 mm\"}]},{\"@type\":\"WebSite\",\"@id\":\"https:\/\/termotom.com\/de\/#website\",\"url\":\"https:\/\/termotom.com\/de\/\",\"name\":\"Trgovina Termotom\",\"description\":\"Spletna trgovina\",\"publisher\":{\"@id\":\"https:\/\/termotom.com\/de\/#organization\"},\"potentialAction\":[{\"@type\":\"SearchAction\",\"target\":{\"@type\":\"EntryPoint\",\"urlTemplate\":\"https:\/\/termotom.com\/de\/?s={search_term_string}\"},\"query-input\":{\"@type\":\"PropertyValueSpecification\",\"valueRequired\":true,\"valueName\":\"search_term_string\"}}],\"inLanguage\":\"de\"},{\"@type\":\"Organization\",\"@id\":\"https:\/\/termotom.com\/de\/#organization\",\"name\":\"Trgovina Termotom\",\"url\":\"https:\/\/termotom.com\/de\/\",\"logo\":{\"@type\":\"ImageObject\",\"inLanguage\":\"de\",\"@id\":\"https:\/\/termotom.com\/de\/#\/schema\/logo\/image\/\",\"url\":\"https:\/\/termotom.com\/wp-content\/uploads\/logo.png\",\"contentUrl\":\"https:\/\/termotom.com\/wp-content\/uploads\/logo.png\",\"width\":400,\"height\":60,\"caption\":\"Trgovina Termotom\"},\"image\":{\"@id\":\"https:\/\/termotom.com\/de\/#\/schema\/logo\/image\/\"}}]}<\/script>\n<!-- \/ Yoast SEO plugin. -->","yoast_head_json":{"title":"Aluminium-Traufprofil f\u00fcr Plattendicke 10 mm - Trgovina Termotom","robots":{"index":"index","follow":"follow","max-snippet":"max-snippet:-1","max-image-preview":"max-image-preview:large","max-video-preview":"max-video-preview:-1"},"canonical":"https:\/\/termotom.com\/de\/aluminium-traufprofil-fuer-plattendicke-10-mm\/","og_locale":"de_DE","og_type":"article","og_title":"Aluminium-Traufprofil f\u00fcr Plattendicke 10 mm - Trgovina Termotom","og_description":"Traufprofil aus Aluminium f\u00fcr den Abschluss von Polycarbonatplatten mit Ableitung des Regenwassers vom Vordach in die Rinne.","og_url":"https:\/\/termotom.com\/de\/aluminium-traufprofil-fuer-plattendicke-10-mm\/","og_site_name":"Trgovina Termotom","article_modified_time":"2026-04-01T11:44:45+00:00","og_image":[{"width":1992,"height":1081,"url":"https:\/\/termotom.com\/wp-content\/uploads\/ODKAPNIK_10MM.jpg","type":"image\/jpeg"}],"twitter_card":"summary_large_image","schema":{"@context":"https:\/\/schema.org","@graph":[{"@type":"WebPage","@id":"https:\/\/termotom.com\/de\/aluminium-traufprofil-fuer-plattendicke-10-mm\/","url":"https:\/\/termotom.com\/de\/aluminium-traufprofil-fuer-plattendicke-10-mm\/","name":"Aluminium-Traufprofil f\u00fcr Plattendicke 10 mm - Trgovina Termotom","isPartOf":{"@id":"https:\/\/termotom.com\/de\/#website"},"primaryImageOfPage":{"@id":"https:\/\/termotom.com\/de\/aluminium-traufprofil-fuer-plattendicke-10-mm\/#primaryimage"},"image":{"@id":"https:\/\/termotom.com\/de\/aluminium-traufprofil-fuer-plattendicke-10-mm\/#primaryimage"},"thumbnailUrl":"https:\/\/termotom.com\/wp-content\/uploads\/ODKAPNIK_10MM.jpg","datePublished":"2023-11-15T18:51:22+00:00","dateModified":"2026-04-01T11:44:45+00:00","breadcrumb":{"@id":"https:\/\/termotom.com\/de\/aluminium-traufprofil-fuer-plattendicke-10-mm\/#breadcrumb"},"inLanguage":"de","potentialAction":[{"@type":"ReadAction","target":["https:\/\/termotom.com\/de\/aluminium-traufprofil-fuer-plattendicke-10-mm\/"]}]},{"@type":"ImageObject","inLanguage":"de","@id":"https:\/\/termotom.com\/de\/aluminium-traufprofil-fuer-plattendicke-10-mm\/#primaryimage","url":"https:\/\/termotom.com\/wp-content\/uploads\/ODKAPNIK_10MM.jpg","contentUrl":"https:\/\/termotom.com\/wp-content\/uploads\/ODKAPNIK_10MM.jpg","width":1992,"height":1081},{"@type":"BreadcrumbList","@id":"https:\/\/termotom.com\/de\/aluminium-traufprofil-fuer-plattendicke-10-mm\/#breadcrumb","itemListElement":[{"@type":"ListItem","position":1,"name":"Home","item":"https:\/\/termotom.com\/de\/"},{"@type":"ListItem","position":2,"name":"Shop","item":"https:\/\/termotom.com\/de\/shop\/"},{"@type":"ListItem","position":3,"name":"Aluminium-Traufprofil f\u00fcr Plattendicke 10 mm"}]},{"@type":"WebSite","@id":"https:\/\/termotom.com\/de\/#website","url":"https:\/\/termotom.com\/de\/","name":"Trgovina Termotom","description":"Spletna trgovina","publisher":{"@id":"https:\/\/termotom.com\/de\/#organization"},"potentialAction":[{"@type":"SearchAction","target":{"@type":"EntryPoint","urlTemplate":"https:\/\/termotom.com\/de\/?s={search_term_string}"},"query-input":{"@type":"PropertyValueSpecification","valueRequired":true,"valueName":"search_term_string"}}],"inLanguage":"de"},{"@type":"Organization","@id":"https:\/\/termotom.com\/de\/#organization","name":"Trgovina Termotom","url":"https:\/\/termotom.com\/de\/","logo":{"@type":"ImageObject","inLanguage":"de","@id":"https:\/\/termotom.com\/de\/#\/schema\/logo\/image\/","url":"https:\/\/termotom.com\/wp-content\/uploads\/logo.png","contentUrl":"https:\/\/termotom.com\/wp-content\/uploads\/logo.png","width":400,"height":60,"caption":"Trgovina Termotom"},"image":{"@id":"https:\/\/termotom.com\/de\/#\/schema\/logo\/image\/"}}]}},"_links":{"self":[{"href":"https:\/\/termotom.com\/de\/wp-json\/wp\/v2\/product\/35745","targetHints":{"allow":["GET"]}}],"collection":[{"href":"https:\/\/termotom.com\/de\/wp-json\/wp\/v2\/product"}],"about":[{"href":"https:\/\/termotom.com\/de\/wp-json\/wp\/v2\/types\/product"}],"replies":[{"embeddable":true,"href":"https:\/\/termotom.com\/de\/wp-json\/wp\/v2\/comments?post=35745"}],"wp:featuredmedia":[{"embeddable":true,"href":"https:\/\/termotom.com\/de\/wp-json\/wp\/v2\/media\/35746"}],"wp:attachment":[{"href":"https:\/\/termotom.com\/de\/wp-json\/wp\/v2\/media?parent=35745"}],"wp:term":[{"taxonomy":"product_brand","embeddable":true,"href":"https:\/\/termotom.com\/de\/wp-json\/wp\/v2\/product_brand?post=35745"},{"taxonomy":"product_cat","embeddable":true,"href":"https:\/\/termotom.com\/de\/wp-json\/wp\/v2\/product_cat?post=35745"},{"taxonomy":"product_tag","embeddable":true,"href":"https:\/\/termotom.com\/de\/wp-json\/wp\/v2\/product_tag?post=35745"}],"curies":[{"name":"wp","href":"https:\/\/api.w.org\/{rel}","templated":true}]}}