{"id":36330,"date":"2023-11-10T15:17:13","date_gmt":"2023-11-10T15:17:13","guid":{"rendered":"https:\/\/termotom.com\/podlozno-gumi-tesnilo-sirine-80-mm\/"},"modified":"2026-04-01T11:49:17","modified_gmt":"2026-04-01T11:49:17","slug":"80-mm-breite-gummidichtung","status":"publish","type":"product","link":"https:\/\/termotom.com\/de\/80-mm-breite-gummidichtung\/","title":{"rendered":"80 mm breite Gummidichtung"},"content":{"rendered":"<p>80 mm breite Gummidichtung zur Abdichtung zwischen Polycarbonatplatten und Aluminium-Abdeckprofil an Plattenst\u00f6\u00dfen. Sie eignet sich f\u00fcr die Abdichtung an L\u00e4ngstr\u00e4gern mit einer Breite von 80 mm. Die EPDM-Dichtung ist schwarz und bietet eine hervorragende Abdichtung und verhindert das Eindringen von Wasser. Ziehen Sie zun\u00e4chst die Schutzfolie von der Dichtung ab und bringen Sie dann den klebenden Teil auf der Konstruktion an. Die Dichtung l\u00e4sst aufgrund ihrer Form einen gewissen Raum f\u00fcr die Ausdehnung zwischen den Platten. Anschlie\u00dfend werden die Paneele auf die Dichtung gelegt und das Abdeckprofil \u00fcber die Paneele gest\u00fclpt. Das Abdeckprofil wird mit Schrauben durch die Gummidichtungsunterlage hindurch in der Struktur befestigt.<\/p>\n","protected":false},"excerpt":{"rendered":"<p>Schwarzer EPDM-Dichtstoff zur Abdichtung von Fugen zwischen Polycarbonatplatten, Struktur und Abdeckprofil.<\/p>\n","protected":false},"featured_media":36331,"comment_status":"open","ping_status":"open","template":"","meta":{"_acf_changed":false},"product_brand":[],"product_cat":[1799,1935],"product_tag":[],"class_list":{"0":"post-36330","1":"product","2":"type-product","3":"status-publish","4":"has-post-thumbnail","6":"product_cat-befestigungsmaterialien-fuer-bedachungen","7":"product_cat-gurte-und-dichtungen","8":"pa_barva-crna","9":"pa_dolzina-1-m","10":"pa_dolzina-10-m","11":"pa_dolzina-2-m","12":"pa_dolzina-3-m","13":"pa_dolzina-30-m","14":"pa_dolzina-4-m","15":"pa_dolzina-5-m","16":"pa_dolzina-6-m","17":"pa_dolzina-7-m","18":"pa_sirina-80-mm","20":"first","21":"instock","22":"taxable","23":"shipping-taxable","24":"purchasable","25":"product-type-variable"},"acf":[],"yoast_head":"<!-- This site is optimized with the Yoast SEO plugin v27.0 - https:\/\/yoast.com\/product\/yoast-seo-wordpress\/ -->\n<title>80 mm breite Gummidichtung - Trgovina Termotom<\/title>\n<meta name=\"robots\" content=\"index, follow, max-snippet:-1, max-image-preview:large, max-video-preview:-1\" \/>\n<link rel=\"canonical\" href=\"https:\/\/termotom.com\/de\/80-mm-breite-gummidichtung\/\" \/>\n<meta property=\"og:locale\" content=\"de_DE\" \/>\n<meta property=\"og:type\" content=\"article\" \/>\n<meta property=\"og:title\" content=\"80 mm breite Gummidichtung - Trgovina Termotom\" \/>\n<meta property=\"og:description\" content=\"Schwarzer EPDM-Dichtstoff zur Abdichtung von Fugen zwischen Polycarbonatplatten, Struktur und Abdeckprofil.\" \/>\n<meta property=\"og:url\" content=\"https:\/\/termotom.com\/de\/80-mm-breite-gummidichtung\/\" \/>\n<meta property=\"og:site_name\" content=\"Trgovina Termotom\" \/>\n<meta property=\"article:modified_time\" content=\"2026-04-01T11:49:17+00:00\" \/>\n<meta property=\"og:image\" content=\"https:\/\/termotom.com\/wp-content\/uploads\/GUMA_PODLOZNA_80-scaled.jpg\" \/>\n\t<meta property=\"og:image:width\" content=\"2560\" \/>\n\t<meta property=\"og:image:height\" content=\"2175\" \/>\n\t<meta property=\"og:image:type\" content=\"image\/jpeg\" \/>\n<meta name=\"twitter:card\" content=\"summary_large_image\" \/>\n<meta name=\"twitter:label1\" content=\"Gesch\u00e4tzte Lesezeit\" \/>\n\t<meta name=\"twitter:data1\" content=\"1\u00a0Minute\" \/>\n<script type=\"application\/ld+json\" class=\"yoast-schema-graph\">{\"@context\":\"https:\/\/schema.org\",\"@graph\":[{\"@type\":\"WebPage\",\"@id\":\"https:\/\/termotom.com\/de\/80-mm-breite-gummidichtung\/\",\"url\":\"https:\/\/termotom.com\/de\/80-mm-breite-gummidichtung\/\",\"name\":\"80 mm breite Gummidichtung - Trgovina Termotom\",\"isPartOf\":{\"@id\":\"https:\/\/termotom.com\/de\/#website\"},\"primaryImageOfPage\":{\"@id\":\"https:\/\/termotom.com\/de\/80-mm-breite-gummidichtung\/#primaryimage\"},\"image\":{\"@id\":\"https:\/\/termotom.com\/de\/80-mm-breite-gummidichtung\/#primaryimage\"},\"thumbnailUrl\":\"https:\/\/termotom.com\/wp-content\/uploads\/GUMA_PODLOZNA_80-scaled.jpg\",\"datePublished\":\"2023-11-10T15:17:13+00:00\",\"dateModified\":\"2026-04-01T11:49:17+00:00\",\"breadcrumb\":{\"@id\":\"https:\/\/termotom.com\/de\/80-mm-breite-gummidichtung\/#breadcrumb\"},\"inLanguage\":\"de\",\"potentialAction\":[{\"@type\":\"ReadAction\",\"target\":[\"https:\/\/termotom.com\/de\/80-mm-breite-gummidichtung\/\"]}]},{\"@type\":\"ImageObject\",\"inLanguage\":\"de\",\"@id\":\"https:\/\/termotom.com\/de\/80-mm-breite-gummidichtung\/#primaryimage\",\"url\":\"https:\/\/termotom.com\/wp-content\/uploads\/GUMA_PODLOZNA_80-scaled.jpg\",\"contentUrl\":\"https:\/\/termotom.com\/wp-content\/uploads\/GUMA_PODLOZNA_80-scaled.jpg\",\"width\":2560,\"height\":2175},{\"@type\":\"BreadcrumbList\",\"@id\":\"https:\/\/termotom.com\/de\/80-mm-breite-gummidichtung\/#breadcrumb\",\"itemListElement\":[{\"@type\":\"ListItem\",\"position\":1,\"name\":\"Home\",\"item\":\"https:\/\/termotom.com\/de\/\"},{\"@type\":\"ListItem\",\"position\":2,\"name\":\"Shop\",\"item\":\"https:\/\/termotom.com\/de\/shop\/\"},{\"@type\":\"ListItem\",\"position\":3,\"name\":\"80 mm breite Gummidichtung\"}]},{\"@type\":\"WebSite\",\"@id\":\"https:\/\/termotom.com\/de\/#website\",\"url\":\"https:\/\/termotom.com\/de\/\",\"name\":\"Trgovina Termotom\",\"description\":\"Spletna trgovina\",\"publisher\":{\"@id\":\"https:\/\/termotom.com\/de\/#organization\"},\"potentialAction\":[{\"@type\":\"SearchAction\",\"target\":{\"@type\":\"EntryPoint\",\"urlTemplate\":\"https:\/\/termotom.com\/de\/?s={search_term_string}\"},\"query-input\":{\"@type\":\"PropertyValueSpecification\",\"valueRequired\":true,\"valueName\":\"search_term_string\"}}],\"inLanguage\":\"de\"},{\"@type\":\"Organization\",\"@id\":\"https:\/\/termotom.com\/de\/#organization\",\"name\":\"Trgovina Termotom\",\"url\":\"https:\/\/termotom.com\/de\/\",\"logo\":{\"@type\":\"ImageObject\",\"inLanguage\":\"de\",\"@id\":\"https:\/\/termotom.com\/de\/#\/schema\/logo\/image\/\",\"url\":\"https:\/\/termotom.com\/wp-content\/uploads\/logo.png\",\"contentUrl\":\"https:\/\/termotom.com\/wp-content\/uploads\/logo.png\",\"width\":400,\"height\":60,\"caption\":\"Trgovina Termotom\"},\"image\":{\"@id\":\"https:\/\/termotom.com\/de\/#\/schema\/logo\/image\/\"}}]}<\/script>\n<!-- \/ Yoast SEO plugin. -->","yoast_head_json":{"title":"80 mm breite Gummidichtung - Trgovina Termotom","robots":{"index":"index","follow":"follow","max-snippet":"max-snippet:-1","max-image-preview":"max-image-preview:large","max-video-preview":"max-video-preview:-1"},"canonical":"https:\/\/termotom.com\/de\/80-mm-breite-gummidichtung\/","og_locale":"de_DE","og_type":"article","og_title":"80 mm breite Gummidichtung - Trgovina Termotom","og_description":"Schwarzer EPDM-Dichtstoff zur Abdichtung von Fugen zwischen Polycarbonatplatten, Struktur und Abdeckprofil.","og_url":"https:\/\/termotom.com\/de\/80-mm-breite-gummidichtung\/","og_site_name":"Trgovina Termotom","article_modified_time":"2026-04-01T11:49:17+00:00","og_image":[{"width":2560,"height":2175,"url":"https:\/\/termotom.com\/wp-content\/uploads\/GUMA_PODLOZNA_80-scaled.jpg","type":"image\/jpeg"}],"twitter_card":"summary_large_image","twitter_misc":{"Gesch\u00e4tzte Lesezeit":"1\u00a0Minute"},"schema":{"@context":"https:\/\/schema.org","@graph":[{"@type":"WebPage","@id":"https:\/\/termotom.com\/de\/80-mm-breite-gummidichtung\/","url":"https:\/\/termotom.com\/de\/80-mm-breite-gummidichtung\/","name":"80 mm breite Gummidichtung - Trgovina Termotom","isPartOf":{"@id":"https:\/\/termotom.com\/de\/#website"},"primaryImageOfPage":{"@id":"https:\/\/termotom.com\/de\/80-mm-breite-gummidichtung\/#primaryimage"},"image":{"@id":"https:\/\/termotom.com\/de\/80-mm-breite-gummidichtung\/#primaryimage"},"thumbnailUrl":"https:\/\/termotom.com\/wp-content\/uploads\/GUMA_PODLOZNA_80-scaled.jpg","datePublished":"2023-11-10T15:17:13+00:00","dateModified":"2026-04-01T11:49:17+00:00","breadcrumb":{"@id":"https:\/\/termotom.com\/de\/80-mm-breite-gummidichtung\/#breadcrumb"},"inLanguage":"de","potentialAction":[{"@type":"ReadAction","target":["https:\/\/termotom.com\/de\/80-mm-breite-gummidichtung\/"]}]},{"@type":"ImageObject","inLanguage":"de","@id":"https:\/\/termotom.com\/de\/80-mm-breite-gummidichtung\/#primaryimage","url":"https:\/\/termotom.com\/wp-content\/uploads\/GUMA_PODLOZNA_80-scaled.jpg","contentUrl":"https:\/\/termotom.com\/wp-content\/uploads\/GUMA_PODLOZNA_80-scaled.jpg","width":2560,"height":2175},{"@type":"BreadcrumbList","@id":"https:\/\/termotom.com\/de\/80-mm-breite-gummidichtung\/#breadcrumb","itemListElement":[{"@type":"ListItem","position":1,"name":"Home","item":"https:\/\/termotom.com\/de\/"},{"@type":"ListItem","position":2,"name":"Shop","item":"https:\/\/termotom.com\/de\/shop\/"},{"@type":"ListItem","position":3,"name":"80 mm breite Gummidichtung"}]},{"@type":"WebSite","@id":"https:\/\/termotom.com\/de\/#website","url":"https:\/\/termotom.com\/de\/","name":"Trgovina Termotom","description":"Spletna trgovina","publisher":{"@id":"https:\/\/termotom.com\/de\/#organization"},"potentialAction":[{"@type":"SearchAction","target":{"@type":"EntryPoint","urlTemplate":"https:\/\/termotom.com\/de\/?s={search_term_string}"},"query-input":{"@type":"PropertyValueSpecification","valueRequired":true,"valueName":"search_term_string"}}],"inLanguage":"de"},{"@type":"Organization","@id":"https:\/\/termotom.com\/de\/#organization","name":"Trgovina Termotom","url":"https:\/\/termotom.com\/de\/","logo":{"@type":"ImageObject","inLanguage":"de","@id":"https:\/\/termotom.com\/de\/#\/schema\/logo\/image\/","url":"https:\/\/termotom.com\/wp-content\/uploads\/logo.png","contentUrl":"https:\/\/termotom.com\/wp-content\/uploads\/logo.png","width":400,"height":60,"caption":"Trgovina Termotom"},"image":{"@id":"https:\/\/termotom.com\/de\/#\/schema\/logo\/image\/"}}]}},"_links":{"self":[{"href":"https:\/\/termotom.com\/de\/wp-json\/wp\/v2\/product\/36330","targetHints":{"allow":["GET"]}}],"collection":[{"href":"https:\/\/termotom.com\/de\/wp-json\/wp\/v2\/product"}],"about":[{"href":"https:\/\/termotom.com\/de\/wp-json\/wp\/v2\/types\/product"}],"replies":[{"embeddable":true,"href":"https:\/\/termotom.com\/de\/wp-json\/wp\/v2\/comments?post=36330"}],"wp:featuredmedia":[{"embeddable":true,"href":"https:\/\/termotom.com\/de\/wp-json\/wp\/v2\/media\/36331"}],"wp:attachment":[{"href":"https:\/\/termotom.com\/de\/wp-json\/wp\/v2\/media?parent=36330"}],"wp:term":[{"taxonomy":"product_brand","embeddable":true,"href":"https:\/\/termotom.com\/de\/wp-json\/wp\/v2\/product_brand?post=36330"},{"taxonomy":"product_cat","embeddable":true,"href":"https:\/\/termotom.com\/de\/wp-json\/wp\/v2\/product_cat?post=36330"},{"taxonomy":"product_tag","embeddable":true,"href":"https:\/\/termotom.com\/de\/wp-json\/wp\/v2\/product_tag?post=36330"}],"curies":[{"name":"wp","href":"https:\/\/api.w.org\/{rel}","templated":true}]}}