{"id":37628,"date":"2023-11-15T19:22:07","date_gmt":"2023-11-15T19:22:07","guid":{"rendered":"https:\/\/termotom.com\/vecslojna-polikarbonatna-plosca-standard-16-mm-1xuv-mlecna-opal\/"},"modified":"2026-04-01T12:00:13","modified_gmt":"2026-04-01T12:00:13","slug":"mehrschichtige-polycarbonatplatte-standard-16-mm-1xuv-milchig-oelig","status":"publish","type":"product","link":"https:\/\/termotom.com\/de\/mehrschichtige-polycarbonatplatte-standard-16-mm-1xuv-milchig-oelig\/","title":{"rendered":"Mehrschichtige Polycarbonatplatte, STANDARD, 16 mm, 1\u00d7UV, milchig\/\u00f6lig"},"content":{"rendered":"<p>Polycarbonatplatten sind extrem robust und langlebig. Ihre hervorragenden Eigenschaften wie geringes Gewicht, Schlag- und Witterungsbest\u00e4ndigkeit, hervorragender UV-Schutz zum Schutz der Platte vor Alterung und W\u00e4rmed\u00e4mmung machen sie perfekt f\u00fcr eine Reihe von Anwendungen. Paneele mit einer Dicke von 4, 4,5, 6, 8 und 10 mm werden am h\u00e4ufigsten f\u00fcr Gew\u00e4chsh\u00e4user und Treibh\u00e4user verwendet. F\u00fcr Carports, Terrassen\u00fcberdachungen und andere Geb\u00e4ude sind 10 oder 16 mm am gebr\u00e4uchlichsten. Wenn h\u00f6here Schnee- oder Windlasten erforderlich sind, k\u00f6nnen auch dickere Platten wie 20, 25 und 32 mm verwendet werden. Man findet sie auch als F\u00fcllungen f\u00fcr Fenster, Balkongel\u00e4nder, Werbetafeln und \u00e4hnliches. Polycarbonat ist ein leicht brennbares Material, was es im Bauwesen und \u00fcberall dort, wo Brandsicherheit gefordert ist, unverzichtbar macht.<\/p>\n","protected":false},"excerpt":{"rendered":"<p>16 mm starke Mehrschicht-Polycarbonatplatte mit einseitigem UV-Schutz in der Farbe Milch\/Opal, geeignet f\u00fcr Carports, Gew\u00e4chsh\u00e4user, Trennw\u00e4nde, Fensterf\u00fcllungen und Z\u00e4une.<\/p>\n","protected":false},"featured_media":27018,"comment_status":"open","ping_status":"closed","template":"","meta":{"_acf_changed":false},"product_brand":[],"product_cat":[1670,1709],"product_tag":[],"class_list":{"0":"post-37628","1":"product","2":"type-product","3":"status-publish","4":"has-post-thumbnail","6":"product_cat-polycarbonat-paneele","7":"product_cat-mehrschichtige-polycarbonat-paneele","8":"pa_barva-mlecna-opal","9":"pa_debelina-16mm","10":"pa_dimenzija-2100x1000-mm","11":"pa_dimenzija-2100x2000-mm","12":"pa_dimenzija-2100x3000-mm","13":"pa_dimenzija-2100x4000-mm","14":"pa_dimenzija-2100x6000-mm","15":"pa_struktura-x-mocnejsa","16":"pa_uv-zascita-enostranska","18":"first","19":"instock","20":"taxable","21":"shipping-taxable","22":"purchasable","23":"product-type-variable"},"acf":[],"yoast_head":"<!-- This site is optimized with the Yoast SEO plugin v27.0 - https:\/\/yoast.com\/product\/yoast-seo-wordpress\/ -->\n<title>Mehrschichtige Polycarbonatplatte, STANDARD, 16 mm, 1\u00d7UV, milchig\/\u00f6lig - Trgovina Termotom<\/title>\n<meta name=\"robots\" content=\"index, follow, max-snippet:-1, max-image-preview:large, max-video-preview:-1\" \/>\n<link rel=\"canonical\" href=\"https:\/\/termotom.com\/de\/mehrschichtige-polycarbonatplatte-standard-16-mm-1xuv-milchig-oelig\/\" \/>\n<meta property=\"og:locale\" content=\"de_DE\" \/>\n<meta property=\"og:type\" content=\"article\" \/>\n<meta property=\"og:title\" content=\"Mehrschichtige Polycarbonatplatte, STANDARD, 16 mm, 1\u00d7UV, milchig\/\u00f6lig - Trgovina Termotom\" \/>\n<meta property=\"og:description\" content=\"16 mm starke Mehrschicht-Polycarbonatplatte mit einseitigem UV-Schutz in der Farbe Milch\/Opal, geeignet f\u00fcr Carports, Gew\u00e4chsh\u00e4user, Trennw\u00e4nde, Fensterf\u00fcllungen und Z\u00e4une.\" \/>\n<meta property=\"og:url\" content=\"https:\/\/termotom.com\/de\/mehrschichtige-polycarbonatplatte-standard-16-mm-1xuv-milchig-oelig\/\" \/>\n<meta property=\"og:site_name\" content=\"Trgovina Termotom\" \/>\n<meta property=\"article:modified_time\" content=\"2026-04-01T12:00:13+00:00\" \/>\n<meta property=\"og:image\" content=\"https:\/\/termotom.com\/wp-content\/uploads\/Vecslojna-polikarbonatna-plosca-STANDARD-deb.-16-mm-1\u00d7UV-mlecnaopal-1-scaled.jpg\" \/>\n\t<meta property=\"og:image:width\" content=\"2560\" \/>\n\t<meta property=\"og:image:height\" content=\"2560\" \/>\n\t<meta property=\"og:image:type\" content=\"image\/jpeg\" \/>\n<meta name=\"twitter:card\" content=\"summary_large_image\" \/>\n<meta name=\"twitter:label1\" content=\"Gesch\u00e4tzte Lesezeit\" \/>\n\t<meta name=\"twitter:data1\" content=\"1\u00a0Minute\" \/>\n<script type=\"application\/ld+json\" class=\"yoast-schema-graph\">{\"@context\":\"https:\/\/schema.org\",\"@graph\":[{\"@type\":\"WebPage\",\"@id\":\"https:\/\/termotom.com\/de\/mehrschichtige-polycarbonatplatte-standard-16-mm-1xuv-milchig-oelig\/\",\"url\":\"https:\/\/termotom.com\/de\/mehrschichtige-polycarbonatplatte-standard-16-mm-1xuv-milchig-oelig\/\",\"name\":\"Mehrschichtige Polycarbonatplatte, STANDARD, 16 mm, 1\u00d7UV, milchig\/\u00f6lig - Trgovina Termotom\",\"isPartOf\":{\"@id\":\"https:\/\/termotom.com\/de\/#website\"},\"primaryImageOfPage\":{\"@id\":\"https:\/\/termotom.com\/de\/mehrschichtige-polycarbonatplatte-standard-16-mm-1xuv-milchig-oelig\/#primaryimage\"},\"image\":{\"@id\":\"https:\/\/termotom.com\/de\/mehrschichtige-polycarbonatplatte-standard-16-mm-1xuv-milchig-oelig\/#primaryimage\"},\"thumbnailUrl\":\"https:\/\/termotom.com\/wp-content\/uploads\/Vecslojna-polikarbonatna-plosca-STANDARD-deb.-16-mm-1\u00d7UV-mlecnaopal-1-scaled.jpg\",\"datePublished\":\"2023-11-15T19:22:07+00:00\",\"dateModified\":\"2026-04-01T12:00:13+00:00\",\"breadcrumb\":{\"@id\":\"https:\/\/termotom.com\/de\/mehrschichtige-polycarbonatplatte-standard-16-mm-1xuv-milchig-oelig\/#breadcrumb\"},\"inLanguage\":\"de\",\"potentialAction\":[{\"@type\":\"ReadAction\",\"target\":[\"https:\/\/termotom.com\/de\/mehrschichtige-polycarbonatplatte-standard-16-mm-1xuv-milchig-oelig\/\"]}]},{\"@type\":\"ImageObject\",\"inLanguage\":\"de\",\"@id\":\"https:\/\/termotom.com\/de\/mehrschichtige-polycarbonatplatte-standard-16-mm-1xuv-milchig-oelig\/#primaryimage\",\"url\":\"https:\/\/termotom.com\/wp-content\/uploads\/Vecslojna-polikarbonatna-plosca-STANDARD-deb.-16-mm-1\u00d7UV-mlecnaopal-1-scaled.jpg\",\"contentUrl\":\"https:\/\/termotom.com\/wp-content\/uploads\/Vecslojna-polikarbonatna-plosca-STANDARD-deb.-16-mm-1\u00d7UV-mlecnaopal-1-scaled.jpg\",\"width\":2560,\"height\":2560},{\"@type\":\"BreadcrumbList\",\"@id\":\"https:\/\/termotom.com\/de\/mehrschichtige-polycarbonatplatte-standard-16-mm-1xuv-milchig-oelig\/#breadcrumb\",\"itemListElement\":[{\"@type\":\"ListItem\",\"position\":1,\"name\":\"Home\",\"item\":\"https:\/\/termotom.com\/de\/\"},{\"@type\":\"ListItem\",\"position\":2,\"name\":\"Shop\",\"item\":\"https:\/\/termotom.com\/de\/shop\/\"},{\"@type\":\"ListItem\",\"position\":3,\"name\":\"Mehrschichtige Polycarbonatplatte, STANDARD, 16 mm, 1\u00d7UV, milchig\/\u00f6lig\"}]},{\"@type\":\"WebSite\",\"@id\":\"https:\/\/termotom.com\/de\/#website\",\"url\":\"https:\/\/termotom.com\/de\/\",\"name\":\"Trgovina Termotom\",\"description\":\"Spletna trgovina\",\"publisher\":{\"@id\":\"https:\/\/termotom.com\/de\/#organization\"},\"potentialAction\":[{\"@type\":\"SearchAction\",\"target\":{\"@type\":\"EntryPoint\",\"urlTemplate\":\"https:\/\/termotom.com\/de\/?s={search_term_string}\"},\"query-input\":{\"@type\":\"PropertyValueSpecification\",\"valueRequired\":true,\"valueName\":\"search_term_string\"}}],\"inLanguage\":\"de\"},{\"@type\":\"Organization\",\"@id\":\"https:\/\/termotom.com\/de\/#organization\",\"name\":\"Trgovina Termotom\",\"url\":\"https:\/\/termotom.com\/de\/\",\"logo\":{\"@type\":\"ImageObject\",\"inLanguage\":\"de\",\"@id\":\"https:\/\/termotom.com\/de\/#\/schema\/logo\/image\/\",\"url\":\"https:\/\/termotom.com\/wp-content\/uploads\/logo.png\",\"contentUrl\":\"https:\/\/termotom.com\/wp-content\/uploads\/logo.png\",\"width\":400,\"height\":60,\"caption\":\"Trgovina Termotom\"},\"image\":{\"@id\":\"https:\/\/termotom.com\/de\/#\/schema\/logo\/image\/\"}}]}<\/script>\n<!-- \/ Yoast SEO plugin. -->","yoast_head_json":{"title":"Mehrschichtige Polycarbonatplatte, STANDARD, 16 mm, 1\u00d7UV, milchig\/\u00f6lig - Trgovina Termotom","robots":{"index":"index","follow":"follow","max-snippet":"max-snippet:-1","max-image-preview":"max-image-preview:large","max-video-preview":"max-video-preview:-1"},"canonical":"https:\/\/termotom.com\/de\/mehrschichtige-polycarbonatplatte-standard-16-mm-1xuv-milchig-oelig\/","og_locale":"de_DE","og_type":"article","og_title":"Mehrschichtige Polycarbonatplatte, STANDARD, 16 mm, 1\u00d7UV, milchig\/\u00f6lig - Trgovina Termotom","og_description":"16 mm starke Mehrschicht-Polycarbonatplatte mit einseitigem UV-Schutz in der Farbe Milch\/Opal, geeignet f\u00fcr Carports, Gew\u00e4chsh\u00e4user, Trennw\u00e4nde, Fensterf\u00fcllungen und Z\u00e4une.","og_url":"https:\/\/termotom.com\/de\/mehrschichtige-polycarbonatplatte-standard-16-mm-1xuv-milchig-oelig\/","og_site_name":"Trgovina Termotom","article_modified_time":"2026-04-01T12:00:13+00:00","og_image":[{"width":2560,"height":2560,"url":"https:\/\/termotom.com\/wp-content\/uploads\/Vecslojna-polikarbonatna-plosca-STANDARD-deb.-16-mm-1\u00d7UV-mlecnaopal-1-scaled.jpg","type":"image\/jpeg"}],"twitter_card":"summary_large_image","twitter_misc":{"Gesch\u00e4tzte Lesezeit":"1\u00a0Minute"},"schema":{"@context":"https:\/\/schema.org","@graph":[{"@type":"WebPage","@id":"https:\/\/termotom.com\/de\/mehrschichtige-polycarbonatplatte-standard-16-mm-1xuv-milchig-oelig\/","url":"https:\/\/termotom.com\/de\/mehrschichtige-polycarbonatplatte-standard-16-mm-1xuv-milchig-oelig\/","name":"Mehrschichtige Polycarbonatplatte, STANDARD, 16 mm, 1\u00d7UV, milchig\/\u00f6lig - Trgovina Termotom","isPartOf":{"@id":"https:\/\/termotom.com\/de\/#website"},"primaryImageOfPage":{"@id":"https:\/\/termotom.com\/de\/mehrschichtige-polycarbonatplatte-standard-16-mm-1xuv-milchig-oelig\/#primaryimage"},"image":{"@id":"https:\/\/termotom.com\/de\/mehrschichtige-polycarbonatplatte-standard-16-mm-1xuv-milchig-oelig\/#primaryimage"},"thumbnailUrl":"https:\/\/termotom.com\/wp-content\/uploads\/Vecslojna-polikarbonatna-plosca-STANDARD-deb.-16-mm-1\u00d7UV-mlecnaopal-1-scaled.jpg","datePublished":"2023-11-15T19:22:07+00:00","dateModified":"2026-04-01T12:00:13+00:00","breadcrumb":{"@id":"https:\/\/termotom.com\/de\/mehrschichtige-polycarbonatplatte-standard-16-mm-1xuv-milchig-oelig\/#breadcrumb"},"inLanguage":"de","potentialAction":[{"@type":"ReadAction","target":["https:\/\/termotom.com\/de\/mehrschichtige-polycarbonatplatte-standard-16-mm-1xuv-milchig-oelig\/"]}]},{"@type":"ImageObject","inLanguage":"de","@id":"https:\/\/termotom.com\/de\/mehrschichtige-polycarbonatplatte-standard-16-mm-1xuv-milchig-oelig\/#primaryimage","url":"https:\/\/termotom.com\/wp-content\/uploads\/Vecslojna-polikarbonatna-plosca-STANDARD-deb.-16-mm-1\u00d7UV-mlecnaopal-1-scaled.jpg","contentUrl":"https:\/\/termotom.com\/wp-content\/uploads\/Vecslojna-polikarbonatna-plosca-STANDARD-deb.-16-mm-1\u00d7UV-mlecnaopal-1-scaled.jpg","width":2560,"height":2560},{"@type":"BreadcrumbList","@id":"https:\/\/termotom.com\/de\/mehrschichtige-polycarbonatplatte-standard-16-mm-1xuv-milchig-oelig\/#breadcrumb","itemListElement":[{"@type":"ListItem","position":1,"name":"Home","item":"https:\/\/termotom.com\/de\/"},{"@type":"ListItem","position":2,"name":"Shop","item":"https:\/\/termotom.com\/de\/shop\/"},{"@type":"ListItem","position":3,"name":"Mehrschichtige Polycarbonatplatte, STANDARD, 16 mm, 1\u00d7UV, milchig\/\u00f6lig"}]},{"@type":"WebSite","@id":"https:\/\/termotom.com\/de\/#website","url":"https:\/\/termotom.com\/de\/","name":"Trgovina Termotom","description":"Spletna trgovina","publisher":{"@id":"https:\/\/termotom.com\/de\/#organization"},"potentialAction":[{"@type":"SearchAction","target":{"@type":"EntryPoint","urlTemplate":"https:\/\/termotom.com\/de\/?s={search_term_string}"},"query-input":{"@type":"PropertyValueSpecification","valueRequired":true,"valueName":"search_term_string"}}],"inLanguage":"de"},{"@type":"Organization","@id":"https:\/\/termotom.com\/de\/#organization","name":"Trgovina Termotom","url":"https:\/\/termotom.com\/de\/","logo":{"@type":"ImageObject","inLanguage":"de","@id":"https:\/\/termotom.com\/de\/#\/schema\/logo\/image\/","url":"https:\/\/termotom.com\/wp-content\/uploads\/logo.png","contentUrl":"https:\/\/termotom.com\/wp-content\/uploads\/logo.png","width":400,"height":60,"caption":"Trgovina Termotom"},"image":{"@id":"https:\/\/termotom.com\/de\/#\/schema\/logo\/image\/"}}]}},"_links":{"self":[{"href":"https:\/\/termotom.com\/de\/wp-json\/wp\/v2\/product\/37628","targetHints":{"allow":["GET"]}}],"collection":[{"href":"https:\/\/termotom.com\/de\/wp-json\/wp\/v2\/product"}],"about":[{"href":"https:\/\/termotom.com\/de\/wp-json\/wp\/v2\/types\/product"}],"replies":[{"embeddable":true,"href":"https:\/\/termotom.com\/de\/wp-json\/wp\/v2\/comments?post=37628"}],"wp:featuredmedia":[{"embeddable":true,"href":"https:\/\/termotom.com\/de\/wp-json\/wp\/v2\/media\/27018"}],"wp:attachment":[{"href":"https:\/\/termotom.com\/de\/wp-json\/wp\/v2\/media?parent=37628"}],"wp:term":[{"taxonomy":"product_brand","embeddable":true,"href":"https:\/\/termotom.com\/de\/wp-json\/wp\/v2\/product_brand?post=37628"},{"taxonomy":"product_cat","embeddable":true,"href":"https:\/\/termotom.com\/de\/wp-json\/wp\/v2\/product_cat?post=37628"},{"taxonomy":"product_tag","embeddable":true,"href":"https:\/\/termotom.com\/de\/wp-json\/wp\/v2\/product_tag?post=37628"}],"curies":[{"name":"wp","href":"https:\/\/api.w.org\/{rel}","templated":true}]}}