{"id":38327,"date":"2023-11-15T18:52:15","date_gmt":"2023-11-15T18:52:15","guid":{"rendered":"https:\/\/termotom.com\/podlozka-fi-50-mm-za-debelino-plosce-10-mm-siva\/"},"modified":"2026-04-01T12:05:30","modified_gmt":"2026-04-01T12:05:30","slug":"unterlegscheibe-fi-50-mm-fur-plattenstarke-10-mm-grau","status":"publish","type":"product","link":"https:\/\/termotom.com\/de\/unterlegscheibe-fi-50-mm-fur-plattenstarke-10-mm-grau\/","title":{"rendered":"Unterlegscheibe fi 50 mm f\u00fcr Plattenst\u00e4rke 10 mm, grau"},"content":{"rendered":"<p>Die Unterlegscheiben mit einem Durchmesser von 50 mm k\u00f6nnen anstelle der herk\u00f6mmlichen Unterlegscheiben mit Dichtungen verwendet werden. Sie sind in grau, wei\u00df oder braun f\u00fcr Plattenst\u00e4rken von 10 mm oder 16 mm erh\u00e4ltlich. Sie haben den Vorteil, dass man die Schraube nicht \u00fcber- oder unterdrehen kann, da sie einen Abstandhalter in der Plattenst\u00e4rke haben. Sie erfordern einen speziellen Bohrer mit F\u00fchrung und eine Kreiss\u00e4ge. Die richtige Gr\u00f6\u00dfe der L\u00f6cher in der Platte f\u00fcr diese Option ist 16 mm.<\/p>\n","protected":false},"excerpt":{"rendered":"<p>Der Satz enth\u00e4lt 10 Unterlegscheiben.<\/p>\n","protected":false},"featured_media":38306,"comment_status":"open","ping_status":"open","template":"","meta":{"_acf_changed":false},"product_brand":[],"product_cat":[1799,1963],"product_tag":[],"class_list":{"0":"post-38327","1":"product","2":"type-product","3":"status-publish","4":"has-post-thumbnail","6":"product_cat-befestigungsmaterialien-fuer-bedachungen","7":"product_cat-bolzen-und-unterlegscheiben","9":"first","10":"instock","11":"taxable","12":"shipping-taxable","13":"purchasable","14":"product-type-simple"},"acf":[],"yoast_head":"<!-- This site is optimized with the Yoast SEO plugin v27.0 - https:\/\/yoast.com\/product\/yoast-seo-wordpress\/ -->\n<title>Unterlegscheibe fi 50 mm f\u00fcr Plattenst\u00e4rke 10 mm, grau - Trgovina Termotom<\/title>\n<meta name=\"robots\" content=\"index, follow, max-snippet:-1, max-image-preview:large, max-video-preview:-1\" \/>\n<link rel=\"canonical\" href=\"https:\/\/termotom.com\/de\/unterlegscheibe-fi-50-mm-fur-plattenstarke-10-mm-grau\/\" \/>\n<meta property=\"og:locale\" content=\"de_DE\" \/>\n<meta property=\"og:type\" content=\"article\" \/>\n<meta property=\"og:title\" content=\"Unterlegscheibe fi 50 mm f\u00fcr Plattenst\u00e4rke 10 mm, grau - Trgovina Termotom\" \/>\n<meta property=\"og:description\" content=\"Der Satz enth\u00e4lt 10 Unterlegscheiben.\" \/>\n<meta property=\"og:url\" content=\"https:\/\/termotom.com\/de\/unterlegscheibe-fi-50-mm-fur-plattenstarke-10-mm-grau\/\" \/>\n<meta property=\"og:site_name\" content=\"Trgovina Termotom\" \/>\n<meta property=\"article:modified_time\" content=\"2026-04-01T12:05:30+00:00\" \/>\n<meta property=\"og:image\" content=\"https:\/\/termotom.com\/wp-content\/uploads\/Termotom_produkti15.jpg\" \/>\n\t<meta property=\"og:image:width\" content=\"1959\" \/>\n\t<meta property=\"og:image:height\" content=\"1952\" \/>\n\t<meta property=\"og:image:type\" content=\"image\/jpeg\" \/>\n<meta name=\"twitter:card\" content=\"summary_large_image\" \/>\n<script type=\"application\/ld+json\" class=\"yoast-schema-graph\">{\"@context\":\"https:\/\/schema.org\",\"@graph\":[{\"@type\":\"WebPage\",\"@id\":\"https:\/\/termotom.com\/de\/unterlegscheibe-fi-50-mm-fur-plattenstarke-10-mm-grau\/\",\"url\":\"https:\/\/termotom.com\/de\/unterlegscheibe-fi-50-mm-fur-plattenstarke-10-mm-grau\/\",\"name\":\"Unterlegscheibe fi 50 mm f\u00fcr Plattenst\u00e4rke 10 mm, grau - Trgovina Termotom\",\"isPartOf\":{\"@id\":\"https:\/\/termotom.com\/de\/#website\"},\"primaryImageOfPage\":{\"@id\":\"https:\/\/termotom.com\/de\/unterlegscheibe-fi-50-mm-fur-plattenstarke-10-mm-grau\/#primaryimage\"},\"image\":{\"@id\":\"https:\/\/termotom.com\/de\/unterlegscheibe-fi-50-mm-fur-plattenstarke-10-mm-grau\/#primaryimage\"},\"thumbnailUrl\":\"https:\/\/termotom.com\/wp-content\/uploads\/Termotom_produkti15.jpg\",\"datePublished\":\"2023-11-15T18:52:15+00:00\",\"dateModified\":\"2026-04-01T12:05:30+00:00\",\"breadcrumb\":{\"@id\":\"https:\/\/termotom.com\/de\/unterlegscheibe-fi-50-mm-fur-plattenstarke-10-mm-grau\/#breadcrumb\"},\"inLanguage\":\"de\",\"potentialAction\":[{\"@type\":\"ReadAction\",\"target\":[\"https:\/\/termotom.com\/de\/unterlegscheibe-fi-50-mm-fur-plattenstarke-10-mm-grau\/\"]}]},{\"@type\":\"ImageObject\",\"inLanguage\":\"de\",\"@id\":\"https:\/\/termotom.com\/de\/unterlegscheibe-fi-50-mm-fur-plattenstarke-10-mm-grau\/#primaryimage\",\"url\":\"https:\/\/termotom.com\/wp-content\/uploads\/Termotom_produkti15.jpg\",\"contentUrl\":\"https:\/\/termotom.com\/wp-content\/uploads\/Termotom_produkti15.jpg\",\"width\":1959,\"height\":1952},{\"@type\":\"BreadcrumbList\",\"@id\":\"https:\/\/termotom.com\/de\/unterlegscheibe-fi-50-mm-fur-plattenstarke-10-mm-grau\/#breadcrumb\",\"itemListElement\":[{\"@type\":\"ListItem\",\"position\":1,\"name\":\"Home\",\"item\":\"https:\/\/termotom.com\/de\/\"},{\"@type\":\"ListItem\",\"position\":2,\"name\":\"Shop\",\"item\":\"https:\/\/termotom.com\/de\/shop\/\"},{\"@type\":\"ListItem\",\"position\":3,\"name\":\"Unterlegscheibe fi 50 mm f\u00fcr Plattenst\u00e4rke 10 mm, grau\"}]},{\"@type\":\"WebSite\",\"@id\":\"https:\/\/termotom.com\/de\/#website\",\"url\":\"https:\/\/termotom.com\/de\/\",\"name\":\"Trgovina Termotom\",\"description\":\"Spletna trgovina\",\"publisher\":{\"@id\":\"https:\/\/termotom.com\/de\/#organization\"},\"potentialAction\":[{\"@type\":\"SearchAction\",\"target\":{\"@type\":\"EntryPoint\",\"urlTemplate\":\"https:\/\/termotom.com\/de\/?s={search_term_string}\"},\"query-input\":{\"@type\":\"PropertyValueSpecification\",\"valueRequired\":true,\"valueName\":\"search_term_string\"}}],\"inLanguage\":\"de\"},{\"@type\":\"Organization\",\"@id\":\"https:\/\/termotom.com\/de\/#organization\",\"name\":\"Trgovina Termotom\",\"url\":\"https:\/\/termotom.com\/de\/\",\"logo\":{\"@type\":\"ImageObject\",\"inLanguage\":\"de\",\"@id\":\"https:\/\/termotom.com\/de\/#\/schema\/logo\/image\/\",\"url\":\"https:\/\/termotom.com\/wp-content\/uploads\/logo.png\",\"contentUrl\":\"https:\/\/termotom.com\/wp-content\/uploads\/logo.png\",\"width\":400,\"height\":60,\"caption\":\"Trgovina Termotom\"},\"image\":{\"@id\":\"https:\/\/termotom.com\/de\/#\/schema\/logo\/image\/\"}}]}<\/script>\n<!-- \/ Yoast SEO plugin. -->","yoast_head_json":{"title":"Unterlegscheibe fi 50 mm f\u00fcr Plattenst\u00e4rke 10 mm, grau - Trgovina Termotom","robots":{"index":"index","follow":"follow","max-snippet":"max-snippet:-1","max-image-preview":"max-image-preview:large","max-video-preview":"max-video-preview:-1"},"canonical":"https:\/\/termotom.com\/de\/unterlegscheibe-fi-50-mm-fur-plattenstarke-10-mm-grau\/","og_locale":"de_DE","og_type":"article","og_title":"Unterlegscheibe fi 50 mm f\u00fcr Plattenst\u00e4rke 10 mm, grau - Trgovina Termotom","og_description":"Der Satz enth\u00e4lt 10 Unterlegscheiben.","og_url":"https:\/\/termotom.com\/de\/unterlegscheibe-fi-50-mm-fur-plattenstarke-10-mm-grau\/","og_site_name":"Trgovina Termotom","article_modified_time":"2026-04-01T12:05:30+00:00","og_image":[{"width":1959,"height":1952,"url":"https:\/\/termotom.com\/wp-content\/uploads\/Termotom_produkti15.jpg","type":"image\/jpeg"}],"twitter_card":"summary_large_image","schema":{"@context":"https:\/\/schema.org","@graph":[{"@type":"WebPage","@id":"https:\/\/termotom.com\/de\/unterlegscheibe-fi-50-mm-fur-plattenstarke-10-mm-grau\/","url":"https:\/\/termotom.com\/de\/unterlegscheibe-fi-50-mm-fur-plattenstarke-10-mm-grau\/","name":"Unterlegscheibe fi 50 mm f\u00fcr Plattenst\u00e4rke 10 mm, grau - Trgovina Termotom","isPartOf":{"@id":"https:\/\/termotom.com\/de\/#website"},"primaryImageOfPage":{"@id":"https:\/\/termotom.com\/de\/unterlegscheibe-fi-50-mm-fur-plattenstarke-10-mm-grau\/#primaryimage"},"image":{"@id":"https:\/\/termotom.com\/de\/unterlegscheibe-fi-50-mm-fur-plattenstarke-10-mm-grau\/#primaryimage"},"thumbnailUrl":"https:\/\/termotom.com\/wp-content\/uploads\/Termotom_produkti15.jpg","datePublished":"2023-11-15T18:52:15+00:00","dateModified":"2026-04-01T12:05:30+00:00","breadcrumb":{"@id":"https:\/\/termotom.com\/de\/unterlegscheibe-fi-50-mm-fur-plattenstarke-10-mm-grau\/#breadcrumb"},"inLanguage":"de","potentialAction":[{"@type":"ReadAction","target":["https:\/\/termotom.com\/de\/unterlegscheibe-fi-50-mm-fur-plattenstarke-10-mm-grau\/"]}]},{"@type":"ImageObject","inLanguage":"de","@id":"https:\/\/termotom.com\/de\/unterlegscheibe-fi-50-mm-fur-plattenstarke-10-mm-grau\/#primaryimage","url":"https:\/\/termotom.com\/wp-content\/uploads\/Termotom_produkti15.jpg","contentUrl":"https:\/\/termotom.com\/wp-content\/uploads\/Termotom_produkti15.jpg","width":1959,"height":1952},{"@type":"BreadcrumbList","@id":"https:\/\/termotom.com\/de\/unterlegscheibe-fi-50-mm-fur-plattenstarke-10-mm-grau\/#breadcrumb","itemListElement":[{"@type":"ListItem","position":1,"name":"Home","item":"https:\/\/termotom.com\/de\/"},{"@type":"ListItem","position":2,"name":"Shop","item":"https:\/\/termotom.com\/de\/shop\/"},{"@type":"ListItem","position":3,"name":"Unterlegscheibe fi 50 mm f\u00fcr Plattenst\u00e4rke 10 mm, grau"}]},{"@type":"WebSite","@id":"https:\/\/termotom.com\/de\/#website","url":"https:\/\/termotom.com\/de\/","name":"Trgovina Termotom","description":"Spletna trgovina","publisher":{"@id":"https:\/\/termotom.com\/de\/#organization"},"potentialAction":[{"@type":"SearchAction","target":{"@type":"EntryPoint","urlTemplate":"https:\/\/termotom.com\/de\/?s={search_term_string}"},"query-input":{"@type":"PropertyValueSpecification","valueRequired":true,"valueName":"search_term_string"}}],"inLanguage":"de"},{"@type":"Organization","@id":"https:\/\/termotom.com\/de\/#organization","name":"Trgovina Termotom","url":"https:\/\/termotom.com\/de\/","logo":{"@type":"ImageObject","inLanguage":"de","@id":"https:\/\/termotom.com\/de\/#\/schema\/logo\/image\/","url":"https:\/\/termotom.com\/wp-content\/uploads\/logo.png","contentUrl":"https:\/\/termotom.com\/wp-content\/uploads\/logo.png","width":400,"height":60,"caption":"Trgovina Termotom"},"image":{"@id":"https:\/\/termotom.com\/de\/#\/schema\/logo\/image\/"}}]}},"_links":{"self":[{"href":"https:\/\/termotom.com\/de\/wp-json\/wp\/v2\/product\/38327","targetHints":{"allow":["GET"]}}],"collection":[{"href":"https:\/\/termotom.com\/de\/wp-json\/wp\/v2\/product"}],"about":[{"href":"https:\/\/termotom.com\/de\/wp-json\/wp\/v2\/types\/product"}],"replies":[{"embeddable":true,"href":"https:\/\/termotom.com\/de\/wp-json\/wp\/v2\/comments?post=38327"}],"wp:featuredmedia":[{"embeddable":true,"href":"https:\/\/termotom.com\/de\/wp-json\/wp\/v2\/media\/38306"}],"wp:attachment":[{"href":"https:\/\/termotom.com\/de\/wp-json\/wp\/v2\/media?parent=38327"}],"wp:term":[{"taxonomy":"product_brand","embeddable":true,"href":"https:\/\/termotom.com\/de\/wp-json\/wp\/v2\/product_brand?post=38327"},{"taxonomy":"product_cat","embeddable":true,"href":"https:\/\/termotom.com\/de\/wp-json\/wp\/v2\/product_cat?post=38327"},{"taxonomy":"product_tag","embeddable":true,"href":"https:\/\/termotom.com\/de\/wp-json\/wp\/v2\/product_tag?post=38327"}],"curies":[{"name":"wp","href":"https:\/\/api.w.org\/{rel}","templated":true}]}}