{"id":38363,"date":"2023-11-15T18:52:09","date_gmt":"2023-11-15T18:52:09","guid":{"rendered":"https:\/\/termotom.com\/protiprasni-trak-s-perforacijo-za-debelino-plosc-4-do-10-mm\/"},"modified":"2026-04-01T12:05:43","modified_gmt":"2026-04-01T12:05:43","slug":"staubschutzband-mit-perforation-fur-plattenstarken-von-4-bis-10-mm","status":"publish","type":"product","link":"https:\/\/termotom.com\/de\/staubschutzband-mit-perforation-fur-plattenstarken-von-4-bis-10-mm\/","title":{"rendered":"Staubschutzband mit Perforation f\u00fcr Plattenst\u00e4rken von 4 bis 10 mm"},"content":{"rendered":"<p>Perforiertes Anti-Staubband f\u00fcr die Zellabdichtung in mehrschichtigen Polycarbonatplatten. Kleben Sie das Band \u00fcber die offenen Zellen. Dadurch wird das Eindringen von Schmutz in die Zellen verhindert. Die Perforation des Bandes erm\u00f6glicht das Trocknen von Kondenswasser, das sich im Inneren der Platten bildet. Staubschutzband allein reicht nicht aus. Wir empfehlen, die Paneele anschlie\u00dfend mit einem Kodierprofil zu versehen. Das Band wird auf die Unterseite der Paneele geklebt.<\/p>\n","protected":false},"excerpt":{"rendered":"<p>Staubdichtungsband mit Perforationen zum Abdichten von mehrschichtigen Polycarbonatplatten. 33 m Band pro Spule.<\/p>\n","protected":false},"featured_media":38351,"comment_status":"open","ping_status":"closed","template":"","meta":{"_acf_changed":false},"product_brand":[],"product_cat":[1799,1935],"product_tag":[],"class_list":{"0":"post-38363","1":"product","2":"type-product","3":"status-publish","4":"has-post-thumbnail","6":"product_cat-befestigungsmaterialien-fuer-bedachungen","7":"product_cat-gurte-und-dichtungen","8":"pa_debelina-4-10mm","9":"pa_dolzina-10-m","10":"pa_dolzina-33-m","12":"first","13":"instock","14":"taxable","15":"shipping-taxable","16":"purchasable","17":"product-type-simple"},"acf":[],"yoast_head":"<!-- This site is optimized with the Yoast SEO plugin v27.0 - https:\/\/yoast.com\/product\/yoast-seo-wordpress\/ -->\n<title>Staubschutzband mit Perforation f\u00fcr Plattenst\u00e4rken von 4 bis 10 mm - Trgovina Termotom<\/title>\n<meta name=\"robots\" content=\"index, follow, max-snippet:-1, max-image-preview:large, max-video-preview:-1\" \/>\n<link rel=\"canonical\" href=\"https:\/\/termotom.com\/de\/staubschutzband-mit-perforation-fur-plattenstarken-von-4-bis-10-mm\/\" \/>\n<meta property=\"og:locale\" content=\"de_DE\" \/>\n<meta property=\"og:type\" content=\"article\" \/>\n<meta property=\"og:title\" content=\"Staubschutzband mit Perforation f\u00fcr Plattenst\u00e4rken von 4 bis 10 mm - Trgovina Termotom\" \/>\n<meta property=\"og:description\" content=\"Staubdichtungsband mit Perforationen zum Abdichten von mehrschichtigen Polycarbonatplatten. 33 m Band pro Spule.\" \/>\n<meta property=\"og:url\" content=\"https:\/\/termotom.com\/de\/staubschutzband-mit-perforation-fur-plattenstarken-von-4-bis-10-mm\/\" \/>\n<meta property=\"og:site_name\" content=\"Trgovina Termotom\" \/>\n<meta property=\"article:modified_time\" content=\"2026-04-01T12:05:43+00:00\" \/>\n<meta property=\"og:image\" content=\"https:\/\/termotom.com\/wp-content\/uploads\/XC-2977_barvna-scaled.jpg\" \/>\n\t<meta property=\"og:image:width\" content=\"2560\" \/>\n\t<meta property=\"og:image:height\" content=\"1844\" \/>\n\t<meta property=\"og:image:type\" content=\"image\/jpeg\" \/>\n<meta name=\"twitter:card\" content=\"summary_large_image\" \/>\n<script type=\"application\/ld+json\" class=\"yoast-schema-graph\">{\"@context\":\"https:\/\/schema.org\",\"@graph\":[{\"@type\":\"WebPage\",\"@id\":\"https:\/\/termotom.com\/de\/staubschutzband-mit-perforation-fur-plattenstarken-von-4-bis-10-mm\/\",\"url\":\"https:\/\/termotom.com\/de\/staubschutzband-mit-perforation-fur-plattenstarken-von-4-bis-10-mm\/\",\"name\":\"Staubschutzband mit Perforation f\u00fcr Plattenst\u00e4rken von 4 bis 10 mm - Trgovina Termotom\",\"isPartOf\":{\"@id\":\"https:\/\/termotom.com\/de\/#website\"},\"primaryImageOfPage\":{\"@id\":\"https:\/\/termotom.com\/de\/staubschutzband-mit-perforation-fur-plattenstarken-von-4-bis-10-mm\/#primaryimage\"},\"image\":{\"@id\":\"https:\/\/termotom.com\/de\/staubschutzband-mit-perforation-fur-plattenstarken-von-4-bis-10-mm\/#primaryimage\"},\"thumbnailUrl\":\"https:\/\/termotom.com\/wp-content\/uploads\/XC-2977_barvna-scaled.jpg\",\"datePublished\":\"2023-11-15T18:52:09+00:00\",\"dateModified\":\"2026-04-01T12:05:43+00:00\",\"breadcrumb\":{\"@id\":\"https:\/\/termotom.com\/de\/staubschutzband-mit-perforation-fur-plattenstarken-von-4-bis-10-mm\/#breadcrumb\"},\"inLanguage\":\"de\",\"potentialAction\":[{\"@type\":\"ReadAction\",\"target\":[\"https:\/\/termotom.com\/de\/staubschutzband-mit-perforation-fur-plattenstarken-von-4-bis-10-mm\/\"]}]},{\"@type\":\"ImageObject\",\"inLanguage\":\"de\",\"@id\":\"https:\/\/termotom.com\/de\/staubschutzband-mit-perforation-fur-plattenstarken-von-4-bis-10-mm\/#primaryimage\",\"url\":\"https:\/\/termotom.com\/wp-content\/uploads\/XC-2977_barvna-scaled.jpg\",\"contentUrl\":\"https:\/\/termotom.com\/wp-content\/uploads\/XC-2977_barvna-scaled.jpg\",\"width\":2560,\"height\":1844},{\"@type\":\"BreadcrumbList\",\"@id\":\"https:\/\/termotom.com\/de\/staubschutzband-mit-perforation-fur-plattenstarken-von-4-bis-10-mm\/#breadcrumb\",\"itemListElement\":[{\"@type\":\"ListItem\",\"position\":1,\"name\":\"Home\",\"item\":\"https:\/\/termotom.com\/de\/\"},{\"@type\":\"ListItem\",\"position\":2,\"name\":\"Shop\",\"item\":\"https:\/\/termotom.com\/de\/shop\/\"},{\"@type\":\"ListItem\",\"position\":3,\"name\":\"Staubschutzband mit Perforation f\u00fcr Plattenst\u00e4rken von 4 bis 10 mm\"}]},{\"@type\":\"WebSite\",\"@id\":\"https:\/\/termotom.com\/de\/#website\",\"url\":\"https:\/\/termotom.com\/de\/\",\"name\":\"Trgovina Termotom\",\"description\":\"Spletna trgovina\",\"publisher\":{\"@id\":\"https:\/\/termotom.com\/de\/#organization\"},\"potentialAction\":[{\"@type\":\"SearchAction\",\"target\":{\"@type\":\"EntryPoint\",\"urlTemplate\":\"https:\/\/termotom.com\/de\/?s={search_term_string}\"},\"query-input\":{\"@type\":\"PropertyValueSpecification\",\"valueRequired\":true,\"valueName\":\"search_term_string\"}}],\"inLanguage\":\"de\"},{\"@type\":\"Organization\",\"@id\":\"https:\/\/termotom.com\/de\/#organization\",\"name\":\"Trgovina Termotom\",\"url\":\"https:\/\/termotom.com\/de\/\",\"logo\":{\"@type\":\"ImageObject\",\"inLanguage\":\"de\",\"@id\":\"https:\/\/termotom.com\/de\/#\/schema\/logo\/image\/\",\"url\":\"https:\/\/termotom.com\/wp-content\/uploads\/logo.png\",\"contentUrl\":\"https:\/\/termotom.com\/wp-content\/uploads\/logo.png\",\"width\":400,\"height\":60,\"caption\":\"Trgovina Termotom\"},\"image\":{\"@id\":\"https:\/\/termotom.com\/de\/#\/schema\/logo\/image\/\"}}]}<\/script>\n<!-- \/ Yoast SEO plugin. -->","yoast_head_json":{"title":"Staubschutzband mit Perforation f\u00fcr Plattenst\u00e4rken von 4 bis 10 mm - Trgovina Termotom","robots":{"index":"index","follow":"follow","max-snippet":"max-snippet:-1","max-image-preview":"max-image-preview:large","max-video-preview":"max-video-preview:-1"},"canonical":"https:\/\/termotom.com\/de\/staubschutzband-mit-perforation-fur-plattenstarken-von-4-bis-10-mm\/","og_locale":"de_DE","og_type":"article","og_title":"Staubschutzband mit Perforation f\u00fcr Plattenst\u00e4rken von 4 bis 10 mm - Trgovina Termotom","og_description":"Staubdichtungsband mit Perforationen zum Abdichten von mehrschichtigen Polycarbonatplatten. 33 m Band pro Spule.","og_url":"https:\/\/termotom.com\/de\/staubschutzband-mit-perforation-fur-plattenstarken-von-4-bis-10-mm\/","og_site_name":"Trgovina Termotom","article_modified_time":"2026-04-01T12:05:43+00:00","og_image":[{"width":2560,"height":1844,"url":"https:\/\/termotom.com\/wp-content\/uploads\/XC-2977_barvna-scaled.jpg","type":"image\/jpeg"}],"twitter_card":"summary_large_image","schema":{"@context":"https:\/\/schema.org","@graph":[{"@type":"WebPage","@id":"https:\/\/termotom.com\/de\/staubschutzband-mit-perforation-fur-plattenstarken-von-4-bis-10-mm\/","url":"https:\/\/termotom.com\/de\/staubschutzband-mit-perforation-fur-plattenstarken-von-4-bis-10-mm\/","name":"Staubschutzband mit Perforation f\u00fcr Plattenst\u00e4rken von 4 bis 10 mm - Trgovina Termotom","isPartOf":{"@id":"https:\/\/termotom.com\/de\/#website"},"primaryImageOfPage":{"@id":"https:\/\/termotom.com\/de\/staubschutzband-mit-perforation-fur-plattenstarken-von-4-bis-10-mm\/#primaryimage"},"image":{"@id":"https:\/\/termotom.com\/de\/staubschutzband-mit-perforation-fur-plattenstarken-von-4-bis-10-mm\/#primaryimage"},"thumbnailUrl":"https:\/\/termotom.com\/wp-content\/uploads\/XC-2977_barvna-scaled.jpg","datePublished":"2023-11-15T18:52:09+00:00","dateModified":"2026-04-01T12:05:43+00:00","breadcrumb":{"@id":"https:\/\/termotom.com\/de\/staubschutzband-mit-perforation-fur-plattenstarken-von-4-bis-10-mm\/#breadcrumb"},"inLanguage":"de","potentialAction":[{"@type":"ReadAction","target":["https:\/\/termotom.com\/de\/staubschutzband-mit-perforation-fur-plattenstarken-von-4-bis-10-mm\/"]}]},{"@type":"ImageObject","inLanguage":"de","@id":"https:\/\/termotom.com\/de\/staubschutzband-mit-perforation-fur-plattenstarken-von-4-bis-10-mm\/#primaryimage","url":"https:\/\/termotom.com\/wp-content\/uploads\/XC-2977_barvna-scaled.jpg","contentUrl":"https:\/\/termotom.com\/wp-content\/uploads\/XC-2977_barvna-scaled.jpg","width":2560,"height":1844},{"@type":"BreadcrumbList","@id":"https:\/\/termotom.com\/de\/staubschutzband-mit-perforation-fur-plattenstarken-von-4-bis-10-mm\/#breadcrumb","itemListElement":[{"@type":"ListItem","position":1,"name":"Home","item":"https:\/\/termotom.com\/de\/"},{"@type":"ListItem","position":2,"name":"Shop","item":"https:\/\/termotom.com\/de\/shop\/"},{"@type":"ListItem","position":3,"name":"Staubschutzband mit Perforation f\u00fcr Plattenst\u00e4rken von 4 bis 10 mm"}]},{"@type":"WebSite","@id":"https:\/\/termotom.com\/de\/#website","url":"https:\/\/termotom.com\/de\/","name":"Trgovina Termotom","description":"Spletna trgovina","publisher":{"@id":"https:\/\/termotom.com\/de\/#organization"},"potentialAction":[{"@type":"SearchAction","target":{"@type":"EntryPoint","urlTemplate":"https:\/\/termotom.com\/de\/?s={search_term_string}"},"query-input":{"@type":"PropertyValueSpecification","valueRequired":true,"valueName":"search_term_string"}}],"inLanguage":"de"},{"@type":"Organization","@id":"https:\/\/termotom.com\/de\/#organization","name":"Trgovina Termotom","url":"https:\/\/termotom.com\/de\/","logo":{"@type":"ImageObject","inLanguage":"de","@id":"https:\/\/termotom.com\/de\/#\/schema\/logo\/image\/","url":"https:\/\/termotom.com\/wp-content\/uploads\/logo.png","contentUrl":"https:\/\/termotom.com\/wp-content\/uploads\/logo.png","width":400,"height":60,"caption":"Trgovina Termotom"},"image":{"@id":"https:\/\/termotom.com\/de\/#\/schema\/logo\/image\/"}}]}},"_links":{"self":[{"href":"https:\/\/termotom.com\/de\/wp-json\/wp\/v2\/product\/38363","targetHints":{"allow":["GET"]}}],"collection":[{"href":"https:\/\/termotom.com\/de\/wp-json\/wp\/v2\/product"}],"about":[{"href":"https:\/\/termotom.com\/de\/wp-json\/wp\/v2\/types\/product"}],"replies":[{"embeddable":true,"href":"https:\/\/termotom.com\/de\/wp-json\/wp\/v2\/comments?post=38363"}],"wp:featuredmedia":[{"embeddable":true,"href":"https:\/\/termotom.com\/de\/wp-json\/wp\/v2\/media\/38351"}],"wp:attachment":[{"href":"https:\/\/termotom.com\/de\/wp-json\/wp\/v2\/media?parent=38363"}],"wp:term":[{"taxonomy":"product_brand","embeddable":true,"href":"https:\/\/termotom.com\/de\/wp-json\/wp\/v2\/product_brand?post=38363"},{"taxonomy":"product_cat","embeddable":true,"href":"https:\/\/termotom.com\/de\/wp-json\/wp\/v2\/product_cat?post=38363"},{"taxonomy":"product_tag","embeddable":true,"href":"https:\/\/termotom.com\/de\/wp-json\/wp\/v2\/product_tag?post=38363"}],"curies":[{"name":"wp","href":"https:\/\/api.w.org\/{rel}","templated":true}]}}