{"id":38448,"date":"2023-11-15T18:52:04","date_gmt":"2023-11-15T18:52:04","guid":{"rendered":"https:\/\/termotom.com\/vijak-63x32-inox-s-podlozko-fi-29-za-kovino\/"},"modified":"2026-04-01T12:06:30","modified_gmt":"2026-04-01T12:06:30","slug":"schraube-63x32-inox-mit-unterlegscheibe-fi-29-fur-metall","status":"publish","type":"product","link":"https:\/\/termotom.com\/de\/schraube-63x32-inox-mit-unterlegscheibe-fi-29-fur-metall\/","title":{"rendered":"Schraube 6,3\u00d732 inox mit Unterlegscheibe fi 29 f\u00fcr Metall"},"content":{"rendered":"<p>Rostfreie Inox-Schraube mit Gummi- und Inox-Dichtung, Gr\u00f6\u00dfe 29 mm, zur Befestigung von Polycarbonatplatten. Die Schraube ist f\u00fcr die Verschraubung in Metallkonstruktionen vorgesehen. Die Farbe der Schrauben ist rohes Aluminium. Die Schrauben sind selbstschneidend, aber nicht selbstbohrend. Die Gr\u00f6\u00dfe der Unterlegscheibe und die Weichheit der Gummidichtung erm\u00f6glichen eine gute Abdichtung.<\/p>\n","protected":false},"excerpt":{"rendered":"<p>Schraube mit Metall- und Gummischeibe f\u00fcr die Verschraubung von Polycarbonatplatten in Metallkonstruktionen.<\/p>\n","protected":false},"featured_media":38385,"comment_status":"open","ping_status":"closed","template":"","meta":{"_acf_changed":false},"product_brand":[],"product_cat":[1799,1963],"product_tag":[],"class_list":{"0":"post-38448","1":"product","2":"type-product","3":"status-publish","4":"has-post-thumbnail","6":"product_cat-befestigungsmaterialien-fuer-bedachungen","7":"product_cat-bolzen-und-unterlegscheiben","8":"product_shipping_class-nizja-dostava","9":"pa_komplet-25-kosov","10":"pa_komplet-50-kosov","12":"first","13":"instock","14":"taxable","15":"shipping-taxable","16":"purchasable","17":"product-type-variable"},"acf":[],"yoast_head":"<!-- This site is optimized with the Yoast SEO plugin v27.0 - https:\/\/yoast.com\/product\/yoast-seo-wordpress\/ -->\n<title>Schraube 6,3\u00d732 inox mit Unterlegscheibe fi 29 f\u00fcr Metall - Trgovina Termotom<\/title>\n<meta name=\"robots\" content=\"index, follow, max-snippet:-1, max-image-preview:large, max-video-preview:-1\" \/>\n<link rel=\"canonical\" href=\"https:\/\/termotom.com\/de\/schraube-63x32-inox-mit-unterlegscheibe-fi-29-fur-metall\/\" \/>\n<meta property=\"og:locale\" content=\"de_DE\" \/>\n<meta property=\"og:type\" content=\"article\" \/>\n<meta property=\"og:title\" content=\"Schraube 6,3\u00d732 inox mit Unterlegscheibe fi 29 f\u00fcr Metall - Trgovina Termotom\" \/>\n<meta property=\"og:description\" content=\"Schraube mit Metall- und Gummischeibe f\u00fcr die Verschraubung von Polycarbonatplatten in Metallkonstruktionen.\" \/>\n<meta property=\"og:url\" content=\"https:\/\/termotom.com\/de\/schraube-63x32-inox-mit-unterlegscheibe-fi-29-fur-metall\/\" \/>\n<meta property=\"og:site_name\" content=\"Trgovina Termotom\" \/>\n<meta property=\"article:modified_time\" content=\"2026-04-01T12:06:30+00:00\" \/>\n<meta property=\"og:image\" content=\"https:\/\/termotom.com\/wp-content\/uploads\/Vijak-lesni-fi29.jpg\" \/>\n\t<meta property=\"og:image:width\" content=\"1959\" \/>\n\t<meta property=\"og:image:height\" content=\"1952\" \/>\n\t<meta property=\"og:image:type\" content=\"image\/jpeg\" \/>\n<meta name=\"twitter:card\" content=\"summary_large_image\" \/>\n<script type=\"application\/ld+json\" class=\"yoast-schema-graph\">{\"@context\":\"https:\/\/schema.org\",\"@graph\":[{\"@type\":\"WebPage\",\"@id\":\"https:\/\/termotom.com\/de\/schraube-63x32-inox-mit-unterlegscheibe-fi-29-fur-metall\/\",\"url\":\"https:\/\/termotom.com\/de\/schraube-63x32-inox-mit-unterlegscheibe-fi-29-fur-metall\/\",\"name\":\"Schraube 6,3\u00d732 inox mit Unterlegscheibe fi 29 f\u00fcr Metall - Trgovina Termotom\",\"isPartOf\":{\"@id\":\"https:\/\/termotom.com\/de\/#website\"},\"primaryImageOfPage\":{\"@id\":\"https:\/\/termotom.com\/de\/schraube-63x32-inox-mit-unterlegscheibe-fi-29-fur-metall\/#primaryimage\"},\"image\":{\"@id\":\"https:\/\/termotom.com\/de\/schraube-63x32-inox-mit-unterlegscheibe-fi-29-fur-metall\/#primaryimage\"},\"thumbnailUrl\":\"https:\/\/termotom.com\/wp-content\/uploads\/Vijak-lesni-fi29.jpg\",\"datePublished\":\"2023-11-15T18:52:04+00:00\",\"dateModified\":\"2026-04-01T12:06:30+00:00\",\"breadcrumb\":{\"@id\":\"https:\/\/termotom.com\/de\/schraube-63x32-inox-mit-unterlegscheibe-fi-29-fur-metall\/#breadcrumb\"},\"inLanguage\":\"de\",\"potentialAction\":[{\"@type\":\"ReadAction\",\"target\":[\"https:\/\/termotom.com\/de\/schraube-63x32-inox-mit-unterlegscheibe-fi-29-fur-metall\/\"]}]},{\"@type\":\"ImageObject\",\"inLanguage\":\"de\",\"@id\":\"https:\/\/termotom.com\/de\/schraube-63x32-inox-mit-unterlegscheibe-fi-29-fur-metall\/#primaryimage\",\"url\":\"https:\/\/termotom.com\/wp-content\/uploads\/Vijak-lesni-fi29.jpg\",\"contentUrl\":\"https:\/\/termotom.com\/wp-content\/uploads\/Vijak-lesni-fi29.jpg\",\"width\":1959,\"height\":1952},{\"@type\":\"BreadcrumbList\",\"@id\":\"https:\/\/termotom.com\/de\/schraube-63x32-inox-mit-unterlegscheibe-fi-29-fur-metall\/#breadcrumb\",\"itemListElement\":[{\"@type\":\"ListItem\",\"position\":1,\"name\":\"Home\",\"item\":\"https:\/\/termotom.com\/de\/\"},{\"@type\":\"ListItem\",\"position\":2,\"name\":\"Shop\",\"item\":\"https:\/\/termotom.com\/de\/shop\/\"},{\"@type\":\"ListItem\",\"position\":3,\"name\":\"Schraube 6,3\u00d732 inox mit Unterlegscheibe fi 29 f\u00fcr Metall\"}]},{\"@type\":\"WebSite\",\"@id\":\"https:\/\/termotom.com\/de\/#website\",\"url\":\"https:\/\/termotom.com\/de\/\",\"name\":\"Trgovina Termotom\",\"description\":\"Spletna trgovina\",\"publisher\":{\"@id\":\"https:\/\/termotom.com\/de\/#organization\"},\"potentialAction\":[{\"@type\":\"SearchAction\",\"target\":{\"@type\":\"EntryPoint\",\"urlTemplate\":\"https:\/\/termotom.com\/de\/?s={search_term_string}\"},\"query-input\":{\"@type\":\"PropertyValueSpecification\",\"valueRequired\":true,\"valueName\":\"search_term_string\"}}],\"inLanguage\":\"de\"},{\"@type\":\"Organization\",\"@id\":\"https:\/\/termotom.com\/de\/#organization\",\"name\":\"Trgovina Termotom\",\"url\":\"https:\/\/termotom.com\/de\/\",\"logo\":{\"@type\":\"ImageObject\",\"inLanguage\":\"de\",\"@id\":\"https:\/\/termotom.com\/de\/#\/schema\/logo\/image\/\",\"url\":\"https:\/\/termotom.com\/wp-content\/uploads\/logo.png\",\"contentUrl\":\"https:\/\/termotom.com\/wp-content\/uploads\/logo.png\",\"width\":400,\"height\":60,\"caption\":\"Trgovina Termotom\"},\"image\":{\"@id\":\"https:\/\/termotom.com\/de\/#\/schema\/logo\/image\/\"}}]}<\/script>\n<!-- \/ Yoast SEO plugin. -->","yoast_head_json":{"title":"Schraube 6,3\u00d732 inox mit Unterlegscheibe fi 29 f\u00fcr Metall - Trgovina Termotom","robots":{"index":"index","follow":"follow","max-snippet":"max-snippet:-1","max-image-preview":"max-image-preview:large","max-video-preview":"max-video-preview:-1"},"canonical":"https:\/\/termotom.com\/de\/schraube-63x32-inox-mit-unterlegscheibe-fi-29-fur-metall\/","og_locale":"de_DE","og_type":"article","og_title":"Schraube 6,3\u00d732 inox mit Unterlegscheibe fi 29 f\u00fcr Metall - Trgovina Termotom","og_description":"Schraube mit Metall- und Gummischeibe f\u00fcr die Verschraubung von Polycarbonatplatten in Metallkonstruktionen.","og_url":"https:\/\/termotom.com\/de\/schraube-63x32-inox-mit-unterlegscheibe-fi-29-fur-metall\/","og_site_name":"Trgovina Termotom","article_modified_time":"2026-04-01T12:06:30+00:00","og_image":[{"width":1959,"height":1952,"url":"https:\/\/termotom.com\/wp-content\/uploads\/Vijak-lesni-fi29.jpg","type":"image\/jpeg"}],"twitter_card":"summary_large_image","schema":{"@context":"https:\/\/schema.org","@graph":[{"@type":"WebPage","@id":"https:\/\/termotom.com\/de\/schraube-63x32-inox-mit-unterlegscheibe-fi-29-fur-metall\/","url":"https:\/\/termotom.com\/de\/schraube-63x32-inox-mit-unterlegscheibe-fi-29-fur-metall\/","name":"Schraube 6,3\u00d732 inox mit Unterlegscheibe fi 29 f\u00fcr Metall - Trgovina Termotom","isPartOf":{"@id":"https:\/\/termotom.com\/de\/#website"},"primaryImageOfPage":{"@id":"https:\/\/termotom.com\/de\/schraube-63x32-inox-mit-unterlegscheibe-fi-29-fur-metall\/#primaryimage"},"image":{"@id":"https:\/\/termotom.com\/de\/schraube-63x32-inox-mit-unterlegscheibe-fi-29-fur-metall\/#primaryimage"},"thumbnailUrl":"https:\/\/termotom.com\/wp-content\/uploads\/Vijak-lesni-fi29.jpg","datePublished":"2023-11-15T18:52:04+00:00","dateModified":"2026-04-01T12:06:30+00:00","breadcrumb":{"@id":"https:\/\/termotom.com\/de\/schraube-63x32-inox-mit-unterlegscheibe-fi-29-fur-metall\/#breadcrumb"},"inLanguage":"de","potentialAction":[{"@type":"ReadAction","target":["https:\/\/termotom.com\/de\/schraube-63x32-inox-mit-unterlegscheibe-fi-29-fur-metall\/"]}]},{"@type":"ImageObject","inLanguage":"de","@id":"https:\/\/termotom.com\/de\/schraube-63x32-inox-mit-unterlegscheibe-fi-29-fur-metall\/#primaryimage","url":"https:\/\/termotom.com\/wp-content\/uploads\/Vijak-lesni-fi29.jpg","contentUrl":"https:\/\/termotom.com\/wp-content\/uploads\/Vijak-lesni-fi29.jpg","width":1959,"height":1952},{"@type":"BreadcrumbList","@id":"https:\/\/termotom.com\/de\/schraube-63x32-inox-mit-unterlegscheibe-fi-29-fur-metall\/#breadcrumb","itemListElement":[{"@type":"ListItem","position":1,"name":"Home","item":"https:\/\/termotom.com\/de\/"},{"@type":"ListItem","position":2,"name":"Shop","item":"https:\/\/termotom.com\/de\/shop\/"},{"@type":"ListItem","position":3,"name":"Schraube 6,3\u00d732 inox mit Unterlegscheibe fi 29 f\u00fcr Metall"}]},{"@type":"WebSite","@id":"https:\/\/termotom.com\/de\/#website","url":"https:\/\/termotom.com\/de\/","name":"Trgovina Termotom","description":"Spletna trgovina","publisher":{"@id":"https:\/\/termotom.com\/de\/#organization"},"potentialAction":[{"@type":"SearchAction","target":{"@type":"EntryPoint","urlTemplate":"https:\/\/termotom.com\/de\/?s={search_term_string}"},"query-input":{"@type":"PropertyValueSpecification","valueRequired":true,"valueName":"search_term_string"}}],"inLanguage":"de"},{"@type":"Organization","@id":"https:\/\/termotom.com\/de\/#organization","name":"Trgovina Termotom","url":"https:\/\/termotom.com\/de\/","logo":{"@type":"ImageObject","inLanguage":"de","@id":"https:\/\/termotom.com\/de\/#\/schema\/logo\/image\/","url":"https:\/\/termotom.com\/wp-content\/uploads\/logo.png","contentUrl":"https:\/\/termotom.com\/wp-content\/uploads\/logo.png","width":400,"height":60,"caption":"Trgovina Termotom"},"image":{"@id":"https:\/\/termotom.com\/de\/#\/schema\/logo\/image\/"}}]}},"_links":{"self":[{"href":"https:\/\/termotom.com\/de\/wp-json\/wp\/v2\/product\/38448","targetHints":{"allow":["GET"]}}],"collection":[{"href":"https:\/\/termotom.com\/de\/wp-json\/wp\/v2\/product"}],"about":[{"href":"https:\/\/termotom.com\/de\/wp-json\/wp\/v2\/types\/product"}],"replies":[{"embeddable":true,"href":"https:\/\/termotom.com\/de\/wp-json\/wp\/v2\/comments?post=38448"}],"wp:featuredmedia":[{"embeddable":true,"href":"https:\/\/termotom.com\/de\/wp-json\/wp\/v2\/media\/38385"}],"wp:attachment":[{"href":"https:\/\/termotom.com\/de\/wp-json\/wp\/v2\/media?parent=38448"}],"wp:term":[{"taxonomy":"product_brand","embeddable":true,"href":"https:\/\/termotom.com\/de\/wp-json\/wp\/v2\/product_brand?post=38448"},{"taxonomy":"product_cat","embeddable":true,"href":"https:\/\/termotom.com\/de\/wp-json\/wp\/v2\/product_cat?post=38448"},{"taxonomy":"product_tag","embeddable":true,"href":"https:\/\/termotom.com\/de\/wp-json\/wp\/v2\/product_tag?post=38448"}],"curies":[{"name":"wp","href":"https:\/\/api.w.org\/{rel}","templated":true}]}}