{"id":38543,"date":"2023-11-15T18:51:50","date_gmt":"2023-11-15T18:51:50","guid":{"rendered":"https:\/\/termotom.com\/aluminijast-l-profil-za-debelino-plosce-10-mm\/"},"modified":"2026-04-01T12:07:14","modified_gmt":"2026-04-01T12:07:14","slug":"aluminium-l-profil-fuer-plattenstaerke-10-mm","status":"publish","type":"product","link":"https:\/\/termotom.com\/de\/aluminium-l-profil-fuer-plattenstaerke-10-mm\/","title":{"rendered":"Aluminium-L-Profil f\u00fcr Plattenst\u00e4rke 10 mm"},"content":{"rendered":"<p>Das L-Profil aus Aluminium wird als 90-Grad-Verbindung f\u00fcr Polycarbonatplatten in Vertikalverglasungen verwendet. Seine gerippte Struktur und die langen Schenkel machen es sehr komprimierbar und geeignet f\u00fcr die Befestigung.<\/p>\n","protected":false},"excerpt":{"rendered":"<p>ALU L-Profil f\u00fcr die Verbindung von Polycarbonatplatten im 90-Grad-Winkel.<\/p>\n","protected":false},"featured_media":38544,"comment_status":"open","ping_status":"closed","template":"","meta":{"_acf_changed":false},"product_brand":[],"product_cat":[1799,1800],"product_tag":[],"class_list":{"0":"post-38543","1":"product","2":"type-product","3":"status-publish","4":"has-post-thumbnail","6":"product_cat-befestigungsmaterialien-fuer-bedachungen","7":"product_cat-aluminium-profile","8":"pa_barva-srebrna","9":"pa_dolzina-1000-mm","10":"pa_dolzina-2000-mm","11":"pa_dolzina-3000-mm","12":"pa_dolzina-4000-mm","13":"pa_dolzina-6000-mm","15":"first","16":"instock","17":"taxable","18":"shipping-taxable","19":"purchasable","20":"product-type-variable"},"acf":[],"yoast_head":"<!-- This site is optimized with the Yoast SEO plugin v27.0 - https:\/\/yoast.com\/product\/yoast-seo-wordpress\/ -->\n<title>Aluminium-L-Profil f\u00fcr Plattenst\u00e4rke 10 mm - Trgovina Termotom<\/title>\n<meta name=\"robots\" content=\"index, follow, max-snippet:-1, max-image-preview:large, max-video-preview:-1\" \/>\n<link rel=\"canonical\" href=\"https:\/\/termotom.com\/de\/aluminium-l-profil-fuer-plattenstaerke-10-mm\/\" \/>\n<meta property=\"og:locale\" content=\"de_DE\" \/>\n<meta property=\"og:type\" content=\"article\" \/>\n<meta property=\"og:title\" content=\"Aluminium-L-Profil f\u00fcr Plattenst\u00e4rke 10 mm - Trgovina Termotom\" \/>\n<meta property=\"og:description\" content=\"ALU L-Profil f\u00fcr die Verbindung von Polycarbonatplatten im 90-Grad-Winkel.\" \/>\n<meta property=\"og:url\" content=\"https:\/\/termotom.com\/de\/aluminium-l-profil-fuer-plattenstaerke-10-mm\/\" \/>\n<meta property=\"og:site_name\" content=\"Trgovina Termotom\" \/>\n<meta property=\"article:modified_time\" content=\"2026-04-01T12:07:14+00:00\" \/>\n<meta property=\"og:image\" content=\"https:\/\/termotom.com\/wp-content\/uploads\/ALU_L_10MM.jpg\" \/>\n\t<meta property=\"og:image:width\" content=\"1946\" \/>\n\t<meta property=\"og:image:height\" content=\"1171\" \/>\n\t<meta property=\"og:image:type\" content=\"image\/jpeg\" \/>\n<meta name=\"twitter:card\" content=\"summary_large_image\" \/>\n<script type=\"application\/ld+json\" class=\"yoast-schema-graph\">{\"@context\":\"https:\/\/schema.org\",\"@graph\":[{\"@type\":\"WebPage\",\"@id\":\"https:\/\/termotom.com\/de\/aluminium-l-profil-fuer-plattenstaerke-10-mm\/\",\"url\":\"https:\/\/termotom.com\/de\/aluminium-l-profil-fuer-plattenstaerke-10-mm\/\",\"name\":\"Aluminium-L-Profil f\u00fcr Plattenst\u00e4rke 10 mm - Trgovina Termotom\",\"isPartOf\":{\"@id\":\"https:\/\/termotom.com\/de\/#website\"},\"primaryImageOfPage\":{\"@id\":\"https:\/\/termotom.com\/de\/aluminium-l-profil-fuer-plattenstaerke-10-mm\/#primaryimage\"},\"image\":{\"@id\":\"https:\/\/termotom.com\/de\/aluminium-l-profil-fuer-plattenstaerke-10-mm\/#primaryimage\"},\"thumbnailUrl\":\"https:\/\/termotom.com\/wp-content\/uploads\/ALU_L_10MM.jpg\",\"datePublished\":\"2023-11-15T18:51:50+00:00\",\"dateModified\":\"2026-04-01T12:07:14+00:00\",\"breadcrumb\":{\"@id\":\"https:\/\/termotom.com\/de\/aluminium-l-profil-fuer-plattenstaerke-10-mm\/#breadcrumb\"},\"inLanguage\":\"de\",\"potentialAction\":[{\"@type\":\"ReadAction\",\"target\":[\"https:\/\/termotom.com\/de\/aluminium-l-profil-fuer-plattenstaerke-10-mm\/\"]}]},{\"@type\":\"ImageObject\",\"inLanguage\":\"de\",\"@id\":\"https:\/\/termotom.com\/de\/aluminium-l-profil-fuer-plattenstaerke-10-mm\/#primaryimage\",\"url\":\"https:\/\/termotom.com\/wp-content\/uploads\/ALU_L_10MM.jpg\",\"contentUrl\":\"https:\/\/termotom.com\/wp-content\/uploads\/ALU_L_10MM.jpg\",\"width\":1946,\"height\":1171},{\"@type\":\"BreadcrumbList\",\"@id\":\"https:\/\/termotom.com\/de\/aluminium-l-profil-fuer-plattenstaerke-10-mm\/#breadcrumb\",\"itemListElement\":[{\"@type\":\"ListItem\",\"position\":1,\"name\":\"Home\",\"item\":\"https:\/\/termotom.com\/de\/\"},{\"@type\":\"ListItem\",\"position\":2,\"name\":\"Shop\",\"item\":\"https:\/\/termotom.com\/de\/shop\/\"},{\"@type\":\"ListItem\",\"position\":3,\"name\":\"Aluminium-L-Profil f\u00fcr Plattenst\u00e4rke 10 mm\"}]},{\"@type\":\"WebSite\",\"@id\":\"https:\/\/termotom.com\/de\/#website\",\"url\":\"https:\/\/termotom.com\/de\/\",\"name\":\"Trgovina Termotom\",\"description\":\"Spletna trgovina\",\"publisher\":{\"@id\":\"https:\/\/termotom.com\/de\/#organization\"},\"potentialAction\":[{\"@type\":\"SearchAction\",\"target\":{\"@type\":\"EntryPoint\",\"urlTemplate\":\"https:\/\/termotom.com\/de\/?s={search_term_string}\"},\"query-input\":{\"@type\":\"PropertyValueSpecification\",\"valueRequired\":true,\"valueName\":\"search_term_string\"}}],\"inLanguage\":\"de\"},{\"@type\":\"Organization\",\"@id\":\"https:\/\/termotom.com\/de\/#organization\",\"name\":\"Trgovina Termotom\",\"url\":\"https:\/\/termotom.com\/de\/\",\"logo\":{\"@type\":\"ImageObject\",\"inLanguage\":\"de\",\"@id\":\"https:\/\/termotom.com\/de\/#\/schema\/logo\/image\/\",\"url\":\"https:\/\/termotom.com\/wp-content\/uploads\/logo.png\",\"contentUrl\":\"https:\/\/termotom.com\/wp-content\/uploads\/logo.png\",\"width\":400,\"height\":60,\"caption\":\"Trgovina Termotom\"},\"image\":{\"@id\":\"https:\/\/termotom.com\/de\/#\/schema\/logo\/image\/\"}}]}<\/script>\n<!-- \/ Yoast SEO plugin. -->","yoast_head_json":{"title":"Aluminium-L-Profil f\u00fcr Plattenst\u00e4rke 10 mm - Trgovina Termotom","robots":{"index":"index","follow":"follow","max-snippet":"max-snippet:-1","max-image-preview":"max-image-preview:large","max-video-preview":"max-video-preview:-1"},"canonical":"https:\/\/termotom.com\/de\/aluminium-l-profil-fuer-plattenstaerke-10-mm\/","og_locale":"de_DE","og_type":"article","og_title":"Aluminium-L-Profil f\u00fcr Plattenst\u00e4rke 10 mm - Trgovina Termotom","og_description":"ALU L-Profil f\u00fcr die Verbindung von Polycarbonatplatten im 90-Grad-Winkel.","og_url":"https:\/\/termotom.com\/de\/aluminium-l-profil-fuer-plattenstaerke-10-mm\/","og_site_name":"Trgovina Termotom","article_modified_time":"2026-04-01T12:07:14+00:00","og_image":[{"width":1946,"height":1171,"url":"https:\/\/termotom.com\/wp-content\/uploads\/ALU_L_10MM.jpg","type":"image\/jpeg"}],"twitter_card":"summary_large_image","schema":{"@context":"https:\/\/schema.org","@graph":[{"@type":"WebPage","@id":"https:\/\/termotom.com\/de\/aluminium-l-profil-fuer-plattenstaerke-10-mm\/","url":"https:\/\/termotom.com\/de\/aluminium-l-profil-fuer-plattenstaerke-10-mm\/","name":"Aluminium-L-Profil f\u00fcr Plattenst\u00e4rke 10 mm - Trgovina Termotom","isPartOf":{"@id":"https:\/\/termotom.com\/de\/#website"},"primaryImageOfPage":{"@id":"https:\/\/termotom.com\/de\/aluminium-l-profil-fuer-plattenstaerke-10-mm\/#primaryimage"},"image":{"@id":"https:\/\/termotom.com\/de\/aluminium-l-profil-fuer-plattenstaerke-10-mm\/#primaryimage"},"thumbnailUrl":"https:\/\/termotom.com\/wp-content\/uploads\/ALU_L_10MM.jpg","datePublished":"2023-11-15T18:51:50+00:00","dateModified":"2026-04-01T12:07:14+00:00","breadcrumb":{"@id":"https:\/\/termotom.com\/de\/aluminium-l-profil-fuer-plattenstaerke-10-mm\/#breadcrumb"},"inLanguage":"de","potentialAction":[{"@type":"ReadAction","target":["https:\/\/termotom.com\/de\/aluminium-l-profil-fuer-plattenstaerke-10-mm\/"]}]},{"@type":"ImageObject","inLanguage":"de","@id":"https:\/\/termotom.com\/de\/aluminium-l-profil-fuer-plattenstaerke-10-mm\/#primaryimage","url":"https:\/\/termotom.com\/wp-content\/uploads\/ALU_L_10MM.jpg","contentUrl":"https:\/\/termotom.com\/wp-content\/uploads\/ALU_L_10MM.jpg","width":1946,"height":1171},{"@type":"BreadcrumbList","@id":"https:\/\/termotom.com\/de\/aluminium-l-profil-fuer-plattenstaerke-10-mm\/#breadcrumb","itemListElement":[{"@type":"ListItem","position":1,"name":"Home","item":"https:\/\/termotom.com\/de\/"},{"@type":"ListItem","position":2,"name":"Shop","item":"https:\/\/termotom.com\/de\/shop\/"},{"@type":"ListItem","position":3,"name":"Aluminium-L-Profil f\u00fcr Plattenst\u00e4rke 10 mm"}]},{"@type":"WebSite","@id":"https:\/\/termotom.com\/de\/#website","url":"https:\/\/termotom.com\/de\/","name":"Trgovina Termotom","description":"Spletna trgovina","publisher":{"@id":"https:\/\/termotom.com\/de\/#organization"},"potentialAction":[{"@type":"SearchAction","target":{"@type":"EntryPoint","urlTemplate":"https:\/\/termotom.com\/de\/?s={search_term_string}"},"query-input":{"@type":"PropertyValueSpecification","valueRequired":true,"valueName":"search_term_string"}}],"inLanguage":"de"},{"@type":"Organization","@id":"https:\/\/termotom.com\/de\/#organization","name":"Trgovina Termotom","url":"https:\/\/termotom.com\/de\/","logo":{"@type":"ImageObject","inLanguage":"de","@id":"https:\/\/termotom.com\/de\/#\/schema\/logo\/image\/","url":"https:\/\/termotom.com\/wp-content\/uploads\/logo.png","contentUrl":"https:\/\/termotom.com\/wp-content\/uploads\/logo.png","width":400,"height":60,"caption":"Trgovina Termotom"},"image":{"@id":"https:\/\/termotom.com\/de\/#\/schema\/logo\/image\/"}}]}},"_links":{"self":[{"href":"https:\/\/termotom.com\/de\/wp-json\/wp\/v2\/product\/38543","targetHints":{"allow":["GET"]}}],"collection":[{"href":"https:\/\/termotom.com\/de\/wp-json\/wp\/v2\/product"}],"about":[{"href":"https:\/\/termotom.com\/de\/wp-json\/wp\/v2\/types\/product"}],"replies":[{"embeddable":true,"href":"https:\/\/termotom.com\/de\/wp-json\/wp\/v2\/comments?post=38543"}],"wp:featuredmedia":[{"embeddable":true,"href":"https:\/\/termotom.com\/de\/wp-json\/wp\/v2\/media\/38544"}],"wp:attachment":[{"href":"https:\/\/termotom.com\/de\/wp-json\/wp\/v2\/media?parent=38543"}],"wp:term":[{"taxonomy":"product_brand","embeddable":true,"href":"https:\/\/termotom.com\/de\/wp-json\/wp\/v2\/product_brand?post=38543"},{"taxonomy":"product_cat","embeddable":true,"href":"https:\/\/termotom.com\/de\/wp-json\/wp\/v2\/product_cat?post=38543"},{"taxonomy":"product_tag","embeddable":true,"href":"https:\/\/termotom.com\/de\/wp-json\/wp\/v2\/product_tag?post=38543"}],"curies":[{"name":"wp","href":"https:\/\/api.w.org\/{rel}","templated":true}]}}