{"id":23545,"date":"2026-01-23T12:45:32","date_gmt":"2026-01-23T12:45:32","guid":{"rendered":"https:\/\/termotom.com\/hit-hlevska-guma-pohodna\/"},"modified":"2026-04-01T09:48:23","modified_gmt":"2026-04-01T09:48:23","slug":"hit-stable-rubber-walking","status":"publish","type":"product","link":"https:\/\/termotom.com\/en\/hit-stable-rubber-walking\/","title":{"rendered":"HIT stable rubber, walking"},"content":{"rendered":"<p>HIT stable rubber is an affordable, durable flooring made from recycled rubber, designed specifically for use in horse stables, dry pens, walking paths, corridors and horse washing areas.<\/p>\n<p>The upper surface of the tiles has a slightly convex, non-slip profile that effectively prevents slipping and increases the safety of horses and carers. The underside is specially profiled for effective water drainage, providing excellent drainage \u2013 crucial in damp areas such as stalls and washing areas.<\/p>\n<p>With a thickness of 3.2 cm, HIT stable rubber provides good insulation and sound absorption. The slight spring effect reduces point loads on the joints, which has a positive effect on the well-being of horses.<\/p>\n<p>HIT rubber is suitable for shod and unshod horses. It is resistant to moisture, urine and weather influences, making it an excellent solution for both indoor and outdoor areas.<\/p>\n<p>They are made of extremely durable material that can easily withstand high loads and ensures long-term use.<\/p>\n<p>The gutter connection system allows for <strong>quick and easy installation<\/strong>, and the panels can be adjusted by cutting (circular or jigsaw) if necessary.<\/p>\n","protected":false},"excerpt":{"rendered":"<p>HIT stable rubber suitable for stables, dry stalls, corridors.<\/p>\n<p>The size of the panels is 118 x 84 cm and the thickness is 3,2 cm.<\/p>\n","protected":false},"featured_media":23546,"comment_status":"closed","ping_status":"closed","template":"","meta":{"_acf_changed":false},"product_brand":[],"product_cat":[1563],"product_tag":[],"class_list":{"0":"post-23545","1":"product","2":"type-product","3":"status-publish","4":"has-post-thumbnail","6":"product_cat-equipment-for-horses","7":"product_shipping_class-visoka-dostava","9":"first","10":"instock","11":"taxable","12":"shipping-taxable","13":"purchasable","14":"product-type-simple"},"acf":[],"yoast_head":"<!-- This site is optimized with the Yoast SEO plugin v27.0 - https:\/\/yoast.com\/product\/yoast-seo-wordpress\/ -->\n<title>HIT stable rubber, walking - Trgovina Termotom<\/title>\n<meta name=\"description\" content=\"HIT hlevska guma za konje je trpe\u017ena, protizdrsna gumijasta podloga z odli\u010dno drena\u017eo, ki pove\u010duje varnost, udobje in dobrobit konj.\" \/>\n<meta name=\"robots\" content=\"index, follow, max-snippet:-1, max-image-preview:large, max-video-preview:-1\" \/>\n<link rel=\"canonical\" href=\"https:\/\/termotom.com\/en\/hit-stable-rubber-walking\/\" \/>\n<meta property=\"og:locale\" content=\"en_US\" \/>\n<meta property=\"og:type\" content=\"article\" \/>\n<meta property=\"og:title\" content=\"HIT stable rubber, walking - Trgovina Termotom\" \/>\n<meta property=\"og:description\" content=\"HIT hlevska guma za konje je trpe\u017ena, protizdrsna gumijasta podloga z odli\u010dno drena\u017eo, ki pove\u010duje varnost, udobje in dobrobit konj.\" \/>\n<meta property=\"og:url\" content=\"https:\/\/termotom.com\/en\/hit-stable-rubber-walking\/\" \/>\n<meta property=\"og:site_name\" content=\"Trgovina Termotom\" \/>\n<meta property=\"article:modified_time\" content=\"2026-04-01T09:48:23+00:00\" \/>\n<meta property=\"og:image\" content=\"https:\/\/termotom.com\/wp-content\/uploads\/box-1-scaled.jpg\" \/>\n\t<meta property=\"og:image:width\" content=\"2560\" \/>\n\t<meta property=\"og:image:height\" content=\"2067\" \/>\n\t<meta property=\"og:image:type\" content=\"image\/jpeg\" \/>\n<meta name=\"twitter:card\" content=\"summary_large_image\" \/>\n<meta name=\"twitter:label1\" content=\"Est. reading time\" \/>\n\t<meta name=\"twitter:data1\" content=\"1 minute\" \/>\n<script type=\"application\/ld+json\" class=\"yoast-schema-graph\">{\"@context\":\"https:\/\/schema.org\",\"@graph\":[{\"@type\":\"WebPage\",\"@id\":\"https:\/\/termotom.com\/en\/hit-stable-rubber-walking\/\",\"url\":\"https:\/\/termotom.com\/en\/hit-stable-rubber-walking\/\",\"name\":\"HIT stable rubber, walking - Trgovina Termotom\",\"isPartOf\":{\"@id\":\"https:\/\/termotom.com\/en\/#website\"},\"primaryImageOfPage\":{\"@id\":\"https:\/\/termotom.com\/en\/hit-stable-rubber-walking\/#primaryimage\"},\"image\":{\"@id\":\"https:\/\/termotom.com\/en\/hit-stable-rubber-walking\/#primaryimage\"},\"thumbnailUrl\":\"https:\/\/termotom.com\/wp-content\/uploads\/box-1-scaled.jpg\",\"datePublished\":\"2026-01-23T12:45:32+00:00\",\"dateModified\":\"2026-04-01T09:48:23+00:00\",\"description\":\"HIT hlevska guma za konje je trpe\u017ena, protizdrsna gumijasta podloga z odli\u010dno drena\u017eo, ki pove\u010duje varnost, udobje in dobrobit konj.\",\"breadcrumb\":{\"@id\":\"https:\/\/termotom.com\/en\/hit-stable-rubber-walking\/#breadcrumb\"},\"inLanguage\":\"en-US\",\"potentialAction\":[{\"@type\":\"ReadAction\",\"target\":[\"https:\/\/termotom.com\/en\/hit-stable-rubber-walking\/\"]}]},{\"@type\":\"ImageObject\",\"inLanguage\":\"en-US\",\"@id\":\"https:\/\/termotom.com\/en\/hit-stable-rubber-walking\/#primaryimage\",\"url\":\"https:\/\/termotom.com\/wp-content\/uploads\/box-1-scaled.jpg\",\"contentUrl\":\"https:\/\/termotom.com\/wp-content\/uploads\/box-1-scaled.jpg\",\"width\":2560,\"height\":2067},{\"@type\":\"BreadcrumbList\",\"@id\":\"https:\/\/termotom.com\/en\/hit-stable-rubber-walking\/#breadcrumb\",\"itemListElement\":[{\"@type\":\"ListItem\",\"position\":1,\"name\":\"Home\",\"item\":\"https:\/\/termotom.com\/en\/\"},{\"@type\":\"ListItem\",\"position\":2,\"name\":\"Shop\",\"item\":\"https:\/\/termotom.com\/en\/shop\/\"},{\"@type\":\"ListItem\",\"position\":3,\"name\":\"HIT stable rubber, walking\"}]},{\"@type\":\"WebSite\",\"@id\":\"https:\/\/termotom.com\/en\/#website\",\"url\":\"https:\/\/termotom.com\/en\/\",\"name\":\"Trgovina Termotom\",\"description\":\"Spletna trgovina\",\"publisher\":{\"@id\":\"https:\/\/termotom.com\/en\/#organization\"},\"potentialAction\":[{\"@type\":\"SearchAction\",\"target\":{\"@type\":\"EntryPoint\",\"urlTemplate\":\"https:\/\/termotom.com\/en\/?s={search_term_string}\"},\"query-input\":{\"@type\":\"PropertyValueSpecification\",\"valueRequired\":true,\"valueName\":\"search_term_string\"}}],\"inLanguage\":\"en-US\"},{\"@type\":\"Organization\",\"@id\":\"https:\/\/termotom.com\/en\/#organization\",\"name\":\"Trgovina Termotom\",\"url\":\"https:\/\/termotom.com\/en\/\",\"logo\":{\"@type\":\"ImageObject\",\"inLanguage\":\"en-US\",\"@id\":\"https:\/\/termotom.com\/en\/#\/schema\/logo\/image\/\",\"url\":\"https:\/\/termotom.com\/wp-content\/uploads\/logo.png\",\"contentUrl\":\"https:\/\/termotom.com\/wp-content\/uploads\/logo.png\",\"width\":400,\"height\":60,\"caption\":\"Trgovina Termotom\"},\"image\":{\"@id\":\"https:\/\/termotom.com\/en\/#\/schema\/logo\/image\/\"}}]}<\/script>\n<!-- \/ Yoast SEO plugin. -->","yoast_head_json":{"title":"HIT stable rubber, walking - Trgovina Termotom","description":"HIT hlevska guma za konje je trpe\u017ena, protizdrsna gumijasta podloga z odli\u010dno drena\u017eo, ki pove\u010duje varnost, udobje in dobrobit konj.","robots":{"index":"index","follow":"follow","max-snippet":"max-snippet:-1","max-image-preview":"max-image-preview:large","max-video-preview":"max-video-preview:-1"},"canonical":"https:\/\/termotom.com\/en\/hit-stable-rubber-walking\/","og_locale":"en_US","og_type":"article","og_title":"HIT stable rubber, walking - Trgovina Termotom","og_description":"HIT hlevska guma za konje je trpe\u017ena, protizdrsna gumijasta podloga z odli\u010dno drena\u017eo, ki pove\u010duje varnost, udobje in dobrobit konj.","og_url":"https:\/\/termotom.com\/en\/hit-stable-rubber-walking\/","og_site_name":"Trgovina Termotom","article_modified_time":"2026-04-01T09:48:23+00:00","og_image":[{"width":2560,"height":2067,"url":"https:\/\/termotom.com\/wp-content\/uploads\/box-1-scaled.jpg","type":"image\/jpeg"}],"twitter_card":"summary_large_image","twitter_misc":{"Est. reading time":"1 minute"},"schema":{"@context":"https:\/\/schema.org","@graph":[{"@type":"WebPage","@id":"https:\/\/termotom.com\/en\/hit-stable-rubber-walking\/","url":"https:\/\/termotom.com\/en\/hit-stable-rubber-walking\/","name":"HIT stable rubber, walking - Trgovina Termotom","isPartOf":{"@id":"https:\/\/termotom.com\/en\/#website"},"primaryImageOfPage":{"@id":"https:\/\/termotom.com\/en\/hit-stable-rubber-walking\/#primaryimage"},"image":{"@id":"https:\/\/termotom.com\/en\/hit-stable-rubber-walking\/#primaryimage"},"thumbnailUrl":"https:\/\/termotom.com\/wp-content\/uploads\/box-1-scaled.jpg","datePublished":"2026-01-23T12:45:32+00:00","dateModified":"2026-04-01T09:48:23+00:00","description":"HIT hlevska guma za konje je trpe\u017ena, protizdrsna gumijasta podloga z odli\u010dno drena\u017eo, ki pove\u010duje varnost, udobje in dobrobit konj.","breadcrumb":{"@id":"https:\/\/termotom.com\/en\/hit-stable-rubber-walking\/#breadcrumb"},"inLanguage":"en-US","potentialAction":[{"@type":"ReadAction","target":["https:\/\/termotom.com\/en\/hit-stable-rubber-walking\/"]}]},{"@type":"ImageObject","inLanguage":"en-US","@id":"https:\/\/termotom.com\/en\/hit-stable-rubber-walking\/#primaryimage","url":"https:\/\/termotom.com\/wp-content\/uploads\/box-1-scaled.jpg","contentUrl":"https:\/\/termotom.com\/wp-content\/uploads\/box-1-scaled.jpg","width":2560,"height":2067},{"@type":"BreadcrumbList","@id":"https:\/\/termotom.com\/en\/hit-stable-rubber-walking\/#breadcrumb","itemListElement":[{"@type":"ListItem","position":1,"name":"Home","item":"https:\/\/termotom.com\/en\/"},{"@type":"ListItem","position":2,"name":"Shop","item":"https:\/\/termotom.com\/en\/shop\/"},{"@type":"ListItem","position":3,"name":"HIT stable rubber, walking"}]},{"@type":"WebSite","@id":"https:\/\/termotom.com\/en\/#website","url":"https:\/\/termotom.com\/en\/","name":"Trgovina Termotom","description":"Spletna trgovina","publisher":{"@id":"https:\/\/termotom.com\/en\/#organization"},"potentialAction":[{"@type":"SearchAction","target":{"@type":"EntryPoint","urlTemplate":"https:\/\/termotom.com\/en\/?s={search_term_string}"},"query-input":{"@type":"PropertyValueSpecification","valueRequired":true,"valueName":"search_term_string"}}],"inLanguage":"en-US"},{"@type":"Organization","@id":"https:\/\/termotom.com\/en\/#organization","name":"Trgovina Termotom","url":"https:\/\/termotom.com\/en\/","logo":{"@type":"ImageObject","inLanguage":"en-US","@id":"https:\/\/termotom.com\/en\/#\/schema\/logo\/image\/","url":"https:\/\/termotom.com\/wp-content\/uploads\/logo.png","contentUrl":"https:\/\/termotom.com\/wp-content\/uploads\/logo.png","width":400,"height":60,"caption":"Trgovina Termotom"},"image":{"@id":"https:\/\/termotom.com\/en\/#\/schema\/logo\/image\/"}}]}},"_links":{"self":[{"href":"https:\/\/termotom.com\/en\/wp-json\/wp\/v2\/product\/23545","targetHints":{"allow":["GET"]}}],"collection":[{"href":"https:\/\/termotom.com\/en\/wp-json\/wp\/v2\/product"}],"about":[{"href":"https:\/\/termotom.com\/en\/wp-json\/wp\/v2\/types\/product"}],"replies":[{"embeddable":true,"href":"https:\/\/termotom.com\/en\/wp-json\/wp\/v2\/comments?post=23545"}],"wp:featuredmedia":[{"embeddable":true,"href":"https:\/\/termotom.com\/en\/wp-json\/wp\/v2\/media\/23546"}],"wp:attachment":[{"href":"https:\/\/termotom.com\/en\/wp-json\/wp\/v2\/media?parent=23545"}],"wp:term":[{"taxonomy":"product_brand","embeddable":true,"href":"https:\/\/termotom.com\/en\/wp-json\/wp\/v2\/product_brand?post=23545"},{"taxonomy":"product_cat","embeddable":true,"href":"https:\/\/termotom.com\/en\/wp-json\/wp\/v2\/product_cat?post=23545"},{"taxonomy":"product_tag","embeddable":true,"href":"https:\/\/termotom.com\/en\/wp-json\/wp\/v2\/product_tag?post=23545"}],"curies":[{"name":"wp","href":"https:\/\/api.w.org\/{rel}","templated":true}]}}