{"id":23867,"date":"2026-02-27T08:47:21","date_gmt":"2026-02-27T08:47:21","guid":{"rendered":"https:\/\/termotom.com\/podloga-za-stol-za-zascito-tal-1-mm\/"},"modified":"2026-04-01T09:50:37","modified_gmt":"2026-04-01T09:50:37","slug":"podloga-za-stolicu-za-zastitu-poda-1-mm","status":"publish","type":"product","link":"https:\/\/termotom.com\/hr\/podloga-za-stolicu-za-zastitu-poda-1-mm\/","title":{"rendered":"Podloga za stolicu, za za\u0161titu poda, 1 mm"},"content":{"rendered":"<ul>\n<li>Prozirni podmeta\u010d za stolice dizajniran je za za\u0161titu va\u0161eg poda od habanja, ogrebotina i ostalih o\u0161te\u0107enja koja mogu uzrokovati uredske stolice ili drugi namje\u0161taj. Bilo da tra\u017eite za\u0161titu za parket, laminat ili tepihne povr\u0161ine, na\u0161 podmeta\u010d za stolice je rje\u0161enje za vas.<br \/>\nVisokokvalitetni materijal: na\u0161 za\u0161titnik je izra\u0111en od izdr\u017eljivog polikarbonata, koji je \u010dvrst, neuni\u0161tiv i pru\u017ea dugotrajnu za\u0161titu va\u0161im podovima. <u>Materijal je debljine 1 mm.<\/u><\/li>\n<li>Nevidljiva za\u0161tita: va\u0161 \u0107e pod uvijek izgledati sjajno jer za\u0161tita ne naru\u0161ava estetiku prostorije.<\/li>\n<li>Jednostavna monta\u017ea: prostirka za stolice dizajnirana je tako da je mo\u017eete jednostavno postaviti na pod bez potrebe za dodatnim alatima ili priborom.<\/li>\n<li>Pogodno za razli\u010dite povr\u0161ine: prostirka je kompatibilna s razli\u010ditim vrstama podova, uklju\u010duju\u0107i parket, laminat, plo\u010dice itd.<\/li>\n<\/ul>\n","protected":false},"excerpt":{"rendered":"<p>Za\u0161titite pod na\u0161om prostirkom za stolice. Nabavite pristupa\u010dnu za\u0161titu za pod.<\/p>\n","protected":false},"featured_media":23868,"comment_status":"closed","ping_status":"closed","template":"","meta":{"_acf_changed":false},"product_brand":[],"product_cat":[1648],"product_tag":[],"class_list":{"0":"post-23867","1":"product","2":"type-product","3":"status-publish","4":"has-post-thumbnail","6":"product_cat-proizvodi-i-rjesenja","7":"pa_dimenzija-1200x1000-mm","8":"pa_dimenzija-1200x2000-mm","10":"first","11":"instock","12":"taxable","13":"shipping-taxable","14":"purchasable","15":"product-type-variable"},"acf":[],"yoast_head":"<!-- This site is optimized with the Yoast SEO plugin v27.0 - https:\/\/yoast.com\/product\/yoast-seo-wordpress\/ -->\n<title>Podloga za stolicu, za za\u0161titu poda, 1 mm - Trgovina Termotom<\/title>\n<meta name=\"robots\" content=\"index, follow, max-snippet:-1, max-image-preview:large, max-video-preview:-1\" \/>\n<link rel=\"canonical\" href=\"https:\/\/termotom.com\/hr\/podloga-za-stolicu-za-zastitu-poda-1-mm\/\" \/>\n<meta property=\"og:locale\" content=\"hr_HR\" \/>\n<meta property=\"og:type\" content=\"article\" \/>\n<meta property=\"og:title\" content=\"Podloga za stolicu, za za\u0161titu poda, 1 mm - Trgovina Termotom\" \/>\n<meta property=\"og:description\" content=\"Za\u0161titite pod na\u0161om prostirkom za stolice. Nabavite pristupa\u010dnu za\u0161titu za pod.\" \/>\n<meta property=\"og:url\" content=\"https:\/\/termotom.com\/hr\/podloga-za-stolicu-za-zastitu-poda-1-mm\/\" \/>\n<meta property=\"og:site_name\" content=\"Trgovina Termotom\" \/>\n<meta property=\"article:modified_time\" content=\"2026-04-01T09:50:37+00:00\" \/>\n<meta property=\"og:image\" content=\"https:\/\/termotom.com\/wp-content\/uploads\/s-l500-1.jpg\" \/>\n\t<meta property=\"og:image:width\" content=\"800\" \/>\n\t<meta property=\"og:image:height\" content=\"600\" \/>\n\t<meta property=\"og:image:type\" content=\"image\/jpeg\" \/>\n<meta name=\"twitter:card\" content=\"summary_large_image\" \/>\n<meta name=\"twitter:label1\" content=\"Procijenjeno vrijeme \u010ditanja\" \/>\n\t<meta name=\"twitter:data1\" content=\"1 minuta\" \/>\n<script type=\"application\/ld+json\" class=\"yoast-schema-graph\">{\"@context\":\"https:\/\/schema.org\",\"@graph\":[{\"@type\":\"WebPage\",\"@id\":\"https:\/\/termotom.com\/hr\/podloga-za-stolicu-za-zastitu-poda-1-mm\/\",\"url\":\"https:\/\/termotom.com\/hr\/podloga-za-stolicu-za-zastitu-poda-1-mm\/\",\"name\":\"Podloga za stolicu, za za\u0161titu poda, 1 mm - Trgovina Termotom\",\"isPartOf\":{\"@id\":\"https:\/\/termotom.com\/hr\/#website\"},\"primaryImageOfPage\":{\"@id\":\"https:\/\/termotom.com\/hr\/podloga-za-stolicu-za-zastitu-poda-1-mm\/#primaryimage\"},\"image\":{\"@id\":\"https:\/\/termotom.com\/hr\/podloga-za-stolicu-za-zastitu-poda-1-mm\/#primaryimage\"},\"thumbnailUrl\":\"https:\/\/termotom.com\/wp-content\/uploads\/s-l500-1.jpg\",\"datePublished\":\"2026-02-27T08:47:21+00:00\",\"dateModified\":\"2026-04-01T09:50:37+00:00\",\"breadcrumb\":{\"@id\":\"https:\/\/termotom.com\/hr\/podloga-za-stolicu-za-zastitu-poda-1-mm\/#breadcrumb\"},\"inLanguage\":\"hr\",\"potentialAction\":[{\"@type\":\"ReadAction\",\"target\":[\"https:\/\/termotom.com\/hr\/podloga-za-stolicu-za-zastitu-poda-1-mm\/\"]}]},{\"@type\":\"ImageObject\",\"inLanguage\":\"hr\",\"@id\":\"https:\/\/termotom.com\/hr\/podloga-za-stolicu-za-zastitu-poda-1-mm\/#primaryimage\",\"url\":\"https:\/\/termotom.com\/wp-content\/uploads\/s-l500-1.jpg\",\"contentUrl\":\"https:\/\/termotom.com\/wp-content\/uploads\/s-l500-1.jpg\",\"width\":800,\"height\":600},{\"@type\":\"BreadcrumbList\",\"@id\":\"https:\/\/termotom.com\/hr\/podloga-za-stolicu-za-zastitu-poda-1-mm\/#breadcrumb\",\"itemListElement\":[{\"@type\":\"ListItem\",\"position\":1,\"name\":\"Home\",\"item\":\"https:\/\/termotom.com\/hr\/\"},{\"@type\":\"ListItem\",\"position\":2,\"name\":\"Trgovina\",\"item\":\"https:\/\/termotom.com\/hr\/trgovina\/\"},{\"@type\":\"ListItem\",\"position\":3,\"name\":\"Podloga za stolicu, za za\u0161titu poda, 1 mm\"}]},{\"@type\":\"WebSite\",\"@id\":\"https:\/\/termotom.com\/hr\/#website\",\"url\":\"https:\/\/termotom.com\/hr\/\",\"name\":\"Trgovina Termotom\",\"description\":\"Spletna trgovina\",\"publisher\":{\"@id\":\"https:\/\/termotom.com\/hr\/#organization\"},\"potentialAction\":[{\"@type\":\"SearchAction\",\"target\":{\"@type\":\"EntryPoint\",\"urlTemplate\":\"https:\/\/termotom.com\/hr\/?s={search_term_string}\"},\"query-input\":{\"@type\":\"PropertyValueSpecification\",\"valueRequired\":true,\"valueName\":\"search_term_string\"}}],\"inLanguage\":\"hr\"},{\"@type\":\"Organization\",\"@id\":\"https:\/\/termotom.com\/hr\/#organization\",\"name\":\"Trgovina Termotom\",\"url\":\"https:\/\/termotom.com\/hr\/\",\"logo\":{\"@type\":\"ImageObject\",\"inLanguage\":\"hr\",\"@id\":\"https:\/\/termotom.com\/hr\/#\/schema\/logo\/image\/\",\"url\":\"https:\/\/termotom.com\/wp-content\/uploads\/logo.png\",\"contentUrl\":\"https:\/\/termotom.com\/wp-content\/uploads\/logo.png\",\"width\":400,\"height\":60,\"caption\":\"Trgovina Termotom\"},\"image\":{\"@id\":\"https:\/\/termotom.com\/hr\/#\/schema\/logo\/image\/\"}}]}<\/script>\n<!-- \/ Yoast SEO plugin. -->","yoast_head_json":{"title":"Podloga za stolicu, za za\u0161titu poda, 1 mm - Trgovina Termotom","robots":{"index":"index","follow":"follow","max-snippet":"max-snippet:-1","max-image-preview":"max-image-preview:large","max-video-preview":"max-video-preview:-1"},"canonical":"https:\/\/termotom.com\/hr\/podloga-za-stolicu-za-zastitu-poda-1-mm\/","og_locale":"hr_HR","og_type":"article","og_title":"Podloga za stolicu, za za\u0161titu poda, 1 mm - Trgovina Termotom","og_description":"Za\u0161titite pod na\u0161om prostirkom za stolice. Nabavite pristupa\u010dnu za\u0161titu za pod.","og_url":"https:\/\/termotom.com\/hr\/podloga-za-stolicu-za-zastitu-poda-1-mm\/","og_site_name":"Trgovina Termotom","article_modified_time":"2026-04-01T09:50:37+00:00","og_image":[{"width":800,"height":600,"url":"https:\/\/termotom.com\/wp-content\/uploads\/s-l500-1.jpg","type":"image\/jpeg"}],"twitter_card":"summary_large_image","twitter_misc":{"Procijenjeno vrijeme \u010ditanja":"1 minuta"},"schema":{"@context":"https:\/\/schema.org","@graph":[{"@type":"WebPage","@id":"https:\/\/termotom.com\/hr\/podloga-za-stolicu-za-zastitu-poda-1-mm\/","url":"https:\/\/termotom.com\/hr\/podloga-za-stolicu-za-zastitu-poda-1-mm\/","name":"Podloga za stolicu, za za\u0161titu poda, 1 mm - Trgovina Termotom","isPartOf":{"@id":"https:\/\/termotom.com\/hr\/#website"},"primaryImageOfPage":{"@id":"https:\/\/termotom.com\/hr\/podloga-za-stolicu-za-zastitu-poda-1-mm\/#primaryimage"},"image":{"@id":"https:\/\/termotom.com\/hr\/podloga-za-stolicu-za-zastitu-poda-1-mm\/#primaryimage"},"thumbnailUrl":"https:\/\/termotom.com\/wp-content\/uploads\/s-l500-1.jpg","datePublished":"2026-02-27T08:47:21+00:00","dateModified":"2026-04-01T09:50:37+00:00","breadcrumb":{"@id":"https:\/\/termotom.com\/hr\/podloga-za-stolicu-za-zastitu-poda-1-mm\/#breadcrumb"},"inLanguage":"hr","potentialAction":[{"@type":"ReadAction","target":["https:\/\/termotom.com\/hr\/podloga-za-stolicu-za-zastitu-poda-1-mm\/"]}]},{"@type":"ImageObject","inLanguage":"hr","@id":"https:\/\/termotom.com\/hr\/podloga-za-stolicu-za-zastitu-poda-1-mm\/#primaryimage","url":"https:\/\/termotom.com\/wp-content\/uploads\/s-l500-1.jpg","contentUrl":"https:\/\/termotom.com\/wp-content\/uploads\/s-l500-1.jpg","width":800,"height":600},{"@type":"BreadcrumbList","@id":"https:\/\/termotom.com\/hr\/podloga-za-stolicu-za-zastitu-poda-1-mm\/#breadcrumb","itemListElement":[{"@type":"ListItem","position":1,"name":"Home","item":"https:\/\/termotom.com\/hr\/"},{"@type":"ListItem","position":2,"name":"Trgovina","item":"https:\/\/termotom.com\/hr\/trgovina\/"},{"@type":"ListItem","position":3,"name":"Podloga za stolicu, za za\u0161titu poda, 1 mm"}]},{"@type":"WebSite","@id":"https:\/\/termotom.com\/hr\/#website","url":"https:\/\/termotom.com\/hr\/","name":"Trgovina Termotom","description":"Spletna trgovina","publisher":{"@id":"https:\/\/termotom.com\/hr\/#organization"},"potentialAction":[{"@type":"SearchAction","target":{"@type":"EntryPoint","urlTemplate":"https:\/\/termotom.com\/hr\/?s={search_term_string}"},"query-input":{"@type":"PropertyValueSpecification","valueRequired":true,"valueName":"search_term_string"}}],"inLanguage":"hr"},{"@type":"Organization","@id":"https:\/\/termotom.com\/hr\/#organization","name":"Trgovina Termotom","url":"https:\/\/termotom.com\/hr\/","logo":{"@type":"ImageObject","inLanguage":"hr","@id":"https:\/\/termotom.com\/hr\/#\/schema\/logo\/image\/","url":"https:\/\/termotom.com\/wp-content\/uploads\/logo.png","contentUrl":"https:\/\/termotom.com\/wp-content\/uploads\/logo.png","width":400,"height":60,"caption":"Trgovina Termotom"},"image":{"@id":"https:\/\/termotom.com\/hr\/#\/schema\/logo\/image\/"}}]}},"_links":{"self":[{"href":"https:\/\/termotom.com\/hr\/wp-json\/wp\/v2\/product\/23867","targetHints":{"allow":["GET"]}}],"collection":[{"href":"https:\/\/termotom.com\/hr\/wp-json\/wp\/v2\/product"}],"about":[{"href":"https:\/\/termotom.com\/hr\/wp-json\/wp\/v2\/types\/product"}],"replies":[{"embeddable":true,"href":"https:\/\/termotom.com\/hr\/wp-json\/wp\/v2\/comments?post=23867"}],"wp:featuredmedia":[{"embeddable":true,"href":"https:\/\/termotom.com\/hr\/wp-json\/wp\/v2\/media\/23868"}],"wp:attachment":[{"href":"https:\/\/termotom.com\/hr\/wp-json\/wp\/v2\/media?parent=23867"}],"wp:term":[{"taxonomy":"product_brand","embeddable":true,"href":"https:\/\/termotom.com\/hr\/wp-json\/wp\/v2\/product_brand?post=23867"},{"taxonomy":"product_cat","embeddable":true,"href":"https:\/\/termotom.com\/hr\/wp-json\/wp\/v2\/product_cat?post=23867"},{"taxonomy":"product_tag","embeddable":true,"href":"https:\/\/termotom.com\/hr\/wp-json\/wp\/v2\/product_tag?post=23867"}],"curies":[{"name":"wp","href":"https:\/\/api.w.org\/{rel}","templated":true}]}}