{"id":23943,"date":"2026-02-19T08:29:14","date_gmt":"2026-02-19T08:29:14","guid":{"rendered":"https:\/\/termotom.com\/robniki-za-travo-obroba-za-gredice\/"},"modified":"2026-04-01T09:51:07","modified_gmt":"2026-04-01T09:51:07","slug":"rub-za-travu-rub-za-cvjetne-gredice","status":"publish","type":"product","link":"https:\/\/termotom.com\/hr\/rub-za-travu-rub-za-cvjetne-gredice\/","title":{"rendered":"Rub za travu, rub za cvjetne gredice"},"content":{"rendered":"<p>12 komada UV-otpornog, \u010dvrstog polikarbonata, duljina svakog komada: 100 cm, 4 panela od 50 cm. Visina: 20 cm, debljina: 2,8 mm, ukupna duljina seta: 10 m<\/p>\n","protected":false},"excerpt":{"rendered":"<p>Visokokvalitetna <strong>obruba za vrtove<\/strong>, dizajnirana za jednostavno i estetsko <strong>odvajanje travnjaka od cvjetnjaka<\/strong>. Omogu\u0107uje jasno razdvajanje povr\u0161ina, sprje\u010dava \u0161irenje trave na cvjetnjake i stvara uredan izgled vrta. Dostupne boje: prozirna, sivkasta, sme\u0111a.<\/p>\n","protected":false},"featured_media":23945,"comment_status":"closed","ping_status":"closed","template":"","meta":{"_acf_changed":false},"product_brand":[],"product_cat":[1732],"product_tag":[],"class_list":{"0":"post-23943","1":"product","2":"type-product","3":"status-publish","4":"has-post-thumbnail","6":"product_cat-proizvodi-za-vrt","7":"product_shipping_class-nizja-dostava","8":"pa_barva-proziran-2","9":"pa_barva-tamnoplavo-2","11":"first","12":"instock","13":"taxable","14":"shipping-taxable","15":"purchasable","16":"product-type-variable"},"acf":[],"yoast_head":"<!-- This site is optimized with the Yoast SEO plugin v27.0 - https:\/\/yoast.com\/product\/yoast-seo-wordpress\/ -->\n<title>Rub za travu, rub za cvjetne gredice - Trgovina Termotom<\/title>\n<meta name=\"robots\" content=\"index, follow, max-snippet:-1, max-image-preview:large, max-video-preview:-1\" \/>\n<link rel=\"canonical\" href=\"https:\/\/termotom.com\/hr\/rub-za-travu-rub-za-cvjetne-gredice\/\" \/>\n<meta property=\"og:locale\" content=\"hr_HR\" \/>\n<meta property=\"og:type\" content=\"article\" \/>\n<meta property=\"og:title\" content=\"Rub za travu, rub za cvjetne gredice - Trgovina Termotom\" \/>\n<meta property=\"og:description\" content=\"Visokokvalitetna obruba za vrtove, dizajnirana za jednostavno i estetsko odvajanje travnjaka od cvjetnjaka. Omogu\u0107uje jasno razdvajanje povr\u0161ina, sprje\u010dava \u0161irenje trave na cvjetnjake i stvara uredan izgled vrta. Dostupne boje: prozirna, sivkasta, sme\u0111a.\" \/>\n<meta property=\"og:url\" content=\"https:\/\/termotom.com\/hr\/rub-za-travu-rub-za-cvjetne-gredice\/\" \/>\n<meta property=\"og:site_name\" content=\"Trgovina Termotom\" \/>\n<meta property=\"article:modified_time\" content=\"2026-04-01T09:51:07+00:00\" \/>\n<meta property=\"og:image\" content=\"https:\/\/termotom.com\/wp-content\/uploads\/7b0f5f65-ab4f-439e-adbc-448800d266bb-533x800.png\" \/>\n\t<meta property=\"og:image:width\" content=\"533\" \/>\n\t<meta property=\"og:image:height\" content=\"800\" \/>\n\t<meta property=\"og:image:type\" content=\"image\/png\" \/>\n<meta name=\"twitter:card\" content=\"summary_large_image\" \/>\n<meta name=\"twitter:label1\" content=\"Procijenjeno vrijeme \u010ditanja\" \/>\n\t<meta name=\"twitter:data1\" content=\"1 minuta\" \/>\n<script type=\"application\/ld+json\" class=\"yoast-schema-graph\">{\"@context\":\"https:\/\/schema.org\",\"@graph\":[{\"@type\":\"WebPage\",\"@id\":\"https:\/\/termotom.com\/hr\/rub-za-travu-rub-za-cvjetne-gredice\/\",\"url\":\"https:\/\/termotom.com\/hr\/rub-za-travu-rub-za-cvjetne-gredice\/\",\"name\":\"Rub za travu, rub za cvjetne gredice - Trgovina Termotom\",\"isPartOf\":{\"@id\":\"https:\/\/termotom.com\/hr\/#website\"},\"primaryImageOfPage\":{\"@id\":\"https:\/\/termotom.com\/hr\/rub-za-travu-rub-za-cvjetne-gredice\/#primaryimage\"},\"image\":{\"@id\":\"https:\/\/termotom.com\/hr\/rub-za-travu-rub-za-cvjetne-gredice\/#primaryimage\"},\"thumbnailUrl\":\"https:\/\/termotom.com\/wp-content\/uploads\/7b0f5f65-ab4f-439e-adbc-448800d266bb.png\",\"datePublished\":\"2026-02-19T08:29:14+00:00\",\"dateModified\":\"2026-04-01T09:51:07+00:00\",\"breadcrumb\":{\"@id\":\"https:\/\/termotom.com\/hr\/rub-za-travu-rub-za-cvjetne-gredice\/#breadcrumb\"},\"inLanguage\":\"hr\",\"potentialAction\":[{\"@type\":\"ReadAction\",\"target\":[\"https:\/\/termotom.com\/hr\/rub-za-travu-rub-za-cvjetne-gredice\/\"]}]},{\"@type\":\"ImageObject\",\"inLanguage\":\"hr\",\"@id\":\"https:\/\/termotom.com\/hr\/rub-za-travu-rub-za-cvjetne-gredice\/#primaryimage\",\"url\":\"https:\/\/termotom.com\/wp-content\/uploads\/7b0f5f65-ab4f-439e-adbc-448800d266bb.png\",\"contentUrl\":\"https:\/\/termotom.com\/wp-content\/uploads\/7b0f5f65-ab4f-439e-adbc-448800d266bb.png\",\"width\":1024,\"height\":1536},{\"@type\":\"BreadcrumbList\",\"@id\":\"https:\/\/termotom.com\/hr\/rub-za-travu-rub-za-cvjetne-gredice\/#breadcrumb\",\"itemListElement\":[{\"@type\":\"ListItem\",\"position\":1,\"name\":\"Home\",\"item\":\"https:\/\/termotom.com\/hr\/\"},{\"@type\":\"ListItem\",\"position\":2,\"name\":\"Trgovina\",\"item\":\"https:\/\/termotom.com\/hr\/trgovina\/\"},{\"@type\":\"ListItem\",\"position\":3,\"name\":\"Rub za travu, rub za cvjetne gredice\"}]},{\"@type\":\"WebSite\",\"@id\":\"https:\/\/termotom.com\/hr\/#website\",\"url\":\"https:\/\/termotom.com\/hr\/\",\"name\":\"Trgovina Termotom\",\"description\":\"Spletna trgovina\",\"publisher\":{\"@id\":\"https:\/\/termotom.com\/hr\/#organization\"},\"potentialAction\":[{\"@type\":\"SearchAction\",\"target\":{\"@type\":\"EntryPoint\",\"urlTemplate\":\"https:\/\/termotom.com\/hr\/?s={search_term_string}\"},\"query-input\":{\"@type\":\"PropertyValueSpecification\",\"valueRequired\":true,\"valueName\":\"search_term_string\"}}],\"inLanguage\":\"hr\"},{\"@type\":\"Organization\",\"@id\":\"https:\/\/termotom.com\/hr\/#organization\",\"name\":\"Trgovina Termotom\",\"url\":\"https:\/\/termotom.com\/hr\/\",\"logo\":{\"@type\":\"ImageObject\",\"inLanguage\":\"hr\",\"@id\":\"https:\/\/termotom.com\/hr\/#\/schema\/logo\/image\/\",\"url\":\"https:\/\/termotom.com\/wp-content\/uploads\/logo.png\",\"contentUrl\":\"https:\/\/termotom.com\/wp-content\/uploads\/logo.png\",\"width\":400,\"height\":60,\"caption\":\"Trgovina Termotom\"},\"image\":{\"@id\":\"https:\/\/termotom.com\/hr\/#\/schema\/logo\/image\/\"}}]}<\/script>\n<!-- \/ Yoast SEO plugin. -->","yoast_head_json":{"title":"Rub za travu, rub za cvjetne gredice - Trgovina Termotom","robots":{"index":"index","follow":"follow","max-snippet":"max-snippet:-1","max-image-preview":"max-image-preview:large","max-video-preview":"max-video-preview:-1"},"canonical":"https:\/\/termotom.com\/hr\/rub-za-travu-rub-za-cvjetne-gredice\/","og_locale":"hr_HR","og_type":"article","og_title":"Rub za travu, rub za cvjetne gredice - Trgovina Termotom","og_description":"Visokokvalitetna obruba za vrtove, dizajnirana za jednostavno i estetsko odvajanje travnjaka od cvjetnjaka. Omogu\u0107uje jasno razdvajanje povr\u0161ina, sprje\u010dava \u0161irenje trave na cvjetnjake i stvara uredan izgled vrta. Dostupne boje: prozirna, sivkasta, sme\u0111a.","og_url":"https:\/\/termotom.com\/hr\/rub-za-travu-rub-za-cvjetne-gredice\/","og_site_name":"Trgovina Termotom","article_modified_time":"2026-04-01T09:51:07+00:00","og_image":[{"width":533,"height":800,"url":"https:\/\/termotom.com\/wp-content\/uploads\/7b0f5f65-ab4f-439e-adbc-448800d266bb-533x800.png","type":"image\/png"}],"twitter_card":"summary_large_image","twitter_misc":{"Procijenjeno vrijeme \u010ditanja":"1 minuta"},"schema":{"@context":"https:\/\/schema.org","@graph":[{"@type":"WebPage","@id":"https:\/\/termotom.com\/hr\/rub-za-travu-rub-za-cvjetne-gredice\/","url":"https:\/\/termotom.com\/hr\/rub-za-travu-rub-za-cvjetne-gredice\/","name":"Rub za travu, rub za cvjetne gredice - Trgovina Termotom","isPartOf":{"@id":"https:\/\/termotom.com\/hr\/#website"},"primaryImageOfPage":{"@id":"https:\/\/termotom.com\/hr\/rub-za-travu-rub-za-cvjetne-gredice\/#primaryimage"},"image":{"@id":"https:\/\/termotom.com\/hr\/rub-za-travu-rub-za-cvjetne-gredice\/#primaryimage"},"thumbnailUrl":"https:\/\/termotom.com\/wp-content\/uploads\/7b0f5f65-ab4f-439e-adbc-448800d266bb.png","datePublished":"2026-02-19T08:29:14+00:00","dateModified":"2026-04-01T09:51:07+00:00","breadcrumb":{"@id":"https:\/\/termotom.com\/hr\/rub-za-travu-rub-za-cvjetne-gredice\/#breadcrumb"},"inLanguage":"hr","potentialAction":[{"@type":"ReadAction","target":["https:\/\/termotom.com\/hr\/rub-za-travu-rub-za-cvjetne-gredice\/"]}]},{"@type":"ImageObject","inLanguage":"hr","@id":"https:\/\/termotom.com\/hr\/rub-za-travu-rub-za-cvjetne-gredice\/#primaryimage","url":"https:\/\/termotom.com\/wp-content\/uploads\/7b0f5f65-ab4f-439e-adbc-448800d266bb.png","contentUrl":"https:\/\/termotom.com\/wp-content\/uploads\/7b0f5f65-ab4f-439e-adbc-448800d266bb.png","width":1024,"height":1536},{"@type":"BreadcrumbList","@id":"https:\/\/termotom.com\/hr\/rub-za-travu-rub-za-cvjetne-gredice\/#breadcrumb","itemListElement":[{"@type":"ListItem","position":1,"name":"Home","item":"https:\/\/termotom.com\/hr\/"},{"@type":"ListItem","position":2,"name":"Trgovina","item":"https:\/\/termotom.com\/hr\/trgovina\/"},{"@type":"ListItem","position":3,"name":"Rub za travu, rub za cvjetne gredice"}]},{"@type":"WebSite","@id":"https:\/\/termotom.com\/hr\/#website","url":"https:\/\/termotom.com\/hr\/","name":"Trgovina Termotom","description":"Spletna trgovina","publisher":{"@id":"https:\/\/termotom.com\/hr\/#organization"},"potentialAction":[{"@type":"SearchAction","target":{"@type":"EntryPoint","urlTemplate":"https:\/\/termotom.com\/hr\/?s={search_term_string}"},"query-input":{"@type":"PropertyValueSpecification","valueRequired":true,"valueName":"search_term_string"}}],"inLanguage":"hr"},{"@type":"Organization","@id":"https:\/\/termotom.com\/hr\/#organization","name":"Trgovina Termotom","url":"https:\/\/termotom.com\/hr\/","logo":{"@type":"ImageObject","inLanguage":"hr","@id":"https:\/\/termotom.com\/hr\/#\/schema\/logo\/image\/","url":"https:\/\/termotom.com\/wp-content\/uploads\/logo.png","contentUrl":"https:\/\/termotom.com\/wp-content\/uploads\/logo.png","width":400,"height":60,"caption":"Trgovina Termotom"},"image":{"@id":"https:\/\/termotom.com\/hr\/#\/schema\/logo\/image\/"}}]}},"_links":{"self":[{"href":"https:\/\/termotom.com\/hr\/wp-json\/wp\/v2\/product\/23943","targetHints":{"allow":["GET"]}}],"collection":[{"href":"https:\/\/termotom.com\/hr\/wp-json\/wp\/v2\/product"}],"about":[{"href":"https:\/\/termotom.com\/hr\/wp-json\/wp\/v2\/types\/product"}],"replies":[{"embeddable":true,"href":"https:\/\/termotom.com\/hr\/wp-json\/wp\/v2\/comments?post=23943"}],"wp:featuredmedia":[{"embeddable":true,"href":"https:\/\/termotom.com\/hr\/wp-json\/wp\/v2\/media\/23945"}],"wp:attachment":[{"href":"https:\/\/termotom.com\/hr\/wp-json\/wp\/v2\/media?parent=23943"}],"wp:term":[{"taxonomy":"product_brand","embeddable":true,"href":"https:\/\/termotom.com\/hr\/wp-json\/wp\/v2\/product_brand?post=23943"},{"taxonomy":"product_cat","embeddable":true,"href":"https:\/\/termotom.com\/hr\/wp-json\/wp\/v2\/product_cat?post=23943"},{"taxonomy":"product_tag","embeddable":true,"href":"https:\/\/termotom.com\/hr\/wp-json\/wp\/v2\/product_tag?post=23943"}],"curies":[{"name":"wp","href":"https:\/\/api.w.org\/{rel}","templated":true}]}}