{"id":24129,"date":"2026-01-28T08:55:49","date_gmt":"2026-01-28T08:55:49","guid":{"rendered":"https:\/\/termotom.com\/polikarbonatno-steklo-lexan-6-mm-2xuv-prozorna\/"},"modified":"2026-04-01T09:52:31","modified_gmt":"2026-04-01T09:52:31","slug":"polikarbonatno-staklo-lexan-6-mm-2xuv-prozirno","status":"publish","type":"product","link":"https:\/\/termotom.com\/hr\/polikarbonatno-staklo-lexan-6-mm-2xuv-prozirno\/","title":{"rendered":"Polikarbonatno staklo, LEXAN, 6 mm, 2\u00d7UV, prozirno"},"content":{"rendered":"<p>Prozirno polikarbonatno staklo, debljine 6 mm, s UV za\u0161titom. Glavna prednost ovog materijala je njegova neuni\u0161tivost i mala te\u017eina. Materijal je upola lak\u0161i od obi\u010dnog stakla. Jednostavan je za obradu i mo\u017ee se savijati, bu\u0161iti, rezati i toplinski obra\u0111ivati. Polikarbonatno staklo je opti\u010dki vrlo proziran materijal.<\/p>\n","protected":false},"excerpt":{"rendered":"<p>6 mm polikarbonatno prozirno staklo s UV za\u0161titom.<\/p>\n","protected":false},"featured_media":24130,"comment_status":"closed","ping_status":"closed","template":"","meta":{"_acf_changed":false},"product_brand":[],"product_cat":[1654,1738,1778],"product_tag":[],"class_list":{"0":"post-24129","1":"product","2":"type-product","3":"status-publish","4":"has-post-thumbnail","6":"product_cat-polikarbonatne-ploce","7":"product_cat-polikarbonatno-staklo","8":"product_cat-proziran","9":"product_shipping_class-visoka-dostava","10":"pa_barva-proziran-2","11":"pa_debelina-6mm","12":"pa_dimenzija-1000x500-mm","13":"pa_dimenzija-1000x1000-mm","14":"pa_dimenzija-2050x1000-mm","15":"pa_dimenzija-2050x1500-mm","16":"pa_dimenzija-2050x500-mm","17":"pa_dimenzija-2050x3050-mm","18":"pa_dimenzija-500x500-mm","19":"pa_struktura-jednoslojni","20":"pa_uv-zascita-dvostrano","22":"first","23":"instock","24":"taxable","25":"shipping-taxable","26":"purchasable","27":"product-type-variable"},"acf":[],"yoast_head":"<!-- This site is optimized with the Yoast SEO plugin v27.0 - https:\/\/yoast.com\/product\/yoast-seo-wordpress\/ -->\n<title>Polikarbonatno staklo, LEXAN, 6 mm, 2\u00d7UV, prozirno - Trgovina Termotom<\/title>\n<meta name=\"robots\" content=\"index, follow, max-snippet:-1, max-image-preview:large, max-video-preview:-1\" \/>\n<link rel=\"canonical\" href=\"https:\/\/termotom.com\/hr\/polikarbonatno-staklo-lexan-6-mm-2xuv-prozirno\/\" \/>\n<meta property=\"og:locale\" content=\"hr_HR\" \/>\n<meta property=\"og:type\" content=\"article\" \/>\n<meta property=\"og:title\" content=\"Polikarbonatno staklo, LEXAN, 6 mm, 2\u00d7UV, prozirno - Trgovina Termotom\" \/>\n<meta property=\"og:description\" content=\"6 mm polikarbonatno prozirno staklo s UV za\u0161titom.\" \/>\n<meta property=\"og:url\" content=\"https:\/\/termotom.com\/hr\/polikarbonatno-staklo-lexan-6-mm-2xuv-prozirno\/\" \/>\n<meta property=\"og:site_name\" content=\"Trgovina Termotom\" \/>\n<meta property=\"article:modified_time\" content=\"2026-04-01T09:52:31+00:00\" \/>\n<meta property=\"og:image\" content=\"https:\/\/termotom.com\/wp-content\/uploads\/PC_PROZORNA_5mm_7mm-scaled.jpg\" \/>\n\t<meta property=\"og:image:width\" content=\"2560\" \/>\n\t<meta property=\"og:image:height\" content=\"2560\" \/>\n\t<meta property=\"og:image:type\" content=\"image\/jpeg\" \/>\n<meta name=\"twitter:card\" content=\"summary_large_image\" \/>\n<script type=\"application\/ld+json\" class=\"yoast-schema-graph\">{\"@context\":\"https:\/\/schema.org\",\"@graph\":[{\"@type\":\"WebPage\",\"@id\":\"https:\/\/termotom.com\/hr\/polikarbonatno-staklo-lexan-6-mm-2xuv-prozirno\/\",\"url\":\"https:\/\/termotom.com\/hr\/polikarbonatno-staklo-lexan-6-mm-2xuv-prozirno\/\",\"name\":\"Polikarbonatno staklo, LEXAN, 6 mm, 2\u00d7UV, prozirno - Trgovina Termotom\",\"isPartOf\":{\"@id\":\"https:\/\/termotom.com\/hr\/#website\"},\"primaryImageOfPage\":{\"@id\":\"https:\/\/termotom.com\/hr\/polikarbonatno-staklo-lexan-6-mm-2xuv-prozirno\/#primaryimage\"},\"image\":{\"@id\":\"https:\/\/termotom.com\/hr\/polikarbonatno-staklo-lexan-6-mm-2xuv-prozirno\/#primaryimage\"},\"thumbnailUrl\":\"https:\/\/termotom.com\/wp-content\/uploads\/PC_PROZORNA_5mm_7mm-scaled.jpg\",\"datePublished\":\"2026-01-28T08:55:49+00:00\",\"dateModified\":\"2026-04-01T09:52:31+00:00\",\"breadcrumb\":{\"@id\":\"https:\/\/termotom.com\/hr\/polikarbonatno-staklo-lexan-6-mm-2xuv-prozirno\/#breadcrumb\"},\"inLanguage\":\"hr\",\"potentialAction\":[{\"@type\":\"ReadAction\",\"target\":[\"https:\/\/termotom.com\/hr\/polikarbonatno-staklo-lexan-6-mm-2xuv-prozirno\/\"]}]},{\"@type\":\"ImageObject\",\"inLanguage\":\"hr\",\"@id\":\"https:\/\/termotom.com\/hr\/polikarbonatno-staklo-lexan-6-mm-2xuv-prozirno\/#primaryimage\",\"url\":\"https:\/\/termotom.com\/wp-content\/uploads\/PC_PROZORNA_5mm_7mm-scaled.jpg\",\"contentUrl\":\"https:\/\/termotom.com\/wp-content\/uploads\/PC_PROZORNA_5mm_7mm-scaled.jpg\",\"width\":2560,\"height\":2560},{\"@type\":\"BreadcrumbList\",\"@id\":\"https:\/\/termotom.com\/hr\/polikarbonatno-staklo-lexan-6-mm-2xuv-prozirno\/#breadcrumb\",\"itemListElement\":[{\"@type\":\"ListItem\",\"position\":1,\"name\":\"Home\",\"item\":\"https:\/\/termotom.com\/hr\/\"},{\"@type\":\"ListItem\",\"position\":2,\"name\":\"Trgovina\",\"item\":\"https:\/\/termotom.com\/hr\/trgovina\/\"},{\"@type\":\"ListItem\",\"position\":3,\"name\":\"Polikarbonatno staklo, LEXAN, 6 mm, 2\u00d7UV, prozirno\"}]},{\"@type\":\"WebSite\",\"@id\":\"https:\/\/termotom.com\/hr\/#website\",\"url\":\"https:\/\/termotom.com\/hr\/\",\"name\":\"Trgovina Termotom\",\"description\":\"Spletna trgovina\",\"publisher\":{\"@id\":\"https:\/\/termotom.com\/hr\/#organization\"},\"potentialAction\":[{\"@type\":\"SearchAction\",\"target\":{\"@type\":\"EntryPoint\",\"urlTemplate\":\"https:\/\/termotom.com\/hr\/?s={search_term_string}\"},\"query-input\":{\"@type\":\"PropertyValueSpecification\",\"valueRequired\":true,\"valueName\":\"search_term_string\"}}],\"inLanguage\":\"hr\"},{\"@type\":\"Organization\",\"@id\":\"https:\/\/termotom.com\/hr\/#organization\",\"name\":\"Trgovina Termotom\",\"url\":\"https:\/\/termotom.com\/hr\/\",\"logo\":{\"@type\":\"ImageObject\",\"inLanguage\":\"hr\",\"@id\":\"https:\/\/termotom.com\/hr\/#\/schema\/logo\/image\/\",\"url\":\"https:\/\/termotom.com\/wp-content\/uploads\/logo.png\",\"contentUrl\":\"https:\/\/termotom.com\/wp-content\/uploads\/logo.png\",\"width\":400,\"height\":60,\"caption\":\"Trgovina Termotom\"},\"image\":{\"@id\":\"https:\/\/termotom.com\/hr\/#\/schema\/logo\/image\/\"}}]}<\/script>\n<!-- \/ Yoast SEO plugin. -->","yoast_head_json":{"title":"Polikarbonatno staklo, LEXAN, 6 mm, 2\u00d7UV, prozirno - Trgovina Termotom","robots":{"index":"index","follow":"follow","max-snippet":"max-snippet:-1","max-image-preview":"max-image-preview:large","max-video-preview":"max-video-preview:-1"},"canonical":"https:\/\/termotom.com\/hr\/polikarbonatno-staklo-lexan-6-mm-2xuv-prozirno\/","og_locale":"hr_HR","og_type":"article","og_title":"Polikarbonatno staklo, LEXAN, 6 mm, 2\u00d7UV, prozirno - Trgovina Termotom","og_description":"6 mm polikarbonatno prozirno staklo s UV za\u0161titom.","og_url":"https:\/\/termotom.com\/hr\/polikarbonatno-staklo-lexan-6-mm-2xuv-prozirno\/","og_site_name":"Trgovina Termotom","article_modified_time":"2026-04-01T09:52:31+00:00","og_image":[{"width":2560,"height":2560,"url":"https:\/\/termotom.com\/wp-content\/uploads\/PC_PROZORNA_5mm_7mm-scaled.jpg","type":"image\/jpeg"}],"twitter_card":"summary_large_image","schema":{"@context":"https:\/\/schema.org","@graph":[{"@type":"WebPage","@id":"https:\/\/termotom.com\/hr\/polikarbonatno-staklo-lexan-6-mm-2xuv-prozirno\/","url":"https:\/\/termotom.com\/hr\/polikarbonatno-staklo-lexan-6-mm-2xuv-prozirno\/","name":"Polikarbonatno staklo, LEXAN, 6 mm, 2\u00d7UV, prozirno - Trgovina Termotom","isPartOf":{"@id":"https:\/\/termotom.com\/hr\/#website"},"primaryImageOfPage":{"@id":"https:\/\/termotom.com\/hr\/polikarbonatno-staklo-lexan-6-mm-2xuv-prozirno\/#primaryimage"},"image":{"@id":"https:\/\/termotom.com\/hr\/polikarbonatno-staklo-lexan-6-mm-2xuv-prozirno\/#primaryimage"},"thumbnailUrl":"https:\/\/termotom.com\/wp-content\/uploads\/PC_PROZORNA_5mm_7mm-scaled.jpg","datePublished":"2026-01-28T08:55:49+00:00","dateModified":"2026-04-01T09:52:31+00:00","breadcrumb":{"@id":"https:\/\/termotom.com\/hr\/polikarbonatno-staklo-lexan-6-mm-2xuv-prozirno\/#breadcrumb"},"inLanguage":"hr","potentialAction":[{"@type":"ReadAction","target":["https:\/\/termotom.com\/hr\/polikarbonatno-staklo-lexan-6-mm-2xuv-prozirno\/"]}]},{"@type":"ImageObject","inLanguage":"hr","@id":"https:\/\/termotom.com\/hr\/polikarbonatno-staklo-lexan-6-mm-2xuv-prozirno\/#primaryimage","url":"https:\/\/termotom.com\/wp-content\/uploads\/PC_PROZORNA_5mm_7mm-scaled.jpg","contentUrl":"https:\/\/termotom.com\/wp-content\/uploads\/PC_PROZORNA_5mm_7mm-scaled.jpg","width":2560,"height":2560},{"@type":"BreadcrumbList","@id":"https:\/\/termotom.com\/hr\/polikarbonatno-staklo-lexan-6-mm-2xuv-prozirno\/#breadcrumb","itemListElement":[{"@type":"ListItem","position":1,"name":"Home","item":"https:\/\/termotom.com\/hr\/"},{"@type":"ListItem","position":2,"name":"Trgovina","item":"https:\/\/termotom.com\/hr\/trgovina\/"},{"@type":"ListItem","position":3,"name":"Polikarbonatno staklo, LEXAN, 6 mm, 2\u00d7UV, prozirno"}]},{"@type":"WebSite","@id":"https:\/\/termotom.com\/hr\/#website","url":"https:\/\/termotom.com\/hr\/","name":"Trgovina Termotom","description":"Spletna trgovina","publisher":{"@id":"https:\/\/termotom.com\/hr\/#organization"},"potentialAction":[{"@type":"SearchAction","target":{"@type":"EntryPoint","urlTemplate":"https:\/\/termotom.com\/hr\/?s={search_term_string}"},"query-input":{"@type":"PropertyValueSpecification","valueRequired":true,"valueName":"search_term_string"}}],"inLanguage":"hr"},{"@type":"Organization","@id":"https:\/\/termotom.com\/hr\/#organization","name":"Trgovina Termotom","url":"https:\/\/termotom.com\/hr\/","logo":{"@type":"ImageObject","inLanguage":"hr","@id":"https:\/\/termotom.com\/hr\/#\/schema\/logo\/image\/","url":"https:\/\/termotom.com\/wp-content\/uploads\/logo.png","contentUrl":"https:\/\/termotom.com\/wp-content\/uploads\/logo.png","width":400,"height":60,"caption":"Trgovina Termotom"},"image":{"@id":"https:\/\/termotom.com\/hr\/#\/schema\/logo\/image\/"}}]}},"_links":{"self":[{"href":"https:\/\/termotom.com\/hr\/wp-json\/wp\/v2\/product\/24129","targetHints":{"allow":["GET"]}}],"collection":[{"href":"https:\/\/termotom.com\/hr\/wp-json\/wp\/v2\/product"}],"about":[{"href":"https:\/\/termotom.com\/hr\/wp-json\/wp\/v2\/types\/product"}],"replies":[{"embeddable":true,"href":"https:\/\/termotom.com\/hr\/wp-json\/wp\/v2\/comments?post=24129"}],"wp:featuredmedia":[{"embeddable":true,"href":"https:\/\/termotom.com\/hr\/wp-json\/wp\/v2\/media\/24130"}],"wp:attachment":[{"href":"https:\/\/termotom.com\/hr\/wp-json\/wp\/v2\/media?parent=24129"}],"wp:term":[{"taxonomy":"product_brand","embeddable":true,"href":"https:\/\/termotom.com\/hr\/wp-json\/wp\/v2\/product_brand?post=24129"},{"taxonomy":"product_cat","embeddable":true,"href":"https:\/\/termotom.com\/hr\/wp-json\/wp\/v2\/product_cat?post=24129"},{"taxonomy":"product_tag","embeddable":true,"href":"https:\/\/termotom.com\/hr\/wp-json\/wp\/v2\/product_tag?post=24129"}],"curies":[{"name":"wp","href":"https:\/\/api.w.org\/{rel}","templated":true}]}}