{"id":24514,"date":"2025-11-25T08:13:54","date_gmt":"2025-11-25T08:13:54","guid":{"rendered":"https:\/\/termotom.com\/polikarbonatna-plosca-fastlock-uni\/"},"modified":"2026-04-01T09:55:09","modified_gmt":"2026-04-01T09:55:09","slug":"fastlock-uni-polikarbonatna-ploca","status":"publish","type":"product","link":"https:\/\/termotom.com\/hr\/fastlock-uni-polikarbonatna-ploca\/","title":{"rendered":"Fastlock UNI polikarbonatna plo\u010da"},"content":{"rendered":"<p><strong>Fastlock UNI<\/strong> polikarbonatne plo\u010de su jednostruke plo\u010de \u0161irine 20 cm, dizajnirane za brzo i pouzdano pokrivanje razli\u010ditih vrsta nadstre\u0161nica.<br \/>\n<strong>Klju\u010dna prednost tijekom ugradnje je ta \u0161to nije potrebno bu\u0161iti plo\u010de.<\/strong><br \/>\nPlo\u010de ostaju neo\u0161te\u0107ene i spajaju se posebnim spojnicama koje osiguravaju <strong>savr\u0161enu brtvu<\/strong> i u\u010dinkovito <strong>sprje\u010davaju prodor vode<\/strong>.<\/p>\n<p>Materijal je iznimno <strong>\u010dvrst, otporan na udarce<\/strong> i opremljen u\u010dinkovitom <strong>UV-za\u0161titom<\/strong>, stoga plo\u010de ne \u017eute niti postaju krhke \u010dak ni nakon dugotrajne izlo\u017eenosti vremenskim uvjetima.<br \/>\nZbog visoke propusnosti svjetla, izvrstan su izbor gdje god \u017eelite prirodno svjetlo i pouzdanu za\u0161titu od vremenskih uvjeta.<\/p>\n","protected":false},"excerpt":{"rendered":"<p>Fastlock UNI polikarbonatna plo\u010da debljine 1 mm s jednostranom UV-za\u0161titom, prozirne boje, pogodna za nadstre\u0161nice i staklenike.<\/p>\n","protected":false},"featured_media":24516,"comment_status":"closed","ping_status":"closed","template":"","meta":{"_acf_changed":false},"product_brand":[],"product_cat":[1654,1802],"product_tag":[],"class_list":{"0":"post-24514","1":"product","2":"type-product","3":"status-publish","4":"has-post-thumbnail","6":"product_cat-polikarbonatne-ploce","7":"product_cat-fastlock-uni-polikarbonatni-paneli","8":"product_shipping_class-visoka-dostava","9":"pa_barva-proziran-2","10":"pa_debelina-1mm","11":"pa_uv-zascita-jednostrano","13":"first","14":"instock","15":"featured","16":"taxable","17":"shipping-taxable","18":"purchasable","19":"product-type-variable"},"acf":[],"yoast_head":"<!-- This site is optimized with the Yoast SEO plugin v27.0 - https:\/\/yoast.com\/product\/yoast-seo-wordpress\/ -->\n<title>Fastlock UNI polikarbonatna plo\u010da - Trgovina Termotom<\/title>\n<meta name=\"robots\" content=\"index, follow, max-snippet:-1, max-image-preview:large, max-video-preview:-1\" \/>\n<link rel=\"canonical\" href=\"https:\/\/termotom.com\/hr\/fastlock-uni-polikarbonatna-ploca\/\" \/>\n<meta property=\"og:locale\" content=\"hr_HR\" \/>\n<meta property=\"og:type\" content=\"article\" \/>\n<meta property=\"og:title\" content=\"Fastlock UNI polikarbonatna plo\u010da - Trgovina Termotom\" \/>\n<meta property=\"og:description\" content=\"Fastlock UNI polikarbonatna plo\u010da debljine 1 mm s jednostranom UV-za\u0161titom, prozirne boje, pogodna za nadstre\u0161nice i staklenike.\" \/>\n<meta property=\"og:url\" content=\"https:\/\/termotom.com\/hr\/fastlock-uni-polikarbonatna-ploca\/\" \/>\n<meta property=\"og:site_name\" content=\"Trgovina Termotom\" \/>\n<meta property=\"article:modified_time\" content=\"2026-04-01T09:55:09+00:00\" \/>\n<meta property=\"og:image\" content=\"https:\/\/termotom.com\/wp-content\/uploads\/Fastlock-uni-kritina-colour-scaled.jpg\" \/>\n\t<meta property=\"og:image:width\" content=\"2560\" \/>\n\t<meta property=\"og:image:height\" content=\"1920\" \/>\n\t<meta property=\"og:image:type\" content=\"image\/jpeg\" \/>\n<meta name=\"twitter:card\" content=\"summary_large_image\" \/>\n<meta name=\"twitter:label1\" content=\"Procijenjeno vrijeme \u010ditanja\" \/>\n\t<meta name=\"twitter:data1\" content=\"1 minuta\" \/>\n<script type=\"application\/ld+json\" class=\"yoast-schema-graph\">{\"@context\":\"https:\/\/schema.org\",\"@graph\":[{\"@type\":\"WebPage\",\"@id\":\"https:\/\/termotom.com\/hr\/fastlock-uni-polikarbonatna-ploca\/\",\"url\":\"https:\/\/termotom.com\/hr\/fastlock-uni-polikarbonatna-ploca\/\",\"name\":\"Fastlock UNI polikarbonatna plo\u010da - Trgovina Termotom\",\"isPartOf\":{\"@id\":\"https:\/\/termotom.com\/hr\/#website\"},\"primaryImageOfPage\":{\"@id\":\"https:\/\/termotom.com\/hr\/fastlock-uni-polikarbonatna-ploca\/#primaryimage\"},\"image\":{\"@id\":\"https:\/\/termotom.com\/hr\/fastlock-uni-polikarbonatna-ploca\/#primaryimage\"},\"thumbnailUrl\":\"https:\/\/termotom.com\/wp-content\/uploads\/Fastlock-uni-kritina-colour-scaled.jpg\",\"datePublished\":\"2025-11-25T08:13:54+00:00\",\"dateModified\":\"2026-04-01T09:55:09+00:00\",\"breadcrumb\":{\"@id\":\"https:\/\/termotom.com\/hr\/fastlock-uni-polikarbonatna-ploca\/#breadcrumb\"},\"inLanguage\":\"hr\",\"potentialAction\":[{\"@type\":\"ReadAction\",\"target\":[\"https:\/\/termotom.com\/hr\/fastlock-uni-polikarbonatna-ploca\/\"]}]},{\"@type\":\"ImageObject\",\"inLanguage\":\"hr\",\"@id\":\"https:\/\/termotom.com\/hr\/fastlock-uni-polikarbonatna-ploca\/#primaryimage\",\"url\":\"https:\/\/termotom.com\/wp-content\/uploads\/Fastlock-uni-kritina-colour-scaled.jpg\",\"contentUrl\":\"https:\/\/termotom.com\/wp-content\/uploads\/Fastlock-uni-kritina-colour-scaled.jpg\",\"width\":2560,\"height\":1920},{\"@type\":\"BreadcrumbList\",\"@id\":\"https:\/\/termotom.com\/hr\/fastlock-uni-polikarbonatna-ploca\/#breadcrumb\",\"itemListElement\":[{\"@type\":\"ListItem\",\"position\":1,\"name\":\"Home\",\"item\":\"https:\/\/termotom.com\/hr\/\"},{\"@type\":\"ListItem\",\"position\":2,\"name\":\"Trgovina\",\"item\":\"https:\/\/termotom.com\/hr\/trgovina\/\"},{\"@type\":\"ListItem\",\"position\":3,\"name\":\"Fastlock UNI polikarbonatna plo\u010da\"}]},{\"@type\":\"WebSite\",\"@id\":\"https:\/\/termotom.com\/hr\/#website\",\"url\":\"https:\/\/termotom.com\/hr\/\",\"name\":\"Trgovina Termotom\",\"description\":\"Spletna trgovina\",\"publisher\":{\"@id\":\"https:\/\/termotom.com\/hr\/#organization\"},\"potentialAction\":[{\"@type\":\"SearchAction\",\"target\":{\"@type\":\"EntryPoint\",\"urlTemplate\":\"https:\/\/termotom.com\/hr\/?s={search_term_string}\"},\"query-input\":{\"@type\":\"PropertyValueSpecification\",\"valueRequired\":true,\"valueName\":\"search_term_string\"}}],\"inLanguage\":\"hr\"},{\"@type\":\"Organization\",\"@id\":\"https:\/\/termotom.com\/hr\/#organization\",\"name\":\"Trgovina Termotom\",\"url\":\"https:\/\/termotom.com\/hr\/\",\"logo\":{\"@type\":\"ImageObject\",\"inLanguage\":\"hr\",\"@id\":\"https:\/\/termotom.com\/hr\/#\/schema\/logo\/image\/\",\"url\":\"https:\/\/termotom.com\/wp-content\/uploads\/logo.png\",\"contentUrl\":\"https:\/\/termotom.com\/wp-content\/uploads\/logo.png\",\"width\":400,\"height\":60,\"caption\":\"Trgovina Termotom\"},\"image\":{\"@id\":\"https:\/\/termotom.com\/hr\/#\/schema\/logo\/image\/\"}}]}<\/script>\n<!-- \/ Yoast SEO plugin. -->","yoast_head_json":{"title":"Fastlock UNI polikarbonatna plo\u010da - Trgovina Termotom","robots":{"index":"index","follow":"follow","max-snippet":"max-snippet:-1","max-image-preview":"max-image-preview:large","max-video-preview":"max-video-preview:-1"},"canonical":"https:\/\/termotom.com\/hr\/fastlock-uni-polikarbonatna-ploca\/","og_locale":"hr_HR","og_type":"article","og_title":"Fastlock UNI polikarbonatna plo\u010da - Trgovina Termotom","og_description":"Fastlock UNI polikarbonatna plo\u010da debljine 1 mm s jednostranom UV-za\u0161titom, prozirne boje, pogodna za nadstre\u0161nice i staklenike.","og_url":"https:\/\/termotom.com\/hr\/fastlock-uni-polikarbonatna-ploca\/","og_site_name":"Trgovina Termotom","article_modified_time":"2026-04-01T09:55:09+00:00","og_image":[{"width":2560,"height":1920,"url":"https:\/\/termotom.com\/wp-content\/uploads\/Fastlock-uni-kritina-colour-scaled.jpg","type":"image\/jpeg"}],"twitter_card":"summary_large_image","twitter_misc":{"Procijenjeno vrijeme \u010ditanja":"1 minuta"},"schema":{"@context":"https:\/\/schema.org","@graph":[{"@type":"WebPage","@id":"https:\/\/termotom.com\/hr\/fastlock-uni-polikarbonatna-ploca\/","url":"https:\/\/termotom.com\/hr\/fastlock-uni-polikarbonatna-ploca\/","name":"Fastlock UNI polikarbonatna plo\u010da - Trgovina Termotom","isPartOf":{"@id":"https:\/\/termotom.com\/hr\/#website"},"primaryImageOfPage":{"@id":"https:\/\/termotom.com\/hr\/fastlock-uni-polikarbonatna-ploca\/#primaryimage"},"image":{"@id":"https:\/\/termotom.com\/hr\/fastlock-uni-polikarbonatna-ploca\/#primaryimage"},"thumbnailUrl":"https:\/\/termotom.com\/wp-content\/uploads\/Fastlock-uni-kritina-colour-scaled.jpg","datePublished":"2025-11-25T08:13:54+00:00","dateModified":"2026-04-01T09:55:09+00:00","breadcrumb":{"@id":"https:\/\/termotom.com\/hr\/fastlock-uni-polikarbonatna-ploca\/#breadcrumb"},"inLanguage":"hr","potentialAction":[{"@type":"ReadAction","target":["https:\/\/termotom.com\/hr\/fastlock-uni-polikarbonatna-ploca\/"]}]},{"@type":"ImageObject","inLanguage":"hr","@id":"https:\/\/termotom.com\/hr\/fastlock-uni-polikarbonatna-ploca\/#primaryimage","url":"https:\/\/termotom.com\/wp-content\/uploads\/Fastlock-uni-kritina-colour-scaled.jpg","contentUrl":"https:\/\/termotom.com\/wp-content\/uploads\/Fastlock-uni-kritina-colour-scaled.jpg","width":2560,"height":1920},{"@type":"BreadcrumbList","@id":"https:\/\/termotom.com\/hr\/fastlock-uni-polikarbonatna-ploca\/#breadcrumb","itemListElement":[{"@type":"ListItem","position":1,"name":"Home","item":"https:\/\/termotom.com\/hr\/"},{"@type":"ListItem","position":2,"name":"Trgovina","item":"https:\/\/termotom.com\/hr\/trgovina\/"},{"@type":"ListItem","position":3,"name":"Fastlock UNI polikarbonatna plo\u010da"}]},{"@type":"WebSite","@id":"https:\/\/termotom.com\/hr\/#website","url":"https:\/\/termotom.com\/hr\/","name":"Trgovina Termotom","description":"Spletna trgovina","publisher":{"@id":"https:\/\/termotom.com\/hr\/#organization"},"potentialAction":[{"@type":"SearchAction","target":{"@type":"EntryPoint","urlTemplate":"https:\/\/termotom.com\/hr\/?s={search_term_string}"},"query-input":{"@type":"PropertyValueSpecification","valueRequired":true,"valueName":"search_term_string"}}],"inLanguage":"hr"},{"@type":"Organization","@id":"https:\/\/termotom.com\/hr\/#organization","name":"Trgovina Termotom","url":"https:\/\/termotom.com\/hr\/","logo":{"@type":"ImageObject","inLanguage":"hr","@id":"https:\/\/termotom.com\/hr\/#\/schema\/logo\/image\/","url":"https:\/\/termotom.com\/wp-content\/uploads\/logo.png","contentUrl":"https:\/\/termotom.com\/wp-content\/uploads\/logo.png","width":400,"height":60,"caption":"Trgovina Termotom"},"image":{"@id":"https:\/\/termotom.com\/hr\/#\/schema\/logo\/image\/"}}]}},"_links":{"self":[{"href":"https:\/\/termotom.com\/hr\/wp-json\/wp\/v2\/product\/24514","targetHints":{"allow":["GET"]}}],"collection":[{"href":"https:\/\/termotom.com\/hr\/wp-json\/wp\/v2\/product"}],"about":[{"href":"https:\/\/termotom.com\/hr\/wp-json\/wp\/v2\/types\/product"}],"replies":[{"embeddable":true,"href":"https:\/\/termotom.com\/hr\/wp-json\/wp\/v2\/comments?post=24514"}],"wp:featuredmedia":[{"embeddable":true,"href":"https:\/\/termotom.com\/hr\/wp-json\/wp\/v2\/media\/24516"}],"wp:attachment":[{"href":"https:\/\/termotom.com\/hr\/wp-json\/wp\/v2\/media?parent=24514"}],"wp:term":[{"taxonomy":"product_brand","embeddable":true,"href":"https:\/\/termotom.com\/hr\/wp-json\/wp\/v2\/product_brand?post=24514"},{"taxonomy":"product_cat","embeddable":true,"href":"https:\/\/termotom.com\/hr\/wp-json\/wp\/v2\/product_cat?post=24514"},{"taxonomy":"product_tag","embeddable":true,"href":"https:\/\/termotom.com\/hr\/wp-json\/wp\/v2\/product_tag?post=24514"}],"curies":[{"name":"wp","href":"https:\/\/api.w.org\/{rel}","templated":true}]}}