{"id":24548,"date":"2025-10-13T11:18:30","date_gmt":"2025-10-13T11:18:30","guid":{"rendered":"https:\/\/termotom.com\/pohodna-guma-hit-mountain-trail\/"},"modified":"2026-04-01T09:55:08","modified_gmt":"2026-04-01T09:55:08","slug":"hit-mountain-trail-planinarska-guma","status":"publish","type":"product","link":"https:\/\/termotom.com\/hr\/hit-mountain-trail-planinarska-guma\/","title":{"rendered":"HIT MOUNTAIN TRAIL planinarska guma"},"content":{"rendered":"<p><strong>HIT gumeni prolaz \u2013 suha i sigurna podloga bez blata<\/strong><\/p>\n<p>. Blato i lokve na izlaznim to\u010dkama \u010dest su problem koji ugro\u017eava zdravlje konja (kopita, zglobovi) i ote\u017eava svakodnevnu njegu. HIT gumene plo\u010de za prolaz rje\u0161avaju taj izazov u\u010dinkovitim sustavom odvodnje i oja\u010danja.<br \/>\nTo su robusne re\u0161etke za podove izra\u0111ene od reciklirane plastike, koje se postavljaju na ograje ili staze za hodanje. Rezultat je stabilna, suha i neklizaju\u0107a povr\u0161ina na kojoj se konji mogu kretati sigurno i slobodno u svim vremenskim uvjetima. Dobro odr\u017eavana povr\u0161ina ima zna\u010dajan utjecaj na dobrobit i sigurnost konja i njihovih njegovatelja.<\/p>\n<p>HIT re\u0161etke za podove dizajnirane su posebno za konji\u010dke okru\u017eenja u suradnji sa stru\u010dnjacima \u2013 \u0161to dokazuje njihova \u0161iroka primjena u aktivnim \u0161talama diljem Europe. U usporedbi s obi\u010dnim betonskim ili gumenim podovima, ovi perforirani paneli odvode vodu i vertikalno i horizontalno, sprje\u010davaju\u0107i nakupljanje vlage na povr\u0161ini. To sprje\u010dava stvaranje blatnih podru\u010dja i klizanje, a istovremeno eliminira probleme s papcima i zglobovima uzrokovane dugotrajnom izlo\u017eeno\u0161\u0107u blatu. Plo\u010de mogu podnijeti velika optere\u0107enja od konja i vozila, a njihova hrapava tekstura pru\u017ea dobru prianjanja za kopita \u010dak i po ki\u0161i ili snijegu.<\/p>\n<p><strong>Prednosti HIT plo\u010da za prolaze:<\/strong><\/p>\n<p><strong><em>Uvijek suha podloga:<\/em><\/strong><\/p>\n<p>Integrirani drena\u017eni kanali u\u010dinkovito odvode vodu i blato iz otvora. To zna\u010di da konji ne stoje u vodi, \u0161to sprje\u010dava bolesti kopita.<\/p>\n<p><strong><em>Sigurnost i otpornost na klizanje:<\/em><\/strong><\/p>\n<p>Gruba povr\u0161ina i elasti\u010dan materijal sprje\u010davaju klizanje. Konji imaju sigurniju podlogu na \u010dvrstom tlu, a manje je ozljeda uslijed klizanja.<\/p>\n<p><em><strong>Jednostavno \u010di\u0161\u0107enje i odr\u017eavanje:<\/strong><\/em><\/p>\n<p>HIT re\u0161etkasti pod ravan je i \u010dvrst, a ostaci izmeta i hrane mogu se lako strugati ili pomesti, \u0161to pojednostavljuje svakodnevno \u010di\u0161\u0107enje. Paneli ne upijaju mokra\u0107u i ne trunu, pa nema neugodnih mirisa.<\/p>\n<p><em><strong>Dug vijek trajanja:<\/strong><\/em><\/p>\n<p>Izra\u0111eni su od vrlo izdr\u017eljive reciklirane plastike otporne na vremenske uvjete i UV zrake. \u010cak ih ni kopitari ne mogu lako o\u0161tetiti jer je materijal fleksibilan i izdr\u017eljiv.<\/p>\n<p><em><strong>Brza instalacija i fleksibilnost:<\/strong><\/em><\/p>\n<p>Modularni sustav omogu\u0107uje brzu instalaciju bez posebne mehanizacije \u2013 plo\u010de se spajaju kako bi tvorile stabilnu povr\u0161inu. Tako\u0111er se mogu ukloniti ili premjestiti po \u017eelji. (Pijesak posut preko re\u0161etki dodatno osigurava i skriva sustav.)<\/p>\n<p>HIT hodne plo\u010de klasificirane su u srednju do vi\u0161u klasu kvalitete \u2013 privla\u010dne su zahtjevnijim vlasnicima konja koji \u017eele trajno pobolj\u0161ati povr\u0161ine u svojim \u0161talama i spremni su ulo\u017eiti u dugoro\u010dno rje\u0161enje. Iako su po\u010detni tro\u0161kovi ne\u0161to vi\u0161i, ulaganje se isplati zbog ni\u017eih tro\u0161kova odr\u017eavanja, veterinarske skrbi (ozljede kopita) i du\u017eeg vijeka trajanja u usporedbi s jeftinijim alternativama.<\/p>\n<p>HIT plo\u010de za hodanje \u010dine <em><strong>ograje up<\/strong><\/em><\/p>\n<p>otrebljivijima <em><strong>tijekom cijele godine<\/strong><\/em><\/p>\n<p>\u2013 konji se mogu bezbri\u017eno tr\u010dati i valjati \u010dak i nakon ki\u0161e, a vlasnici \u0161tede vrijeme i trud na popravljanju zbijenog tla. Uklanjanjem blata i lokvi, va\u0161 \u0107e \u0161tala dobiti novi sjaj, a va\u0161i \u0107e konji ostati \u010disti, suhi i zdravi. (Dobro dizajnirano dno tako\u0111er \u0107e pobolj\u0161ati va\u0161e svakodnevno iskustvo \u2013 na kraju krajeva, sretni konji zna\u010de sretne vlasnike.)<\/p>\n","protected":false},"excerpt":{"rendered":"<p>Suh, stabilan teren bez blata \u2013 HIT gumene plo\u010de \u2013 plo\u010de za konjske ograde i staze za \u0161etnju. Sigurnost, odvodnja i dug vijek trajanja. Manje o\u0161te\u0107enja, manje \u010di\u0161\u0107enja, vi\u0161e udobnosti za konje i njegovatelje. Plo\u010dice su dimenzija 120 x 81 cm i debljine 4 cm.<\/p>\n","protected":false},"featured_media":24549,"comment_status":"closed","ping_status":"closed","template":"","meta":{"_acf_changed":false},"product_brand":[],"product_cat":[1840],"product_tag":[],"class_list":{"0":"post-24548","1":"product","2":"type-product","3":"status-publish","4":"has-post-thumbnail","6":"product_cat-konjska-oprema","7":"product_shipping_class-visoka-dostava","9":"first","10":"instock","11":"taxable","12":"shipping-taxable","13":"purchasable","14":"product-type-simple"},"acf":[],"yoast_head":"<!-- This site is optimized with the Yoast SEO plugin v27.0 - https:\/\/yoast.com\/product\/yoast-seo-wordpress\/ -->\n<title>HIT MOUNTAIN TRAIL planinarska guma - Trgovina Termotom<\/title>\n<meta name=\"robots\" content=\"index, follow, max-snippet:-1, max-image-preview:large, max-video-preview:-1\" \/>\n<link rel=\"canonical\" href=\"https:\/\/termotom.com\/hr\/hit-mountain-trail-planinarska-guma\/\" \/>\n<meta property=\"og:locale\" content=\"hr_HR\" \/>\n<meta property=\"og:type\" content=\"article\" \/>\n<meta property=\"og:title\" content=\"HIT MOUNTAIN TRAIL planinarska guma - Trgovina Termotom\" \/>\n<meta property=\"og:description\" content=\"Suh, stabilan teren bez blata \u2013 HIT gumene plo\u010de \u2013 plo\u010de za konjske ograde i staze za \u0161etnju. Sigurnost, odvodnja i dug vijek trajanja. Manje o\u0161te\u0107enja, manje \u010di\u0161\u0107enja, vi\u0161e udobnosti za konje i njegovatelje. Plo\u010dice su dimenzija 120 x 81 cm i debljine 4 cm.\" \/>\n<meta property=\"og:url\" content=\"https:\/\/termotom.com\/hr\/hit-mountain-trail-planinarska-guma\/\" \/>\n<meta property=\"og:site_name\" content=\"Trgovina Termotom\" \/>\n<meta property=\"article:modified_time\" content=\"2026-04-01T09:55:08+00:00\" \/>\n<meta property=\"og:image\" content=\"https:\/\/termotom.com\/wp-content\/uploads\/HIT-Mountain-Trail.jpg\" \/>\n\t<meta property=\"og:image:width\" content=\"1024\" \/>\n\t<meta property=\"og:image:height\" content=\"644\" \/>\n\t<meta property=\"og:image:type\" content=\"image\/jpeg\" \/>\n<meta name=\"twitter:card\" content=\"summary_large_image\" \/>\n<meta name=\"twitter:label1\" content=\"Procijenjeno vrijeme \u010ditanja\" \/>\n\t<meta name=\"twitter:data1\" content=\"3 minute\" \/>\n<script type=\"application\/ld+json\" class=\"yoast-schema-graph\">{\"@context\":\"https:\/\/schema.org\",\"@graph\":[{\"@type\":\"WebPage\",\"@id\":\"https:\/\/termotom.com\/hr\/hit-mountain-trail-planinarska-guma\/\",\"url\":\"https:\/\/termotom.com\/hr\/hit-mountain-trail-planinarska-guma\/\",\"name\":\"HIT MOUNTAIN TRAIL planinarska guma - Trgovina Termotom\",\"isPartOf\":{\"@id\":\"https:\/\/termotom.com\/hr\/#website\"},\"primaryImageOfPage\":{\"@id\":\"https:\/\/termotom.com\/hr\/hit-mountain-trail-planinarska-guma\/#primaryimage\"},\"image\":{\"@id\":\"https:\/\/termotom.com\/hr\/hit-mountain-trail-planinarska-guma\/#primaryimage\"},\"thumbnailUrl\":\"https:\/\/termotom.com\/wp-content\/uploads\/HIT-Mountain-Trail.jpg\",\"datePublished\":\"2025-10-13T11:18:30+00:00\",\"dateModified\":\"2026-04-01T09:55:08+00:00\",\"breadcrumb\":{\"@id\":\"https:\/\/termotom.com\/hr\/hit-mountain-trail-planinarska-guma\/#breadcrumb\"},\"inLanguage\":\"hr\",\"potentialAction\":[{\"@type\":\"ReadAction\",\"target\":[\"https:\/\/termotom.com\/hr\/hit-mountain-trail-planinarska-guma\/\"]}]},{\"@type\":\"ImageObject\",\"inLanguage\":\"hr\",\"@id\":\"https:\/\/termotom.com\/hr\/hit-mountain-trail-planinarska-guma\/#primaryimage\",\"url\":\"https:\/\/termotom.com\/wp-content\/uploads\/HIT-Mountain-Trail.jpg\",\"contentUrl\":\"https:\/\/termotom.com\/wp-content\/uploads\/HIT-Mountain-Trail.jpg\",\"width\":1024,\"height\":644},{\"@type\":\"BreadcrumbList\",\"@id\":\"https:\/\/termotom.com\/hr\/hit-mountain-trail-planinarska-guma\/#breadcrumb\",\"itemListElement\":[{\"@type\":\"ListItem\",\"position\":1,\"name\":\"Home\",\"item\":\"https:\/\/termotom.com\/hr\/\"},{\"@type\":\"ListItem\",\"position\":2,\"name\":\"Trgovina\",\"item\":\"https:\/\/termotom.com\/hr\/trgovina\/\"},{\"@type\":\"ListItem\",\"position\":3,\"name\":\"HIT MOUNTAIN TRAIL planinarska guma\"}]},{\"@type\":\"WebSite\",\"@id\":\"https:\/\/termotom.com\/hr\/#website\",\"url\":\"https:\/\/termotom.com\/hr\/\",\"name\":\"Trgovina Termotom\",\"description\":\"Spletna trgovina\",\"publisher\":{\"@id\":\"https:\/\/termotom.com\/hr\/#organization\"},\"potentialAction\":[{\"@type\":\"SearchAction\",\"target\":{\"@type\":\"EntryPoint\",\"urlTemplate\":\"https:\/\/termotom.com\/hr\/?s={search_term_string}\"},\"query-input\":{\"@type\":\"PropertyValueSpecification\",\"valueRequired\":true,\"valueName\":\"search_term_string\"}}],\"inLanguage\":\"hr\"},{\"@type\":\"Organization\",\"@id\":\"https:\/\/termotom.com\/hr\/#organization\",\"name\":\"Trgovina Termotom\",\"url\":\"https:\/\/termotom.com\/hr\/\",\"logo\":{\"@type\":\"ImageObject\",\"inLanguage\":\"hr\",\"@id\":\"https:\/\/termotom.com\/hr\/#\/schema\/logo\/image\/\",\"url\":\"https:\/\/termotom.com\/wp-content\/uploads\/logo.png\",\"contentUrl\":\"https:\/\/termotom.com\/wp-content\/uploads\/logo.png\",\"width\":400,\"height\":60,\"caption\":\"Trgovina Termotom\"},\"image\":{\"@id\":\"https:\/\/termotom.com\/hr\/#\/schema\/logo\/image\/\"}}]}<\/script>\n<!-- \/ Yoast SEO plugin. -->","yoast_head_json":{"title":"HIT MOUNTAIN TRAIL planinarska guma - Trgovina Termotom","robots":{"index":"index","follow":"follow","max-snippet":"max-snippet:-1","max-image-preview":"max-image-preview:large","max-video-preview":"max-video-preview:-1"},"canonical":"https:\/\/termotom.com\/hr\/hit-mountain-trail-planinarska-guma\/","og_locale":"hr_HR","og_type":"article","og_title":"HIT MOUNTAIN TRAIL planinarska guma - Trgovina Termotom","og_description":"Suh, stabilan teren bez blata \u2013 HIT gumene plo\u010de \u2013 plo\u010de za konjske ograde i staze za \u0161etnju. Sigurnost, odvodnja i dug vijek trajanja. Manje o\u0161te\u0107enja, manje \u010di\u0161\u0107enja, vi\u0161e udobnosti za konje i njegovatelje. Plo\u010dice su dimenzija 120 x 81 cm i debljine 4 cm.","og_url":"https:\/\/termotom.com\/hr\/hit-mountain-trail-planinarska-guma\/","og_site_name":"Trgovina Termotom","article_modified_time":"2026-04-01T09:55:08+00:00","og_image":[{"width":1024,"height":644,"url":"https:\/\/termotom.com\/wp-content\/uploads\/HIT-Mountain-Trail.jpg","type":"image\/jpeg"}],"twitter_card":"summary_large_image","twitter_misc":{"Procijenjeno vrijeme \u010ditanja":"3 minute"},"schema":{"@context":"https:\/\/schema.org","@graph":[{"@type":"WebPage","@id":"https:\/\/termotom.com\/hr\/hit-mountain-trail-planinarska-guma\/","url":"https:\/\/termotom.com\/hr\/hit-mountain-trail-planinarska-guma\/","name":"HIT MOUNTAIN TRAIL planinarska guma - Trgovina Termotom","isPartOf":{"@id":"https:\/\/termotom.com\/hr\/#website"},"primaryImageOfPage":{"@id":"https:\/\/termotom.com\/hr\/hit-mountain-trail-planinarska-guma\/#primaryimage"},"image":{"@id":"https:\/\/termotom.com\/hr\/hit-mountain-trail-planinarska-guma\/#primaryimage"},"thumbnailUrl":"https:\/\/termotom.com\/wp-content\/uploads\/HIT-Mountain-Trail.jpg","datePublished":"2025-10-13T11:18:30+00:00","dateModified":"2026-04-01T09:55:08+00:00","breadcrumb":{"@id":"https:\/\/termotom.com\/hr\/hit-mountain-trail-planinarska-guma\/#breadcrumb"},"inLanguage":"hr","potentialAction":[{"@type":"ReadAction","target":["https:\/\/termotom.com\/hr\/hit-mountain-trail-planinarska-guma\/"]}]},{"@type":"ImageObject","inLanguage":"hr","@id":"https:\/\/termotom.com\/hr\/hit-mountain-trail-planinarska-guma\/#primaryimage","url":"https:\/\/termotom.com\/wp-content\/uploads\/HIT-Mountain-Trail.jpg","contentUrl":"https:\/\/termotom.com\/wp-content\/uploads\/HIT-Mountain-Trail.jpg","width":1024,"height":644},{"@type":"BreadcrumbList","@id":"https:\/\/termotom.com\/hr\/hit-mountain-trail-planinarska-guma\/#breadcrumb","itemListElement":[{"@type":"ListItem","position":1,"name":"Home","item":"https:\/\/termotom.com\/hr\/"},{"@type":"ListItem","position":2,"name":"Trgovina","item":"https:\/\/termotom.com\/hr\/trgovina\/"},{"@type":"ListItem","position":3,"name":"HIT MOUNTAIN TRAIL planinarska guma"}]},{"@type":"WebSite","@id":"https:\/\/termotom.com\/hr\/#website","url":"https:\/\/termotom.com\/hr\/","name":"Trgovina Termotom","description":"Spletna trgovina","publisher":{"@id":"https:\/\/termotom.com\/hr\/#organization"},"potentialAction":[{"@type":"SearchAction","target":{"@type":"EntryPoint","urlTemplate":"https:\/\/termotom.com\/hr\/?s={search_term_string}"},"query-input":{"@type":"PropertyValueSpecification","valueRequired":true,"valueName":"search_term_string"}}],"inLanguage":"hr"},{"@type":"Organization","@id":"https:\/\/termotom.com\/hr\/#organization","name":"Trgovina Termotom","url":"https:\/\/termotom.com\/hr\/","logo":{"@type":"ImageObject","inLanguage":"hr","@id":"https:\/\/termotom.com\/hr\/#\/schema\/logo\/image\/","url":"https:\/\/termotom.com\/wp-content\/uploads\/logo.png","contentUrl":"https:\/\/termotom.com\/wp-content\/uploads\/logo.png","width":400,"height":60,"caption":"Trgovina Termotom"},"image":{"@id":"https:\/\/termotom.com\/hr\/#\/schema\/logo\/image\/"}}]}},"_links":{"self":[{"href":"https:\/\/termotom.com\/hr\/wp-json\/wp\/v2\/product\/24548","targetHints":{"allow":["GET"]}}],"collection":[{"href":"https:\/\/termotom.com\/hr\/wp-json\/wp\/v2\/product"}],"about":[{"href":"https:\/\/termotom.com\/hr\/wp-json\/wp\/v2\/types\/product"}],"replies":[{"embeddable":true,"href":"https:\/\/termotom.com\/hr\/wp-json\/wp\/v2\/comments?post=24548"}],"wp:featuredmedia":[{"embeddable":true,"href":"https:\/\/termotom.com\/hr\/wp-json\/wp\/v2\/media\/24549"}],"wp:attachment":[{"href":"https:\/\/termotom.com\/hr\/wp-json\/wp\/v2\/media?parent=24548"}],"wp:term":[{"taxonomy":"product_brand","embeddable":true,"href":"https:\/\/termotom.com\/hr\/wp-json\/wp\/v2\/product_brand?post=24548"},{"taxonomy":"product_cat","embeddable":true,"href":"https:\/\/termotom.com\/hr\/wp-json\/wp\/v2\/product_cat?post=24548"},{"taxonomy":"product_tag","embeddable":true,"href":"https:\/\/termotom.com\/hr\/wp-json\/wp\/v2\/product_tag?post=24548"}],"curies":[{"name":"wp","href":"https:\/\/api.w.org\/{rel}","templated":true}]}}