{"id":24747,"date":"2025-07-22T06:33:25","date_gmt":"2025-07-22T06:33:25","guid":{"rendered":"https:\/\/termotom.com\/lezisce-za-konje-hit-comfort\/"},"modified":"2026-04-01T09:55:57","modified_gmt":"2026-04-01T09:55:57","slug":"hit-comfort-posteljina-za-konje","status":"publish","type":"product","link":"https:\/\/termotom.com\/hr\/hit-comfort-posteljina-za-konje\/","title":{"rendered":"HIT Comfort posteljina za konje"},"content":{"rendered":"<p>Mehke, suhe i jednostavno dizajnirane \u2013 takve bi trebale biti konjski odmarali\u0161ta, zbog \u010dega konji vole stajati i le\u017eati na HIT konjskim le\u017eajima. HIT podloge za konje dokazale su svoju izvrsnost u praksi jer su vrlo jednostavne za odr\u017eavanje, \u0161to ne samo da \u0161tedi nepotrebni materijal za podlogu, ve\u0107 i rad.<\/p>\n<p><strong>HIT le\u017ei\u0161ta \u2013 udobnost i \u010disto\u0107a u jednom.<\/strong><\/p>\n<p>HIT le\u017ei\u0161ta za konje inovativno su rje\u0161enje za \u0161tale, koje kombinira maksimalnu udobnost za konja i jednostavno odr\u017eavanje za vlasnika. Svaki podlog je dizajniran kao mekan, ali izdr\u017eljiv tepih od posebne gume i pjene, koji stvara udobnu, suhu i toplu podlogu za le\u017eanje, a istovremeno je otporan na te\u017einu konjskih kopita. Za razliku od tradicionalne slame, HIT posteljina se ne raspr\u0161uje niti raznosi jer nije jestiva \u2013 konji je koriste isklju\u010divo za odmor. To zna\u010di da prostor za odmor du\u017ee ostaje \u010di\u0161\u0107i i da koristite znatno manje posteljine dnevno. Po potrebi se na posteljinu posipa samo tanak sloj piljevine ili peleta kako bi upio mokra\u0107u, a koji se mo\u017ee brzo ukloniti, ostavljaju\u0107i podlogu suhom.<\/p>\n<p>Dobrobit \u017eivotinja ovdje je na prvom mjestu. Konji mogu dulje i s ve\u0107im zadovoljstvom le\u017eati na mekoj povr\u0161ini jer ih ne ometaju tvrdi podovi ili vla\u017ene povr\u0161ine. U praksi konji iznimno vole odmarati se na HIT podlogama \u2013 nije neuobi\u010dajeno vidjeti opu\u0161tene konje kako le\u017ee na mekoj gumenoj podlozi umjesto na hrpi slame. Budu\u0107i da ovi le\u017eajevi ne podi\u017eu pra\u0161inu, zrak u \u0161tali je \u010di\u0161\u0107i i konji ne udisaju \u010destice pra\u0161ine dok le\u017ee. Manje pra\u0161ine i plijesni zna\u010di bolje zdravlje di\u0161nih putova za konje, osobito za osjetljive ili alergi\u010dne \u017eivotinje.<\/p>\n<p><strong>U\u0161teda vremena i novca u odr\u017eavanju<\/strong><\/p>\n<p>. Ulaganje u HIT podloge isplati se kroz u\u0161tedu na radnoj snazi i materijalima. Svaki dan iz \u0161tale uklanjate znatno manje prljave podloge jer one ostaju uglavnom suhe i \u010diste. Manje izmeta i mokre slame zna\u010di manje hrpe izmeta i rje\u0111e odvo\u017eenje otpada. Prema procjenama uzgajiva\u010da koji su uveli takav sustav, potro\u0161nja postelje smanjena je do 75 %, a vrijeme potrebno za \u010di\u0161\u0107enje svakog boksa tako\u0111er je drasti\u010dno smanjeno. Tro\u0161kovi odr\u017eavanja \u0161tale (kupnja posteljine, radna snaga, odvoz gnoja) smanjeni su do te mjere da se po\u010detna investicija u postelju isplati u roku od nekoliko godina. Osim financijske u\u0161tede, ne treba zanemariti ni u\u0161tedu vremena \u2013 manje \u010di\u0161\u0107enja zna\u010di vi\u0161e vremena koje mo\u017eete posvetiti svojim konjima ili drugim zadacima.<\/p>\n<p>HIT podloga tako\u0111er je odr\u017eivo rje\u0161enje. Izra\u0111ena je od visokokvalitetnih materijala dugog vijeka trajanja, \u0161to zna\u010di da je nije potrebno \u010desto mijenjati. To smanjuje koli\u010dinu otpadnog posteljina i doprinosi odr\u017eivijem upravljanju \u0161talom. Postavljanje je tako\u0111er jednostavno: model HIT Comfort isporu\u010duje se kao cjelovita jedinica i mo\u017ee se jednostavno postaviti na pripremljenu lokaciju \u2013 posteljina je odmah spremna za upotrebu.<\/p>\n","protected":false},"excerpt":{"rendered":"<p>HIT Comfort posteljina \u2013 idealna za pojedina\u010dne bokseve ili male grupe konja. Posteljina je jednodijelna, tvorni\u010dki sastavljena i spremna za neposrednu upotrebu (mo\u017eete je premjestiti iz dostavnog vozila izravno u \u0161talu). HIT Comfort dolazi u standardnoj veli\u010dini od 1,8 m \u00d7 2,4 m. Portabilan je, \u0161to zna\u010di da ga mo\u017eete premje\u0161tati ili ukloniti prema potrebi. Izra\u0111en je od mekane gume i pjenastog umetka za optimalnu udobnost.<\/p>\n","protected":false},"featured_media":24748,"comment_status":"closed","ping_status":"closed","template":"","meta":{"_acf_changed":false},"product_brand":[],"product_cat":[1840],"product_tag":[],"class_list":{"0":"post-24747","1":"product","2":"type-product","3":"status-publish","4":"has-post-thumbnail","6":"product_cat-konjska-oprema","7":"product_shipping_class-visoka-dostava","9":"first","10":"instock","11":"taxable","12":"shipping-taxable","13":"purchasable","14":"product-type-simple"},"acf":[],"yoast_head":"<!-- This site is optimized with the Yoast SEO plugin v27.0 - https:\/\/yoast.com\/product\/yoast-seo-wordpress\/ -->\n<title>HIT Comfort posteljina za konje - Trgovina Termotom<\/title>\n<meta name=\"robots\" content=\"index, follow, max-snippet:-1, max-image-preview:large, max-video-preview:-1\" \/>\n<link rel=\"canonical\" href=\"https:\/\/termotom.com\/hr\/hit-comfort-posteljina-za-konje\/\" \/>\n<meta property=\"og:locale\" content=\"hr_HR\" \/>\n<meta property=\"og:type\" content=\"article\" \/>\n<meta property=\"og:title\" content=\"HIT Comfort posteljina za konje - Trgovina Termotom\" \/>\n<meta property=\"og:description\" content=\"HIT Comfort posteljina \u2013 idealna za pojedina\u010dne bokseve ili male grupe konja. Posteljina je jednodijelna, tvorni\u010dki sastavljena i spremna za neposrednu upotrebu (mo\u017eete je premjestiti iz dostavnog vozila izravno u \u0161talu). HIT Comfort dolazi u standardnoj veli\u010dini od 1,8 m \u00d7 2,4 m. Portabilan je, \u0161to zna\u010di da ga mo\u017eete premje\u0161tati ili ukloniti prema potrebi. Izra\u0111en je od mekane gume i pjenastog umetka za optimalnu udobnost.\" \/>\n<meta property=\"og:url\" content=\"https:\/\/termotom.com\/hr\/hit-comfort-posteljina-za-konje\/\" \/>\n<meta property=\"og:site_name\" content=\"Trgovina Termotom\" \/>\n<meta property=\"article:modified_time\" content=\"2026-04-01T09:55:57+00:00\" \/>\n<meta property=\"og:image\" content=\"https:\/\/termotom.com\/wp-content\/uploads\/lezisce-za-konje-hit-comfort6-scaled.jpg\" \/>\n\t<meta property=\"og:image:width\" content=\"2560\" \/>\n\t<meta property=\"og:image:height\" content=\"1854\" \/>\n\t<meta property=\"og:image:type\" content=\"image\/jpeg\" \/>\n<meta name=\"twitter:card\" content=\"summary_large_image\" \/>\n<meta name=\"twitter:label1\" content=\"Procijenjeno vrijeme \u010ditanja\" \/>\n\t<meta name=\"twitter:data1\" content=\"3 minute\" \/>\n<script type=\"application\/ld+json\" class=\"yoast-schema-graph\">{\"@context\":\"https:\/\/schema.org\",\"@graph\":[{\"@type\":\"WebPage\",\"@id\":\"https:\/\/termotom.com\/hr\/hit-comfort-posteljina-za-konje\/\",\"url\":\"https:\/\/termotom.com\/hr\/hit-comfort-posteljina-za-konje\/\",\"name\":\"HIT Comfort posteljina za konje - Trgovina Termotom\",\"isPartOf\":{\"@id\":\"https:\/\/termotom.com\/hr\/#website\"},\"primaryImageOfPage\":{\"@id\":\"https:\/\/termotom.com\/hr\/hit-comfort-posteljina-za-konje\/#primaryimage\"},\"image\":{\"@id\":\"https:\/\/termotom.com\/hr\/hit-comfort-posteljina-za-konje\/#primaryimage\"},\"thumbnailUrl\":\"https:\/\/termotom.com\/wp-content\/uploads\/lezisce-za-konje-hit-comfort6-scaled.jpg\",\"datePublished\":\"2025-07-22T06:33:25+00:00\",\"dateModified\":\"2026-04-01T09:55:57+00:00\",\"breadcrumb\":{\"@id\":\"https:\/\/termotom.com\/hr\/hit-comfort-posteljina-za-konje\/#breadcrumb\"},\"inLanguage\":\"hr\",\"potentialAction\":[{\"@type\":\"ReadAction\",\"target\":[\"https:\/\/termotom.com\/hr\/hit-comfort-posteljina-za-konje\/\"]}]},{\"@type\":\"ImageObject\",\"inLanguage\":\"hr\",\"@id\":\"https:\/\/termotom.com\/hr\/hit-comfort-posteljina-za-konje\/#primaryimage\",\"url\":\"https:\/\/termotom.com\/wp-content\/uploads\/lezisce-za-konje-hit-comfort6-scaled.jpg\",\"contentUrl\":\"https:\/\/termotom.com\/wp-content\/uploads\/lezisce-za-konje-hit-comfort6-scaled.jpg\",\"width\":2560,\"height\":1854,\"caption\":\"Le\u017ei\u0161\u010de za konje HIT Comfort\"},{\"@type\":\"BreadcrumbList\",\"@id\":\"https:\/\/termotom.com\/hr\/hit-comfort-posteljina-za-konje\/#breadcrumb\",\"itemListElement\":[{\"@type\":\"ListItem\",\"position\":1,\"name\":\"Home\",\"item\":\"https:\/\/termotom.com\/hr\/\"},{\"@type\":\"ListItem\",\"position\":2,\"name\":\"Trgovina\",\"item\":\"https:\/\/termotom.com\/hr\/trgovina\/\"},{\"@type\":\"ListItem\",\"position\":3,\"name\":\"HIT Comfort posteljina za konje\"}]},{\"@type\":\"WebSite\",\"@id\":\"https:\/\/termotom.com\/hr\/#website\",\"url\":\"https:\/\/termotom.com\/hr\/\",\"name\":\"Trgovina Termotom\",\"description\":\"Spletna trgovina\",\"publisher\":{\"@id\":\"https:\/\/termotom.com\/hr\/#organization\"},\"potentialAction\":[{\"@type\":\"SearchAction\",\"target\":{\"@type\":\"EntryPoint\",\"urlTemplate\":\"https:\/\/termotom.com\/hr\/?s={search_term_string}\"},\"query-input\":{\"@type\":\"PropertyValueSpecification\",\"valueRequired\":true,\"valueName\":\"search_term_string\"}}],\"inLanguage\":\"hr\"},{\"@type\":\"Organization\",\"@id\":\"https:\/\/termotom.com\/hr\/#organization\",\"name\":\"Trgovina Termotom\",\"url\":\"https:\/\/termotom.com\/hr\/\",\"logo\":{\"@type\":\"ImageObject\",\"inLanguage\":\"hr\",\"@id\":\"https:\/\/termotom.com\/hr\/#\/schema\/logo\/image\/\",\"url\":\"https:\/\/termotom.com\/wp-content\/uploads\/logo.png\",\"contentUrl\":\"https:\/\/termotom.com\/wp-content\/uploads\/logo.png\",\"width\":400,\"height\":60,\"caption\":\"Trgovina Termotom\"},\"image\":{\"@id\":\"https:\/\/termotom.com\/hr\/#\/schema\/logo\/image\/\"}}]}<\/script>\n<!-- \/ Yoast SEO plugin. -->","yoast_head_json":{"title":"HIT Comfort posteljina za konje - Trgovina Termotom","robots":{"index":"index","follow":"follow","max-snippet":"max-snippet:-1","max-image-preview":"max-image-preview:large","max-video-preview":"max-video-preview:-1"},"canonical":"https:\/\/termotom.com\/hr\/hit-comfort-posteljina-za-konje\/","og_locale":"hr_HR","og_type":"article","og_title":"HIT Comfort posteljina za konje - Trgovina Termotom","og_description":"HIT Comfort posteljina \u2013 idealna za pojedina\u010dne bokseve ili male grupe konja. Posteljina je jednodijelna, tvorni\u010dki sastavljena i spremna za neposrednu upotrebu (mo\u017eete je premjestiti iz dostavnog vozila izravno u \u0161talu). HIT Comfort dolazi u standardnoj veli\u010dini od 1,8 m \u00d7 2,4 m. Portabilan je, \u0161to zna\u010di da ga mo\u017eete premje\u0161tati ili ukloniti prema potrebi. Izra\u0111en je od mekane gume i pjenastog umetka za optimalnu udobnost.","og_url":"https:\/\/termotom.com\/hr\/hit-comfort-posteljina-za-konje\/","og_site_name":"Trgovina Termotom","article_modified_time":"2026-04-01T09:55:57+00:00","og_image":[{"width":2560,"height":1854,"url":"https:\/\/termotom.com\/wp-content\/uploads\/lezisce-za-konje-hit-comfort6-scaled.jpg","type":"image\/jpeg"}],"twitter_card":"summary_large_image","twitter_misc":{"Procijenjeno vrijeme \u010ditanja":"3 minute"},"schema":{"@context":"https:\/\/schema.org","@graph":[{"@type":"WebPage","@id":"https:\/\/termotom.com\/hr\/hit-comfort-posteljina-za-konje\/","url":"https:\/\/termotom.com\/hr\/hit-comfort-posteljina-za-konje\/","name":"HIT Comfort posteljina za konje - Trgovina Termotom","isPartOf":{"@id":"https:\/\/termotom.com\/hr\/#website"},"primaryImageOfPage":{"@id":"https:\/\/termotom.com\/hr\/hit-comfort-posteljina-za-konje\/#primaryimage"},"image":{"@id":"https:\/\/termotom.com\/hr\/hit-comfort-posteljina-za-konje\/#primaryimage"},"thumbnailUrl":"https:\/\/termotom.com\/wp-content\/uploads\/lezisce-za-konje-hit-comfort6-scaled.jpg","datePublished":"2025-07-22T06:33:25+00:00","dateModified":"2026-04-01T09:55:57+00:00","breadcrumb":{"@id":"https:\/\/termotom.com\/hr\/hit-comfort-posteljina-za-konje\/#breadcrumb"},"inLanguage":"hr","potentialAction":[{"@type":"ReadAction","target":["https:\/\/termotom.com\/hr\/hit-comfort-posteljina-za-konje\/"]}]},{"@type":"ImageObject","inLanguage":"hr","@id":"https:\/\/termotom.com\/hr\/hit-comfort-posteljina-za-konje\/#primaryimage","url":"https:\/\/termotom.com\/wp-content\/uploads\/lezisce-za-konje-hit-comfort6-scaled.jpg","contentUrl":"https:\/\/termotom.com\/wp-content\/uploads\/lezisce-za-konje-hit-comfort6-scaled.jpg","width":2560,"height":1854,"caption":"Le\u017ei\u0161\u010de za konje HIT Comfort"},{"@type":"BreadcrumbList","@id":"https:\/\/termotom.com\/hr\/hit-comfort-posteljina-za-konje\/#breadcrumb","itemListElement":[{"@type":"ListItem","position":1,"name":"Home","item":"https:\/\/termotom.com\/hr\/"},{"@type":"ListItem","position":2,"name":"Trgovina","item":"https:\/\/termotom.com\/hr\/trgovina\/"},{"@type":"ListItem","position":3,"name":"HIT Comfort posteljina za konje"}]},{"@type":"WebSite","@id":"https:\/\/termotom.com\/hr\/#website","url":"https:\/\/termotom.com\/hr\/","name":"Trgovina Termotom","description":"Spletna trgovina","publisher":{"@id":"https:\/\/termotom.com\/hr\/#organization"},"potentialAction":[{"@type":"SearchAction","target":{"@type":"EntryPoint","urlTemplate":"https:\/\/termotom.com\/hr\/?s={search_term_string}"},"query-input":{"@type":"PropertyValueSpecification","valueRequired":true,"valueName":"search_term_string"}}],"inLanguage":"hr"},{"@type":"Organization","@id":"https:\/\/termotom.com\/hr\/#organization","name":"Trgovina Termotom","url":"https:\/\/termotom.com\/hr\/","logo":{"@type":"ImageObject","inLanguage":"hr","@id":"https:\/\/termotom.com\/hr\/#\/schema\/logo\/image\/","url":"https:\/\/termotom.com\/wp-content\/uploads\/logo.png","contentUrl":"https:\/\/termotom.com\/wp-content\/uploads\/logo.png","width":400,"height":60,"caption":"Trgovina Termotom"},"image":{"@id":"https:\/\/termotom.com\/hr\/#\/schema\/logo\/image\/"}}]}},"_links":{"self":[{"href":"https:\/\/termotom.com\/hr\/wp-json\/wp\/v2\/product\/24747","targetHints":{"allow":["GET"]}}],"collection":[{"href":"https:\/\/termotom.com\/hr\/wp-json\/wp\/v2\/product"}],"about":[{"href":"https:\/\/termotom.com\/hr\/wp-json\/wp\/v2\/types\/product"}],"replies":[{"embeddable":true,"href":"https:\/\/termotom.com\/hr\/wp-json\/wp\/v2\/comments?post=24747"}],"wp:featuredmedia":[{"embeddable":true,"href":"https:\/\/termotom.com\/hr\/wp-json\/wp\/v2\/media\/24748"}],"wp:attachment":[{"href":"https:\/\/termotom.com\/hr\/wp-json\/wp\/v2\/media?parent=24747"}],"wp:term":[{"taxonomy":"product_brand","embeddable":true,"href":"https:\/\/termotom.com\/hr\/wp-json\/wp\/v2\/product_brand?post=24747"},{"taxonomy":"product_cat","embeddable":true,"href":"https:\/\/termotom.com\/hr\/wp-json\/wp\/v2\/product_cat?post=24747"},{"taxonomy":"product_tag","embeddable":true,"href":"https:\/\/termotom.com\/hr\/wp-json\/wp\/v2\/product_tag?post=24747"}],"curies":[{"name":"wp","href":"https:\/\/api.w.org\/{rel}","templated":true}]}}