{"id":25792,"date":"2025-02-20T11:53:59","date_gmt":"2025-02-20T11:53:59","guid":{"rendered":"https:\/\/termotom.com\/poliestrski-venci-za-kupole-okna-uv-odporni\/"},"modified":"2026-04-01T10:56:52","modified_gmt":"2026-04-01T10:56:52","slug":"poliesterske-girlande-125x125-cm-za-kupole-i-prozore-otporne-na-uv-zracenje","status":"publish","type":"product","link":"https:\/\/termotom.com\/hr\/poliesterske-girlande-125x125-cm-za-kupole-i-prozore-otporne-na-uv-zracenje\/","title":{"rendered":"Poliesterske girlande, 125&#215;125 cm, za kupole i prozore, otporne na UV zra\u010denje"},"content":{"rendered":"<p>Prodajemo vijence visine 50 cm iz na\u0161eg skladi\u0161ta u Sodra\u017eici. Vijenac su u dobrom stanju, poliesterska tkanina je otporna na vremenske uvjete i vrlo izdr\u017eljiva \u2013 mogu se koristiti za ukra\u0161avanje <strong>prozora<\/strong>, <strong>kupola<\/strong> ili <strong>povi\u0161enih gredica<\/strong>, ili za bilo koji drugi ku\u0107ni projekt.<\/p>\n","protected":false},"excerpt":{"rendered":"<ul>\n<li>1 komad, vlastita kolekcija, 127 \u20ac uklju\u010duju\u0107i PDV<\/li>\n<li>1 komad, dostava, 137 \u20ac uklju\u010duju\u0107i PDV<\/li>\n<li>7 komada, dostava, 790 \u20ac s PDV-om<\/li>\n<\/ul>\n<p>Za vi\u0161e informacija nazovite 051 371 618<\/p>\n","protected":false},"featured_media":25793,"comment_status":"closed","ping_status":"closed","template":"","meta":{"_acf_changed":false},"product_brand":[],"product_cat":[1640],"product_tag":[],"class_list":{"0":"post-25792","1":"product","2":"type-product","3":"status-publish","4":"has-post-thumbnail","6":"product_cat-rasprodaja","8":"first","9":"instock","10":"taxable","11":"shipping-taxable","12":"product-type-simple"},"acf":[],"yoast_head":"<!-- This site is optimized with the Yoast SEO plugin v27.0 - https:\/\/yoast.com\/product\/yoast-seo-wordpress\/ -->\n<title>Poliesterske girlande, 125x125 cm, za kupole i prozore, otporne na UV zra\u010denje - Trgovina Termotom<\/title>\n<meta name=\"robots\" content=\"index, follow, max-snippet:-1, max-image-preview:large, max-video-preview:-1\" \/>\n<link rel=\"canonical\" href=\"https:\/\/termotom.com\/hr\/poliesterske-girlande-125x125-cm-za-kupole-i-prozore-otporne-na-uv-zracenje\/\" \/>\n<meta property=\"og:locale\" content=\"hr_HR\" \/>\n<meta property=\"og:type\" content=\"article\" \/>\n<meta property=\"og:title\" content=\"Poliesterske girlande, 125x125 cm, za kupole i prozore, otporne na UV zra\u010denje - Trgovina Termotom\" \/>\n<meta property=\"og:description\" content=\"1 komad, vlastita kolekcija, 127 \u20ac uklju\u010duju\u0107i PDV  1 komad, dostava, 137 \u20ac uklju\u010duju\u0107i PDV  7 komada, dostava, 790 \u20ac s PDV-om Za vi\u0161e informacija nazovite 051 371 618\" \/>\n<meta property=\"og:url\" content=\"https:\/\/termotom.com\/hr\/poliesterske-girlande-125x125-cm-za-kupole-i-prozore-otporne-na-uv-zracenje\/\" \/>\n<meta property=\"og:site_name\" content=\"Trgovina Termotom\" \/>\n<meta property=\"article:modified_time\" content=\"2026-04-01T10:56:52+00:00\" \/>\n<meta property=\"og:image\" content=\"https:\/\/termotom.com\/wp-content\/uploads\/venci.png\" \/>\n\t<meta property=\"og:image:width\" content=\"478\" \/>\n\t<meta property=\"og:image:height\" content=\"1001\" \/>\n\t<meta property=\"og:image:type\" content=\"image\/png\" \/>\n<meta name=\"twitter:card\" content=\"summary_large_image\" \/>\n<meta name=\"twitter:label1\" content=\"Procijenjeno vrijeme \u010ditanja\" \/>\n\t<meta name=\"twitter:data1\" content=\"1 minuta\" \/>\n<script type=\"application\/ld+json\" class=\"yoast-schema-graph\">{\"@context\":\"https:\/\/schema.org\",\"@graph\":[{\"@type\":\"WebPage\",\"@id\":\"https:\/\/termotom.com\/hr\/poliesterske-girlande-125x125-cm-za-kupole-i-prozore-otporne-na-uv-zracenje\/\",\"url\":\"https:\/\/termotom.com\/hr\/poliesterske-girlande-125x125-cm-za-kupole-i-prozore-otporne-na-uv-zracenje\/\",\"name\":\"Poliesterske girlande, 125x125 cm, za kupole i prozore, otporne na UV zra\u010denje - Trgovina Termotom\",\"isPartOf\":{\"@id\":\"https:\/\/termotom.com\/hr\/#website\"},\"primaryImageOfPage\":{\"@id\":\"https:\/\/termotom.com\/hr\/poliesterske-girlande-125x125-cm-za-kupole-i-prozore-otporne-na-uv-zracenje\/#primaryimage\"},\"image\":{\"@id\":\"https:\/\/termotom.com\/hr\/poliesterske-girlande-125x125-cm-za-kupole-i-prozore-otporne-na-uv-zracenje\/#primaryimage\"},\"thumbnailUrl\":\"https:\/\/termotom.com\/wp-content\/uploads\/venci.png\",\"datePublished\":\"2025-02-20T11:53:59+00:00\",\"dateModified\":\"2026-04-01T10:56:52+00:00\",\"breadcrumb\":{\"@id\":\"https:\/\/termotom.com\/hr\/poliesterske-girlande-125x125-cm-za-kupole-i-prozore-otporne-na-uv-zracenje\/#breadcrumb\"},\"inLanguage\":\"hr\",\"potentialAction\":[{\"@type\":\"ReadAction\",\"target\":[\"https:\/\/termotom.com\/hr\/poliesterske-girlande-125x125-cm-za-kupole-i-prozore-otporne-na-uv-zracenje\/\"]}]},{\"@type\":\"ImageObject\",\"inLanguage\":\"hr\",\"@id\":\"https:\/\/termotom.com\/hr\/poliesterske-girlande-125x125-cm-za-kupole-i-prozore-otporne-na-uv-zracenje\/#primaryimage\",\"url\":\"https:\/\/termotom.com\/wp-content\/uploads\/venci.png\",\"contentUrl\":\"https:\/\/termotom.com\/wp-content\/uploads\/venci.png\",\"width\":478,\"height\":1001},{\"@type\":\"BreadcrumbList\",\"@id\":\"https:\/\/termotom.com\/hr\/poliesterske-girlande-125x125-cm-za-kupole-i-prozore-otporne-na-uv-zracenje\/#breadcrumb\",\"itemListElement\":[{\"@type\":\"ListItem\",\"position\":1,\"name\":\"Home\",\"item\":\"https:\/\/termotom.com\/hr\/\"},{\"@type\":\"ListItem\",\"position\":2,\"name\":\"Trgovina\",\"item\":\"https:\/\/termotom.com\/hr\/trgovina\/\"},{\"@type\":\"ListItem\",\"position\":3,\"name\":\"Poliesterske girlande, 125&#215;125 cm, za kupole i prozore, otporne na UV zra\u010denje\"}]},{\"@type\":\"WebSite\",\"@id\":\"https:\/\/termotom.com\/hr\/#website\",\"url\":\"https:\/\/termotom.com\/hr\/\",\"name\":\"Trgovina Termotom\",\"description\":\"Spletna trgovina\",\"publisher\":{\"@id\":\"https:\/\/termotom.com\/hr\/#organization\"},\"potentialAction\":[{\"@type\":\"SearchAction\",\"target\":{\"@type\":\"EntryPoint\",\"urlTemplate\":\"https:\/\/termotom.com\/hr\/?s={search_term_string}\"},\"query-input\":{\"@type\":\"PropertyValueSpecification\",\"valueRequired\":true,\"valueName\":\"search_term_string\"}}],\"inLanguage\":\"hr\"},{\"@type\":\"Organization\",\"@id\":\"https:\/\/termotom.com\/hr\/#organization\",\"name\":\"Trgovina Termotom\",\"url\":\"https:\/\/termotom.com\/hr\/\",\"logo\":{\"@type\":\"ImageObject\",\"inLanguage\":\"hr\",\"@id\":\"https:\/\/termotom.com\/hr\/#\/schema\/logo\/image\/\",\"url\":\"https:\/\/termotom.com\/wp-content\/uploads\/logo.png\",\"contentUrl\":\"https:\/\/termotom.com\/wp-content\/uploads\/logo.png\",\"width\":400,\"height\":60,\"caption\":\"Trgovina Termotom\"},\"image\":{\"@id\":\"https:\/\/termotom.com\/hr\/#\/schema\/logo\/image\/\"}}]}<\/script>\n<!-- \/ Yoast SEO plugin. -->","yoast_head_json":{"title":"Poliesterske girlande, 125x125 cm, za kupole i prozore, otporne na UV zra\u010denje - Trgovina Termotom","robots":{"index":"index","follow":"follow","max-snippet":"max-snippet:-1","max-image-preview":"max-image-preview:large","max-video-preview":"max-video-preview:-1"},"canonical":"https:\/\/termotom.com\/hr\/poliesterske-girlande-125x125-cm-za-kupole-i-prozore-otporne-na-uv-zracenje\/","og_locale":"hr_HR","og_type":"article","og_title":"Poliesterske girlande, 125x125 cm, za kupole i prozore, otporne na UV zra\u010denje - Trgovina Termotom","og_description":"1 komad, vlastita kolekcija, 127 \u20ac uklju\u010duju\u0107i PDV  1 komad, dostava, 137 \u20ac uklju\u010duju\u0107i PDV  7 komada, dostava, 790 \u20ac s PDV-om Za vi\u0161e informacija nazovite 051 371 618","og_url":"https:\/\/termotom.com\/hr\/poliesterske-girlande-125x125-cm-za-kupole-i-prozore-otporne-na-uv-zracenje\/","og_site_name":"Trgovina Termotom","article_modified_time":"2026-04-01T10:56:52+00:00","og_image":[{"width":478,"height":1001,"url":"https:\/\/termotom.com\/wp-content\/uploads\/venci.png","type":"image\/png"}],"twitter_card":"summary_large_image","twitter_misc":{"Procijenjeno vrijeme \u010ditanja":"1 minuta"},"schema":{"@context":"https:\/\/schema.org","@graph":[{"@type":"WebPage","@id":"https:\/\/termotom.com\/hr\/poliesterske-girlande-125x125-cm-za-kupole-i-prozore-otporne-na-uv-zracenje\/","url":"https:\/\/termotom.com\/hr\/poliesterske-girlande-125x125-cm-za-kupole-i-prozore-otporne-na-uv-zracenje\/","name":"Poliesterske girlande, 125x125 cm, za kupole i prozore, otporne na UV zra\u010denje - Trgovina Termotom","isPartOf":{"@id":"https:\/\/termotom.com\/hr\/#website"},"primaryImageOfPage":{"@id":"https:\/\/termotom.com\/hr\/poliesterske-girlande-125x125-cm-za-kupole-i-prozore-otporne-na-uv-zracenje\/#primaryimage"},"image":{"@id":"https:\/\/termotom.com\/hr\/poliesterske-girlande-125x125-cm-za-kupole-i-prozore-otporne-na-uv-zracenje\/#primaryimage"},"thumbnailUrl":"https:\/\/termotom.com\/wp-content\/uploads\/venci.png","datePublished":"2025-02-20T11:53:59+00:00","dateModified":"2026-04-01T10:56:52+00:00","breadcrumb":{"@id":"https:\/\/termotom.com\/hr\/poliesterske-girlande-125x125-cm-za-kupole-i-prozore-otporne-na-uv-zracenje\/#breadcrumb"},"inLanguage":"hr","potentialAction":[{"@type":"ReadAction","target":["https:\/\/termotom.com\/hr\/poliesterske-girlande-125x125-cm-za-kupole-i-prozore-otporne-na-uv-zracenje\/"]}]},{"@type":"ImageObject","inLanguage":"hr","@id":"https:\/\/termotom.com\/hr\/poliesterske-girlande-125x125-cm-za-kupole-i-prozore-otporne-na-uv-zracenje\/#primaryimage","url":"https:\/\/termotom.com\/wp-content\/uploads\/venci.png","contentUrl":"https:\/\/termotom.com\/wp-content\/uploads\/venci.png","width":478,"height":1001},{"@type":"BreadcrumbList","@id":"https:\/\/termotom.com\/hr\/poliesterske-girlande-125x125-cm-za-kupole-i-prozore-otporne-na-uv-zracenje\/#breadcrumb","itemListElement":[{"@type":"ListItem","position":1,"name":"Home","item":"https:\/\/termotom.com\/hr\/"},{"@type":"ListItem","position":2,"name":"Trgovina","item":"https:\/\/termotom.com\/hr\/trgovina\/"},{"@type":"ListItem","position":3,"name":"Poliesterske girlande, 125&#215;125 cm, za kupole i prozore, otporne na UV zra\u010denje"}]},{"@type":"WebSite","@id":"https:\/\/termotom.com\/hr\/#website","url":"https:\/\/termotom.com\/hr\/","name":"Trgovina Termotom","description":"Spletna trgovina","publisher":{"@id":"https:\/\/termotom.com\/hr\/#organization"},"potentialAction":[{"@type":"SearchAction","target":{"@type":"EntryPoint","urlTemplate":"https:\/\/termotom.com\/hr\/?s={search_term_string}"},"query-input":{"@type":"PropertyValueSpecification","valueRequired":true,"valueName":"search_term_string"}}],"inLanguage":"hr"},{"@type":"Organization","@id":"https:\/\/termotom.com\/hr\/#organization","name":"Trgovina Termotom","url":"https:\/\/termotom.com\/hr\/","logo":{"@type":"ImageObject","inLanguage":"hr","@id":"https:\/\/termotom.com\/hr\/#\/schema\/logo\/image\/","url":"https:\/\/termotom.com\/wp-content\/uploads\/logo.png","contentUrl":"https:\/\/termotom.com\/wp-content\/uploads\/logo.png","width":400,"height":60,"caption":"Trgovina Termotom"},"image":{"@id":"https:\/\/termotom.com\/hr\/#\/schema\/logo\/image\/"}}]}},"_links":{"self":[{"href":"https:\/\/termotom.com\/hr\/wp-json\/wp\/v2\/product\/25792","targetHints":{"allow":["GET"]}}],"collection":[{"href":"https:\/\/termotom.com\/hr\/wp-json\/wp\/v2\/product"}],"about":[{"href":"https:\/\/termotom.com\/hr\/wp-json\/wp\/v2\/types\/product"}],"replies":[{"embeddable":true,"href":"https:\/\/termotom.com\/hr\/wp-json\/wp\/v2\/comments?post=25792"}],"wp:featuredmedia":[{"embeddable":true,"href":"https:\/\/termotom.com\/hr\/wp-json\/wp\/v2\/media\/25793"}],"wp:attachment":[{"href":"https:\/\/termotom.com\/hr\/wp-json\/wp\/v2\/media?parent=25792"}],"wp:term":[{"taxonomy":"product_brand","embeddable":true,"href":"https:\/\/termotom.com\/hr\/wp-json\/wp\/v2\/product_brand?post=25792"},{"taxonomy":"product_cat","embeddable":true,"href":"https:\/\/termotom.com\/hr\/wp-json\/wp\/v2\/product_cat?post=25792"},{"taxonomy":"product_tag","embeddable":true,"href":"https:\/\/termotom.com\/hr\/wp-json\/wp\/v2\/product_tag?post=25792"}],"curies":[{"name":"wp","href":"https:\/\/api.w.org\/{rel}","templated":true}]}}