{"id":25915,"date":"2025-02-05T10:37:09","date_gmt":"2025-02-05T10:37:09","guid":{"rendered":"https:\/\/termotom.com\/polikarbonatna-plosca-sunsnap-1-mm-prozorna\/"},"modified":"2026-04-01T10:57:55","modified_gmt":"2026-04-01T10:57:55","slug":"sunsnap-polikarbonatna-ploca-prozirna","status":"publish","type":"product","link":"https:\/\/termotom.com\/hr\/sunsnap-polikarbonatna-ploca-prozirna\/","title":{"rendered":"SunSNAP polikarbonatna plo\u010da, prozirna"},"content":{"rendered":"<p>SunSNAP je jednostruki polikarbonatni lim izra\u0111en od udarootpornog, UV-stabiliziranog polikarbonata.\u00a0Zbog svoje svestranosti i raznolikosti boja, savr\u0161en je izbor za prozirne krovove i \u010desto se koristi za terase, nadstre\u0161nice, staklenike i vertikalno ostakljenje.<\/p>\n","protected":false},"excerpt":{"rendered":"<p>SUNSNAP polikarbonatna plo\u010da, 1 mm, jednostrana UV za\u0161tita, prozirna boja, pogodna za nadstre\u0161nice i staklenike.<\/p>\n","protected":false},"featured_media":25917,"comment_status":"closed","ping_status":"closed","template":"","meta":{"_acf_changed":false},"product_brand":[],"product_cat":[1654,1842],"product_tag":[],"class_list":{"0":"post-25915","1":"product","2":"type-product","3":"status-publish","4":"has-post-thumbnail","6":"product_cat-polikarbonatne-ploce","7":"product_cat-sunsnap-polikarbonatne-ploce","8":"product_shipping_class-visoka-dostava","9":"pa_barva-proziran-2","10":"pa_debelina-1mm","11":"pa_uv-zascita-jednostrano","13":"first","14":"instock","15":"sale","16":"featured","17":"taxable","18":"shipping-taxable","19":"purchasable","20":"product-type-variable"},"acf":[],"yoast_head":"<!-- This site is optimized with the Yoast SEO plugin v27.0 - https:\/\/yoast.com\/product\/yoast-seo-wordpress\/ -->\n<title>SunSNAP polikarbonatna plo\u010da, prozirna - Trgovina Termotom<\/title>\n<meta name=\"robots\" content=\"index, follow, max-snippet:-1, max-image-preview:large, max-video-preview:-1\" \/>\n<link rel=\"canonical\" href=\"https:\/\/termotom.com\/hr\/sunsnap-polikarbonatna-ploca-prozirna\/\" \/>\n<meta property=\"og:locale\" content=\"hr_HR\" \/>\n<meta property=\"og:type\" content=\"article\" \/>\n<meta property=\"og:title\" content=\"SunSNAP polikarbonatna plo\u010da, prozirna - Trgovina Termotom\" \/>\n<meta property=\"og:description\" content=\"SUNSNAP polikarbonatna plo\u010da, 1 mm, jednostrana UV za\u0161tita, prozirna boja, pogodna za nadstre\u0161nice i staklenike.\" \/>\n<meta property=\"og:url\" content=\"https:\/\/termotom.com\/hr\/sunsnap-polikarbonatna-ploca-prozirna\/\" \/>\n<meta property=\"og:site_name\" content=\"Trgovina Termotom\" \/>\n<meta property=\"article:modified_time\" content=\"2026-04-01T10:57:55+00:00\" \/>\n<meta property=\"og:image\" content=\"https:\/\/termotom.com\/wp-content\/uploads\/sunsnap-prozorna.png\" \/>\n\t<meta property=\"og:image:width\" content=\"1024\" \/>\n\t<meta property=\"og:image:height\" content=\"1024\" \/>\n\t<meta property=\"og:image:type\" content=\"image\/png\" \/>\n<meta name=\"twitter:card\" content=\"summary_large_image\" \/>\n<script type=\"application\/ld+json\" class=\"yoast-schema-graph\">{\"@context\":\"https:\/\/schema.org\",\"@graph\":[{\"@type\":\"WebPage\",\"@id\":\"https:\/\/termotom.com\/hr\/sunsnap-polikarbonatna-ploca-prozirna\/\",\"url\":\"https:\/\/termotom.com\/hr\/sunsnap-polikarbonatna-ploca-prozirna\/\",\"name\":\"SunSNAP polikarbonatna plo\u010da, prozirna - Trgovina Termotom\",\"isPartOf\":{\"@id\":\"https:\/\/termotom.com\/hr\/#website\"},\"primaryImageOfPage\":{\"@id\":\"https:\/\/termotom.com\/hr\/sunsnap-polikarbonatna-ploca-prozirna\/#primaryimage\"},\"image\":{\"@id\":\"https:\/\/termotom.com\/hr\/sunsnap-polikarbonatna-ploca-prozirna\/#primaryimage\"},\"thumbnailUrl\":\"https:\/\/termotom.com\/wp-content\/uploads\/sunsnap-prozorna.png\",\"datePublished\":\"2025-02-05T10:37:09+00:00\",\"dateModified\":\"2026-04-01T10:57:55+00:00\",\"breadcrumb\":{\"@id\":\"https:\/\/termotom.com\/hr\/sunsnap-polikarbonatna-ploca-prozirna\/#breadcrumb\"},\"inLanguage\":\"hr\",\"potentialAction\":[{\"@type\":\"ReadAction\",\"target\":[\"https:\/\/termotom.com\/hr\/sunsnap-polikarbonatna-ploca-prozirna\/\"]}]},{\"@type\":\"ImageObject\",\"inLanguage\":\"hr\",\"@id\":\"https:\/\/termotom.com\/hr\/sunsnap-polikarbonatna-ploca-prozirna\/#primaryimage\",\"url\":\"https:\/\/termotom.com\/wp-content\/uploads\/sunsnap-prozorna.png\",\"contentUrl\":\"https:\/\/termotom.com\/wp-content\/uploads\/sunsnap-prozorna.png\",\"width\":1024,\"height\":1024},{\"@type\":\"BreadcrumbList\",\"@id\":\"https:\/\/termotom.com\/hr\/sunsnap-polikarbonatna-ploca-prozirna\/#breadcrumb\",\"itemListElement\":[{\"@type\":\"ListItem\",\"position\":1,\"name\":\"Home\",\"item\":\"https:\/\/termotom.com\/hr\/\"},{\"@type\":\"ListItem\",\"position\":2,\"name\":\"Trgovina\",\"item\":\"https:\/\/termotom.com\/hr\/trgovina\/\"},{\"@type\":\"ListItem\",\"position\":3,\"name\":\"SunSNAP polikarbonatna plo\u010da, prozirna\"}]},{\"@type\":\"WebSite\",\"@id\":\"https:\/\/termotom.com\/hr\/#website\",\"url\":\"https:\/\/termotom.com\/hr\/\",\"name\":\"Trgovina Termotom\",\"description\":\"Spletna trgovina\",\"publisher\":{\"@id\":\"https:\/\/termotom.com\/hr\/#organization\"},\"potentialAction\":[{\"@type\":\"SearchAction\",\"target\":{\"@type\":\"EntryPoint\",\"urlTemplate\":\"https:\/\/termotom.com\/hr\/?s={search_term_string}\"},\"query-input\":{\"@type\":\"PropertyValueSpecification\",\"valueRequired\":true,\"valueName\":\"search_term_string\"}}],\"inLanguage\":\"hr\"},{\"@type\":\"Organization\",\"@id\":\"https:\/\/termotom.com\/hr\/#organization\",\"name\":\"Trgovina Termotom\",\"url\":\"https:\/\/termotom.com\/hr\/\",\"logo\":{\"@type\":\"ImageObject\",\"inLanguage\":\"hr\",\"@id\":\"https:\/\/termotom.com\/hr\/#\/schema\/logo\/image\/\",\"url\":\"https:\/\/termotom.com\/wp-content\/uploads\/logo.png\",\"contentUrl\":\"https:\/\/termotom.com\/wp-content\/uploads\/logo.png\",\"width\":400,\"height\":60,\"caption\":\"Trgovina Termotom\"},\"image\":{\"@id\":\"https:\/\/termotom.com\/hr\/#\/schema\/logo\/image\/\"}}]}<\/script>\n<!-- \/ Yoast SEO plugin. -->","yoast_head_json":{"title":"SunSNAP polikarbonatna plo\u010da, prozirna - Trgovina Termotom","robots":{"index":"index","follow":"follow","max-snippet":"max-snippet:-1","max-image-preview":"max-image-preview:large","max-video-preview":"max-video-preview:-1"},"canonical":"https:\/\/termotom.com\/hr\/sunsnap-polikarbonatna-ploca-prozirna\/","og_locale":"hr_HR","og_type":"article","og_title":"SunSNAP polikarbonatna plo\u010da, prozirna - Trgovina Termotom","og_description":"SUNSNAP polikarbonatna plo\u010da, 1 mm, jednostrana UV za\u0161tita, prozirna boja, pogodna za nadstre\u0161nice i staklenike.","og_url":"https:\/\/termotom.com\/hr\/sunsnap-polikarbonatna-ploca-prozirna\/","og_site_name":"Trgovina Termotom","article_modified_time":"2026-04-01T10:57:55+00:00","og_image":[{"width":1024,"height":1024,"url":"https:\/\/termotom.com\/wp-content\/uploads\/sunsnap-prozorna.png","type":"image\/png"}],"twitter_card":"summary_large_image","schema":{"@context":"https:\/\/schema.org","@graph":[{"@type":"WebPage","@id":"https:\/\/termotom.com\/hr\/sunsnap-polikarbonatna-ploca-prozirna\/","url":"https:\/\/termotom.com\/hr\/sunsnap-polikarbonatna-ploca-prozirna\/","name":"SunSNAP polikarbonatna plo\u010da, prozirna - Trgovina Termotom","isPartOf":{"@id":"https:\/\/termotom.com\/hr\/#website"},"primaryImageOfPage":{"@id":"https:\/\/termotom.com\/hr\/sunsnap-polikarbonatna-ploca-prozirna\/#primaryimage"},"image":{"@id":"https:\/\/termotom.com\/hr\/sunsnap-polikarbonatna-ploca-prozirna\/#primaryimage"},"thumbnailUrl":"https:\/\/termotom.com\/wp-content\/uploads\/sunsnap-prozorna.png","datePublished":"2025-02-05T10:37:09+00:00","dateModified":"2026-04-01T10:57:55+00:00","breadcrumb":{"@id":"https:\/\/termotom.com\/hr\/sunsnap-polikarbonatna-ploca-prozirna\/#breadcrumb"},"inLanguage":"hr","potentialAction":[{"@type":"ReadAction","target":["https:\/\/termotom.com\/hr\/sunsnap-polikarbonatna-ploca-prozirna\/"]}]},{"@type":"ImageObject","inLanguage":"hr","@id":"https:\/\/termotom.com\/hr\/sunsnap-polikarbonatna-ploca-prozirna\/#primaryimage","url":"https:\/\/termotom.com\/wp-content\/uploads\/sunsnap-prozorna.png","contentUrl":"https:\/\/termotom.com\/wp-content\/uploads\/sunsnap-prozorna.png","width":1024,"height":1024},{"@type":"BreadcrumbList","@id":"https:\/\/termotom.com\/hr\/sunsnap-polikarbonatna-ploca-prozirna\/#breadcrumb","itemListElement":[{"@type":"ListItem","position":1,"name":"Home","item":"https:\/\/termotom.com\/hr\/"},{"@type":"ListItem","position":2,"name":"Trgovina","item":"https:\/\/termotom.com\/hr\/trgovina\/"},{"@type":"ListItem","position":3,"name":"SunSNAP polikarbonatna plo\u010da, prozirna"}]},{"@type":"WebSite","@id":"https:\/\/termotom.com\/hr\/#website","url":"https:\/\/termotom.com\/hr\/","name":"Trgovina Termotom","description":"Spletna trgovina","publisher":{"@id":"https:\/\/termotom.com\/hr\/#organization"},"potentialAction":[{"@type":"SearchAction","target":{"@type":"EntryPoint","urlTemplate":"https:\/\/termotom.com\/hr\/?s={search_term_string}"},"query-input":{"@type":"PropertyValueSpecification","valueRequired":true,"valueName":"search_term_string"}}],"inLanguage":"hr"},{"@type":"Organization","@id":"https:\/\/termotom.com\/hr\/#organization","name":"Trgovina Termotom","url":"https:\/\/termotom.com\/hr\/","logo":{"@type":"ImageObject","inLanguage":"hr","@id":"https:\/\/termotom.com\/hr\/#\/schema\/logo\/image\/","url":"https:\/\/termotom.com\/wp-content\/uploads\/logo.png","contentUrl":"https:\/\/termotom.com\/wp-content\/uploads\/logo.png","width":400,"height":60,"caption":"Trgovina Termotom"},"image":{"@id":"https:\/\/termotom.com\/hr\/#\/schema\/logo\/image\/"}}]}},"_links":{"self":[{"href":"https:\/\/termotom.com\/hr\/wp-json\/wp\/v2\/product\/25915","targetHints":{"allow":["GET"]}}],"collection":[{"href":"https:\/\/termotom.com\/hr\/wp-json\/wp\/v2\/product"}],"about":[{"href":"https:\/\/termotom.com\/hr\/wp-json\/wp\/v2\/types\/product"}],"replies":[{"embeddable":true,"href":"https:\/\/termotom.com\/hr\/wp-json\/wp\/v2\/comments?post=25915"}],"wp:featuredmedia":[{"embeddable":true,"href":"https:\/\/termotom.com\/hr\/wp-json\/wp\/v2\/media\/25917"}],"wp:attachment":[{"href":"https:\/\/termotom.com\/hr\/wp-json\/wp\/v2\/media?parent=25915"}],"wp:term":[{"taxonomy":"product_brand","embeddable":true,"href":"https:\/\/termotom.com\/hr\/wp-json\/wp\/v2\/product_brand?post=25915"},{"taxonomy":"product_cat","embeddable":true,"href":"https:\/\/termotom.com\/hr\/wp-json\/wp\/v2\/product_cat?post=25915"},{"taxonomy":"product_tag","embeddable":true,"href":"https:\/\/termotom.com\/hr\/wp-json\/wp\/v2\/product_tag?post=25915"}],"curies":[{"name":"wp","href":"https:\/\/api.w.org\/{rel}","templated":true}]}}