{"id":25957,"date":"2025-01-22T07:39:38","date_gmt":"2025-01-22T07:39:38","guid":{"rendered":"https:\/\/termotom.com\/vecslojna-polikarbonatna-plosca-standard-4-mm-1xuv-prozorna-kopija\/"},"modified":"2026-04-01T10:58:08","modified_gmt":"2026-04-01T10:58:08","slug":"posebna-ponuda-polikarbonatna-ploca-4-mm-prozirna-za-staklenike-i-grebene","status":"publish","type":"product","link":"https:\/\/termotom.com\/hr\/posebna-ponuda-polikarbonatna-ploca-4-mm-prozirna-za-staklenike-i-grebene\/","title":{"rendered":"Posebna ponuda! Polikarbonatna plo\u010da, 4 mm, prozirna, za STAKLENIKE i GREBENE"},"content":{"rendered":"<p>Polikarbonatne plo\u010de su izuzetno \u010dvrste i izdr\u017eljive. Zbog svojih izvrsnih svojstava, poput male te\u017eine, otpornosti na udarce i vremenske uvjete, izvrsne UV za\u0161tite koja \u0161titi plo\u010du od starenja te toplinske izolacije, idealni su za razne primjene. Plo\u010de debljine 4 mm naj\u010de\u0161\u0107e se koriste za grijanih gredica i staklenike.<\/p>\n","protected":false},"excerpt":{"rendered":"<p>Vi\u0161eslojna polikarbonatna plo\u010da, debljina 4 mm, dimenzije: 2100&#215;6000 mm. BESPLATNA DOSTAVA.<\/p>\n","protected":false},"featured_media":25958,"comment_status":"open","ping_status":"closed","template":"","meta":{"_acf_changed":false},"product_brand":[],"product_cat":[1654,1686],"product_tag":[],"class_list":{"0":"post-25957","1":"product","2":"type-product","3":"status-publish","4":"has-post-thumbnail","6":"product_cat-polikarbonatne-ploce","7":"product_cat-viseslojne-polikarbonatne-ploce","8":"product_shipping_class-visoka-dostava","9":"pa_barva-proziran-2","10":"pa_debelina-4mm","11":"pa_struktura-dvostruki-sloj","12":"pa_uv-zascita-jednostrano","14":"first","15":"instock","16":"featured","17":"taxable","18":"shipping-taxable","19":"purchasable","20":"product-type-simple"},"acf":[],"yoast_head":"<!-- This site is optimized with the Yoast SEO plugin v27.0 - https:\/\/yoast.com\/product\/yoast-seo-wordpress\/ -->\n<title>Posebna ponuda! Polikarbonatna plo\u010da, 4 mm, prozirna, za STAKLENIKE i GREBENE - Trgovina Termotom<\/title>\n<meta name=\"robots\" content=\"index, follow, max-snippet:-1, max-image-preview:large, max-video-preview:-1\" \/>\n<link rel=\"canonical\" href=\"https:\/\/termotom.com\/hr\/posebna-ponuda-polikarbonatna-ploca-4-mm-prozirna-za-staklenike-i-grebene\/\" \/>\n<meta property=\"og:locale\" content=\"hr_HR\" \/>\n<meta property=\"og:type\" content=\"article\" \/>\n<meta property=\"og:title\" content=\"Posebna ponuda! Polikarbonatna plo\u010da, 4 mm, prozirna, za STAKLENIKE i GREBENE - Trgovina Termotom\" \/>\n<meta property=\"og:description\" content=\"Vi\u0161eslojna polikarbonatna plo\u010da, debljina 4 mm, dimenzije: 2100x6000 mm. BESPLATNA DOSTAVA.\" \/>\n<meta property=\"og:url\" content=\"https:\/\/termotom.com\/hr\/posebna-ponuda-polikarbonatna-ploca-4-mm-prozirna-za-staklenike-i-grebene\/\" \/>\n<meta property=\"og:site_name\" content=\"Trgovina Termotom\" \/>\n<meta property=\"article:modified_time\" content=\"2026-04-01T10:58:08+00:00\" \/>\n<meta property=\"og:image\" content=\"https:\/\/termotom.com\/wp-content\/uploads\/Vecslojna-polikarbonatna-plosca-LEXAN-deb.-4.5-mm-2\u00d7UV-prozorna-scaled.jpg\" \/>\n\t<meta property=\"og:image:width\" content=\"2560\" \/>\n\t<meta property=\"og:image:height\" content=\"2560\" \/>\n\t<meta property=\"og:image:type\" content=\"image\/jpeg\" \/>\n<meta name=\"twitter:card\" content=\"summary_large_image\" \/>\n<meta name=\"twitter:label1\" content=\"Procijenjeno vrijeme \u010ditanja\" \/>\n\t<meta name=\"twitter:data1\" content=\"1 minuta\" \/>\n<script type=\"application\/ld+json\" class=\"yoast-schema-graph\">{\"@context\":\"https:\/\/schema.org\",\"@graph\":[{\"@type\":\"WebPage\",\"@id\":\"https:\/\/termotom.com\/hr\/posebna-ponuda-polikarbonatna-ploca-4-mm-prozirna-za-staklenike-i-grebene\/\",\"url\":\"https:\/\/termotom.com\/hr\/posebna-ponuda-polikarbonatna-ploca-4-mm-prozirna-za-staklenike-i-grebene\/\",\"name\":\"Posebna ponuda! Polikarbonatna plo\u010da, 4 mm, prozirna, za STAKLENIKE i GREBENE - Trgovina Termotom\",\"isPartOf\":{\"@id\":\"https:\/\/termotom.com\/hr\/#website\"},\"primaryImageOfPage\":{\"@id\":\"https:\/\/termotom.com\/hr\/posebna-ponuda-polikarbonatna-ploca-4-mm-prozirna-za-staklenike-i-grebene\/#primaryimage\"},\"image\":{\"@id\":\"https:\/\/termotom.com\/hr\/posebna-ponuda-polikarbonatna-ploca-4-mm-prozirna-za-staklenike-i-grebene\/#primaryimage\"},\"thumbnailUrl\":\"https:\/\/termotom.com\/wp-content\/uploads\/Vecslojna-polikarbonatna-plosca-LEXAN-deb.-4.5-mm-2\u00d7UV-prozorna-scaled.jpg\",\"datePublished\":\"2025-01-22T07:39:38+00:00\",\"dateModified\":\"2026-04-01T10:58:08+00:00\",\"breadcrumb\":{\"@id\":\"https:\/\/termotom.com\/hr\/posebna-ponuda-polikarbonatna-ploca-4-mm-prozirna-za-staklenike-i-grebene\/#breadcrumb\"},\"inLanguage\":\"hr\",\"potentialAction\":[{\"@type\":\"ReadAction\",\"target\":[\"https:\/\/termotom.com\/hr\/posebna-ponuda-polikarbonatna-ploca-4-mm-prozirna-za-staklenike-i-grebene\/\"]}]},{\"@type\":\"ImageObject\",\"inLanguage\":\"hr\",\"@id\":\"https:\/\/termotom.com\/hr\/posebna-ponuda-polikarbonatna-ploca-4-mm-prozirna-za-staklenike-i-grebene\/#primaryimage\",\"url\":\"https:\/\/termotom.com\/wp-content\/uploads\/Vecslojna-polikarbonatna-plosca-LEXAN-deb.-4.5-mm-2\u00d7UV-prozorna-scaled.jpg\",\"contentUrl\":\"https:\/\/termotom.com\/wp-content\/uploads\/Vecslojna-polikarbonatna-plosca-LEXAN-deb.-4.5-mm-2\u00d7UV-prozorna-scaled.jpg\",\"width\":2560,\"height\":2560},{\"@type\":\"BreadcrumbList\",\"@id\":\"https:\/\/termotom.com\/hr\/posebna-ponuda-polikarbonatna-ploca-4-mm-prozirna-za-staklenike-i-grebene\/#breadcrumb\",\"itemListElement\":[{\"@type\":\"ListItem\",\"position\":1,\"name\":\"Home\",\"item\":\"https:\/\/termotom.com\/hr\/\"},{\"@type\":\"ListItem\",\"position\":2,\"name\":\"Trgovina\",\"item\":\"https:\/\/termotom.com\/hr\/trgovina\/\"},{\"@type\":\"ListItem\",\"position\":3,\"name\":\"Posebna ponuda! Polikarbonatna plo\u010da, 4 mm, prozirna, za STAKLENIKE i GREBENE\"}]},{\"@type\":\"WebSite\",\"@id\":\"https:\/\/termotom.com\/hr\/#website\",\"url\":\"https:\/\/termotom.com\/hr\/\",\"name\":\"Trgovina Termotom\",\"description\":\"Spletna trgovina\",\"publisher\":{\"@id\":\"https:\/\/termotom.com\/hr\/#organization\"},\"potentialAction\":[{\"@type\":\"SearchAction\",\"target\":{\"@type\":\"EntryPoint\",\"urlTemplate\":\"https:\/\/termotom.com\/hr\/?s={search_term_string}\"},\"query-input\":{\"@type\":\"PropertyValueSpecification\",\"valueRequired\":true,\"valueName\":\"search_term_string\"}}],\"inLanguage\":\"hr\"},{\"@type\":\"Organization\",\"@id\":\"https:\/\/termotom.com\/hr\/#organization\",\"name\":\"Trgovina Termotom\",\"url\":\"https:\/\/termotom.com\/hr\/\",\"logo\":{\"@type\":\"ImageObject\",\"inLanguage\":\"hr\",\"@id\":\"https:\/\/termotom.com\/hr\/#\/schema\/logo\/image\/\",\"url\":\"https:\/\/termotom.com\/wp-content\/uploads\/logo.png\",\"contentUrl\":\"https:\/\/termotom.com\/wp-content\/uploads\/logo.png\",\"width\":400,\"height\":60,\"caption\":\"Trgovina Termotom\"},\"image\":{\"@id\":\"https:\/\/termotom.com\/hr\/#\/schema\/logo\/image\/\"}}]}<\/script>\n<!-- \/ Yoast SEO plugin. -->","yoast_head_json":{"title":"Posebna ponuda! Polikarbonatna plo\u010da, 4 mm, prozirna, za STAKLENIKE i GREBENE - Trgovina Termotom","robots":{"index":"index","follow":"follow","max-snippet":"max-snippet:-1","max-image-preview":"max-image-preview:large","max-video-preview":"max-video-preview:-1"},"canonical":"https:\/\/termotom.com\/hr\/posebna-ponuda-polikarbonatna-ploca-4-mm-prozirna-za-staklenike-i-grebene\/","og_locale":"hr_HR","og_type":"article","og_title":"Posebna ponuda! Polikarbonatna plo\u010da, 4 mm, prozirna, za STAKLENIKE i GREBENE - Trgovina Termotom","og_description":"Vi\u0161eslojna polikarbonatna plo\u010da, debljina 4 mm, dimenzije: 2100x6000 mm. BESPLATNA DOSTAVA.","og_url":"https:\/\/termotom.com\/hr\/posebna-ponuda-polikarbonatna-ploca-4-mm-prozirna-za-staklenike-i-grebene\/","og_site_name":"Trgovina Termotom","article_modified_time":"2026-04-01T10:58:08+00:00","og_image":[{"width":2560,"height":2560,"url":"https:\/\/termotom.com\/wp-content\/uploads\/Vecslojna-polikarbonatna-plosca-LEXAN-deb.-4.5-mm-2\u00d7UV-prozorna-scaled.jpg","type":"image\/jpeg"}],"twitter_card":"summary_large_image","twitter_misc":{"Procijenjeno vrijeme \u010ditanja":"1 minuta"},"schema":{"@context":"https:\/\/schema.org","@graph":[{"@type":"WebPage","@id":"https:\/\/termotom.com\/hr\/posebna-ponuda-polikarbonatna-ploca-4-mm-prozirna-za-staklenike-i-grebene\/","url":"https:\/\/termotom.com\/hr\/posebna-ponuda-polikarbonatna-ploca-4-mm-prozirna-za-staklenike-i-grebene\/","name":"Posebna ponuda! Polikarbonatna plo\u010da, 4 mm, prozirna, za STAKLENIKE i GREBENE - Trgovina Termotom","isPartOf":{"@id":"https:\/\/termotom.com\/hr\/#website"},"primaryImageOfPage":{"@id":"https:\/\/termotom.com\/hr\/posebna-ponuda-polikarbonatna-ploca-4-mm-prozirna-za-staklenike-i-grebene\/#primaryimage"},"image":{"@id":"https:\/\/termotom.com\/hr\/posebna-ponuda-polikarbonatna-ploca-4-mm-prozirna-za-staklenike-i-grebene\/#primaryimage"},"thumbnailUrl":"https:\/\/termotom.com\/wp-content\/uploads\/Vecslojna-polikarbonatna-plosca-LEXAN-deb.-4.5-mm-2\u00d7UV-prozorna-scaled.jpg","datePublished":"2025-01-22T07:39:38+00:00","dateModified":"2026-04-01T10:58:08+00:00","breadcrumb":{"@id":"https:\/\/termotom.com\/hr\/posebna-ponuda-polikarbonatna-ploca-4-mm-prozirna-za-staklenike-i-grebene\/#breadcrumb"},"inLanguage":"hr","potentialAction":[{"@type":"ReadAction","target":["https:\/\/termotom.com\/hr\/posebna-ponuda-polikarbonatna-ploca-4-mm-prozirna-za-staklenike-i-grebene\/"]}]},{"@type":"ImageObject","inLanguage":"hr","@id":"https:\/\/termotom.com\/hr\/posebna-ponuda-polikarbonatna-ploca-4-mm-prozirna-za-staklenike-i-grebene\/#primaryimage","url":"https:\/\/termotom.com\/wp-content\/uploads\/Vecslojna-polikarbonatna-plosca-LEXAN-deb.-4.5-mm-2\u00d7UV-prozorna-scaled.jpg","contentUrl":"https:\/\/termotom.com\/wp-content\/uploads\/Vecslojna-polikarbonatna-plosca-LEXAN-deb.-4.5-mm-2\u00d7UV-prozorna-scaled.jpg","width":2560,"height":2560},{"@type":"BreadcrumbList","@id":"https:\/\/termotom.com\/hr\/posebna-ponuda-polikarbonatna-ploca-4-mm-prozirna-za-staklenike-i-grebene\/#breadcrumb","itemListElement":[{"@type":"ListItem","position":1,"name":"Home","item":"https:\/\/termotom.com\/hr\/"},{"@type":"ListItem","position":2,"name":"Trgovina","item":"https:\/\/termotom.com\/hr\/trgovina\/"},{"@type":"ListItem","position":3,"name":"Posebna ponuda! Polikarbonatna plo\u010da, 4 mm, prozirna, za STAKLENIKE i GREBENE"}]},{"@type":"WebSite","@id":"https:\/\/termotom.com\/hr\/#website","url":"https:\/\/termotom.com\/hr\/","name":"Trgovina Termotom","description":"Spletna trgovina","publisher":{"@id":"https:\/\/termotom.com\/hr\/#organization"},"potentialAction":[{"@type":"SearchAction","target":{"@type":"EntryPoint","urlTemplate":"https:\/\/termotom.com\/hr\/?s={search_term_string}"},"query-input":{"@type":"PropertyValueSpecification","valueRequired":true,"valueName":"search_term_string"}}],"inLanguage":"hr"},{"@type":"Organization","@id":"https:\/\/termotom.com\/hr\/#organization","name":"Trgovina Termotom","url":"https:\/\/termotom.com\/hr\/","logo":{"@type":"ImageObject","inLanguage":"hr","@id":"https:\/\/termotom.com\/hr\/#\/schema\/logo\/image\/","url":"https:\/\/termotom.com\/wp-content\/uploads\/logo.png","contentUrl":"https:\/\/termotom.com\/wp-content\/uploads\/logo.png","width":400,"height":60,"caption":"Trgovina Termotom"},"image":{"@id":"https:\/\/termotom.com\/hr\/#\/schema\/logo\/image\/"}}]}},"_links":{"self":[{"href":"https:\/\/termotom.com\/hr\/wp-json\/wp\/v2\/product\/25957","targetHints":{"allow":["GET"]}}],"collection":[{"href":"https:\/\/termotom.com\/hr\/wp-json\/wp\/v2\/product"}],"about":[{"href":"https:\/\/termotom.com\/hr\/wp-json\/wp\/v2\/types\/product"}],"replies":[{"embeddable":true,"href":"https:\/\/termotom.com\/hr\/wp-json\/wp\/v2\/comments?post=25957"}],"wp:featuredmedia":[{"embeddable":true,"href":"https:\/\/termotom.com\/hr\/wp-json\/wp\/v2\/media\/25958"}],"wp:attachment":[{"href":"https:\/\/termotom.com\/hr\/wp-json\/wp\/v2\/media?parent=25957"}],"wp:term":[{"taxonomy":"product_brand","embeddable":true,"href":"https:\/\/termotom.com\/hr\/wp-json\/wp\/v2\/product_brand?post=25957"},{"taxonomy":"product_cat","embeddable":true,"href":"https:\/\/termotom.com\/hr\/wp-json\/wp\/v2\/product_cat?post=25957"},{"taxonomy":"product_tag","embeddable":true,"href":"https:\/\/termotom.com\/hr\/wp-json\/wp\/v2\/product_tag?post=25957"}],"curies":[{"name":"wp","href":"https:\/\/api.w.org\/{rel}","templated":true}]}}