{"id":25974,"date":"2024-11-26T08:50:07","date_gmt":"2024-11-26T08:50:07","guid":{"rendered":"https:\/\/termotom.com\/polikarbonaten-film-05-mm-brez-uv-prozorna\/"},"modified":"2026-04-01T10:58:12","modified_gmt":"2026-04-01T10:58:12","slug":"polikarbonatna-folija-staklo-05-mm-bez-uv-prozirna","status":"publish","type":"product","link":"https:\/\/termotom.com\/hr\/polikarbonatna-folija-staklo-05-mm-bez-uv-prozirna\/","title":{"rendered":"Polikarbonatna folija &#8211; staklo 0,5 mm, bez UV, prozirna"},"content":{"rendered":"<p>Polikarbonatna folija, prozirna, debljine 0,5 mm, bez UV za\u0161tite. Glavna prednost ovog materijala je njegova neuni\u0161tivost i mala te\u017eina. Materijal je upola lak\u0161i od obi\u010dnog stakla. Jednostavan je za obradu i mo\u017ee se savijati, bu\u0161iti, rezati i toplinski obra\u0111ivati. Polikarbonatna folija je opti\u010dki vrlo \u010dist materijal.<\/p>\n","protected":false},"excerpt":{"rendered":"<p>Polikarbonatna folija na roli. Dimenzije: \u0161irina: 1250 mm, duljina: po \u017eelji<\/p>\n","protected":false},"featured_media":25975,"comment_status":"open","ping_status":"closed","template":"","meta":{"_acf_changed":false},"product_brand":[],"product_cat":[1640],"product_tag":[],"class_list":{"0":"post-25974","1":"product","2":"type-product","3":"status-publish","4":"has-post-thumbnail","6":"product_cat-rasprodaja","7":"product_shipping_class-nizja-dostava","9":"first","10":"instock","11":"taxable","12":"shipping-taxable","13":"purchasable","14":"product-type-simple"},"acf":[],"yoast_head":"<!-- This site is optimized with the Yoast SEO plugin v27.0 - https:\/\/yoast.com\/product\/yoast-seo-wordpress\/ -->\n<title>Polikarbonatna folija - staklo 0,5 mm, bez UV, prozirna - Trgovina Termotom<\/title>\n<meta name=\"robots\" content=\"index, follow, max-snippet:-1, max-image-preview:large, max-video-preview:-1\" \/>\n<link rel=\"canonical\" href=\"https:\/\/termotom.com\/hr\/polikarbonatna-folija-staklo-05-mm-bez-uv-prozirna\/\" \/>\n<meta property=\"og:locale\" content=\"hr_HR\" \/>\n<meta property=\"og:type\" content=\"article\" \/>\n<meta property=\"og:title\" content=\"Polikarbonatna folija - staklo 0,5 mm, bez UV, prozirna - Trgovina Termotom\" \/>\n<meta property=\"og:description\" content=\"Polikarbonatna folija na roli. Dimenzije: \u0161irina: 1250 mm, duljina: po \u017eelji\" \/>\n<meta property=\"og:url\" content=\"https:\/\/termotom.com\/hr\/polikarbonatna-folija-staklo-05-mm-bez-uv-prozirna\/\" \/>\n<meta property=\"og:site_name\" content=\"Trgovina Termotom\" \/>\n<meta property=\"article:modified_time\" content=\"2026-04-01T10:58:12+00:00\" \/>\n<meta property=\"og:image\" content=\"https:\/\/termotom.com\/wp-content\/uploads\/PXL_20241126_082003372-scaled.jpg\" \/>\n\t<meta property=\"og:image:width\" content=\"1928\" \/>\n\t<meta property=\"og:image:height\" content=\"2560\" \/>\n\t<meta property=\"og:image:type\" content=\"image\/jpeg\" \/>\n<meta name=\"twitter:card\" content=\"summary_large_image\" \/>\n<script type=\"application\/ld+json\" class=\"yoast-schema-graph\">{\"@context\":\"https:\/\/schema.org\",\"@graph\":[{\"@type\":\"WebPage\",\"@id\":\"https:\/\/termotom.com\/hr\/polikarbonatna-folija-staklo-05-mm-bez-uv-prozirna\/\",\"url\":\"https:\/\/termotom.com\/hr\/polikarbonatna-folija-staklo-05-mm-bez-uv-prozirna\/\",\"name\":\"Polikarbonatna folija - staklo 0,5 mm, bez UV, prozirna - Trgovina Termotom\",\"isPartOf\":{\"@id\":\"https:\/\/termotom.com\/hr\/#website\"},\"primaryImageOfPage\":{\"@id\":\"https:\/\/termotom.com\/hr\/polikarbonatna-folija-staklo-05-mm-bez-uv-prozirna\/#primaryimage\"},\"image\":{\"@id\":\"https:\/\/termotom.com\/hr\/polikarbonatna-folija-staklo-05-mm-bez-uv-prozirna\/#primaryimage\"},\"thumbnailUrl\":\"https:\/\/termotom.com\/wp-content\/uploads\/PXL_20241126_082003372-scaled.jpg\",\"datePublished\":\"2024-11-26T08:50:07+00:00\",\"dateModified\":\"2026-04-01T10:58:12+00:00\",\"breadcrumb\":{\"@id\":\"https:\/\/termotom.com\/hr\/polikarbonatna-folija-staklo-05-mm-bez-uv-prozirna\/#breadcrumb\"},\"inLanguage\":\"hr\",\"potentialAction\":[{\"@type\":\"ReadAction\",\"target\":[\"https:\/\/termotom.com\/hr\/polikarbonatna-folija-staklo-05-mm-bez-uv-prozirna\/\"]}]},{\"@type\":\"ImageObject\",\"inLanguage\":\"hr\",\"@id\":\"https:\/\/termotom.com\/hr\/polikarbonatna-folija-staklo-05-mm-bez-uv-prozirna\/#primaryimage\",\"url\":\"https:\/\/termotom.com\/wp-content\/uploads\/PXL_20241126_082003372-scaled.jpg\",\"contentUrl\":\"https:\/\/termotom.com\/wp-content\/uploads\/PXL_20241126_082003372-scaled.jpg\",\"width\":1928,\"height\":2560},{\"@type\":\"BreadcrumbList\",\"@id\":\"https:\/\/termotom.com\/hr\/polikarbonatna-folija-staklo-05-mm-bez-uv-prozirna\/#breadcrumb\",\"itemListElement\":[{\"@type\":\"ListItem\",\"position\":1,\"name\":\"Home\",\"item\":\"https:\/\/termotom.com\/hr\/\"},{\"@type\":\"ListItem\",\"position\":2,\"name\":\"Trgovina\",\"item\":\"https:\/\/termotom.com\/hr\/trgovina\/\"},{\"@type\":\"ListItem\",\"position\":3,\"name\":\"Polikarbonatna folija &#8211; staklo 0,5 mm, bez UV, prozirna\"}]},{\"@type\":\"WebSite\",\"@id\":\"https:\/\/termotom.com\/hr\/#website\",\"url\":\"https:\/\/termotom.com\/hr\/\",\"name\":\"Trgovina Termotom\",\"description\":\"Spletna trgovina\",\"publisher\":{\"@id\":\"https:\/\/termotom.com\/hr\/#organization\"},\"potentialAction\":[{\"@type\":\"SearchAction\",\"target\":{\"@type\":\"EntryPoint\",\"urlTemplate\":\"https:\/\/termotom.com\/hr\/?s={search_term_string}\"},\"query-input\":{\"@type\":\"PropertyValueSpecification\",\"valueRequired\":true,\"valueName\":\"search_term_string\"}}],\"inLanguage\":\"hr\"},{\"@type\":\"Organization\",\"@id\":\"https:\/\/termotom.com\/hr\/#organization\",\"name\":\"Trgovina Termotom\",\"url\":\"https:\/\/termotom.com\/hr\/\",\"logo\":{\"@type\":\"ImageObject\",\"inLanguage\":\"hr\",\"@id\":\"https:\/\/termotom.com\/hr\/#\/schema\/logo\/image\/\",\"url\":\"https:\/\/termotom.com\/wp-content\/uploads\/logo.png\",\"contentUrl\":\"https:\/\/termotom.com\/wp-content\/uploads\/logo.png\",\"width\":400,\"height\":60,\"caption\":\"Trgovina Termotom\"},\"image\":{\"@id\":\"https:\/\/termotom.com\/hr\/#\/schema\/logo\/image\/\"}}]}<\/script>\n<!-- \/ Yoast SEO plugin. -->","yoast_head_json":{"title":"Polikarbonatna folija - staklo 0,5 mm, bez UV, prozirna - Trgovina Termotom","robots":{"index":"index","follow":"follow","max-snippet":"max-snippet:-1","max-image-preview":"max-image-preview:large","max-video-preview":"max-video-preview:-1"},"canonical":"https:\/\/termotom.com\/hr\/polikarbonatna-folija-staklo-05-mm-bez-uv-prozirna\/","og_locale":"hr_HR","og_type":"article","og_title":"Polikarbonatna folija - staklo 0,5 mm, bez UV, prozirna - Trgovina Termotom","og_description":"Polikarbonatna folija na roli. Dimenzije: \u0161irina: 1250 mm, duljina: po \u017eelji","og_url":"https:\/\/termotom.com\/hr\/polikarbonatna-folija-staklo-05-mm-bez-uv-prozirna\/","og_site_name":"Trgovina Termotom","article_modified_time":"2026-04-01T10:58:12+00:00","og_image":[{"width":1928,"height":2560,"url":"https:\/\/termotom.com\/wp-content\/uploads\/PXL_20241126_082003372-scaled.jpg","type":"image\/jpeg"}],"twitter_card":"summary_large_image","schema":{"@context":"https:\/\/schema.org","@graph":[{"@type":"WebPage","@id":"https:\/\/termotom.com\/hr\/polikarbonatna-folija-staklo-05-mm-bez-uv-prozirna\/","url":"https:\/\/termotom.com\/hr\/polikarbonatna-folija-staklo-05-mm-bez-uv-prozirna\/","name":"Polikarbonatna folija - staklo 0,5 mm, bez UV, prozirna - Trgovina Termotom","isPartOf":{"@id":"https:\/\/termotom.com\/hr\/#website"},"primaryImageOfPage":{"@id":"https:\/\/termotom.com\/hr\/polikarbonatna-folija-staklo-05-mm-bez-uv-prozirna\/#primaryimage"},"image":{"@id":"https:\/\/termotom.com\/hr\/polikarbonatna-folija-staklo-05-mm-bez-uv-prozirna\/#primaryimage"},"thumbnailUrl":"https:\/\/termotom.com\/wp-content\/uploads\/PXL_20241126_082003372-scaled.jpg","datePublished":"2024-11-26T08:50:07+00:00","dateModified":"2026-04-01T10:58:12+00:00","breadcrumb":{"@id":"https:\/\/termotom.com\/hr\/polikarbonatna-folija-staklo-05-mm-bez-uv-prozirna\/#breadcrumb"},"inLanguage":"hr","potentialAction":[{"@type":"ReadAction","target":["https:\/\/termotom.com\/hr\/polikarbonatna-folija-staklo-05-mm-bez-uv-prozirna\/"]}]},{"@type":"ImageObject","inLanguage":"hr","@id":"https:\/\/termotom.com\/hr\/polikarbonatna-folija-staklo-05-mm-bez-uv-prozirna\/#primaryimage","url":"https:\/\/termotom.com\/wp-content\/uploads\/PXL_20241126_082003372-scaled.jpg","contentUrl":"https:\/\/termotom.com\/wp-content\/uploads\/PXL_20241126_082003372-scaled.jpg","width":1928,"height":2560},{"@type":"BreadcrumbList","@id":"https:\/\/termotom.com\/hr\/polikarbonatna-folija-staklo-05-mm-bez-uv-prozirna\/#breadcrumb","itemListElement":[{"@type":"ListItem","position":1,"name":"Home","item":"https:\/\/termotom.com\/hr\/"},{"@type":"ListItem","position":2,"name":"Trgovina","item":"https:\/\/termotom.com\/hr\/trgovina\/"},{"@type":"ListItem","position":3,"name":"Polikarbonatna folija &#8211; staklo 0,5 mm, bez UV, prozirna"}]},{"@type":"WebSite","@id":"https:\/\/termotom.com\/hr\/#website","url":"https:\/\/termotom.com\/hr\/","name":"Trgovina Termotom","description":"Spletna trgovina","publisher":{"@id":"https:\/\/termotom.com\/hr\/#organization"},"potentialAction":[{"@type":"SearchAction","target":{"@type":"EntryPoint","urlTemplate":"https:\/\/termotom.com\/hr\/?s={search_term_string}"},"query-input":{"@type":"PropertyValueSpecification","valueRequired":true,"valueName":"search_term_string"}}],"inLanguage":"hr"},{"@type":"Organization","@id":"https:\/\/termotom.com\/hr\/#organization","name":"Trgovina Termotom","url":"https:\/\/termotom.com\/hr\/","logo":{"@type":"ImageObject","inLanguage":"hr","@id":"https:\/\/termotom.com\/hr\/#\/schema\/logo\/image\/","url":"https:\/\/termotom.com\/wp-content\/uploads\/logo.png","contentUrl":"https:\/\/termotom.com\/wp-content\/uploads\/logo.png","width":400,"height":60,"caption":"Trgovina Termotom"},"image":{"@id":"https:\/\/termotom.com\/hr\/#\/schema\/logo\/image\/"}}]}},"_links":{"self":[{"href":"https:\/\/termotom.com\/hr\/wp-json\/wp\/v2\/product\/25974","targetHints":{"allow":["GET"]}}],"collection":[{"href":"https:\/\/termotom.com\/hr\/wp-json\/wp\/v2\/product"}],"about":[{"href":"https:\/\/termotom.com\/hr\/wp-json\/wp\/v2\/types\/product"}],"replies":[{"embeddable":true,"href":"https:\/\/termotom.com\/hr\/wp-json\/wp\/v2\/comments?post=25974"}],"wp:featuredmedia":[{"embeddable":true,"href":"https:\/\/termotom.com\/hr\/wp-json\/wp\/v2\/media\/25975"}],"wp:attachment":[{"href":"https:\/\/termotom.com\/hr\/wp-json\/wp\/v2\/media?parent=25974"}],"wp:term":[{"taxonomy":"product_brand","embeddable":true,"href":"https:\/\/termotom.com\/hr\/wp-json\/wp\/v2\/product_brand?post=25974"},{"taxonomy":"product_cat","embeddable":true,"href":"https:\/\/termotom.com\/hr\/wp-json\/wp\/v2\/product_cat?post=25974"},{"taxonomy":"product_tag","embeddable":true,"href":"https:\/\/termotom.com\/hr\/wp-json\/wp\/v2\/product_tag?post=25974"}],"curies":[{"name":"wp","href":"https:\/\/api.w.org\/{rel}","templated":true}]}}