{"id":26046,"date":"2024-11-05T13:02:30","date_gmt":"2024-11-05T13:02:30","guid":{"rendered":"https:\/\/termotom.com\/pleksi-plosca-xt-3-mm-mlecna-kosi\/"},"modified":"2026-04-01T10:58:31","modified_gmt":"2026-04-01T10:58:31","slug":"pleksiglas-ploca-xt-3-mm-mlijecna-kosi","status":"publish","type":"product","link":"https:\/\/termotom.com\/hr\/pleksiglas-ploca-xt-3-mm-mlijecna-kosi\/","title":{"rendered":"Pleksiglas plo\u010da XT, 3 mm, mlije\u010dna, KOSI"},"content":{"rendered":"","protected":false},"excerpt":{"rendered":"<p><em>Nekoliko desetaka komada mlije\u010dno bijelog pleksiglasa, tipa &quot;IRR&quot;, debljine 3 mm, dostupno je za prodaju kao otpadni komadi iz projekta.<\/em><\/p>\n","protected":false},"featured_media":26047,"comment_status":"open","ping_status":"closed","template":"","meta":{"_acf_changed":false},"product_brand":[],"product_cat":[1640],"product_tag":[],"class_list":{"0":"post-26046","1":"product","2":"type-product","3":"status-publish","4":"has-post-thumbnail","6":"product_cat-rasprodaja","7":"pa_debelina-10mm","8":"pa_dimenzija-1910-x-400","9":"pa_dimenzija-2050-x-500","10":"pa_dimenzija-2050-x-510","11":"pa_dimenzija-400-x-2540","12":"pa_dimenzija-600-x-1220","13":"pa_dimenzija-600-x-2450","14":"pa_dimenzija-695-x-1850","15":"pa_dimenzija-695-x-2550","16":"pa_dimenzija-825-x-1220","17":"pa_dimenzija-825-x-1830","18":"pa_dimenzija-930-x-2035","19":"pa_dimenzija-940-x-1295","20":"pa_struktura-jednoslojni","21":"pa_uv-zascita-u-materijalu","23":"first","24":"instock","25":"taxable","26":"shipping-taxable","27":"purchasable","28":"product-type-variable"},"acf":[],"yoast_head":"<!-- This site is optimized with the Yoast SEO plugin v27.0 - https:\/\/yoast.com\/product\/yoast-seo-wordpress\/ -->\n<title>Pleksiglas plo\u010da XT, 3 mm, mlije\u010dna, KOSI - Trgovina Termotom<\/title>\n<meta name=\"robots\" content=\"index, follow, max-snippet:-1, max-image-preview:large, max-video-preview:-1\" \/>\n<link rel=\"canonical\" href=\"https:\/\/termotom.com\/hr\/pleksiglas-ploca-xt-3-mm-mlijecna-kosi\/\" \/>\n<meta property=\"og:locale\" content=\"hr_HR\" \/>\n<meta property=\"og:type\" content=\"article\" \/>\n<meta property=\"og:title\" content=\"Pleksiglas plo\u010da XT, 3 mm, mlije\u010dna, KOSI - Trgovina Termotom\" \/>\n<meta property=\"og:description\" content=\"Nekoliko desetaka komada mlije\u010dno bijelog pleksiglasa, tipa &quot;IRR&quot;, debljine 3 mm, dostupno je za prodaju kao otpadni komadi iz projekta.\" \/>\n<meta property=\"og:url\" content=\"https:\/\/termotom.com\/hr\/pleksiglas-ploca-xt-3-mm-mlijecna-kosi\/\" \/>\n<meta property=\"og:site_name\" content=\"Trgovina Termotom\" \/>\n<meta property=\"article:modified_time\" content=\"2026-04-01T10:58:31+00:00\" \/>\n<meta property=\"og:image\" content=\"https:\/\/termotom.com\/wp-content\/uploads\/20241105_120819-scaled.jpg\" \/>\n\t<meta property=\"og:image:width\" content=\"1920\" \/>\n\t<meta property=\"og:image:height\" content=\"2560\" \/>\n\t<meta property=\"og:image:type\" content=\"image\/jpeg\" \/>\n<meta name=\"twitter:card\" content=\"summary_large_image\" \/>\n<script type=\"application\/ld+json\" class=\"yoast-schema-graph\">{\"@context\":\"https:\/\/schema.org\",\"@graph\":[{\"@type\":\"WebPage\",\"@id\":\"https:\/\/termotom.com\/hr\/pleksiglas-ploca-xt-3-mm-mlijecna-kosi\/\",\"url\":\"https:\/\/termotom.com\/hr\/pleksiglas-ploca-xt-3-mm-mlijecna-kosi\/\",\"name\":\"Pleksiglas plo\u010da XT, 3 mm, mlije\u010dna, KOSI - Trgovina Termotom\",\"isPartOf\":{\"@id\":\"https:\/\/termotom.com\/hr\/#website\"},\"primaryImageOfPage\":{\"@id\":\"https:\/\/termotom.com\/hr\/pleksiglas-ploca-xt-3-mm-mlijecna-kosi\/#primaryimage\"},\"image\":{\"@id\":\"https:\/\/termotom.com\/hr\/pleksiglas-ploca-xt-3-mm-mlijecna-kosi\/#primaryimage\"},\"thumbnailUrl\":\"https:\/\/termotom.com\/wp-content\/uploads\/20241105_120819-scaled.jpg\",\"datePublished\":\"2024-11-05T13:02:30+00:00\",\"dateModified\":\"2026-04-01T10:58:31+00:00\",\"breadcrumb\":{\"@id\":\"https:\/\/termotom.com\/hr\/pleksiglas-ploca-xt-3-mm-mlijecna-kosi\/#breadcrumb\"},\"inLanguage\":\"hr\",\"potentialAction\":[{\"@type\":\"ReadAction\",\"target\":[\"https:\/\/termotom.com\/hr\/pleksiglas-ploca-xt-3-mm-mlijecna-kosi\/\"]}]},{\"@type\":\"ImageObject\",\"inLanguage\":\"hr\",\"@id\":\"https:\/\/termotom.com\/hr\/pleksiglas-ploca-xt-3-mm-mlijecna-kosi\/#primaryimage\",\"url\":\"https:\/\/termotom.com\/wp-content\/uploads\/20241105_120819-scaled.jpg\",\"contentUrl\":\"https:\/\/termotom.com\/wp-content\/uploads\/20241105_120819-scaled.jpg\",\"width\":1920,\"height\":2560},{\"@type\":\"BreadcrumbList\",\"@id\":\"https:\/\/termotom.com\/hr\/pleksiglas-ploca-xt-3-mm-mlijecna-kosi\/#breadcrumb\",\"itemListElement\":[{\"@type\":\"ListItem\",\"position\":1,\"name\":\"Home\",\"item\":\"https:\/\/termotom.com\/hr\/\"},{\"@type\":\"ListItem\",\"position\":2,\"name\":\"Trgovina\",\"item\":\"https:\/\/termotom.com\/hr\/trgovina\/\"},{\"@type\":\"ListItem\",\"position\":3,\"name\":\"Pleksiglas plo\u010da XT, 3 mm, mlije\u010dna, KOSI\"}]},{\"@type\":\"WebSite\",\"@id\":\"https:\/\/termotom.com\/hr\/#website\",\"url\":\"https:\/\/termotom.com\/hr\/\",\"name\":\"Trgovina Termotom\",\"description\":\"Spletna trgovina\",\"publisher\":{\"@id\":\"https:\/\/termotom.com\/hr\/#organization\"},\"potentialAction\":[{\"@type\":\"SearchAction\",\"target\":{\"@type\":\"EntryPoint\",\"urlTemplate\":\"https:\/\/termotom.com\/hr\/?s={search_term_string}\"},\"query-input\":{\"@type\":\"PropertyValueSpecification\",\"valueRequired\":true,\"valueName\":\"search_term_string\"}}],\"inLanguage\":\"hr\"},{\"@type\":\"Organization\",\"@id\":\"https:\/\/termotom.com\/hr\/#organization\",\"name\":\"Trgovina Termotom\",\"url\":\"https:\/\/termotom.com\/hr\/\",\"logo\":{\"@type\":\"ImageObject\",\"inLanguage\":\"hr\",\"@id\":\"https:\/\/termotom.com\/hr\/#\/schema\/logo\/image\/\",\"url\":\"https:\/\/termotom.com\/wp-content\/uploads\/logo.png\",\"contentUrl\":\"https:\/\/termotom.com\/wp-content\/uploads\/logo.png\",\"width\":400,\"height\":60,\"caption\":\"Trgovina Termotom\"},\"image\":{\"@id\":\"https:\/\/termotom.com\/hr\/#\/schema\/logo\/image\/\"}}]}<\/script>\n<!-- \/ Yoast SEO plugin. -->","yoast_head_json":{"title":"Pleksiglas plo\u010da XT, 3 mm, mlije\u010dna, KOSI - Trgovina Termotom","robots":{"index":"index","follow":"follow","max-snippet":"max-snippet:-1","max-image-preview":"max-image-preview:large","max-video-preview":"max-video-preview:-1"},"canonical":"https:\/\/termotom.com\/hr\/pleksiglas-ploca-xt-3-mm-mlijecna-kosi\/","og_locale":"hr_HR","og_type":"article","og_title":"Pleksiglas plo\u010da XT, 3 mm, mlije\u010dna, KOSI - Trgovina Termotom","og_description":"Nekoliko desetaka komada mlije\u010dno bijelog pleksiglasa, tipa &quot;IRR&quot;, debljine 3 mm, dostupno je za prodaju kao otpadni komadi iz projekta.","og_url":"https:\/\/termotom.com\/hr\/pleksiglas-ploca-xt-3-mm-mlijecna-kosi\/","og_site_name":"Trgovina Termotom","article_modified_time":"2026-04-01T10:58:31+00:00","og_image":[{"width":1920,"height":2560,"url":"https:\/\/termotom.com\/wp-content\/uploads\/20241105_120819-scaled.jpg","type":"image\/jpeg"}],"twitter_card":"summary_large_image","schema":{"@context":"https:\/\/schema.org","@graph":[{"@type":"WebPage","@id":"https:\/\/termotom.com\/hr\/pleksiglas-ploca-xt-3-mm-mlijecna-kosi\/","url":"https:\/\/termotom.com\/hr\/pleksiglas-ploca-xt-3-mm-mlijecna-kosi\/","name":"Pleksiglas plo\u010da XT, 3 mm, mlije\u010dna, KOSI - Trgovina Termotom","isPartOf":{"@id":"https:\/\/termotom.com\/hr\/#website"},"primaryImageOfPage":{"@id":"https:\/\/termotom.com\/hr\/pleksiglas-ploca-xt-3-mm-mlijecna-kosi\/#primaryimage"},"image":{"@id":"https:\/\/termotom.com\/hr\/pleksiglas-ploca-xt-3-mm-mlijecna-kosi\/#primaryimage"},"thumbnailUrl":"https:\/\/termotom.com\/wp-content\/uploads\/20241105_120819-scaled.jpg","datePublished":"2024-11-05T13:02:30+00:00","dateModified":"2026-04-01T10:58:31+00:00","breadcrumb":{"@id":"https:\/\/termotom.com\/hr\/pleksiglas-ploca-xt-3-mm-mlijecna-kosi\/#breadcrumb"},"inLanguage":"hr","potentialAction":[{"@type":"ReadAction","target":["https:\/\/termotom.com\/hr\/pleksiglas-ploca-xt-3-mm-mlijecna-kosi\/"]}]},{"@type":"ImageObject","inLanguage":"hr","@id":"https:\/\/termotom.com\/hr\/pleksiglas-ploca-xt-3-mm-mlijecna-kosi\/#primaryimage","url":"https:\/\/termotom.com\/wp-content\/uploads\/20241105_120819-scaled.jpg","contentUrl":"https:\/\/termotom.com\/wp-content\/uploads\/20241105_120819-scaled.jpg","width":1920,"height":2560},{"@type":"BreadcrumbList","@id":"https:\/\/termotom.com\/hr\/pleksiglas-ploca-xt-3-mm-mlijecna-kosi\/#breadcrumb","itemListElement":[{"@type":"ListItem","position":1,"name":"Home","item":"https:\/\/termotom.com\/hr\/"},{"@type":"ListItem","position":2,"name":"Trgovina","item":"https:\/\/termotom.com\/hr\/trgovina\/"},{"@type":"ListItem","position":3,"name":"Pleksiglas plo\u010da XT, 3 mm, mlije\u010dna, KOSI"}]},{"@type":"WebSite","@id":"https:\/\/termotom.com\/hr\/#website","url":"https:\/\/termotom.com\/hr\/","name":"Trgovina Termotom","description":"Spletna trgovina","publisher":{"@id":"https:\/\/termotom.com\/hr\/#organization"},"potentialAction":[{"@type":"SearchAction","target":{"@type":"EntryPoint","urlTemplate":"https:\/\/termotom.com\/hr\/?s={search_term_string}"},"query-input":{"@type":"PropertyValueSpecification","valueRequired":true,"valueName":"search_term_string"}}],"inLanguage":"hr"},{"@type":"Organization","@id":"https:\/\/termotom.com\/hr\/#organization","name":"Trgovina Termotom","url":"https:\/\/termotom.com\/hr\/","logo":{"@type":"ImageObject","inLanguage":"hr","@id":"https:\/\/termotom.com\/hr\/#\/schema\/logo\/image\/","url":"https:\/\/termotom.com\/wp-content\/uploads\/logo.png","contentUrl":"https:\/\/termotom.com\/wp-content\/uploads\/logo.png","width":400,"height":60,"caption":"Trgovina Termotom"},"image":{"@id":"https:\/\/termotom.com\/hr\/#\/schema\/logo\/image\/"}}]}},"_links":{"self":[{"href":"https:\/\/termotom.com\/hr\/wp-json\/wp\/v2\/product\/26046","targetHints":{"allow":["GET"]}}],"collection":[{"href":"https:\/\/termotom.com\/hr\/wp-json\/wp\/v2\/product"}],"about":[{"href":"https:\/\/termotom.com\/hr\/wp-json\/wp\/v2\/types\/product"}],"replies":[{"embeddable":true,"href":"https:\/\/termotom.com\/hr\/wp-json\/wp\/v2\/comments?post=26046"}],"wp:featuredmedia":[{"embeddable":true,"href":"https:\/\/termotom.com\/hr\/wp-json\/wp\/v2\/media\/26047"}],"wp:attachment":[{"href":"https:\/\/termotom.com\/hr\/wp-json\/wp\/v2\/media?parent=26046"}],"wp:term":[{"taxonomy":"product_brand","embeddable":true,"href":"https:\/\/termotom.com\/hr\/wp-json\/wp\/v2\/product_brand?post=26046"},{"taxonomy":"product_cat","embeddable":true,"href":"https:\/\/termotom.com\/hr\/wp-json\/wp\/v2\/product_cat?post=26046"},{"taxonomy":"product_tag","embeddable":true,"href":"https:\/\/termotom.com\/hr\/wp-json\/wp\/v2\/product_tag?post=26046"}],"curies":[{"name":"wp","href":"https:\/\/api.w.org\/{rel}","templated":true}]}}