{"id":26190,"date":"2024-10-10T06:30:04","date_gmt":"2024-10-10T06:30:04","guid":{"rendered":"https:\/\/termotom.com\/polikarbonatno-steklo-6-mm-2xuv-mlecna-opal-kopija\/"},"modified":"2026-03-09T10:23:06","modified_gmt":"2026-03-09T10:23:06","slug":"polikarbonatno-staklo-6-mm-2xuv-mlijecno-opal-2","status":"publish","type":"product","link":"https:\/\/termotom.com\/hr\/polikarbonatno-staklo-6-mm-2xuv-mlijecno-opal-2\/","title":{"rendered":"Polikarbonatno staklo, 6 mm, 2\u00d7UV, mlije\u010dno \/ opal"},"content":{"rendered":"<p>Mlije\u010dno bijelo (opalno) polikarbonatno staklo, debljine 6 mm, s UV za\u0161titom. Glavna prednost ovog materijala je njegova nekrhkost i mala te\u017eina. Materijal je upola lak\u0161i od obi\u010dnog stakla. Jednostavno se obra\u0111uje i mo\u017ee se savijati, bu\u0161iti, rezati i termi\u010dki obra\u0111ivati.<\/p>\n","protected":false},"excerpt":{"rendered":"<p>6 mm polikarbonatno staklo u mlije\u010dno bijeloj (opal) boji s UV za\u0161titom. Dimenzije: 510 x 510 mm.<\/p>\n","protected":false},"featured_media":24298,"comment_status":"closed","ping_status":"closed","template":"","meta":{"_acf_changed":false},"product_brand":[],"product_cat":[1640],"product_tag":[],"class_list":{"0":"post-26190","1":"product","2":"type-product","3":"status-publish","4":"has-post-thumbnail","6":"product_cat-rasprodaja","7":"product_shipping_class-nizja-dostava","8":"pa_debelina-6mm","9":"pa_dimenzija-1000x500-mm","10":"pa_dimenzija-1000x1000-mm","11":"pa_dimenzija-2050x1000-mm","12":"pa_dimenzija-2050x1500-mm","13":"pa_dimenzija-2050x3500-mm","14":"pa_dimenzija-2050x4000-mm","15":"pa_dimenzija-2050x4500-mm","16":"pa_dimenzija-2050x500-mm","17":"pa_dimenzija-2050x5000-mm","18":"pa_dimenzija-2050x6100-mm","19":"pa_dimenzija-2050x3050-mm","20":"pa_dimenzija-500x500-mm","21":"pa_struktura-jednoslojni","22":"pa_uv-zascita-dvostrano","24":"first","25":"outofstock","26":"taxable","27":"shipping-taxable","28":"purchasable","29":"product-type-simple"},"acf":[],"yoast_head":"<!-- This site is optimized with the Yoast SEO plugin v27.0 - https:\/\/yoast.com\/product\/yoast-seo-wordpress\/ -->\n<title>Polikarbonatno staklo, 6 mm, 2\u00d7UV, mlije\u010dno \/ opal - Trgovina Termotom<\/title>\n<meta name=\"robots\" content=\"index, follow, max-snippet:-1, max-image-preview:large, max-video-preview:-1\" \/>\n<link rel=\"canonical\" href=\"https:\/\/termotom.com\/hr\/polikarbonatno-staklo-6-mm-2xuv-mlijecno-opal-2\/\" \/>\n<meta property=\"og:locale\" content=\"hr_HR\" \/>\n<meta property=\"og:type\" content=\"article\" \/>\n<meta property=\"og:title\" content=\"Polikarbonatno staklo, 6 mm, 2\u00d7UV, mlije\u010dno \/ opal - Trgovina Termotom\" \/>\n<meta property=\"og:description\" content=\"6 mm polikarbonatno staklo u mlije\u010dno bijeloj (opal) boji s UV za\u0161titom. Dimenzije: 510 x 510 mm.\" \/>\n<meta property=\"og:url\" content=\"https:\/\/termotom.com\/hr\/polikarbonatno-staklo-6-mm-2xuv-mlijecno-opal-2\/\" \/>\n<meta property=\"og:site_name\" content=\"Trgovina Termotom\" \/>\n<meta property=\"article:modified_time\" content=\"2026-03-09T10:23:06+00:00\" \/>\n<meta property=\"og:image\" content=\"https:\/\/termotom.com\/wp-content\/uploads\/PC_OPAL_5mm_7mm-scaled.jpg\" \/>\n\t<meta property=\"og:image:width\" content=\"2560\" \/>\n\t<meta property=\"og:image:height\" content=\"2560\" \/>\n\t<meta property=\"og:image:type\" content=\"image\/jpeg\" \/>\n<meta name=\"twitter:card\" content=\"summary_large_image\" \/>\n<script type=\"application\/ld+json\" class=\"yoast-schema-graph\">{\"@context\":\"https:\/\/schema.org\",\"@graph\":[{\"@type\":\"WebPage\",\"@id\":\"https:\/\/termotom.com\/hr\/polikarbonatno-staklo-6-mm-2xuv-mlijecno-opal-2\/\",\"url\":\"https:\/\/termotom.com\/hr\/polikarbonatno-staklo-6-mm-2xuv-mlijecno-opal-2\/\",\"name\":\"Polikarbonatno staklo, 6 mm, 2\u00d7UV, mlije\u010dno \/ opal - Trgovina Termotom\",\"isPartOf\":{\"@id\":\"https:\/\/termotom.com\/hr\/#website\"},\"primaryImageOfPage\":{\"@id\":\"https:\/\/termotom.com\/hr\/polikarbonatno-staklo-6-mm-2xuv-mlijecno-opal-2\/#primaryimage\"},\"image\":{\"@id\":\"https:\/\/termotom.com\/hr\/polikarbonatno-staklo-6-mm-2xuv-mlijecno-opal-2\/#primaryimage\"},\"thumbnailUrl\":\"https:\/\/termotom.com\/wp-content\/uploads\/PC_OPAL_5mm_7mm-scaled.jpg\",\"datePublished\":\"2024-10-10T06:30:04+00:00\",\"dateModified\":\"2026-03-09T10:23:06+00:00\",\"breadcrumb\":{\"@id\":\"https:\/\/termotom.com\/hr\/polikarbonatno-staklo-6-mm-2xuv-mlijecno-opal-2\/#breadcrumb\"},\"inLanguage\":\"hr\",\"potentialAction\":[{\"@type\":\"ReadAction\",\"target\":[\"https:\/\/termotom.com\/hr\/polikarbonatno-staklo-6-mm-2xuv-mlijecno-opal-2\/\"]}]},{\"@type\":\"ImageObject\",\"inLanguage\":\"hr\",\"@id\":\"https:\/\/termotom.com\/hr\/polikarbonatno-staklo-6-mm-2xuv-mlijecno-opal-2\/#primaryimage\",\"url\":\"https:\/\/termotom.com\/wp-content\/uploads\/PC_OPAL_5mm_7mm-scaled.jpg\",\"contentUrl\":\"https:\/\/termotom.com\/wp-content\/uploads\/PC_OPAL_5mm_7mm-scaled.jpg\",\"width\":2560,\"height\":2560},{\"@type\":\"BreadcrumbList\",\"@id\":\"https:\/\/termotom.com\/hr\/polikarbonatno-staklo-6-mm-2xuv-mlijecno-opal-2\/#breadcrumb\",\"itemListElement\":[{\"@type\":\"ListItem\",\"position\":1,\"name\":\"Home\",\"item\":\"https:\/\/termotom.com\/hr\/\"},{\"@type\":\"ListItem\",\"position\":2,\"name\":\"Trgovina\",\"item\":\"https:\/\/termotom.com\/hr\/trgovina\/\"},{\"@type\":\"ListItem\",\"position\":3,\"name\":\"Polikarbonatno staklo, 6 mm, 2\u00d7UV, mlije\u010dno \/ opal\"}]},{\"@type\":\"WebSite\",\"@id\":\"https:\/\/termotom.com\/hr\/#website\",\"url\":\"https:\/\/termotom.com\/hr\/\",\"name\":\"Trgovina Termotom\",\"description\":\"Spletna trgovina\",\"publisher\":{\"@id\":\"https:\/\/termotom.com\/hr\/#organization\"},\"potentialAction\":[{\"@type\":\"SearchAction\",\"target\":{\"@type\":\"EntryPoint\",\"urlTemplate\":\"https:\/\/termotom.com\/hr\/?s={search_term_string}\"},\"query-input\":{\"@type\":\"PropertyValueSpecification\",\"valueRequired\":true,\"valueName\":\"search_term_string\"}}],\"inLanguage\":\"hr\"},{\"@type\":\"Organization\",\"@id\":\"https:\/\/termotom.com\/hr\/#organization\",\"name\":\"Trgovina Termotom\",\"url\":\"https:\/\/termotom.com\/hr\/\",\"logo\":{\"@type\":\"ImageObject\",\"inLanguage\":\"hr\",\"@id\":\"https:\/\/termotom.com\/hr\/#\/schema\/logo\/image\/\",\"url\":\"https:\/\/termotom.com\/wp-content\/uploads\/logo.png\",\"contentUrl\":\"https:\/\/termotom.com\/wp-content\/uploads\/logo.png\",\"width\":400,\"height\":60,\"caption\":\"Trgovina Termotom\"},\"image\":{\"@id\":\"https:\/\/termotom.com\/hr\/#\/schema\/logo\/image\/\"}}]}<\/script>\n<!-- \/ Yoast SEO plugin. -->","yoast_head_json":{"title":"Polikarbonatno staklo, 6 mm, 2\u00d7UV, mlije\u010dno \/ opal - Trgovina Termotom","robots":{"index":"index","follow":"follow","max-snippet":"max-snippet:-1","max-image-preview":"max-image-preview:large","max-video-preview":"max-video-preview:-1"},"canonical":"https:\/\/termotom.com\/hr\/polikarbonatno-staklo-6-mm-2xuv-mlijecno-opal-2\/","og_locale":"hr_HR","og_type":"article","og_title":"Polikarbonatno staklo, 6 mm, 2\u00d7UV, mlije\u010dno \/ opal - Trgovina Termotom","og_description":"6 mm polikarbonatno staklo u mlije\u010dno bijeloj (opal) boji s UV za\u0161titom. Dimenzije: 510 x 510 mm.","og_url":"https:\/\/termotom.com\/hr\/polikarbonatno-staklo-6-mm-2xuv-mlijecno-opal-2\/","og_site_name":"Trgovina Termotom","article_modified_time":"2026-03-09T10:23:06+00:00","og_image":[{"width":2560,"height":2560,"url":"https:\/\/termotom.com\/wp-content\/uploads\/PC_OPAL_5mm_7mm-scaled.jpg","type":"image\/jpeg"}],"twitter_card":"summary_large_image","schema":{"@context":"https:\/\/schema.org","@graph":[{"@type":"WebPage","@id":"https:\/\/termotom.com\/hr\/polikarbonatno-staklo-6-mm-2xuv-mlijecno-opal-2\/","url":"https:\/\/termotom.com\/hr\/polikarbonatno-staklo-6-mm-2xuv-mlijecno-opal-2\/","name":"Polikarbonatno staklo, 6 mm, 2\u00d7UV, mlije\u010dno \/ opal - Trgovina Termotom","isPartOf":{"@id":"https:\/\/termotom.com\/hr\/#website"},"primaryImageOfPage":{"@id":"https:\/\/termotom.com\/hr\/polikarbonatno-staklo-6-mm-2xuv-mlijecno-opal-2\/#primaryimage"},"image":{"@id":"https:\/\/termotom.com\/hr\/polikarbonatno-staklo-6-mm-2xuv-mlijecno-opal-2\/#primaryimage"},"thumbnailUrl":"https:\/\/termotom.com\/wp-content\/uploads\/PC_OPAL_5mm_7mm-scaled.jpg","datePublished":"2024-10-10T06:30:04+00:00","dateModified":"2026-03-09T10:23:06+00:00","breadcrumb":{"@id":"https:\/\/termotom.com\/hr\/polikarbonatno-staklo-6-mm-2xuv-mlijecno-opal-2\/#breadcrumb"},"inLanguage":"hr","potentialAction":[{"@type":"ReadAction","target":["https:\/\/termotom.com\/hr\/polikarbonatno-staklo-6-mm-2xuv-mlijecno-opal-2\/"]}]},{"@type":"ImageObject","inLanguage":"hr","@id":"https:\/\/termotom.com\/hr\/polikarbonatno-staklo-6-mm-2xuv-mlijecno-opal-2\/#primaryimage","url":"https:\/\/termotom.com\/wp-content\/uploads\/PC_OPAL_5mm_7mm-scaled.jpg","contentUrl":"https:\/\/termotom.com\/wp-content\/uploads\/PC_OPAL_5mm_7mm-scaled.jpg","width":2560,"height":2560},{"@type":"BreadcrumbList","@id":"https:\/\/termotom.com\/hr\/polikarbonatno-staklo-6-mm-2xuv-mlijecno-opal-2\/#breadcrumb","itemListElement":[{"@type":"ListItem","position":1,"name":"Home","item":"https:\/\/termotom.com\/hr\/"},{"@type":"ListItem","position":2,"name":"Trgovina","item":"https:\/\/termotom.com\/hr\/trgovina\/"},{"@type":"ListItem","position":3,"name":"Polikarbonatno staklo, 6 mm, 2\u00d7UV, mlije\u010dno \/ opal"}]},{"@type":"WebSite","@id":"https:\/\/termotom.com\/hr\/#website","url":"https:\/\/termotom.com\/hr\/","name":"Trgovina Termotom","description":"Spletna trgovina","publisher":{"@id":"https:\/\/termotom.com\/hr\/#organization"},"potentialAction":[{"@type":"SearchAction","target":{"@type":"EntryPoint","urlTemplate":"https:\/\/termotom.com\/hr\/?s={search_term_string}"},"query-input":{"@type":"PropertyValueSpecification","valueRequired":true,"valueName":"search_term_string"}}],"inLanguage":"hr"},{"@type":"Organization","@id":"https:\/\/termotom.com\/hr\/#organization","name":"Trgovina Termotom","url":"https:\/\/termotom.com\/hr\/","logo":{"@type":"ImageObject","inLanguage":"hr","@id":"https:\/\/termotom.com\/hr\/#\/schema\/logo\/image\/","url":"https:\/\/termotom.com\/wp-content\/uploads\/logo.png","contentUrl":"https:\/\/termotom.com\/wp-content\/uploads\/logo.png","width":400,"height":60,"caption":"Trgovina Termotom"},"image":{"@id":"https:\/\/termotom.com\/hr\/#\/schema\/logo\/image\/"}}]}},"_links":{"self":[{"href":"https:\/\/termotom.com\/hr\/wp-json\/wp\/v2\/product\/26190","targetHints":{"allow":["GET"]}}],"collection":[{"href":"https:\/\/termotom.com\/hr\/wp-json\/wp\/v2\/product"}],"about":[{"href":"https:\/\/termotom.com\/hr\/wp-json\/wp\/v2\/types\/product"}],"replies":[{"embeddable":true,"href":"https:\/\/termotom.com\/hr\/wp-json\/wp\/v2\/comments?post=26190"}],"wp:featuredmedia":[{"embeddable":true,"href":"https:\/\/termotom.com\/hr\/wp-json\/wp\/v2\/media\/24298"}],"wp:attachment":[{"href":"https:\/\/termotom.com\/hr\/wp-json\/wp\/v2\/media?parent=26190"}],"wp:term":[{"taxonomy":"product_brand","embeddable":true,"href":"https:\/\/termotom.com\/hr\/wp-json\/wp\/v2\/product_brand?post=26190"},{"taxonomy":"product_cat","embeddable":true,"href":"https:\/\/termotom.com\/hr\/wp-json\/wp\/v2\/product_cat?post=26190"},{"taxonomy":"product_tag","embeddable":true,"href":"https:\/\/termotom.com\/hr\/wp-json\/wp\/v2\/product_tag?post=26190"}],"curies":[{"name":"wp","href":"https:\/\/api.w.org\/{rel}","templated":true}]}}