{"id":26346,"date":"2024-10-09T08:33:43","date_gmt":"2024-10-09T08:33:43","guid":{"rendered":"https:\/\/termotom.com\/petg-5-mm-uv-prozoren-kosi\/"},"modified":"2026-04-01T10:59:26","modified_gmt":"2026-04-01T10:59:26","slug":"petg-5-mm-prozirni-kosi","status":"publish","type":"product","link":"https:\/\/termotom.com\/hr\/petg-5-mm-prozirni-kosi\/","title":{"rendered":"PETG, 5 mm, prozirni KOSI"},"content":{"rendered":"<p>PETG je kratica za polietilentereftalatni glikol, materijal koji je otporan na plamen i udarce. Pogodan je za vakuumsko i termoformiranje jer nije potrebno pretpohanjanje. Materijal je proziran i nema UV za\u0161titu. Naj\u010de\u0161\u0107e se koristi u industrijskim primjenama. Tako\u0111er je odobren od strane FDA (pogodan za upotrebu u prehrambenoj industriji) i mo\u017ee se na\u0107i u medicinskim primjenama.<\/p>\n","protected":false},"excerpt":{"rendered":"<p>PETG plo\u010de, prozirne boje, debljine 5 mm, bez UV za\u0161tite<\/p>\n","protected":false},"featured_media":24130,"comment_status":"open","ping_status":"closed","template":"","meta":{"_acf_changed":false},"product_brand":[],"product_cat":[1640],"product_tag":[],"class_list":{"0":"post-26346","1":"product","2":"type-product","3":"status-publish","4":"has-post-thumbnail","6":"product_cat-rasprodaja","7":"product_shipping_class-visoka-dostava","8":"pa_barva-proziran-2","9":"pa_debelina-5mm","10":"pa_dimenzija-1000x1000-mm","11":"pa_dimenzija-2000x1000-mm","12":"pa_dimenzija-2000x1500-mm","13":"pa_dimenzija-2050x3050-mm","14":"pa_struktura-jednoslojni","15":"pa_uv-zascita-bez","17":"first","18":"instock","19":"taxable","20":"shipping-taxable","21":"purchasable","22":"product-type-variable"},"acf":[],"yoast_head":"<!-- This site is optimized with the Yoast SEO plugin v27.0 - https:\/\/yoast.com\/product\/yoast-seo-wordpress\/ -->\n<title>PETG, 5 mm, prozirni KOSI - Trgovina Termotom<\/title>\n<meta name=\"robots\" content=\"index, follow, max-snippet:-1, max-image-preview:large, max-video-preview:-1\" \/>\n<link rel=\"canonical\" href=\"https:\/\/termotom.com\/hr\/petg-5-mm-prozirni-kosi\/\" \/>\n<meta property=\"og:locale\" content=\"hr_HR\" \/>\n<meta property=\"og:type\" content=\"article\" \/>\n<meta property=\"og:title\" content=\"PETG, 5 mm, prozirni KOSI - Trgovina Termotom\" \/>\n<meta property=\"og:description\" content=\"PETG plo\u010de, prozirne boje, debljine 5 mm, bez UV za\u0161tite\" \/>\n<meta property=\"og:url\" content=\"https:\/\/termotom.com\/hr\/petg-5-mm-prozirni-kosi\/\" \/>\n<meta property=\"og:site_name\" content=\"Trgovina Termotom\" \/>\n<meta property=\"article:modified_time\" content=\"2026-04-01T10:59:26+00:00\" \/>\n<meta property=\"og:image\" content=\"https:\/\/termotom.com\/wp-content\/uploads\/PC_PROZORNA_5mm_7mm-scaled.jpg\" \/>\n\t<meta property=\"og:image:width\" content=\"2560\" \/>\n\t<meta property=\"og:image:height\" content=\"2560\" \/>\n\t<meta property=\"og:image:type\" content=\"image\/jpeg\" \/>\n<meta name=\"twitter:card\" content=\"summary_large_image\" \/>\n<script type=\"application\/ld+json\" class=\"yoast-schema-graph\">{\"@context\":\"https:\/\/schema.org\",\"@graph\":[{\"@type\":\"WebPage\",\"@id\":\"https:\/\/termotom.com\/hr\/petg-5-mm-prozirni-kosi\/\",\"url\":\"https:\/\/termotom.com\/hr\/petg-5-mm-prozirni-kosi\/\",\"name\":\"PETG, 5 mm, prozirni KOSI - Trgovina Termotom\",\"isPartOf\":{\"@id\":\"https:\/\/termotom.com\/hr\/#website\"},\"primaryImageOfPage\":{\"@id\":\"https:\/\/termotom.com\/hr\/petg-5-mm-prozirni-kosi\/#primaryimage\"},\"image\":{\"@id\":\"https:\/\/termotom.com\/hr\/petg-5-mm-prozirni-kosi\/#primaryimage\"},\"thumbnailUrl\":\"https:\/\/termotom.com\/wp-content\/uploads\/PC_PROZORNA_5mm_7mm-scaled.jpg\",\"datePublished\":\"2024-10-09T08:33:43+00:00\",\"dateModified\":\"2026-04-01T10:59:26+00:00\",\"breadcrumb\":{\"@id\":\"https:\/\/termotom.com\/hr\/petg-5-mm-prozirni-kosi\/#breadcrumb\"},\"inLanguage\":\"hr\",\"potentialAction\":[{\"@type\":\"ReadAction\",\"target\":[\"https:\/\/termotom.com\/hr\/petg-5-mm-prozirni-kosi\/\"]}]},{\"@type\":\"ImageObject\",\"inLanguage\":\"hr\",\"@id\":\"https:\/\/termotom.com\/hr\/petg-5-mm-prozirni-kosi\/#primaryimage\",\"url\":\"https:\/\/termotom.com\/wp-content\/uploads\/PC_PROZORNA_5mm_7mm-scaled.jpg\",\"contentUrl\":\"https:\/\/termotom.com\/wp-content\/uploads\/PC_PROZORNA_5mm_7mm-scaled.jpg\",\"width\":2560,\"height\":2560},{\"@type\":\"BreadcrumbList\",\"@id\":\"https:\/\/termotom.com\/hr\/petg-5-mm-prozirni-kosi\/#breadcrumb\",\"itemListElement\":[{\"@type\":\"ListItem\",\"position\":1,\"name\":\"Home\",\"item\":\"https:\/\/termotom.com\/hr\/\"},{\"@type\":\"ListItem\",\"position\":2,\"name\":\"Trgovina\",\"item\":\"https:\/\/termotom.com\/hr\/trgovina\/\"},{\"@type\":\"ListItem\",\"position\":3,\"name\":\"PETG, 5 mm, prozirni KOSI\"}]},{\"@type\":\"WebSite\",\"@id\":\"https:\/\/termotom.com\/hr\/#website\",\"url\":\"https:\/\/termotom.com\/hr\/\",\"name\":\"Trgovina Termotom\",\"description\":\"Spletna trgovina\",\"publisher\":{\"@id\":\"https:\/\/termotom.com\/hr\/#organization\"},\"potentialAction\":[{\"@type\":\"SearchAction\",\"target\":{\"@type\":\"EntryPoint\",\"urlTemplate\":\"https:\/\/termotom.com\/hr\/?s={search_term_string}\"},\"query-input\":{\"@type\":\"PropertyValueSpecification\",\"valueRequired\":true,\"valueName\":\"search_term_string\"}}],\"inLanguage\":\"hr\"},{\"@type\":\"Organization\",\"@id\":\"https:\/\/termotom.com\/hr\/#organization\",\"name\":\"Trgovina Termotom\",\"url\":\"https:\/\/termotom.com\/hr\/\",\"logo\":{\"@type\":\"ImageObject\",\"inLanguage\":\"hr\",\"@id\":\"https:\/\/termotom.com\/hr\/#\/schema\/logo\/image\/\",\"url\":\"https:\/\/termotom.com\/wp-content\/uploads\/logo.png\",\"contentUrl\":\"https:\/\/termotom.com\/wp-content\/uploads\/logo.png\",\"width\":400,\"height\":60,\"caption\":\"Trgovina Termotom\"},\"image\":{\"@id\":\"https:\/\/termotom.com\/hr\/#\/schema\/logo\/image\/\"}}]}<\/script>\n<!-- \/ Yoast SEO plugin. -->","yoast_head_json":{"title":"PETG, 5 mm, prozirni KOSI - Trgovina Termotom","robots":{"index":"index","follow":"follow","max-snippet":"max-snippet:-1","max-image-preview":"max-image-preview:large","max-video-preview":"max-video-preview:-1"},"canonical":"https:\/\/termotom.com\/hr\/petg-5-mm-prozirni-kosi\/","og_locale":"hr_HR","og_type":"article","og_title":"PETG, 5 mm, prozirni KOSI - Trgovina Termotom","og_description":"PETG plo\u010de, prozirne boje, debljine 5 mm, bez UV za\u0161tite","og_url":"https:\/\/termotom.com\/hr\/petg-5-mm-prozirni-kosi\/","og_site_name":"Trgovina Termotom","article_modified_time":"2026-04-01T10:59:26+00:00","og_image":[{"width":2560,"height":2560,"url":"https:\/\/termotom.com\/wp-content\/uploads\/PC_PROZORNA_5mm_7mm-scaled.jpg","type":"image\/jpeg"}],"twitter_card":"summary_large_image","schema":{"@context":"https:\/\/schema.org","@graph":[{"@type":"WebPage","@id":"https:\/\/termotom.com\/hr\/petg-5-mm-prozirni-kosi\/","url":"https:\/\/termotom.com\/hr\/petg-5-mm-prozirni-kosi\/","name":"PETG, 5 mm, prozirni KOSI - Trgovina Termotom","isPartOf":{"@id":"https:\/\/termotom.com\/hr\/#website"},"primaryImageOfPage":{"@id":"https:\/\/termotom.com\/hr\/petg-5-mm-prozirni-kosi\/#primaryimage"},"image":{"@id":"https:\/\/termotom.com\/hr\/petg-5-mm-prozirni-kosi\/#primaryimage"},"thumbnailUrl":"https:\/\/termotom.com\/wp-content\/uploads\/PC_PROZORNA_5mm_7mm-scaled.jpg","datePublished":"2024-10-09T08:33:43+00:00","dateModified":"2026-04-01T10:59:26+00:00","breadcrumb":{"@id":"https:\/\/termotom.com\/hr\/petg-5-mm-prozirni-kosi\/#breadcrumb"},"inLanguage":"hr","potentialAction":[{"@type":"ReadAction","target":["https:\/\/termotom.com\/hr\/petg-5-mm-prozirni-kosi\/"]}]},{"@type":"ImageObject","inLanguage":"hr","@id":"https:\/\/termotom.com\/hr\/petg-5-mm-prozirni-kosi\/#primaryimage","url":"https:\/\/termotom.com\/wp-content\/uploads\/PC_PROZORNA_5mm_7mm-scaled.jpg","contentUrl":"https:\/\/termotom.com\/wp-content\/uploads\/PC_PROZORNA_5mm_7mm-scaled.jpg","width":2560,"height":2560},{"@type":"BreadcrumbList","@id":"https:\/\/termotom.com\/hr\/petg-5-mm-prozirni-kosi\/#breadcrumb","itemListElement":[{"@type":"ListItem","position":1,"name":"Home","item":"https:\/\/termotom.com\/hr\/"},{"@type":"ListItem","position":2,"name":"Trgovina","item":"https:\/\/termotom.com\/hr\/trgovina\/"},{"@type":"ListItem","position":3,"name":"PETG, 5 mm, prozirni KOSI"}]},{"@type":"WebSite","@id":"https:\/\/termotom.com\/hr\/#website","url":"https:\/\/termotom.com\/hr\/","name":"Trgovina Termotom","description":"Spletna trgovina","publisher":{"@id":"https:\/\/termotom.com\/hr\/#organization"},"potentialAction":[{"@type":"SearchAction","target":{"@type":"EntryPoint","urlTemplate":"https:\/\/termotom.com\/hr\/?s={search_term_string}"},"query-input":{"@type":"PropertyValueSpecification","valueRequired":true,"valueName":"search_term_string"}}],"inLanguage":"hr"},{"@type":"Organization","@id":"https:\/\/termotom.com\/hr\/#organization","name":"Trgovina Termotom","url":"https:\/\/termotom.com\/hr\/","logo":{"@type":"ImageObject","inLanguage":"hr","@id":"https:\/\/termotom.com\/hr\/#\/schema\/logo\/image\/","url":"https:\/\/termotom.com\/wp-content\/uploads\/logo.png","contentUrl":"https:\/\/termotom.com\/wp-content\/uploads\/logo.png","width":400,"height":60,"caption":"Trgovina Termotom"},"image":{"@id":"https:\/\/termotom.com\/hr\/#\/schema\/logo\/image\/"}}]}},"_links":{"self":[{"href":"https:\/\/termotom.com\/hr\/wp-json\/wp\/v2\/product\/26346","targetHints":{"allow":["GET"]}}],"collection":[{"href":"https:\/\/termotom.com\/hr\/wp-json\/wp\/v2\/product"}],"about":[{"href":"https:\/\/termotom.com\/hr\/wp-json\/wp\/v2\/types\/product"}],"replies":[{"embeddable":true,"href":"https:\/\/termotom.com\/hr\/wp-json\/wp\/v2\/comments?post=26346"}],"wp:featuredmedia":[{"embeddable":true,"href":"https:\/\/termotom.com\/hr\/wp-json\/wp\/v2\/media\/24130"}],"wp:attachment":[{"href":"https:\/\/termotom.com\/hr\/wp-json\/wp\/v2\/media?parent=26346"}],"wp:term":[{"taxonomy":"product_brand","embeddable":true,"href":"https:\/\/termotom.com\/hr\/wp-json\/wp\/v2\/product_brand?post=26346"},{"taxonomy":"product_cat","embeddable":true,"href":"https:\/\/termotom.com\/hr\/wp-json\/wp\/v2\/product_cat?post=26346"},{"taxonomy":"product_tag","embeddable":true,"href":"https:\/\/termotom.com\/hr\/wp-json\/wp\/v2\/product_tag?post=26346"}],"curies":[{"name":"wp","href":"https:\/\/api.w.org\/{rel}","templated":true}]}}