{"id":28200,"date":"2024-03-15T13:17:57","date_gmt":"2024-03-15T13:17:57","guid":{"rendered":"https:\/\/termotom.com\/senopur-izolativna-plosca\/"},"modified":"2026-04-01T11:14:53","modified_gmt":"2026-04-01T11:14:53","slug":"senopur-izolacijska-ploca-700-10-mm","status":"publish","type":"product","link":"https:\/\/termotom.com\/hr\/senopur-izolacijska-ploca-700-10-mm\/","title":{"rendered":"Senopur izolacijska plo\u010da 700, 10 mm"},"content":{"rendered":"<p>Senopur, tako\u0111er poznat pod trgova\u010dkim nazivom Phonotherm, je funkcionalni materijal visoke gusto\u0107e koji kombinira brojne prednosti. Izra\u0111en je od poliesterske tvrde pjene (PUR\/PIR) s visokom izolacijskom vrijedno\u0161\u0107u i gusto\u0107om od 700 kg\/m3, \u0161to ga \u010dini jednim od lak\u0161ih materijala s izvrsnom \u010dvrsto\u0107om i stabilno\u0161\u0107u. Senopur se koristi za gra\u0111evinske elemente i sendvi\u010d konstrukcije. Materijal je otporan na vodu, truljenje, plijesan i termite, \u0161to ga \u010dini idealnim za gra\u0111evinsku industriju.<\/p>\n<h4>Svojstva<\/h4>\n<ul>\n<li>Izvanredna svojstva toplinske izolacije<\/li>\n<li>Otpornost na starenje<\/li>\n<li>Stabilnost u vla\u017enim uvjetima<\/li>\n<li>Ne truli niti plijevi<\/li>\n<li>Otpornost na kemikalije<\/li>\n<li>Mo\u017ee se laminirati i lijepiti<\/li>\n<li>Sigurno iz perspektive gra\u0111evinske biologije i ekologije<\/li>\n<li>Pogodno za vija\u010denje<\/li>\n<\/ul>\n<h4>Primjena<\/h4>\n<ul>\n<li>Temperaturne pregrade<\/li>\n<li>Pregradni zidovi u vla\u017enim prostorijama<\/li>\n<li>Pragovi i okviri vrata u vla\u017enim prostorijama<\/li>\n<li>Profil za prozorske obloge<\/li>\n<li>Radne povr\u0161ine u kuhinjama<\/li>\n<li>Razmaknice<\/li>\n<\/ul>\n","protected":false},"excerpt":{"rendered":"<p>Poslovnim kupcima nudimo dodatne popuste, popuste na koli\u010dinu i popuste za kupnju cijelih plo\u010da. Molimo po\u0161aljite svoj upit: <a href=\"mailto:bostjan@termotom.si?subject=Senopur%20(phontherm)%20-%20povpra%C5%A1evanje&amp;body=Naro%C4%8Dam%20cenik%20senopur%20plo%C5%A1%C4%8D.%0D%0A%0D%0AIme%3A%0D%0APodjetje%3A%0D%0ADodatne%20zahteve%20(debelina%2C%20razrez%2C%20celi%20formati%2C%20dostava%20..)%3A\">\u017delio bih naru\u010diti cjenik plo\u010da za na\u0161u tvrtku.<\/a><\/p>\n","protected":false},"featured_media":28201,"comment_status":"closed","ping_status":"closed","template":"","meta":{"_acf_changed":false},"product_brand":[],"product_cat":[1804,2399],"product_tag":[],"class_list":{"0":"post-28200","1":"product","2":"type-product","3":"status-publish","4":"has-post-thumbnail","6":"product_cat-plasticne-i-druge-ploce","7":"product_cat-senopur-ploce","8":"pa_debelina-2400","10":"first","11":"instock","12":"taxable","13":"shipping-taxable","14":"purchasable","15":"product-type-variable"},"acf":[],"yoast_head":"<!-- This site is optimized with the Yoast SEO plugin v27.0 - https:\/\/yoast.com\/product\/yoast-seo-wordpress\/ -->\n<title>Senopur izolacijska plo\u010da 700, 10 mm - Trgovina Termotom<\/title>\n<meta name=\"robots\" content=\"index, follow, max-snippet:-1, max-image-preview:large, max-video-preview:-1\" \/>\n<link rel=\"canonical\" href=\"https:\/\/termotom.com\/hr\/senopur-izolacijska-ploca-700-10-mm\/\" \/>\n<meta property=\"og:locale\" content=\"hr_HR\" \/>\n<meta property=\"og:type\" content=\"article\" \/>\n<meta property=\"og:title\" content=\"Senopur izolacijska plo\u010da 700, 10 mm - Trgovina Termotom\" \/>\n<meta property=\"og:description\" content=\"Poslovnim kupcima nudimo dodatne popuste, popuste na koli\u010dinu i popuste za kupnju cijelih plo\u010da. Molimo po\u0161aljite svoj upit: \u017delio bih naru\u010diti cjenik plo\u010da za na\u0161u tvrtku.\" \/>\n<meta property=\"og:url\" content=\"https:\/\/termotom.com\/hr\/senopur-izolacijska-ploca-700-10-mm\/\" \/>\n<meta property=\"og:site_name\" content=\"Trgovina Termotom\" \/>\n<meta property=\"article:modified_time\" content=\"2026-04-01T11:14:53+00:00\" \/>\n<meta property=\"og:image\" content=\"https:\/\/termotom.com\/wp-content\/uploads\/senopur-r_product_xl.jpg\" \/>\n\t<meta property=\"og:image:width\" content=\"768\" \/>\n\t<meta property=\"og:image:height\" content=\"512\" \/>\n\t<meta property=\"og:image:type\" content=\"image\/jpeg\" \/>\n<meta name=\"twitter:card\" content=\"summary_large_image\" \/>\n<meta name=\"twitter:label1\" content=\"Procijenjeno vrijeme \u010ditanja\" \/>\n\t<meta name=\"twitter:data1\" content=\"1 minuta\" \/>\n<script type=\"application\/ld+json\" class=\"yoast-schema-graph\">{\"@context\":\"https:\/\/schema.org\",\"@graph\":[{\"@type\":\"WebPage\",\"@id\":\"https:\/\/termotom.com\/hr\/senopur-izolacijska-ploca-700-10-mm\/\",\"url\":\"https:\/\/termotom.com\/hr\/senopur-izolacijska-ploca-700-10-mm\/\",\"name\":\"Senopur izolacijska plo\u010da 700, 10 mm - Trgovina Termotom\",\"isPartOf\":{\"@id\":\"https:\/\/termotom.com\/hr\/#website\"},\"primaryImageOfPage\":{\"@id\":\"https:\/\/termotom.com\/hr\/senopur-izolacijska-ploca-700-10-mm\/#primaryimage\"},\"image\":{\"@id\":\"https:\/\/termotom.com\/hr\/senopur-izolacijska-ploca-700-10-mm\/#primaryimage\"},\"thumbnailUrl\":\"https:\/\/termotom.com\/wp-content\/uploads\/senopur-r_product_xl.jpg\",\"datePublished\":\"2024-03-15T13:17:57+00:00\",\"dateModified\":\"2026-04-01T11:14:53+00:00\",\"breadcrumb\":{\"@id\":\"https:\/\/termotom.com\/hr\/senopur-izolacijska-ploca-700-10-mm\/#breadcrumb\"},\"inLanguage\":\"hr\",\"potentialAction\":[{\"@type\":\"ReadAction\",\"target\":[\"https:\/\/termotom.com\/hr\/senopur-izolacijska-ploca-700-10-mm\/\"]}]},{\"@type\":\"ImageObject\",\"inLanguage\":\"hr\",\"@id\":\"https:\/\/termotom.com\/hr\/senopur-izolacijska-ploca-700-10-mm\/#primaryimage\",\"url\":\"https:\/\/termotom.com\/wp-content\/uploads\/senopur-r_product_xl.jpg\",\"contentUrl\":\"https:\/\/termotom.com\/wp-content\/uploads\/senopur-r_product_xl.jpg\",\"width\":768,\"height\":512},{\"@type\":\"BreadcrumbList\",\"@id\":\"https:\/\/termotom.com\/hr\/senopur-izolacijska-ploca-700-10-mm\/#breadcrumb\",\"itemListElement\":[{\"@type\":\"ListItem\",\"position\":1,\"name\":\"Home\",\"item\":\"https:\/\/termotom.com\/hr\/\"},{\"@type\":\"ListItem\",\"position\":2,\"name\":\"Trgovina\",\"item\":\"https:\/\/termotom.com\/hr\/trgovina\/\"},{\"@type\":\"ListItem\",\"position\":3,\"name\":\"Senopur izolacijska plo\u010da 700, 10 mm\"}]},{\"@type\":\"WebSite\",\"@id\":\"https:\/\/termotom.com\/hr\/#website\",\"url\":\"https:\/\/termotom.com\/hr\/\",\"name\":\"Trgovina Termotom\",\"description\":\"Spletna trgovina\",\"publisher\":{\"@id\":\"https:\/\/termotom.com\/hr\/#organization\"},\"potentialAction\":[{\"@type\":\"SearchAction\",\"target\":{\"@type\":\"EntryPoint\",\"urlTemplate\":\"https:\/\/termotom.com\/hr\/?s={search_term_string}\"},\"query-input\":{\"@type\":\"PropertyValueSpecification\",\"valueRequired\":true,\"valueName\":\"search_term_string\"}}],\"inLanguage\":\"hr\"},{\"@type\":\"Organization\",\"@id\":\"https:\/\/termotom.com\/hr\/#organization\",\"name\":\"Trgovina Termotom\",\"url\":\"https:\/\/termotom.com\/hr\/\",\"logo\":{\"@type\":\"ImageObject\",\"inLanguage\":\"hr\",\"@id\":\"https:\/\/termotom.com\/hr\/#\/schema\/logo\/image\/\",\"url\":\"https:\/\/termotom.com\/wp-content\/uploads\/logo.png\",\"contentUrl\":\"https:\/\/termotom.com\/wp-content\/uploads\/logo.png\",\"width\":400,\"height\":60,\"caption\":\"Trgovina Termotom\"},\"image\":{\"@id\":\"https:\/\/termotom.com\/hr\/#\/schema\/logo\/image\/\"}}]}<\/script>\n<!-- \/ Yoast SEO plugin. -->","yoast_head_json":{"title":"Senopur izolacijska plo\u010da 700, 10 mm - Trgovina Termotom","robots":{"index":"index","follow":"follow","max-snippet":"max-snippet:-1","max-image-preview":"max-image-preview:large","max-video-preview":"max-video-preview:-1"},"canonical":"https:\/\/termotom.com\/hr\/senopur-izolacijska-ploca-700-10-mm\/","og_locale":"hr_HR","og_type":"article","og_title":"Senopur izolacijska plo\u010da 700, 10 mm - Trgovina Termotom","og_description":"Poslovnim kupcima nudimo dodatne popuste, popuste na koli\u010dinu i popuste za kupnju cijelih plo\u010da. Molimo po\u0161aljite svoj upit: \u017delio bih naru\u010diti cjenik plo\u010da za na\u0161u tvrtku.","og_url":"https:\/\/termotom.com\/hr\/senopur-izolacijska-ploca-700-10-mm\/","og_site_name":"Trgovina Termotom","article_modified_time":"2026-04-01T11:14:53+00:00","og_image":[{"width":768,"height":512,"url":"https:\/\/termotom.com\/wp-content\/uploads\/senopur-r_product_xl.jpg","type":"image\/jpeg"}],"twitter_card":"summary_large_image","twitter_misc":{"Procijenjeno vrijeme \u010ditanja":"1 minuta"},"schema":{"@context":"https:\/\/schema.org","@graph":[{"@type":"WebPage","@id":"https:\/\/termotom.com\/hr\/senopur-izolacijska-ploca-700-10-mm\/","url":"https:\/\/termotom.com\/hr\/senopur-izolacijska-ploca-700-10-mm\/","name":"Senopur izolacijska plo\u010da 700, 10 mm - Trgovina Termotom","isPartOf":{"@id":"https:\/\/termotom.com\/hr\/#website"},"primaryImageOfPage":{"@id":"https:\/\/termotom.com\/hr\/senopur-izolacijska-ploca-700-10-mm\/#primaryimage"},"image":{"@id":"https:\/\/termotom.com\/hr\/senopur-izolacijska-ploca-700-10-mm\/#primaryimage"},"thumbnailUrl":"https:\/\/termotom.com\/wp-content\/uploads\/senopur-r_product_xl.jpg","datePublished":"2024-03-15T13:17:57+00:00","dateModified":"2026-04-01T11:14:53+00:00","breadcrumb":{"@id":"https:\/\/termotom.com\/hr\/senopur-izolacijska-ploca-700-10-mm\/#breadcrumb"},"inLanguage":"hr","potentialAction":[{"@type":"ReadAction","target":["https:\/\/termotom.com\/hr\/senopur-izolacijska-ploca-700-10-mm\/"]}]},{"@type":"ImageObject","inLanguage":"hr","@id":"https:\/\/termotom.com\/hr\/senopur-izolacijska-ploca-700-10-mm\/#primaryimage","url":"https:\/\/termotom.com\/wp-content\/uploads\/senopur-r_product_xl.jpg","contentUrl":"https:\/\/termotom.com\/wp-content\/uploads\/senopur-r_product_xl.jpg","width":768,"height":512},{"@type":"BreadcrumbList","@id":"https:\/\/termotom.com\/hr\/senopur-izolacijska-ploca-700-10-mm\/#breadcrumb","itemListElement":[{"@type":"ListItem","position":1,"name":"Home","item":"https:\/\/termotom.com\/hr\/"},{"@type":"ListItem","position":2,"name":"Trgovina","item":"https:\/\/termotom.com\/hr\/trgovina\/"},{"@type":"ListItem","position":3,"name":"Senopur izolacijska plo\u010da 700, 10 mm"}]},{"@type":"WebSite","@id":"https:\/\/termotom.com\/hr\/#website","url":"https:\/\/termotom.com\/hr\/","name":"Trgovina Termotom","description":"Spletna trgovina","publisher":{"@id":"https:\/\/termotom.com\/hr\/#organization"},"potentialAction":[{"@type":"SearchAction","target":{"@type":"EntryPoint","urlTemplate":"https:\/\/termotom.com\/hr\/?s={search_term_string}"},"query-input":{"@type":"PropertyValueSpecification","valueRequired":true,"valueName":"search_term_string"}}],"inLanguage":"hr"},{"@type":"Organization","@id":"https:\/\/termotom.com\/hr\/#organization","name":"Trgovina Termotom","url":"https:\/\/termotom.com\/hr\/","logo":{"@type":"ImageObject","inLanguage":"hr","@id":"https:\/\/termotom.com\/hr\/#\/schema\/logo\/image\/","url":"https:\/\/termotom.com\/wp-content\/uploads\/logo.png","contentUrl":"https:\/\/termotom.com\/wp-content\/uploads\/logo.png","width":400,"height":60,"caption":"Trgovina Termotom"},"image":{"@id":"https:\/\/termotom.com\/hr\/#\/schema\/logo\/image\/"}}]}},"_links":{"self":[{"href":"https:\/\/termotom.com\/hr\/wp-json\/wp\/v2\/product\/28200","targetHints":{"allow":["GET"]}}],"collection":[{"href":"https:\/\/termotom.com\/hr\/wp-json\/wp\/v2\/product"}],"about":[{"href":"https:\/\/termotom.com\/hr\/wp-json\/wp\/v2\/types\/product"}],"replies":[{"embeddable":true,"href":"https:\/\/termotom.com\/hr\/wp-json\/wp\/v2\/comments?post=28200"}],"wp:featuredmedia":[{"embeddable":true,"href":"https:\/\/termotom.com\/hr\/wp-json\/wp\/v2\/media\/28201"}],"wp:attachment":[{"href":"https:\/\/termotom.com\/hr\/wp-json\/wp\/v2\/media?parent=28200"}],"wp:term":[{"taxonomy":"product_brand","embeddable":true,"href":"https:\/\/termotom.com\/hr\/wp-json\/wp\/v2\/product_brand?post=28200"},{"taxonomy":"product_cat","embeddable":true,"href":"https:\/\/termotom.com\/hr\/wp-json\/wp\/v2\/product_cat?post=28200"},{"taxonomy":"product_tag","embeddable":true,"href":"https:\/\/termotom.com\/hr\/wp-json\/wp\/v2\/product_tag?post=28200"}],"curies":[{"name":"wp","href":"https:\/\/api.w.org\/{rel}","templated":true}]}}