{"id":29644,"date":"2023-12-04T16:53:17","date_gmt":"2023-12-04T16:53:17","guid":{"rendered":"https:\/\/termotom.com\/pom-c-poliacetal-40-mm-bela-plosca\/"},"modified":"2026-04-01T11:20:29","modified_gmt":"2026-04-01T11:20:29","slug":"pom-c-poliaketal-40-mm-bijela-ploca","status":"publish","type":"product","link":"https:\/\/termotom.com\/hr\/pom-c-poliaketal-40-mm-bijela-ploca\/","title":{"rendered":"POM C &#8211; poliaketal, 40 mm, bijela plo\u010da"},"content":{"rendered":"<p><strong data-start=\"98\" data-end=\"136\">Tehni\u010dka plastika POM (poliaketal)<\/strong> je visokokvalitetan i svestran materijal poznat po svojoj iznimnoj mehani\u010dkoj \u010dvrsto\u0107i i izvrsnoj dimenzionalnoj stabilnosti. Zbog svoje pouzdanosti pogodan je za zahtjevne tehni\u010dke primjene. Materijal zadr\u017eava svoja svojstva u \u0161irokom temperaturnom rasponu od <strong data-start=\"403\" data-end=\"424\">\u201340 \u00b0C do +100 \u00b0C<\/strong>.<\/p>\n","protected":false},"excerpt":{"rendered":"<p>Tehni\u010dka plastika POM (poliaketal) je visokokvalitetan i svestran materijal poznat po svojoj iznimnoj mehani\u010dkoj \u010dvrsto\u0107i i izvrsnoj dimenzionalnoj stabilnosti. Zbog svoje pouzdanosti pogodan je za zahtjevne tehni\u010dke primjene. Materijal zadr\u017eava svoja svojstva u \u0161irokom temperaturnom rasponu od \u201340 \u00b0C do +100 \u00b0C.<\/p>\n","protected":false},"featured_media":29645,"comment_status":"closed","ping_status":"closed","template":"","meta":{"_acf_changed":false},"product_brand":[],"product_cat":[1804,2829],"product_tag":[],"class_list":{"0":"post-29644","1":"product","2":"type-product","3":"status-publish","4":"has-post-thumbnail","6":"product_cat-plasticne-i-druge-ploce","7":"product_cat-pom-c","8":"pa_barva-bela","9":"pa_debelina-40-mm","10":"pa_dimenzija-500x1000-mm","11":"pa_dimenzija-500x500-mm","13":"first","14":"instock","15":"taxable","16":"shipping-taxable","17":"purchasable","18":"product-type-variable"},"acf":[],"yoast_head":"<!-- This site is optimized with the Yoast SEO plugin v27.0 - https:\/\/yoast.com\/product\/yoast-seo-wordpress\/ -->\n<title>POM C - poliaketal, 40 mm, bijela plo\u010da - Trgovina Termotom<\/title>\n<meta name=\"robots\" content=\"index, follow, max-snippet:-1, max-image-preview:large, max-video-preview:-1\" \/>\n<link rel=\"canonical\" href=\"https:\/\/termotom.com\/hr\/pom-c-poliaketal-40-mm-bijela-ploca\/\" \/>\n<meta property=\"og:locale\" content=\"hr_HR\" \/>\n<meta property=\"og:type\" content=\"article\" \/>\n<meta property=\"og:title\" content=\"POM C - poliaketal, 40 mm, bijela plo\u010da - Trgovina Termotom\" \/>\n<meta property=\"og:description\" content=\"Tehni\u010dka plastika POM (poliaketal) je visokokvalitetan i svestran materijal poznat po svojoj iznimnoj mehani\u010dkoj \u010dvrsto\u0107i i izvrsnoj dimenzionalnoj stabilnosti. Zbog svoje pouzdanosti pogodan je za zahtjevne tehni\u010dke primjene. Materijal zadr\u017eava svoja svojstva u \u0161irokom temperaturnom rasponu od \u201340 \u00b0C do +100 \u00b0C.\" \/>\n<meta property=\"og:url\" content=\"https:\/\/termotom.com\/hr\/pom-c-poliaketal-40-mm-bijela-ploca\/\" \/>\n<meta property=\"og:site_name\" content=\"Trgovina Termotom\" \/>\n<meta property=\"article:modified_time\" content=\"2026-04-01T11:20:29+00:00\" \/>\n<meta property=\"og:image\" content=\"https:\/\/termotom.com\/wp-content\/uploads\/POM-Platten-Kunststoffplatten-Weiss1.jpg\" \/>\n\t<meta property=\"og:image:width\" content=\"800\" \/>\n\t<meta property=\"og:image:height\" content=\"600\" \/>\n\t<meta property=\"og:image:type\" content=\"image\/jpeg\" \/>\n<meta name=\"twitter:card\" content=\"summary_large_image\" \/>\n<script type=\"application\/ld+json\" class=\"yoast-schema-graph\">{\"@context\":\"https:\/\/schema.org\",\"@graph\":[{\"@type\":\"WebPage\",\"@id\":\"https:\/\/termotom.com\/hr\/pom-c-poliaketal-40-mm-bijela-ploca\/\",\"url\":\"https:\/\/termotom.com\/hr\/pom-c-poliaketal-40-mm-bijela-ploca\/\",\"name\":\"POM C - poliaketal, 40 mm, bijela plo\u010da - Trgovina Termotom\",\"isPartOf\":{\"@id\":\"https:\/\/termotom.com\/hr\/#website\"},\"primaryImageOfPage\":{\"@id\":\"https:\/\/termotom.com\/hr\/pom-c-poliaketal-40-mm-bijela-ploca\/#primaryimage\"},\"image\":{\"@id\":\"https:\/\/termotom.com\/hr\/pom-c-poliaketal-40-mm-bijela-ploca\/#primaryimage\"},\"thumbnailUrl\":\"https:\/\/termotom.com\/wp-content\/uploads\/POM-Platten-Kunststoffplatten-Weiss1.jpg\",\"datePublished\":\"2023-12-04T16:53:17+00:00\",\"dateModified\":\"2026-04-01T11:20:29+00:00\",\"breadcrumb\":{\"@id\":\"https:\/\/termotom.com\/hr\/pom-c-poliaketal-40-mm-bijela-ploca\/#breadcrumb\"},\"inLanguage\":\"hr\",\"potentialAction\":[{\"@type\":\"ReadAction\",\"target\":[\"https:\/\/termotom.com\/hr\/pom-c-poliaketal-40-mm-bijela-ploca\/\"]}]},{\"@type\":\"ImageObject\",\"inLanguage\":\"hr\",\"@id\":\"https:\/\/termotom.com\/hr\/pom-c-poliaketal-40-mm-bijela-ploca\/#primaryimage\",\"url\":\"https:\/\/termotom.com\/wp-content\/uploads\/POM-Platten-Kunststoffplatten-Weiss1.jpg\",\"contentUrl\":\"https:\/\/termotom.com\/wp-content\/uploads\/POM-Platten-Kunststoffplatten-Weiss1.jpg\",\"width\":800,\"height\":600},{\"@type\":\"BreadcrumbList\",\"@id\":\"https:\/\/termotom.com\/hr\/pom-c-poliaketal-40-mm-bijela-ploca\/#breadcrumb\",\"itemListElement\":[{\"@type\":\"ListItem\",\"position\":1,\"name\":\"Home\",\"item\":\"https:\/\/termotom.com\/hr\/\"},{\"@type\":\"ListItem\",\"position\":2,\"name\":\"Trgovina\",\"item\":\"https:\/\/termotom.com\/hr\/trgovina\/\"},{\"@type\":\"ListItem\",\"position\":3,\"name\":\"POM C &#8211; poliaketal, 40 mm, bijela plo\u010da\"}]},{\"@type\":\"WebSite\",\"@id\":\"https:\/\/termotom.com\/hr\/#website\",\"url\":\"https:\/\/termotom.com\/hr\/\",\"name\":\"Trgovina Termotom\",\"description\":\"Spletna trgovina\",\"publisher\":{\"@id\":\"https:\/\/termotom.com\/hr\/#organization\"},\"potentialAction\":[{\"@type\":\"SearchAction\",\"target\":{\"@type\":\"EntryPoint\",\"urlTemplate\":\"https:\/\/termotom.com\/hr\/?s={search_term_string}\"},\"query-input\":{\"@type\":\"PropertyValueSpecification\",\"valueRequired\":true,\"valueName\":\"search_term_string\"}}],\"inLanguage\":\"hr\"},{\"@type\":\"Organization\",\"@id\":\"https:\/\/termotom.com\/hr\/#organization\",\"name\":\"Trgovina Termotom\",\"url\":\"https:\/\/termotom.com\/hr\/\",\"logo\":{\"@type\":\"ImageObject\",\"inLanguage\":\"hr\",\"@id\":\"https:\/\/termotom.com\/hr\/#\/schema\/logo\/image\/\",\"url\":\"https:\/\/termotom.com\/wp-content\/uploads\/logo.png\",\"contentUrl\":\"https:\/\/termotom.com\/wp-content\/uploads\/logo.png\",\"width\":400,\"height\":60,\"caption\":\"Trgovina Termotom\"},\"image\":{\"@id\":\"https:\/\/termotom.com\/hr\/#\/schema\/logo\/image\/\"}}]}<\/script>\n<!-- \/ Yoast SEO plugin. -->","yoast_head_json":{"title":"POM C - poliaketal, 40 mm, bijela plo\u010da - Trgovina Termotom","robots":{"index":"index","follow":"follow","max-snippet":"max-snippet:-1","max-image-preview":"max-image-preview:large","max-video-preview":"max-video-preview:-1"},"canonical":"https:\/\/termotom.com\/hr\/pom-c-poliaketal-40-mm-bijela-ploca\/","og_locale":"hr_HR","og_type":"article","og_title":"POM C - poliaketal, 40 mm, bijela plo\u010da - Trgovina Termotom","og_description":"Tehni\u010dka plastika POM (poliaketal) je visokokvalitetan i svestran materijal poznat po svojoj iznimnoj mehani\u010dkoj \u010dvrsto\u0107i i izvrsnoj dimenzionalnoj stabilnosti. Zbog svoje pouzdanosti pogodan je za zahtjevne tehni\u010dke primjene. Materijal zadr\u017eava svoja svojstva u \u0161irokom temperaturnom rasponu od \u201340 \u00b0C do +100 \u00b0C.","og_url":"https:\/\/termotom.com\/hr\/pom-c-poliaketal-40-mm-bijela-ploca\/","og_site_name":"Trgovina Termotom","article_modified_time":"2026-04-01T11:20:29+00:00","og_image":[{"width":800,"height":600,"url":"https:\/\/termotom.com\/wp-content\/uploads\/POM-Platten-Kunststoffplatten-Weiss1.jpg","type":"image\/jpeg"}],"twitter_card":"summary_large_image","schema":{"@context":"https:\/\/schema.org","@graph":[{"@type":"WebPage","@id":"https:\/\/termotom.com\/hr\/pom-c-poliaketal-40-mm-bijela-ploca\/","url":"https:\/\/termotom.com\/hr\/pom-c-poliaketal-40-mm-bijela-ploca\/","name":"POM C - poliaketal, 40 mm, bijela plo\u010da - Trgovina Termotom","isPartOf":{"@id":"https:\/\/termotom.com\/hr\/#website"},"primaryImageOfPage":{"@id":"https:\/\/termotom.com\/hr\/pom-c-poliaketal-40-mm-bijela-ploca\/#primaryimage"},"image":{"@id":"https:\/\/termotom.com\/hr\/pom-c-poliaketal-40-mm-bijela-ploca\/#primaryimage"},"thumbnailUrl":"https:\/\/termotom.com\/wp-content\/uploads\/POM-Platten-Kunststoffplatten-Weiss1.jpg","datePublished":"2023-12-04T16:53:17+00:00","dateModified":"2026-04-01T11:20:29+00:00","breadcrumb":{"@id":"https:\/\/termotom.com\/hr\/pom-c-poliaketal-40-mm-bijela-ploca\/#breadcrumb"},"inLanguage":"hr","potentialAction":[{"@type":"ReadAction","target":["https:\/\/termotom.com\/hr\/pom-c-poliaketal-40-mm-bijela-ploca\/"]}]},{"@type":"ImageObject","inLanguage":"hr","@id":"https:\/\/termotom.com\/hr\/pom-c-poliaketal-40-mm-bijela-ploca\/#primaryimage","url":"https:\/\/termotom.com\/wp-content\/uploads\/POM-Platten-Kunststoffplatten-Weiss1.jpg","contentUrl":"https:\/\/termotom.com\/wp-content\/uploads\/POM-Platten-Kunststoffplatten-Weiss1.jpg","width":800,"height":600},{"@type":"BreadcrumbList","@id":"https:\/\/termotom.com\/hr\/pom-c-poliaketal-40-mm-bijela-ploca\/#breadcrumb","itemListElement":[{"@type":"ListItem","position":1,"name":"Home","item":"https:\/\/termotom.com\/hr\/"},{"@type":"ListItem","position":2,"name":"Trgovina","item":"https:\/\/termotom.com\/hr\/trgovina\/"},{"@type":"ListItem","position":3,"name":"POM C &#8211; poliaketal, 40 mm, bijela plo\u010da"}]},{"@type":"WebSite","@id":"https:\/\/termotom.com\/hr\/#website","url":"https:\/\/termotom.com\/hr\/","name":"Trgovina Termotom","description":"Spletna trgovina","publisher":{"@id":"https:\/\/termotom.com\/hr\/#organization"},"potentialAction":[{"@type":"SearchAction","target":{"@type":"EntryPoint","urlTemplate":"https:\/\/termotom.com\/hr\/?s={search_term_string}"},"query-input":{"@type":"PropertyValueSpecification","valueRequired":true,"valueName":"search_term_string"}}],"inLanguage":"hr"},{"@type":"Organization","@id":"https:\/\/termotom.com\/hr\/#organization","name":"Trgovina Termotom","url":"https:\/\/termotom.com\/hr\/","logo":{"@type":"ImageObject","inLanguage":"hr","@id":"https:\/\/termotom.com\/hr\/#\/schema\/logo\/image\/","url":"https:\/\/termotom.com\/wp-content\/uploads\/logo.png","contentUrl":"https:\/\/termotom.com\/wp-content\/uploads\/logo.png","width":400,"height":60,"caption":"Trgovina Termotom"},"image":{"@id":"https:\/\/termotom.com\/hr\/#\/schema\/logo\/image\/"}}]}},"_links":{"self":[{"href":"https:\/\/termotom.com\/hr\/wp-json\/wp\/v2\/product\/29644","targetHints":{"allow":["GET"]}}],"collection":[{"href":"https:\/\/termotom.com\/hr\/wp-json\/wp\/v2\/product"}],"about":[{"href":"https:\/\/termotom.com\/hr\/wp-json\/wp\/v2\/types\/product"}],"replies":[{"embeddable":true,"href":"https:\/\/termotom.com\/hr\/wp-json\/wp\/v2\/comments?post=29644"}],"wp:featuredmedia":[{"embeddable":true,"href":"https:\/\/termotom.com\/hr\/wp-json\/wp\/v2\/media\/29645"}],"wp:attachment":[{"href":"https:\/\/termotom.com\/hr\/wp-json\/wp\/v2\/media?parent=29644"}],"wp:term":[{"taxonomy":"product_brand","embeddable":true,"href":"https:\/\/termotom.com\/hr\/wp-json\/wp\/v2\/product_brand?post=29644"},{"taxonomy":"product_cat","embeddable":true,"href":"https:\/\/termotom.com\/hr\/wp-json\/wp\/v2\/product_cat?post=29644"},{"taxonomy":"product_tag","embeddable":true,"href":"https:\/\/termotom.com\/hr\/wp-json\/wp\/v2\/product_tag?post=29644"}],"curies":[{"name":"wp","href":"https:\/\/api.w.org\/{rel}","templated":true}]}}