{"id":33080,"date":"2023-11-15T19:54:49","date_gmt":"2023-11-15T19:54:49","guid":{"rendered":"https:\/\/termotom.com\/alu-kompozitna-plosca-3mm-srebrna-bela-mat\/"},"modified":"2026-04-01T11:22:26","modified_gmt":"2026-04-01T11:22:26","slug":"alu-kompozitni-panel-3-mm-srebrno-bijeli-mat","status":"publish","type":"product","link":"https:\/\/termotom.com\/hr\/alu-kompozitni-panel-3-mm-srebrno-bijeli-mat\/","title":{"rendered":"ALU kompozitni panel, 3 mm, srebrno\/bijeli mat"},"content":{"rendered":"<p>Aluminijski kompozitni paneli (kao \u0161to su Dibond, Combond, Neobond, Alupanel, Alubond, Multipanel, Ecobond) sastoje se od dvije aluminijske plo\u010de s polietilenskim slojem izme\u0111u. Paneli su debljine 3 mm. Koriste se za trgova\u010dke natpise, prometne i orijentacijske znakove, izloge, izlo\u017ebene \u0161tandove, namje\u0161taj, reklamne \u0161tandove i sli\u010dno. S panelima je lako raditi: mogu se pilati, rezati, bu\u0161iti, oblikovati, savijati, lijepiti, brusiti, gravirati itd.<\/p>\n","protected":false},"excerpt":{"rendered":"<p>Aluminijski kompozitni panel, debljine 3 mm. Jedna strana je mat srebrena (RAL 9006), a druga mat bijela (RAL 9003).<\/p>\n","protected":false},"featured_media":24950,"comment_status":"open","ping_status":"closed","template":"","meta":{"_acf_changed":false},"product_brand":[],"product_cat":[1804,1826],"product_tag":[],"class_list":{"0":"post-33080","1":"product","2":"type-product","3":"status-publish","4":"has-post-thumbnail","6":"product_cat-plasticne-i-druge-ploce","7":"product_cat-aluminijski-kompozitni-paneli","8":"pa_barva-srebrna-mat-9006-bela-mat-9003","9":"pa_debelina-3mm","10":"pa_dimenzija-1500x1000-mm","11":"pa_dimenzija-1500x1500-mm","12":"pa_dimenzija-1500x2000-mm","13":"pa_dimenzija-1500x3050-mm","14":"pa_dimenzija-1500x4050-mm","15":"pa_dimenzija-2000x3050-mm","16":"pa_struktura-jednoslojni","18":"first","19":"instock","20":"taxable","21":"shipping-taxable","22":"purchasable","23":"product-type-variable"},"acf":[],"yoast_head":"<!-- This site is optimized with the Yoast SEO plugin v27.0 - https:\/\/yoast.com\/product\/yoast-seo-wordpress\/ -->\n<title>ALU kompozitni panel, 3 mm, srebrno\/bijeli mat - Trgovina Termotom<\/title>\n<meta name=\"robots\" content=\"index, follow, max-snippet:-1, max-image-preview:large, max-video-preview:-1\" \/>\n<link rel=\"canonical\" href=\"https:\/\/termotom.com\/hr\/alu-kompozitni-panel-3-mm-srebrno-bijeli-mat\/\" \/>\n<meta property=\"og:locale\" content=\"hr_HR\" \/>\n<meta property=\"og:type\" content=\"article\" \/>\n<meta property=\"og:title\" content=\"ALU kompozitni panel, 3 mm, srebrno\/bijeli mat - Trgovina Termotom\" \/>\n<meta property=\"og:description\" content=\"Aluminijski kompozitni panel, debljine 3 mm. Jedna strana je mat srebrena (RAL 9006), a druga mat bijela (RAL 9003).\" \/>\n<meta property=\"og:url\" content=\"https:\/\/termotom.com\/hr\/alu-kompozitni-panel-3-mm-srebrno-bijeli-mat\/\" \/>\n<meta property=\"og:site_name\" content=\"Trgovina Termotom\" \/>\n<meta property=\"article:modified_time\" content=\"2026-04-01T11:22:26+00:00\" \/>\n<meta property=\"og:image\" content=\"https:\/\/termotom.com\/wp-content\/uploads\/SREBRNAMAT_BELAMAT-scaled.jpg\" \/>\n\t<meta property=\"og:image:width\" content=\"2560\" \/>\n\t<meta property=\"og:image:height\" content=\"2560\" \/>\n\t<meta property=\"og:image:type\" content=\"image\/jpeg\" \/>\n<meta name=\"twitter:card\" content=\"summary_large_image\" \/>\n<script type=\"application\/ld+json\" class=\"yoast-schema-graph\">{\"@context\":\"https:\/\/schema.org\",\"@graph\":[{\"@type\":\"WebPage\",\"@id\":\"https:\/\/termotom.com\/hr\/alu-kompozitni-panel-3-mm-srebrno-bijeli-mat\/\",\"url\":\"https:\/\/termotom.com\/hr\/alu-kompozitni-panel-3-mm-srebrno-bijeli-mat\/\",\"name\":\"ALU kompozitni panel, 3 mm, srebrno\/bijeli mat - Trgovina Termotom\",\"isPartOf\":{\"@id\":\"https:\/\/termotom.com\/hr\/#website\"},\"primaryImageOfPage\":{\"@id\":\"https:\/\/termotom.com\/hr\/alu-kompozitni-panel-3-mm-srebrno-bijeli-mat\/#primaryimage\"},\"image\":{\"@id\":\"https:\/\/termotom.com\/hr\/alu-kompozitni-panel-3-mm-srebrno-bijeli-mat\/#primaryimage\"},\"thumbnailUrl\":\"https:\/\/termotom.com\/wp-content\/uploads\/SREBRNAMAT_BELAMAT-scaled.jpg\",\"datePublished\":\"2023-11-15T19:54:49+00:00\",\"dateModified\":\"2026-04-01T11:22:26+00:00\",\"breadcrumb\":{\"@id\":\"https:\/\/termotom.com\/hr\/alu-kompozitni-panel-3-mm-srebrno-bijeli-mat\/#breadcrumb\"},\"inLanguage\":\"hr\",\"potentialAction\":[{\"@type\":\"ReadAction\",\"target\":[\"https:\/\/termotom.com\/hr\/alu-kompozitni-panel-3-mm-srebrno-bijeli-mat\/\"]}]},{\"@type\":\"ImageObject\",\"inLanguage\":\"hr\",\"@id\":\"https:\/\/termotom.com\/hr\/alu-kompozitni-panel-3-mm-srebrno-bijeli-mat\/#primaryimage\",\"url\":\"https:\/\/termotom.com\/wp-content\/uploads\/SREBRNAMAT_BELAMAT-scaled.jpg\",\"contentUrl\":\"https:\/\/termotom.com\/wp-content\/uploads\/SREBRNAMAT_BELAMAT-scaled.jpg\",\"width\":2560,\"height\":2560},{\"@type\":\"BreadcrumbList\",\"@id\":\"https:\/\/termotom.com\/hr\/alu-kompozitni-panel-3-mm-srebrno-bijeli-mat\/#breadcrumb\",\"itemListElement\":[{\"@type\":\"ListItem\",\"position\":1,\"name\":\"Home\",\"item\":\"https:\/\/termotom.com\/hr\/\"},{\"@type\":\"ListItem\",\"position\":2,\"name\":\"Trgovina\",\"item\":\"https:\/\/termotom.com\/hr\/trgovina\/\"},{\"@type\":\"ListItem\",\"position\":3,\"name\":\"ALU kompozitni panel, 3 mm, srebrno\/bijeli mat\"}]},{\"@type\":\"WebSite\",\"@id\":\"https:\/\/termotom.com\/hr\/#website\",\"url\":\"https:\/\/termotom.com\/hr\/\",\"name\":\"Trgovina Termotom\",\"description\":\"Spletna trgovina\",\"publisher\":{\"@id\":\"https:\/\/termotom.com\/hr\/#organization\"},\"potentialAction\":[{\"@type\":\"SearchAction\",\"target\":{\"@type\":\"EntryPoint\",\"urlTemplate\":\"https:\/\/termotom.com\/hr\/?s={search_term_string}\"},\"query-input\":{\"@type\":\"PropertyValueSpecification\",\"valueRequired\":true,\"valueName\":\"search_term_string\"}}],\"inLanguage\":\"hr\"},{\"@type\":\"Organization\",\"@id\":\"https:\/\/termotom.com\/hr\/#organization\",\"name\":\"Trgovina Termotom\",\"url\":\"https:\/\/termotom.com\/hr\/\",\"logo\":{\"@type\":\"ImageObject\",\"inLanguage\":\"hr\",\"@id\":\"https:\/\/termotom.com\/hr\/#\/schema\/logo\/image\/\",\"url\":\"https:\/\/termotom.com\/wp-content\/uploads\/logo.png\",\"contentUrl\":\"https:\/\/termotom.com\/wp-content\/uploads\/logo.png\",\"width\":400,\"height\":60,\"caption\":\"Trgovina Termotom\"},\"image\":{\"@id\":\"https:\/\/termotom.com\/hr\/#\/schema\/logo\/image\/\"}}]}<\/script>\n<!-- \/ Yoast SEO plugin. -->","yoast_head_json":{"title":"ALU kompozitni panel, 3 mm, srebrno\/bijeli mat - Trgovina Termotom","robots":{"index":"index","follow":"follow","max-snippet":"max-snippet:-1","max-image-preview":"max-image-preview:large","max-video-preview":"max-video-preview:-1"},"canonical":"https:\/\/termotom.com\/hr\/alu-kompozitni-panel-3-mm-srebrno-bijeli-mat\/","og_locale":"hr_HR","og_type":"article","og_title":"ALU kompozitni panel, 3 mm, srebrno\/bijeli mat - Trgovina Termotom","og_description":"Aluminijski kompozitni panel, debljine 3 mm. Jedna strana je mat srebrena (RAL 9006), a druga mat bijela (RAL 9003).","og_url":"https:\/\/termotom.com\/hr\/alu-kompozitni-panel-3-mm-srebrno-bijeli-mat\/","og_site_name":"Trgovina Termotom","article_modified_time":"2026-04-01T11:22:26+00:00","og_image":[{"width":2560,"height":2560,"url":"https:\/\/termotom.com\/wp-content\/uploads\/SREBRNAMAT_BELAMAT-scaled.jpg","type":"image\/jpeg"}],"twitter_card":"summary_large_image","schema":{"@context":"https:\/\/schema.org","@graph":[{"@type":"WebPage","@id":"https:\/\/termotom.com\/hr\/alu-kompozitni-panel-3-mm-srebrno-bijeli-mat\/","url":"https:\/\/termotom.com\/hr\/alu-kompozitni-panel-3-mm-srebrno-bijeli-mat\/","name":"ALU kompozitni panel, 3 mm, srebrno\/bijeli mat - Trgovina Termotom","isPartOf":{"@id":"https:\/\/termotom.com\/hr\/#website"},"primaryImageOfPage":{"@id":"https:\/\/termotom.com\/hr\/alu-kompozitni-panel-3-mm-srebrno-bijeli-mat\/#primaryimage"},"image":{"@id":"https:\/\/termotom.com\/hr\/alu-kompozitni-panel-3-mm-srebrno-bijeli-mat\/#primaryimage"},"thumbnailUrl":"https:\/\/termotom.com\/wp-content\/uploads\/SREBRNAMAT_BELAMAT-scaled.jpg","datePublished":"2023-11-15T19:54:49+00:00","dateModified":"2026-04-01T11:22:26+00:00","breadcrumb":{"@id":"https:\/\/termotom.com\/hr\/alu-kompozitni-panel-3-mm-srebrno-bijeli-mat\/#breadcrumb"},"inLanguage":"hr","potentialAction":[{"@type":"ReadAction","target":["https:\/\/termotom.com\/hr\/alu-kompozitni-panel-3-mm-srebrno-bijeli-mat\/"]}]},{"@type":"ImageObject","inLanguage":"hr","@id":"https:\/\/termotom.com\/hr\/alu-kompozitni-panel-3-mm-srebrno-bijeli-mat\/#primaryimage","url":"https:\/\/termotom.com\/wp-content\/uploads\/SREBRNAMAT_BELAMAT-scaled.jpg","contentUrl":"https:\/\/termotom.com\/wp-content\/uploads\/SREBRNAMAT_BELAMAT-scaled.jpg","width":2560,"height":2560},{"@type":"BreadcrumbList","@id":"https:\/\/termotom.com\/hr\/alu-kompozitni-panel-3-mm-srebrno-bijeli-mat\/#breadcrumb","itemListElement":[{"@type":"ListItem","position":1,"name":"Home","item":"https:\/\/termotom.com\/hr\/"},{"@type":"ListItem","position":2,"name":"Trgovina","item":"https:\/\/termotom.com\/hr\/trgovina\/"},{"@type":"ListItem","position":3,"name":"ALU kompozitni panel, 3 mm, srebrno\/bijeli mat"}]},{"@type":"WebSite","@id":"https:\/\/termotom.com\/hr\/#website","url":"https:\/\/termotom.com\/hr\/","name":"Trgovina Termotom","description":"Spletna trgovina","publisher":{"@id":"https:\/\/termotom.com\/hr\/#organization"},"potentialAction":[{"@type":"SearchAction","target":{"@type":"EntryPoint","urlTemplate":"https:\/\/termotom.com\/hr\/?s={search_term_string}"},"query-input":{"@type":"PropertyValueSpecification","valueRequired":true,"valueName":"search_term_string"}}],"inLanguage":"hr"},{"@type":"Organization","@id":"https:\/\/termotom.com\/hr\/#organization","name":"Trgovina Termotom","url":"https:\/\/termotom.com\/hr\/","logo":{"@type":"ImageObject","inLanguage":"hr","@id":"https:\/\/termotom.com\/hr\/#\/schema\/logo\/image\/","url":"https:\/\/termotom.com\/wp-content\/uploads\/logo.png","contentUrl":"https:\/\/termotom.com\/wp-content\/uploads\/logo.png","width":400,"height":60,"caption":"Trgovina Termotom"},"image":{"@id":"https:\/\/termotom.com\/hr\/#\/schema\/logo\/image\/"}}]}},"_links":{"self":[{"href":"https:\/\/termotom.com\/hr\/wp-json\/wp\/v2\/product\/33080","targetHints":{"allow":["GET"]}}],"collection":[{"href":"https:\/\/termotom.com\/hr\/wp-json\/wp\/v2\/product"}],"about":[{"href":"https:\/\/termotom.com\/hr\/wp-json\/wp\/v2\/types\/product"}],"replies":[{"embeddable":true,"href":"https:\/\/termotom.com\/hr\/wp-json\/wp\/v2\/comments?post=33080"}],"wp:featuredmedia":[{"embeddable":true,"href":"https:\/\/termotom.com\/hr\/wp-json\/wp\/v2\/media\/24950"}],"wp:attachment":[{"href":"https:\/\/termotom.com\/hr\/wp-json\/wp\/v2\/media?parent=33080"}],"wp:term":[{"taxonomy":"product_brand","embeddable":true,"href":"https:\/\/termotom.com\/hr\/wp-json\/wp\/v2\/product_brand?post=33080"},{"taxonomy":"product_cat","embeddable":true,"href":"https:\/\/termotom.com\/hr\/wp-json\/wp\/v2\/product_cat?post=33080"},{"taxonomy":"product_tag","embeddable":true,"href":"https:\/\/termotom.com\/hr\/wp-json\/wp\/v2\/product_tag?post=33080"}],"curies":[{"name":"wp","href":"https:\/\/api.w.org\/{rel}","templated":true}]}}