{"id":34130,"date":"2023-11-15T19:51:49","date_gmt":"2023-11-15T19:51:49","guid":{"rendered":"https:\/\/termotom.com\/polikarbonatno-steklo-1-mm-brez-uv-prozorna\/"},"modified":"2026-04-01T11:31:08","modified_gmt":"2026-04-01T11:31:08","slug":"polikarbonatno-staklo-1-mm-bez-uv-zraka-prozirno","status":"publish","type":"product","link":"https:\/\/termotom.com\/hr\/polikarbonatno-staklo-1-mm-bez-uv-zraka-prozirno\/","title":{"rendered":"Polikarbonatno staklo, 1 mm, bez UV zraka, prozirno"},"content":{"rendered":"<p>Polikarbonatno staklo je prozirno, debljine 1 mm i ne pru\u017ea UV za\u0161titu. Glavna prednost ovog materijala je njegova neuni\u0161tivost i mala te\u017eina. Te\u017eina mu je upola manja od obi\u010dnog stakla. Jednostavno je za obradu i mo\u017ee se savijati, bu\u0161iti, rezati i toplinski obra\u0111ivati. Polikarbonatno staklo je opti\u010dki vrlo \u010dist materijal.<\/p>\n","protected":false},"excerpt":{"rendered":"<p>Polikarbonatno prozirno staklo debljine 1 mm bez UV za\u0161tite. Dimenzije plo\u010de 1250 x 2050 mm.<\/p>\n","protected":false},"featured_media":24364,"comment_status":"open","ping_status":"closed","template":"","meta":{"_acf_changed":false},"product_brand":[],"product_cat":[1654,1738,1986],"product_tag":[],"class_list":{"0":"post-34130","1":"product","2":"type-product","3":"status-publish","4":"has-post-thumbnail","6":"product_cat-polikarbonatne-ploce","7":"product_cat-polikarbonatno-staklo","8":"product_cat-posebne-ploce","9":"product_shipping_class-visoka-dostava","10":"pa_debelina-1-mm","12":"first","13":"instock","14":"taxable","15":"shipping-taxable","16":"purchasable","17":"product-type-simple"},"acf":[],"yoast_head":"<!-- This site is optimized with the Yoast SEO plugin v27.0 - https:\/\/yoast.com\/product\/yoast-seo-wordpress\/ -->\n<title>Polikarbonatno staklo, 1 mm, bez UV zraka, prozirno - Trgovina Termotom<\/title>\n<meta name=\"robots\" content=\"index, follow, max-snippet:-1, max-image-preview:large, max-video-preview:-1\" \/>\n<link rel=\"canonical\" href=\"https:\/\/termotom.com\/hr\/polikarbonatno-staklo-1-mm-bez-uv-zraka-prozirno\/\" \/>\n<meta property=\"og:locale\" content=\"hr_HR\" \/>\n<meta property=\"og:type\" content=\"article\" \/>\n<meta property=\"og:title\" content=\"Polikarbonatno staklo, 1 mm, bez UV zraka, prozirno - Trgovina Termotom\" \/>\n<meta property=\"og:description\" content=\"Polikarbonatno prozirno staklo debljine 1 mm bez UV za\u0161tite. Dimenzije plo\u010de 1250 x 2050 mm.\" \/>\n<meta property=\"og:url\" content=\"https:\/\/termotom.com\/hr\/polikarbonatno-staklo-1-mm-bez-uv-zraka-prozirno\/\" \/>\n<meta property=\"og:site_name\" content=\"Trgovina Termotom\" \/>\n<meta property=\"article:modified_time\" content=\"2026-04-01T11:31:08+00:00\" \/>\n<meta property=\"og:image\" content=\"https:\/\/termotom.com\/wp-content\/uploads\/PC_PROZORNA_1mm-4mm-scaled.jpg\" \/>\n\t<meta property=\"og:image:width\" content=\"2560\" \/>\n\t<meta property=\"og:image:height\" content=\"2560\" \/>\n\t<meta property=\"og:image:type\" content=\"image\/jpeg\" \/>\n<meta name=\"twitter:card\" content=\"summary_large_image\" \/>\n<meta name=\"twitter:label1\" content=\"Procijenjeno vrijeme \u010ditanja\" \/>\n\t<meta name=\"twitter:data1\" content=\"1 minuta\" \/>\n<script type=\"application\/ld+json\" class=\"yoast-schema-graph\">{\"@context\":\"https:\/\/schema.org\",\"@graph\":[{\"@type\":\"WebPage\",\"@id\":\"https:\/\/termotom.com\/hr\/polikarbonatno-staklo-1-mm-bez-uv-zraka-prozirno\/\",\"url\":\"https:\/\/termotom.com\/hr\/polikarbonatno-staklo-1-mm-bez-uv-zraka-prozirno\/\",\"name\":\"Polikarbonatno staklo, 1 mm, bez UV zraka, prozirno - Trgovina Termotom\",\"isPartOf\":{\"@id\":\"https:\/\/termotom.com\/hr\/#website\"},\"primaryImageOfPage\":{\"@id\":\"https:\/\/termotom.com\/hr\/polikarbonatno-staklo-1-mm-bez-uv-zraka-prozirno\/#primaryimage\"},\"image\":{\"@id\":\"https:\/\/termotom.com\/hr\/polikarbonatno-staklo-1-mm-bez-uv-zraka-prozirno\/#primaryimage\"},\"thumbnailUrl\":\"https:\/\/termotom.com\/wp-content\/uploads\/PC_PROZORNA_1mm-4mm-scaled.jpg\",\"datePublished\":\"2023-11-15T19:51:49+00:00\",\"dateModified\":\"2026-04-01T11:31:08+00:00\",\"breadcrumb\":{\"@id\":\"https:\/\/termotom.com\/hr\/polikarbonatno-staklo-1-mm-bez-uv-zraka-prozirno\/#breadcrumb\"},\"inLanguage\":\"hr\",\"potentialAction\":[{\"@type\":\"ReadAction\",\"target\":[\"https:\/\/termotom.com\/hr\/polikarbonatno-staklo-1-mm-bez-uv-zraka-prozirno\/\"]}]},{\"@type\":\"ImageObject\",\"inLanguage\":\"hr\",\"@id\":\"https:\/\/termotom.com\/hr\/polikarbonatno-staklo-1-mm-bez-uv-zraka-prozirno\/#primaryimage\",\"url\":\"https:\/\/termotom.com\/wp-content\/uploads\/PC_PROZORNA_1mm-4mm-scaled.jpg\",\"contentUrl\":\"https:\/\/termotom.com\/wp-content\/uploads\/PC_PROZORNA_1mm-4mm-scaled.jpg\",\"width\":2560,\"height\":2560},{\"@type\":\"BreadcrumbList\",\"@id\":\"https:\/\/termotom.com\/hr\/polikarbonatno-staklo-1-mm-bez-uv-zraka-prozirno\/#breadcrumb\",\"itemListElement\":[{\"@type\":\"ListItem\",\"position\":1,\"name\":\"Home\",\"item\":\"https:\/\/termotom.com\/hr\/\"},{\"@type\":\"ListItem\",\"position\":2,\"name\":\"Trgovina\",\"item\":\"https:\/\/termotom.com\/hr\/trgovina\/\"},{\"@type\":\"ListItem\",\"position\":3,\"name\":\"Polikarbonatno staklo, 1 mm, bez UV zraka, prozirno\"}]},{\"@type\":\"WebSite\",\"@id\":\"https:\/\/termotom.com\/hr\/#website\",\"url\":\"https:\/\/termotom.com\/hr\/\",\"name\":\"Trgovina Termotom\",\"description\":\"Spletna trgovina\",\"publisher\":{\"@id\":\"https:\/\/termotom.com\/hr\/#organization\"},\"potentialAction\":[{\"@type\":\"SearchAction\",\"target\":{\"@type\":\"EntryPoint\",\"urlTemplate\":\"https:\/\/termotom.com\/hr\/?s={search_term_string}\"},\"query-input\":{\"@type\":\"PropertyValueSpecification\",\"valueRequired\":true,\"valueName\":\"search_term_string\"}}],\"inLanguage\":\"hr\"},{\"@type\":\"Organization\",\"@id\":\"https:\/\/termotom.com\/hr\/#organization\",\"name\":\"Trgovina Termotom\",\"url\":\"https:\/\/termotom.com\/hr\/\",\"logo\":{\"@type\":\"ImageObject\",\"inLanguage\":\"hr\",\"@id\":\"https:\/\/termotom.com\/hr\/#\/schema\/logo\/image\/\",\"url\":\"https:\/\/termotom.com\/wp-content\/uploads\/logo.png\",\"contentUrl\":\"https:\/\/termotom.com\/wp-content\/uploads\/logo.png\",\"width\":400,\"height\":60,\"caption\":\"Trgovina Termotom\"},\"image\":{\"@id\":\"https:\/\/termotom.com\/hr\/#\/schema\/logo\/image\/\"}}]}<\/script>\n<!-- \/ Yoast SEO plugin. -->","yoast_head_json":{"title":"Polikarbonatno staklo, 1 mm, bez UV zraka, prozirno - Trgovina Termotom","robots":{"index":"index","follow":"follow","max-snippet":"max-snippet:-1","max-image-preview":"max-image-preview:large","max-video-preview":"max-video-preview:-1"},"canonical":"https:\/\/termotom.com\/hr\/polikarbonatno-staklo-1-mm-bez-uv-zraka-prozirno\/","og_locale":"hr_HR","og_type":"article","og_title":"Polikarbonatno staklo, 1 mm, bez UV zraka, prozirno - Trgovina Termotom","og_description":"Polikarbonatno prozirno staklo debljine 1 mm bez UV za\u0161tite. Dimenzije plo\u010de 1250 x 2050 mm.","og_url":"https:\/\/termotom.com\/hr\/polikarbonatno-staklo-1-mm-bez-uv-zraka-prozirno\/","og_site_name":"Trgovina Termotom","article_modified_time":"2026-04-01T11:31:08+00:00","og_image":[{"width":2560,"height":2560,"url":"https:\/\/termotom.com\/wp-content\/uploads\/PC_PROZORNA_1mm-4mm-scaled.jpg","type":"image\/jpeg"}],"twitter_card":"summary_large_image","twitter_misc":{"Procijenjeno vrijeme \u010ditanja":"1 minuta"},"schema":{"@context":"https:\/\/schema.org","@graph":[{"@type":"WebPage","@id":"https:\/\/termotom.com\/hr\/polikarbonatno-staklo-1-mm-bez-uv-zraka-prozirno\/","url":"https:\/\/termotom.com\/hr\/polikarbonatno-staklo-1-mm-bez-uv-zraka-prozirno\/","name":"Polikarbonatno staklo, 1 mm, bez UV zraka, prozirno - Trgovina Termotom","isPartOf":{"@id":"https:\/\/termotom.com\/hr\/#website"},"primaryImageOfPage":{"@id":"https:\/\/termotom.com\/hr\/polikarbonatno-staklo-1-mm-bez-uv-zraka-prozirno\/#primaryimage"},"image":{"@id":"https:\/\/termotom.com\/hr\/polikarbonatno-staklo-1-mm-bez-uv-zraka-prozirno\/#primaryimage"},"thumbnailUrl":"https:\/\/termotom.com\/wp-content\/uploads\/PC_PROZORNA_1mm-4mm-scaled.jpg","datePublished":"2023-11-15T19:51:49+00:00","dateModified":"2026-04-01T11:31:08+00:00","breadcrumb":{"@id":"https:\/\/termotom.com\/hr\/polikarbonatno-staklo-1-mm-bez-uv-zraka-prozirno\/#breadcrumb"},"inLanguage":"hr","potentialAction":[{"@type":"ReadAction","target":["https:\/\/termotom.com\/hr\/polikarbonatno-staklo-1-mm-bez-uv-zraka-prozirno\/"]}]},{"@type":"ImageObject","inLanguage":"hr","@id":"https:\/\/termotom.com\/hr\/polikarbonatno-staklo-1-mm-bez-uv-zraka-prozirno\/#primaryimage","url":"https:\/\/termotom.com\/wp-content\/uploads\/PC_PROZORNA_1mm-4mm-scaled.jpg","contentUrl":"https:\/\/termotom.com\/wp-content\/uploads\/PC_PROZORNA_1mm-4mm-scaled.jpg","width":2560,"height":2560},{"@type":"BreadcrumbList","@id":"https:\/\/termotom.com\/hr\/polikarbonatno-staklo-1-mm-bez-uv-zraka-prozirno\/#breadcrumb","itemListElement":[{"@type":"ListItem","position":1,"name":"Home","item":"https:\/\/termotom.com\/hr\/"},{"@type":"ListItem","position":2,"name":"Trgovina","item":"https:\/\/termotom.com\/hr\/trgovina\/"},{"@type":"ListItem","position":3,"name":"Polikarbonatno staklo, 1 mm, bez UV zraka, prozirno"}]},{"@type":"WebSite","@id":"https:\/\/termotom.com\/hr\/#website","url":"https:\/\/termotom.com\/hr\/","name":"Trgovina Termotom","description":"Spletna trgovina","publisher":{"@id":"https:\/\/termotom.com\/hr\/#organization"},"potentialAction":[{"@type":"SearchAction","target":{"@type":"EntryPoint","urlTemplate":"https:\/\/termotom.com\/hr\/?s={search_term_string}"},"query-input":{"@type":"PropertyValueSpecification","valueRequired":true,"valueName":"search_term_string"}}],"inLanguage":"hr"},{"@type":"Organization","@id":"https:\/\/termotom.com\/hr\/#organization","name":"Trgovina Termotom","url":"https:\/\/termotom.com\/hr\/","logo":{"@type":"ImageObject","inLanguage":"hr","@id":"https:\/\/termotom.com\/hr\/#\/schema\/logo\/image\/","url":"https:\/\/termotom.com\/wp-content\/uploads\/logo.png","contentUrl":"https:\/\/termotom.com\/wp-content\/uploads\/logo.png","width":400,"height":60,"caption":"Trgovina Termotom"},"image":{"@id":"https:\/\/termotom.com\/hr\/#\/schema\/logo\/image\/"}}]}},"_links":{"self":[{"href":"https:\/\/termotom.com\/hr\/wp-json\/wp\/v2\/product\/34130","targetHints":{"allow":["GET"]}}],"collection":[{"href":"https:\/\/termotom.com\/hr\/wp-json\/wp\/v2\/product"}],"about":[{"href":"https:\/\/termotom.com\/hr\/wp-json\/wp\/v2\/types\/product"}],"replies":[{"embeddable":true,"href":"https:\/\/termotom.com\/hr\/wp-json\/wp\/v2\/comments?post=34130"}],"wp:featuredmedia":[{"embeddable":true,"href":"https:\/\/termotom.com\/hr\/wp-json\/wp\/v2\/media\/24364"}],"wp:attachment":[{"href":"https:\/\/termotom.com\/hr\/wp-json\/wp\/v2\/media?parent=34130"}],"wp:term":[{"taxonomy":"product_brand","embeddable":true,"href":"https:\/\/termotom.com\/hr\/wp-json\/wp\/v2\/product_brand?post=34130"},{"taxonomy":"product_cat","embeddable":true,"href":"https:\/\/termotom.com\/hr\/wp-json\/wp\/v2\/product_cat?post=34130"},{"taxonomy":"product_tag","embeddable":true,"href":"https:\/\/termotom.com\/hr\/wp-json\/wp\/v2\/product_tag?post=34130"}],"curies":[{"name":"wp","href":"https:\/\/api.w.org\/{rel}","templated":true}]}}