{"id":35771,"date":"2023-11-15T18:51:19","date_gmt":"2023-11-15T18:51:19","guid":{"rendered":"https:\/\/termotom.com\/aluminijast-odkapni-profil-za-debelino-plosce-6-mm\/"},"modified":"2026-04-01T11:44:54","modified_gmt":"2026-04-01T11:44:54","slug":"aluminijski-profil-za-kapanje-za-panele-debljine-6-mm","status":"publish","type":"product","link":"https:\/\/termotom.com\/hr\/aluminijski-profil-za-kapanje-za-panele-debljine-6-mm\/","title":{"rendered":"Aluminijski profil za kapanje za panele debljine 6 mm"},"content":{"rendered":"<p>Aluminijski profil za kapanje dizajniran je za zavr\u0161nu obradu polikarbonatnih plo\u010da. Glavna funkcija rubnog profila za kapanje je omogu\u0107iti otjecanje ki\u0161nice s nadstre\u0161nice u oluk. Profil za kapanje sprje\u010dava da ki\u0161nica klizi niz plo\u010du i ponovno se skuplja du\u017e njezine donje strane. Poseban odvodni kanal osigurava odvod vlage iz stanica. Kod Lexanovih stani\u010dnih krovnih plo\u010da otvorene stanice plo\u010de potrebno je zalijepiti trakom za pra\u0161inu prije postavljanja kapnice.<\/p>\n","protected":false},"excerpt":{"rendered":"<p>Aluminijski profil za kapanje za zavr\u0161nu obradu polikarbonatnih plo\u010da s odvodnjom oborinske vode s nadstre\u0161nice u oluk.<\/p>\n","protected":false},"featured_media":35772,"comment_status":"open","ping_status":"closed","template":"","meta":{"_acf_changed":false},"product_brand":[],"product_cat":[1795,1796],"product_tag":[],"class_list":{"0":"post-35771","1":"product","2":"type-product","3":"status-publish","4":"has-post-thumbnail","6":"product_cat-materijali-za-pricvrscivanje-krova","7":"product_cat-aluminijski-profili","8":"pa_barva-srebrna","9":"pa_dolzina-2100-mm","10":"pa_dolzina-4250-mm","11":"pa_dolzina-6350-mm","13":"first","14":"instock","15":"taxable","16":"shipping-taxable","17":"purchasable","18":"product-type-variable"},"acf":[],"yoast_head":"<!-- This site is optimized with the Yoast SEO plugin v27.0 - https:\/\/yoast.com\/product\/yoast-seo-wordpress\/ -->\n<title>Aluminijski profil za kapanje za panele debljine 6 mm - Trgovina Termotom<\/title>\n<meta name=\"robots\" content=\"index, follow, max-snippet:-1, max-image-preview:large, max-video-preview:-1\" \/>\n<link rel=\"canonical\" href=\"https:\/\/termotom.com\/hr\/aluminijski-profil-za-kapanje-za-panele-debljine-6-mm\/\" \/>\n<meta property=\"og:locale\" content=\"hr_HR\" \/>\n<meta property=\"og:type\" content=\"article\" \/>\n<meta property=\"og:title\" content=\"Aluminijski profil za kapanje za panele debljine 6 mm - Trgovina Termotom\" \/>\n<meta property=\"og:description\" content=\"Aluminijski profil za kapanje za zavr\u0161nu obradu polikarbonatnih plo\u010da s odvodnjom oborinske vode s nadstre\u0161nice u oluk.\" \/>\n<meta property=\"og:url\" content=\"https:\/\/termotom.com\/hr\/aluminijski-profil-za-kapanje-za-panele-debljine-6-mm\/\" \/>\n<meta property=\"og:site_name\" content=\"Trgovina Termotom\" \/>\n<meta property=\"article:modified_time\" content=\"2026-04-01T11:44:54+00:00\" \/>\n<meta property=\"og:image\" content=\"https:\/\/termotom.com\/wp-content\/uploads\/ODKAPNIK_6MM.jpg\" \/>\n\t<meta property=\"og:image:width\" content=\"2054\" \/>\n\t<meta property=\"og:image:height\" content=\"1114\" \/>\n\t<meta property=\"og:image:type\" content=\"image\/jpeg\" \/>\n<meta name=\"twitter:card\" content=\"summary_large_image\" \/>\n<script type=\"application\/ld+json\" class=\"yoast-schema-graph\">{\"@context\":\"https:\/\/schema.org\",\"@graph\":[{\"@type\":\"WebPage\",\"@id\":\"https:\/\/termotom.com\/hr\/aluminijski-profil-za-kapanje-za-panele-debljine-6-mm\/\",\"url\":\"https:\/\/termotom.com\/hr\/aluminijski-profil-za-kapanje-za-panele-debljine-6-mm\/\",\"name\":\"Aluminijski profil za kapanje za panele debljine 6 mm - Trgovina Termotom\",\"isPartOf\":{\"@id\":\"https:\/\/termotom.com\/hr\/#website\"},\"primaryImageOfPage\":{\"@id\":\"https:\/\/termotom.com\/hr\/aluminijski-profil-za-kapanje-za-panele-debljine-6-mm\/#primaryimage\"},\"image\":{\"@id\":\"https:\/\/termotom.com\/hr\/aluminijski-profil-za-kapanje-za-panele-debljine-6-mm\/#primaryimage\"},\"thumbnailUrl\":\"https:\/\/termotom.com\/wp-content\/uploads\/ODKAPNIK_6MM.jpg\",\"datePublished\":\"2023-11-15T18:51:19+00:00\",\"dateModified\":\"2026-04-01T11:44:54+00:00\",\"breadcrumb\":{\"@id\":\"https:\/\/termotom.com\/hr\/aluminijski-profil-za-kapanje-za-panele-debljine-6-mm\/#breadcrumb\"},\"inLanguage\":\"hr\",\"potentialAction\":[{\"@type\":\"ReadAction\",\"target\":[\"https:\/\/termotom.com\/hr\/aluminijski-profil-za-kapanje-za-panele-debljine-6-mm\/\"]}]},{\"@type\":\"ImageObject\",\"inLanguage\":\"hr\",\"@id\":\"https:\/\/termotom.com\/hr\/aluminijski-profil-za-kapanje-za-panele-debljine-6-mm\/#primaryimage\",\"url\":\"https:\/\/termotom.com\/wp-content\/uploads\/ODKAPNIK_6MM.jpg\",\"contentUrl\":\"https:\/\/termotom.com\/wp-content\/uploads\/ODKAPNIK_6MM.jpg\",\"width\":2054,\"height\":1114},{\"@type\":\"BreadcrumbList\",\"@id\":\"https:\/\/termotom.com\/hr\/aluminijski-profil-za-kapanje-za-panele-debljine-6-mm\/#breadcrumb\",\"itemListElement\":[{\"@type\":\"ListItem\",\"position\":1,\"name\":\"Home\",\"item\":\"https:\/\/termotom.com\/hr\/\"},{\"@type\":\"ListItem\",\"position\":2,\"name\":\"Trgovina\",\"item\":\"https:\/\/termotom.com\/hr\/trgovina\/\"},{\"@type\":\"ListItem\",\"position\":3,\"name\":\"Aluminijski profil za kapanje za panele debljine 6 mm\"}]},{\"@type\":\"WebSite\",\"@id\":\"https:\/\/termotom.com\/hr\/#website\",\"url\":\"https:\/\/termotom.com\/hr\/\",\"name\":\"Trgovina Termotom\",\"description\":\"Spletna trgovina\",\"publisher\":{\"@id\":\"https:\/\/termotom.com\/hr\/#organization\"},\"potentialAction\":[{\"@type\":\"SearchAction\",\"target\":{\"@type\":\"EntryPoint\",\"urlTemplate\":\"https:\/\/termotom.com\/hr\/?s={search_term_string}\"},\"query-input\":{\"@type\":\"PropertyValueSpecification\",\"valueRequired\":true,\"valueName\":\"search_term_string\"}}],\"inLanguage\":\"hr\"},{\"@type\":\"Organization\",\"@id\":\"https:\/\/termotom.com\/hr\/#organization\",\"name\":\"Trgovina Termotom\",\"url\":\"https:\/\/termotom.com\/hr\/\",\"logo\":{\"@type\":\"ImageObject\",\"inLanguage\":\"hr\",\"@id\":\"https:\/\/termotom.com\/hr\/#\/schema\/logo\/image\/\",\"url\":\"https:\/\/termotom.com\/wp-content\/uploads\/logo.png\",\"contentUrl\":\"https:\/\/termotom.com\/wp-content\/uploads\/logo.png\",\"width\":400,\"height\":60,\"caption\":\"Trgovina Termotom\"},\"image\":{\"@id\":\"https:\/\/termotom.com\/hr\/#\/schema\/logo\/image\/\"}}]}<\/script>\n<!-- \/ Yoast SEO plugin. -->","yoast_head_json":{"title":"Aluminijski profil za kapanje za panele debljine 6 mm - Trgovina Termotom","robots":{"index":"index","follow":"follow","max-snippet":"max-snippet:-1","max-image-preview":"max-image-preview:large","max-video-preview":"max-video-preview:-1"},"canonical":"https:\/\/termotom.com\/hr\/aluminijski-profil-za-kapanje-za-panele-debljine-6-mm\/","og_locale":"hr_HR","og_type":"article","og_title":"Aluminijski profil za kapanje za panele debljine 6 mm - Trgovina Termotom","og_description":"Aluminijski profil za kapanje za zavr\u0161nu obradu polikarbonatnih plo\u010da s odvodnjom oborinske vode s nadstre\u0161nice u oluk.","og_url":"https:\/\/termotom.com\/hr\/aluminijski-profil-za-kapanje-za-panele-debljine-6-mm\/","og_site_name":"Trgovina Termotom","article_modified_time":"2026-04-01T11:44:54+00:00","og_image":[{"width":2054,"height":1114,"url":"https:\/\/termotom.com\/wp-content\/uploads\/ODKAPNIK_6MM.jpg","type":"image\/jpeg"}],"twitter_card":"summary_large_image","schema":{"@context":"https:\/\/schema.org","@graph":[{"@type":"WebPage","@id":"https:\/\/termotom.com\/hr\/aluminijski-profil-za-kapanje-za-panele-debljine-6-mm\/","url":"https:\/\/termotom.com\/hr\/aluminijski-profil-za-kapanje-za-panele-debljine-6-mm\/","name":"Aluminijski profil za kapanje za panele debljine 6 mm - Trgovina Termotom","isPartOf":{"@id":"https:\/\/termotom.com\/hr\/#website"},"primaryImageOfPage":{"@id":"https:\/\/termotom.com\/hr\/aluminijski-profil-za-kapanje-za-panele-debljine-6-mm\/#primaryimage"},"image":{"@id":"https:\/\/termotom.com\/hr\/aluminijski-profil-za-kapanje-za-panele-debljine-6-mm\/#primaryimage"},"thumbnailUrl":"https:\/\/termotom.com\/wp-content\/uploads\/ODKAPNIK_6MM.jpg","datePublished":"2023-11-15T18:51:19+00:00","dateModified":"2026-04-01T11:44:54+00:00","breadcrumb":{"@id":"https:\/\/termotom.com\/hr\/aluminijski-profil-za-kapanje-za-panele-debljine-6-mm\/#breadcrumb"},"inLanguage":"hr","potentialAction":[{"@type":"ReadAction","target":["https:\/\/termotom.com\/hr\/aluminijski-profil-za-kapanje-za-panele-debljine-6-mm\/"]}]},{"@type":"ImageObject","inLanguage":"hr","@id":"https:\/\/termotom.com\/hr\/aluminijski-profil-za-kapanje-za-panele-debljine-6-mm\/#primaryimage","url":"https:\/\/termotom.com\/wp-content\/uploads\/ODKAPNIK_6MM.jpg","contentUrl":"https:\/\/termotom.com\/wp-content\/uploads\/ODKAPNIK_6MM.jpg","width":2054,"height":1114},{"@type":"BreadcrumbList","@id":"https:\/\/termotom.com\/hr\/aluminijski-profil-za-kapanje-za-panele-debljine-6-mm\/#breadcrumb","itemListElement":[{"@type":"ListItem","position":1,"name":"Home","item":"https:\/\/termotom.com\/hr\/"},{"@type":"ListItem","position":2,"name":"Trgovina","item":"https:\/\/termotom.com\/hr\/trgovina\/"},{"@type":"ListItem","position":3,"name":"Aluminijski profil za kapanje za panele debljine 6 mm"}]},{"@type":"WebSite","@id":"https:\/\/termotom.com\/hr\/#website","url":"https:\/\/termotom.com\/hr\/","name":"Trgovina Termotom","description":"Spletna trgovina","publisher":{"@id":"https:\/\/termotom.com\/hr\/#organization"},"potentialAction":[{"@type":"SearchAction","target":{"@type":"EntryPoint","urlTemplate":"https:\/\/termotom.com\/hr\/?s={search_term_string}"},"query-input":{"@type":"PropertyValueSpecification","valueRequired":true,"valueName":"search_term_string"}}],"inLanguage":"hr"},{"@type":"Organization","@id":"https:\/\/termotom.com\/hr\/#organization","name":"Trgovina Termotom","url":"https:\/\/termotom.com\/hr\/","logo":{"@type":"ImageObject","inLanguage":"hr","@id":"https:\/\/termotom.com\/hr\/#\/schema\/logo\/image\/","url":"https:\/\/termotom.com\/wp-content\/uploads\/logo.png","contentUrl":"https:\/\/termotom.com\/wp-content\/uploads\/logo.png","width":400,"height":60,"caption":"Trgovina Termotom"},"image":{"@id":"https:\/\/termotom.com\/hr\/#\/schema\/logo\/image\/"}}]}},"_links":{"self":[{"href":"https:\/\/termotom.com\/hr\/wp-json\/wp\/v2\/product\/35771","targetHints":{"allow":["GET"]}}],"collection":[{"href":"https:\/\/termotom.com\/hr\/wp-json\/wp\/v2\/product"}],"about":[{"href":"https:\/\/termotom.com\/hr\/wp-json\/wp\/v2\/types\/product"}],"replies":[{"embeddable":true,"href":"https:\/\/termotom.com\/hr\/wp-json\/wp\/v2\/comments?post=35771"}],"wp:featuredmedia":[{"embeddable":true,"href":"https:\/\/termotom.com\/hr\/wp-json\/wp\/v2\/media\/35772"}],"wp:attachment":[{"href":"https:\/\/termotom.com\/hr\/wp-json\/wp\/v2\/media?parent=35771"}],"wp:term":[{"taxonomy":"product_brand","embeddable":true,"href":"https:\/\/termotom.com\/hr\/wp-json\/wp\/v2\/product_brand?post=35771"},{"taxonomy":"product_cat","embeddable":true,"href":"https:\/\/termotom.com\/hr\/wp-json\/wp\/v2\/product_cat?post=35771"},{"taxonomy":"product_tag","embeddable":true,"href":"https:\/\/termotom.com\/hr\/wp-json\/wp\/v2\/product_tag?post=35771"}],"curies":[{"name":"wp","href":"https:\/\/api.w.org\/{rel}","templated":true}]}}