{"id":36569,"date":"2023-11-15T19:46:29","date_gmt":"2023-11-15T19:46:29","guid":{"rendered":"https:\/\/termotom.com\/pleksi-plosca-cn-12-mm-prozorna\/"},"modified":"2026-04-01T11:51:33","modified_gmt":"2026-04-01T11:51:33","slug":"cn-pleksiglas-ploca-12-mm-prozirna","status":"publish","type":"product","link":"https:\/\/termotom.com\/hr\/cn-pleksiglas-ploca-12-mm-prozirna\/","title":{"rendered":"CN pleksiglas plo\u010da, 12 mm, prozirna"},"content":{"rendered":"<p>Akril\/pleksiglas \u010desto se koristi kao zamjena za obi\u010dno staklo. Polovica je lak\u0161i i dvostruko \u010dvr\u0161\u0107i. Plo\u010dama su karakteristi\u010dne izvrsna propusnost svjetla, otpornost na UV zra\u010denje i jednostavna obrada. Akrilne plo\u010de razlikuju se ovisno o na\u010dinu proizvodnje. Oznaka XT ozna\u010dava ekstrudirane akrilne plo\u010de. U usporedbi s lijevanim plo\u010dama, one imaju manju toleranciju debljine, ali i ve\u0107a naprezanja u plo\u010di, \u0161to mo\u017ee uzrokovati sitne pukotine tijekom zahtjevnijih obrada. Naziv CN odnosi se na liveni pleksiglas. Liveno akrilno staklo otpornije je na kemikalije i otapala, manje je podlo\u017eno ogrebotinama, lak\u0161e se obra\u0111uje i izdr\u017eljivije je od ekstrudiranog akrilnog stakla.<\/p>\n","protected":false},"excerpt":{"rendered":"<p>Liveni pleksiglas list, debljine 12 mm, prozirne boje.<\/p>\n","protected":false},"featured_media":24465,"comment_status":"open","ping_status":"open","template":"","meta":{"_acf_changed":false},"product_brand":[],"product_cat":[1776,1870,1871],"product_tag":[],"class_list":{"0":"post-36569","1":"product","2":"type-product","3":"status-publish","4":"has-post-thumbnail","6":"product_cat-pleksiglas-ploce","7":"product_cat-proziran-2","8":"product_cat-lagan-cn-cast","9":"pa_barva-proziran-2","10":"pa_debelina-12mm","11":"pa_dimenzija-1000x1000-mm","12":"pa_dimenzija-2000x1000-mm","13":"pa_dimenzija-2000x1500-mm","14":"pa_dimenzija-2000x500-mm","15":"pa_dimenzija-2030x3050-mm","16":"pa_dimenzija-500x1000-mm","17":"pa_dimenzija-500x500-mm","18":"pa_struktura-jednoslojni","19":"pa_uv-zascita-u-materijalu","21":"first","22":"instock","23":"taxable","24":"shipping-taxable","25":"purchasable","26":"product-type-variable"},"acf":[],"yoast_head":"<!-- This site is optimized with the Yoast SEO plugin v27.0 - https:\/\/yoast.com\/product\/yoast-seo-wordpress\/ -->\n<title>CN pleksiglas plo\u010da, 12 mm, prozirna - Trgovina Termotom<\/title>\n<meta name=\"robots\" content=\"index, follow, max-snippet:-1, max-image-preview:large, max-video-preview:-1\" \/>\n<link rel=\"canonical\" href=\"https:\/\/termotom.com\/hr\/cn-pleksiglas-ploca-12-mm-prozirna\/\" \/>\n<meta property=\"og:locale\" content=\"hr_HR\" \/>\n<meta property=\"og:type\" content=\"article\" \/>\n<meta property=\"og:title\" content=\"CN pleksiglas plo\u010da, 12 mm, prozirna - Trgovina Termotom\" \/>\n<meta property=\"og:description\" content=\"Liveni pleksiglas list, debljine 12 mm, prozirne boje.\" \/>\n<meta property=\"og:url\" content=\"https:\/\/termotom.com\/hr\/cn-pleksiglas-ploca-12-mm-prozirna\/\" \/>\n<meta property=\"og:site_name\" content=\"Trgovina Termotom\" \/>\n<meta property=\"article:modified_time\" content=\"2026-04-01T11:51:33+00:00\" \/>\n<meta property=\"og:image\" content=\"https:\/\/termotom.com\/wp-content\/uploads\/12mm-15mm-scaled.jpg\" \/>\n\t<meta property=\"og:image:width\" content=\"2560\" \/>\n\t<meta property=\"og:image:height\" content=\"2560\" \/>\n\t<meta property=\"og:image:type\" content=\"image\/jpeg\" \/>\n<meta name=\"twitter:card\" content=\"summary_large_image\" \/>\n<meta name=\"twitter:label1\" content=\"Procijenjeno vrijeme \u010ditanja\" \/>\n\t<meta name=\"twitter:data1\" content=\"1 minuta\" \/>\n<script type=\"application\/ld+json\" class=\"yoast-schema-graph\">{\"@context\":\"https:\/\/schema.org\",\"@graph\":[{\"@type\":\"WebPage\",\"@id\":\"https:\/\/termotom.com\/hr\/cn-pleksiglas-ploca-12-mm-prozirna\/\",\"url\":\"https:\/\/termotom.com\/hr\/cn-pleksiglas-ploca-12-mm-prozirna\/\",\"name\":\"CN pleksiglas plo\u010da, 12 mm, prozirna - Trgovina Termotom\",\"isPartOf\":{\"@id\":\"https:\/\/termotom.com\/hr\/#website\"},\"primaryImageOfPage\":{\"@id\":\"https:\/\/termotom.com\/hr\/cn-pleksiglas-ploca-12-mm-prozirna\/#primaryimage\"},\"image\":{\"@id\":\"https:\/\/termotom.com\/hr\/cn-pleksiglas-ploca-12-mm-prozirna\/#primaryimage\"},\"thumbnailUrl\":\"https:\/\/termotom.com\/wp-content\/uploads\/12mm-15mm-scaled.jpg\",\"datePublished\":\"2023-11-15T19:46:29+00:00\",\"dateModified\":\"2026-04-01T11:51:33+00:00\",\"breadcrumb\":{\"@id\":\"https:\/\/termotom.com\/hr\/cn-pleksiglas-ploca-12-mm-prozirna\/#breadcrumb\"},\"inLanguage\":\"hr\",\"potentialAction\":[{\"@type\":\"ReadAction\",\"target\":[\"https:\/\/termotom.com\/hr\/cn-pleksiglas-ploca-12-mm-prozirna\/\"]}]},{\"@type\":\"ImageObject\",\"inLanguage\":\"hr\",\"@id\":\"https:\/\/termotom.com\/hr\/cn-pleksiglas-ploca-12-mm-prozirna\/#primaryimage\",\"url\":\"https:\/\/termotom.com\/wp-content\/uploads\/12mm-15mm-scaled.jpg\",\"contentUrl\":\"https:\/\/termotom.com\/wp-content\/uploads\/12mm-15mm-scaled.jpg\",\"width\":2560,\"height\":2560},{\"@type\":\"BreadcrumbList\",\"@id\":\"https:\/\/termotom.com\/hr\/cn-pleksiglas-ploca-12-mm-prozirna\/#breadcrumb\",\"itemListElement\":[{\"@type\":\"ListItem\",\"position\":1,\"name\":\"Home\",\"item\":\"https:\/\/termotom.com\/hr\/\"},{\"@type\":\"ListItem\",\"position\":2,\"name\":\"Trgovina\",\"item\":\"https:\/\/termotom.com\/hr\/trgovina\/\"},{\"@type\":\"ListItem\",\"position\":3,\"name\":\"CN pleksiglas plo\u010da, 12 mm, prozirna\"}]},{\"@type\":\"WebSite\",\"@id\":\"https:\/\/termotom.com\/hr\/#website\",\"url\":\"https:\/\/termotom.com\/hr\/\",\"name\":\"Trgovina Termotom\",\"description\":\"Spletna trgovina\",\"publisher\":{\"@id\":\"https:\/\/termotom.com\/hr\/#organization\"},\"potentialAction\":[{\"@type\":\"SearchAction\",\"target\":{\"@type\":\"EntryPoint\",\"urlTemplate\":\"https:\/\/termotom.com\/hr\/?s={search_term_string}\"},\"query-input\":{\"@type\":\"PropertyValueSpecification\",\"valueRequired\":true,\"valueName\":\"search_term_string\"}}],\"inLanguage\":\"hr\"},{\"@type\":\"Organization\",\"@id\":\"https:\/\/termotom.com\/hr\/#organization\",\"name\":\"Trgovina Termotom\",\"url\":\"https:\/\/termotom.com\/hr\/\",\"logo\":{\"@type\":\"ImageObject\",\"inLanguage\":\"hr\",\"@id\":\"https:\/\/termotom.com\/hr\/#\/schema\/logo\/image\/\",\"url\":\"https:\/\/termotom.com\/wp-content\/uploads\/logo.png\",\"contentUrl\":\"https:\/\/termotom.com\/wp-content\/uploads\/logo.png\",\"width\":400,\"height\":60,\"caption\":\"Trgovina Termotom\"},\"image\":{\"@id\":\"https:\/\/termotom.com\/hr\/#\/schema\/logo\/image\/\"}}]}<\/script>\n<!-- \/ Yoast SEO plugin. -->","yoast_head_json":{"title":"CN pleksiglas plo\u010da, 12 mm, prozirna - Trgovina Termotom","robots":{"index":"index","follow":"follow","max-snippet":"max-snippet:-1","max-image-preview":"max-image-preview:large","max-video-preview":"max-video-preview:-1"},"canonical":"https:\/\/termotom.com\/hr\/cn-pleksiglas-ploca-12-mm-prozirna\/","og_locale":"hr_HR","og_type":"article","og_title":"CN pleksiglas plo\u010da, 12 mm, prozirna - Trgovina Termotom","og_description":"Liveni pleksiglas list, debljine 12 mm, prozirne boje.","og_url":"https:\/\/termotom.com\/hr\/cn-pleksiglas-ploca-12-mm-prozirna\/","og_site_name":"Trgovina Termotom","article_modified_time":"2026-04-01T11:51:33+00:00","og_image":[{"width":2560,"height":2560,"url":"https:\/\/termotom.com\/wp-content\/uploads\/12mm-15mm-scaled.jpg","type":"image\/jpeg"}],"twitter_card":"summary_large_image","twitter_misc":{"Procijenjeno vrijeme \u010ditanja":"1 minuta"},"schema":{"@context":"https:\/\/schema.org","@graph":[{"@type":"WebPage","@id":"https:\/\/termotom.com\/hr\/cn-pleksiglas-ploca-12-mm-prozirna\/","url":"https:\/\/termotom.com\/hr\/cn-pleksiglas-ploca-12-mm-prozirna\/","name":"CN pleksiglas plo\u010da, 12 mm, prozirna - Trgovina Termotom","isPartOf":{"@id":"https:\/\/termotom.com\/hr\/#website"},"primaryImageOfPage":{"@id":"https:\/\/termotom.com\/hr\/cn-pleksiglas-ploca-12-mm-prozirna\/#primaryimage"},"image":{"@id":"https:\/\/termotom.com\/hr\/cn-pleksiglas-ploca-12-mm-prozirna\/#primaryimage"},"thumbnailUrl":"https:\/\/termotom.com\/wp-content\/uploads\/12mm-15mm-scaled.jpg","datePublished":"2023-11-15T19:46:29+00:00","dateModified":"2026-04-01T11:51:33+00:00","breadcrumb":{"@id":"https:\/\/termotom.com\/hr\/cn-pleksiglas-ploca-12-mm-prozirna\/#breadcrumb"},"inLanguage":"hr","potentialAction":[{"@type":"ReadAction","target":["https:\/\/termotom.com\/hr\/cn-pleksiglas-ploca-12-mm-prozirna\/"]}]},{"@type":"ImageObject","inLanguage":"hr","@id":"https:\/\/termotom.com\/hr\/cn-pleksiglas-ploca-12-mm-prozirna\/#primaryimage","url":"https:\/\/termotom.com\/wp-content\/uploads\/12mm-15mm-scaled.jpg","contentUrl":"https:\/\/termotom.com\/wp-content\/uploads\/12mm-15mm-scaled.jpg","width":2560,"height":2560},{"@type":"BreadcrumbList","@id":"https:\/\/termotom.com\/hr\/cn-pleksiglas-ploca-12-mm-prozirna\/#breadcrumb","itemListElement":[{"@type":"ListItem","position":1,"name":"Home","item":"https:\/\/termotom.com\/hr\/"},{"@type":"ListItem","position":2,"name":"Trgovina","item":"https:\/\/termotom.com\/hr\/trgovina\/"},{"@type":"ListItem","position":3,"name":"CN pleksiglas plo\u010da, 12 mm, prozirna"}]},{"@type":"WebSite","@id":"https:\/\/termotom.com\/hr\/#website","url":"https:\/\/termotom.com\/hr\/","name":"Trgovina Termotom","description":"Spletna trgovina","publisher":{"@id":"https:\/\/termotom.com\/hr\/#organization"},"potentialAction":[{"@type":"SearchAction","target":{"@type":"EntryPoint","urlTemplate":"https:\/\/termotom.com\/hr\/?s={search_term_string}"},"query-input":{"@type":"PropertyValueSpecification","valueRequired":true,"valueName":"search_term_string"}}],"inLanguage":"hr"},{"@type":"Organization","@id":"https:\/\/termotom.com\/hr\/#organization","name":"Trgovina Termotom","url":"https:\/\/termotom.com\/hr\/","logo":{"@type":"ImageObject","inLanguage":"hr","@id":"https:\/\/termotom.com\/hr\/#\/schema\/logo\/image\/","url":"https:\/\/termotom.com\/wp-content\/uploads\/logo.png","contentUrl":"https:\/\/termotom.com\/wp-content\/uploads\/logo.png","width":400,"height":60,"caption":"Trgovina Termotom"},"image":{"@id":"https:\/\/termotom.com\/hr\/#\/schema\/logo\/image\/"}}]}},"_links":{"self":[{"href":"https:\/\/termotom.com\/hr\/wp-json\/wp\/v2\/product\/36569","targetHints":{"allow":["GET"]}}],"collection":[{"href":"https:\/\/termotom.com\/hr\/wp-json\/wp\/v2\/product"}],"about":[{"href":"https:\/\/termotom.com\/hr\/wp-json\/wp\/v2\/types\/product"}],"replies":[{"embeddable":true,"href":"https:\/\/termotom.com\/hr\/wp-json\/wp\/v2\/comments?post=36569"}],"wp:featuredmedia":[{"embeddable":true,"href":"https:\/\/termotom.com\/hr\/wp-json\/wp\/v2\/media\/24465"}],"wp:attachment":[{"href":"https:\/\/termotom.com\/hr\/wp-json\/wp\/v2\/media?parent=36569"}],"wp:term":[{"taxonomy":"product_brand","embeddable":true,"href":"https:\/\/termotom.com\/hr\/wp-json\/wp\/v2\/product_brand?post=36569"},{"taxonomy":"product_cat","embeddable":true,"href":"https:\/\/termotom.com\/hr\/wp-json\/wp\/v2\/product_cat?post=36569"},{"taxonomy":"product_tag","embeddable":true,"href":"https:\/\/termotom.com\/hr\/wp-json\/wp\/v2\/product_tag?post=36569"}],"curies":[{"name":"wp","href":"https:\/\/api.w.org\/{rel}","templated":true}]}}