{"id":36953,"date":"2023-11-15T19:45:17","date_gmt":"2023-11-15T19:45:17","guid":{"rendered":"https:\/\/termotom.com\/polikarbonatna-trapezna-plosca-greca-5-12-mm-prozorna\/"},"modified":"2026-04-01T11:54:44","modified_gmt":"2026-04-01T11:54:44","slug":"greca-5-polikarbonatni-trapezasti-lim-12-mm-prozirni","status":"publish","type":"product","link":"https:\/\/termotom.com\/hr\/greca-5-polikarbonatni-trapezasti-lim-12-mm-prozirni\/","title":{"rendered":"GRECA 5 polikarbonatni trapezasti lim, 12 mm, prozirni"},"content":{"rendered":"<p>Trapezoidne plo\u010de od polikarbonata dizajnirane su za stvaranje svjetlosne trake na limenim krovovima s trapezoidnim profilima. Zahvaljuju\u0107i izvrsnoj propusnosti svjetla, omogu\u0107uju ulazak prirodne svjetlosti u va\u0161e zgrade.<\/p>\n","protected":false},"excerpt":{"rendered":"<p>Trapezasti lim od polikarbonata s pet valova, debljine 12 mm<\/p>\n","protected":false},"featured_media":36954,"comment_status":"open","ping_status":"open","template":"","meta":{"_acf_changed":false},"product_brand":[],"product_cat":[1654,2030],"product_tag":[],"class_list":{"0":"post-36953","1":"product","2":"type-product","3":"status-publish","4":"has-post-thumbnail","6":"product_cat-polikarbonatne-ploce","7":"product_cat-trapezasti-polikarbonatni-krovovi","8":"pa_barva-proziran-2","9":"pa_debelina-12mm","10":"pa_dimenzija-1000x1000-mm","11":"pa_dimenzija-1000x2000-mm","12":"pa_dimenzija-1000x3000-mm","13":"pa_dimenzija-1000x4000-mm","14":"pa_dimenzija-1000x5000-mm","15":"pa_dimenzija-1000x7000-mm","16":"pa_struktura-jednoslojni","17":"pa_struktura-x-jace","18":"pa_uv-zascita-dvostrano","20":"first","21":"instock","22":"taxable","23":"shipping-taxable","24":"purchasable","25":"product-type-variable"},"acf":[],"yoast_head":"<!-- This site is optimized with the Yoast SEO plugin v27.0 - https:\/\/yoast.com\/product\/yoast-seo-wordpress\/ -->\n<title>GRECA 5 polikarbonatni trapezasti lim, 12 mm, prozirni - Trgovina Termotom<\/title>\n<meta name=\"robots\" content=\"index, follow, max-snippet:-1, max-image-preview:large, max-video-preview:-1\" \/>\n<link rel=\"canonical\" href=\"https:\/\/termotom.com\/hr\/greca-5-polikarbonatni-trapezasti-lim-12-mm-prozirni\/\" \/>\n<meta property=\"og:locale\" content=\"hr_HR\" \/>\n<meta property=\"og:type\" content=\"article\" \/>\n<meta property=\"og:title\" content=\"GRECA 5 polikarbonatni trapezasti lim, 12 mm, prozirni - Trgovina Termotom\" \/>\n<meta property=\"og:description\" content=\"Trapezasti lim od polikarbonata s pet valova, debljine 12 mm\" \/>\n<meta property=\"og:url\" content=\"https:\/\/termotom.com\/hr\/greca-5-polikarbonatni-trapezasti-lim-12-mm-prozirni\/\" \/>\n<meta property=\"og:site_name\" content=\"Trgovina Termotom\" \/>\n<meta property=\"article:modified_time\" content=\"2026-04-01T11:54:44+00:00\" \/>\n<meta property=\"og:image\" content=\"https:\/\/termotom.com\/wp-content\/uploads\/Termotom_produkti7-scaled.jpg\" \/>\n\t<meta property=\"og:image:width\" content=\"2560\" \/>\n\t<meta property=\"og:image:height\" content=\"1042\" \/>\n\t<meta property=\"og:image:type\" content=\"image\/jpeg\" \/>\n<meta name=\"twitter:card\" content=\"summary_large_image\" \/>\n<script type=\"application\/ld+json\" class=\"yoast-schema-graph\">{\"@context\":\"https:\/\/schema.org\",\"@graph\":[{\"@type\":\"WebPage\",\"@id\":\"https:\/\/termotom.com\/hr\/greca-5-polikarbonatni-trapezasti-lim-12-mm-prozirni\/\",\"url\":\"https:\/\/termotom.com\/hr\/greca-5-polikarbonatni-trapezasti-lim-12-mm-prozirni\/\",\"name\":\"GRECA 5 polikarbonatni trapezasti lim, 12 mm, prozirni - Trgovina Termotom\",\"isPartOf\":{\"@id\":\"https:\/\/termotom.com\/hr\/#website\"},\"primaryImageOfPage\":{\"@id\":\"https:\/\/termotom.com\/hr\/greca-5-polikarbonatni-trapezasti-lim-12-mm-prozirni\/#primaryimage\"},\"image\":{\"@id\":\"https:\/\/termotom.com\/hr\/greca-5-polikarbonatni-trapezasti-lim-12-mm-prozirni\/#primaryimage\"},\"thumbnailUrl\":\"https:\/\/termotom.com\/wp-content\/uploads\/Termotom_produkti7-scaled.jpg\",\"datePublished\":\"2023-11-15T19:45:17+00:00\",\"dateModified\":\"2026-04-01T11:54:44+00:00\",\"breadcrumb\":{\"@id\":\"https:\/\/termotom.com\/hr\/greca-5-polikarbonatni-trapezasti-lim-12-mm-prozirni\/#breadcrumb\"},\"inLanguage\":\"hr\",\"potentialAction\":[{\"@type\":\"ReadAction\",\"target\":[\"https:\/\/termotom.com\/hr\/greca-5-polikarbonatni-trapezasti-lim-12-mm-prozirni\/\"]}]},{\"@type\":\"ImageObject\",\"inLanguage\":\"hr\",\"@id\":\"https:\/\/termotom.com\/hr\/greca-5-polikarbonatni-trapezasti-lim-12-mm-prozirni\/#primaryimage\",\"url\":\"https:\/\/termotom.com\/wp-content\/uploads\/Termotom_produkti7-scaled.jpg\",\"contentUrl\":\"https:\/\/termotom.com\/wp-content\/uploads\/Termotom_produkti7-scaled.jpg\",\"width\":2560,\"height\":1042},{\"@type\":\"BreadcrumbList\",\"@id\":\"https:\/\/termotom.com\/hr\/greca-5-polikarbonatni-trapezasti-lim-12-mm-prozirni\/#breadcrumb\",\"itemListElement\":[{\"@type\":\"ListItem\",\"position\":1,\"name\":\"Home\",\"item\":\"https:\/\/termotom.com\/hr\/\"},{\"@type\":\"ListItem\",\"position\":2,\"name\":\"Trgovina\",\"item\":\"https:\/\/termotom.com\/hr\/trgovina\/\"},{\"@type\":\"ListItem\",\"position\":3,\"name\":\"GRECA 5 polikarbonatni trapezasti lim, 12 mm, prozirni\"}]},{\"@type\":\"WebSite\",\"@id\":\"https:\/\/termotom.com\/hr\/#website\",\"url\":\"https:\/\/termotom.com\/hr\/\",\"name\":\"Trgovina Termotom\",\"description\":\"Spletna trgovina\",\"publisher\":{\"@id\":\"https:\/\/termotom.com\/hr\/#organization\"},\"potentialAction\":[{\"@type\":\"SearchAction\",\"target\":{\"@type\":\"EntryPoint\",\"urlTemplate\":\"https:\/\/termotom.com\/hr\/?s={search_term_string}\"},\"query-input\":{\"@type\":\"PropertyValueSpecification\",\"valueRequired\":true,\"valueName\":\"search_term_string\"}}],\"inLanguage\":\"hr\"},{\"@type\":\"Organization\",\"@id\":\"https:\/\/termotom.com\/hr\/#organization\",\"name\":\"Trgovina Termotom\",\"url\":\"https:\/\/termotom.com\/hr\/\",\"logo\":{\"@type\":\"ImageObject\",\"inLanguage\":\"hr\",\"@id\":\"https:\/\/termotom.com\/hr\/#\/schema\/logo\/image\/\",\"url\":\"https:\/\/termotom.com\/wp-content\/uploads\/logo.png\",\"contentUrl\":\"https:\/\/termotom.com\/wp-content\/uploads\/logo.png\",\"width\":400,\"height\":60,\"caption\":\"Trgovina Termotom\"},\"image\":{\"@id\":\"https:\/\/termotom.com\/hr\/#\/schema\/logo\/image\/\"}}]}<\/script>\n<!-- \/ Yoast SEO plugin. -->","yoast_head_json":{"title":"GRECA 5 polikarbonatni trapezasti lim, 12 mm, prozirni - Trgovina Termotom","robots":{"index":"index","follow":"follow","max-snippet":"max-snippet:-1","max-image-preview":"max-image-preview:large","max-video-preview":"max-video-preview:-1"},"canonical":"https:\/\/termotom.com\/hr\/greca-5-polikarbonatni-trapezasti-lim-12-mm-prozirni\/","og_locale":"hr_HR","og_type":"article","og_title":"GRECA 5 polikarbonatni trapezasti lim, 12 mm, prozirni - Trgovina Termotom","og_description":"Trapezasti lim od polikarbonata s pet valova, debljine 12 mm","og_url":"https:\/\/termotom.com\/hr\/greca-5-polikarbonatni-trapezasti-lim-12-mm-prozirni\/","og_site_name":"Trgovina Termotom","article_modified_time":"2026-04-01T11:54:44+00:00","og_image":[{"width":2560,"height":1042,"url":"https:\/\/termotom.com\/wp-content\/uploads\/Termotom_produkti7-scaled.jpg","type":"image\/jpeg"}],"twitter_card":"summary_large_image","schema":{"@context":"https:\/\/schema.org","@graph":[{"@type":"WebPage","@id":"https:\/\/termotom.com\/hr\/greca-5-polikarbonatni-trapezasti-lim-12-mm-prozirni\/","url":"https:\/\/termotom.com\/hr\/greca-5-polikarbonatni-trapezasti-lim-12-mm-prozirni\/","name":"GRECA 5 polikarbonatni trapezasti lim, 12 mm, prozirni - Trgovina Termotom","isPartOf":{"@id":"https:\/\/termotom.com\/hr\/#website"},"primaryImageOfPage":{"@id":"https:\/\/termotom.com\/hr\/greca-5-polikarbonatni-trapezasti-lim-12-mm-prozirni\/#primaryimage"},"image":{"@id":"https:\/\/termotom.com\/hr\/greca-5-polikarbonatni-trapezasti-lim-12-mm-prozirni\/#primaryimage"},"thumbnailUrl":"https:\/\/termotom.com\/wp-content\/uploads\/Termotom_produkti7-scaled.jpg","datePublished":"2023-11-15T19:45:17+00:00","dateModified":"2026-04-01T11:54:44+00:00","breadcrumb":{"@id":"https:\/\/termotom.com\/hr\/greca-5-polikarbonatni-trapezasti-lim-12-mm-prozirni\/#breadcrumb"},"inLanguage":"hr","potentialAction":[{"@type":"ReadAction","target":["https:\/\/termotom.com\/hr\/greca-5-polikarbonatni-trapezasti-lim-12-mm-prozirni\/"]}]},{"@type":"ImageObject","inLanguage":"hr","@id":"https:\/\/termotom.com\/hr\/greca-5-polikarbonatni-trapezasti-lim-12-mm-prozirni\/#primaryimage","url":"https:\/\/termotom.com\/wp-content\/uploads\/Termotom_produkti7-scaled.jpg","contentUrl":"https:\/\/termotom.com\/wp-content\/uploads\/Termotom_produkti7-scaled.jpg","width":2560,"height":1042},{"@type":"BreadcrumbList","@id":"https:\/\/termotom.com\/hr\/greca-5-polikarbonatni-trapezasti-lim-12-mm-prozirni\/#breadcrumb","itemListElement":[{"@type":"ListItem","position":1,"name":"Home","item":"https:\/\/termotom.com\/hr\/"},{"@type":"ListItem","position":2,"name":"Trgovina","item":"https:\/\/termotom.com\/hr\/trgovina\/"},{"@type":"ListItem","position":3,"name":"GRECA 5 polikarbonatni trapezasti lim, 12 mm, prozirni"}]},{"@type":"WebSite","@id":"https:\/\/termotom.com\/hr\/#website","url":"https:\/\/termotom.com\/hr\/","name":"Trgovina Termotom","description":"Spletna trgovina","publisher":{"@id":"https:\/\/termotom.com\/hr\/#organization"},"potentialAction":[{"@type":"SearchAction","target":{"@type":"EntryPoint","urlTemplate":"https:\/\/termotom.com\/hr\/?s={search_term_string}"},"query-input":{"@type":"PropertyValueSpecification","valueRequired":true,"valueName":"search_term_string"}}],"inLanguage":"hr"},{"@type":"Organization","@id":"https:\/\/termotom.com\/hr\/#organization","name":"Trgovina Termotom","url":"https:\/\/termotom.com\/hr\/","logo":{"@type":"ImageObject","inLanguage":"hr","@id":"https:\/\/termotom.com\/hr\/#\/schema\/logo\/image\/","url":"https:\/\/termotom.com\/wp-content\/uploads\/logo.png","contentUrl":"https:\/\/termotom.com\/wp-content\/uploads\/logo.png","width":400,"height":60,"caption":"Trgovina Termotom"},"image":{"@id":"https:\/\/termotom.com\/hr\/#\/schema\/logo\/image\/"}}]}},"_links":{"self":[{"href":"https:\/\/termotom.com\/hr\/wp-json\/wp\/v2\/product\/36953","targetHints":{"allow":["GET"]}}],"collection":[{"href":"https:\/\/termotom.com\/hr\/wp-json\/wp\/v2\/product"}],"about":[{"href":"https:\/\/termotom.com\/hr\/wp-json\/wp\/v2\/types\/product"}],"replies":[{"embeddable":true,"href":"https:\/\/termotom.com\/hr\/wp-json\/wp\/v2\/comments?post=36953"}],"wp:featuredmedia":[{"embeddable":true,"href":"https:\/\/termotom.com\/hr\/wp-json\/wp\/v2\/media\/36954"}],"wp:attachment":[{"href":"https:\/\/termotom.com\/hr\/wp-json\/wp\/v2\/media?parent=36953"}],"wp:term":[{"taxonomy":"product_brand","embeddable":true,"href":"https:\/\/termotom.com\/hr\/wp-json\/wp\/v2\/product_brand?post=36953"},{"taxonomy":"product_cat","embeddable":true,"href":"https:\/\/termotom.com\/hr\/wp-json\/wp\/v2\/product_cat?post=36953"},{"taxonomy":"product_tag","embeddable":true,"href":"https:\/\/termotom.com\/hr\/wp-json\/wp\/v2\/product_tag?post=36953"}],"curies":[{"name":"wp","href":"https:\/\/api.w.org\/{rel}","templated":true}]}}