{"id":38153,"date":"2023-11-15T18:56:45","date_gmt":"2023-11-15T18:56:45","guid":{"rendered":"https:\/\/termotom.com\/vecslojna-polikarbonatna-plosca-lexan-6-mm-2xuv-rjava-bronze\/"},"modified":"2026-04-01T12:04:22","modified_gmt":"2026-04-01T12:04:22","slug":"viseslojna-polikarbonatna-ploca-lexan-6-mm-2xuv-smeda-broncana","status":"publish","type":"product","link":"https:\/\/termotom.com\/hr\/viseslojna-polikarbonatna-ploca-lexan-6-mm-2xuv-smeda-broncana\/","title":{"rendered":"Vi\u0161eslojna polikarbonatna plo\u010da LEXAN, 6 mm, 2\u00d7UV, sme\u0111a\/bron\u010dana"},"content":{"rendered":"<p>Polikarbonatne plo\u010de su izuzetno \u010dvrste i izdr\u017eljive. Zbog svojih izvrsnih svojstava, kao \u0161to su niska te\u017eina, otpornost na udarce i vremenske uvjete, izvrsna UV za\u0161tita koja \u0161titi plo\u010du od starenja te toplinska izolacija, idealne su za razne primjene. Plahte debljine 4, 4,5, 6, 8 i 10 mm naj\u010de\u0161\u0107e se koriste za grijanih gredica i staklenike. Za nadstre\u0161nice, tende za terase i druge konstrukcije naj\u010de\u0161\u0107e se koriste plo\u010de debljine 10 ili 16 mm. Gdje je potrebna ve\u0107a nosivost na snijeg ili vjetar, koriste se i deblje plo\u010de, kao \u0161to su 20, 25 i 32 mm. Tako\u0111er se koriste kao ispune za prozore, balkonske ograde, reklamne plo\u010de i sli\u010dno. Polikarbonat je materijal otporan na plamen, \u0161to ga \u010dini neizostavnim u gra\u0111evinarstvu i svugdje gdje je potrebna za\u0161tita od po\u017eara.<\/p>\n","protected":false},"excerpt":{"rendered":"<p>Vi\u0161eslojna polikarbonatna plo\u010da, debljine 6 mm, s pobolj\u0161anom dvostranom UV-za\u0161titom, sme\u0111e boje, pogodna za pregradne zidove, ispune prozora i ograde.<\/p>\n","protected":false},"featured_media":38154,"comment_status":"open","ping_status":"closed","template":"","meta":{"_acf_changed":false},"product_brand":[],"product_cat":[1654,1686],"product_tag":[],"class_list":{"0":"post-38153","1":"product","2":"type-product","3":"status-publish","4":"has-post-thumbnail","6":"product_cat-polikarbonatne-ploce","7":"product_cat-viseslojne-polikarbonatne-ploce","8":"pa_barva-rjava-bronze","9":"pa_debelina-6mm","10":"pa_dimenzija-2100x1000-mm","11":"pa_dimenzija-2100x1500-mm","12":"pa_dimenzija-2100x2000-mm","13":"pa_dimenzija-2100x2500-mm","14":"pa_dimenzija-2100x3000-mm","15":"pa_dimenzija-2100x3500-mm","16":"pa_dimenzija-2100x4000-mm","17":"pa_dimenzija-2100x4500-mm","18":"pa_dimenzija-2100x6000-mm","19":"pa_struktura-dvostruki-sloj","20":"pa_uv-zascita-dvostrano","22":"first","23":"instock","24":"taxable","25":"shipping-taxable","26":"purchasable","27":"product-type-variable"},"acf":[],"yoast_head":"<!-- This site is optimized with the Yoast SEO plugin v27.0 - https:\/\/yoast.com\/product\/yoast-seo-wordpress\/ -->\n<title>Vi\u0161eslojna polikarbonatna plo\u010da LEXAN, 6 mm, 2\u00d7UV, sme\u0111a\/bron\u010dana - Trgovina Termotom<\/title>\n<meta name=\"robots\" content=\"index, follow, max-snippet:-1, max-image-preview:large, max-video-preview:-1\" \/>\n<link rel=\"canonical\" href=\"https:\/\/termotom.com\/hr\/viseslojna-polikarbonatna-ploca-lexan-6-mm-2xuv-smeda-broncana\/\" \/>\n<meta property=\"og:locale\" content=\"hr_HR\" \/>\n<meta property=\"og:type\" content=\"article\" \/>\n<meta property=\"og:title\" content=\"Vi\u0161eslojna polikarbonatna plo\u010da LEXAN, 6 mm, 2\u00d7UV, sme\u0111a\/bron\u010dana - Trgovina Termotom\" \/>\n<meta property=\"og:description\" content=\"Vi\u0161eslojna polikarbonatna plo\u010da, debljine 6 mm, s pobolj\u0161anom dvostranom UV-za\u0161titom, sme\u0111e boje, pogodna za pregradne zidove, ispune prozora i ograde.\" \/>\n<meta property=\"og:url\" content=\"https:\/\/termotom.com\/hr\/viseslojna-polikarbonatna-ploca-lexan-6-mm-2xuv-smeda-broncana\/\" \/>\n<meta property=\"og:site_name\" content=\"Trgovina Termotom\" \/>\n<meta property=\"article:modified_time\" content=\"2026-04-01T12:04:22+00:00\" \/>\n<meta property=\"og:image\" content=\"https:\/\/termotom.com\/wp-content\/uploads\/Vecslojna-polikarbonatna-plosca-LEXAN-deb.-6-mm-2\u00d7UV-rjava-1-1-scaled.jpg\" \/>\n\t<meta property=\"og:image:width\" content=\"2560\" \/>\n\t<meta property=\"og:image:height\" content=\"2560\" \/>\n\t<meta property=\"og:image:type\" content=\"image\/jpeg\" \/>\n<meta name=\"twitter:card\" content=\"summary_large_image\" \/>\n<meta name=\"twitter:label1\" content=\"Procijenjeno vrijeme \u010ditanja\" \/>\n\t<meta name=\"twitter:data1\" content=\"1 minuta\" \/>\n<script type=\"application\/ld+json\" class=\"yoast-schema-graph\">{\"@context\":\"https:\/\/schema.org\",\"@graph\":[{\"@type\":\"WebPage\",\"@id\":\"https:\/\/termotom.com\/hr\/viseslojna-polikarbonatna-ploca-lexan-6-mm-2xuv-smeda-broncana\/\",\"url\":\"https:\/\/termotom.com\/hr\/viseslojna-polikarbonatna-ploca-lexan-6-mm-2xuv-smeda-broncana\/\",\"name\":\"Vi\u0161eslojna polikarbonatna plo\u010da LEXAN, 6 mm, 2\u00d7UV, sme\u0111a\/bron\u010dana - Trgovina Termotom\",\"isPartOf\":{\"@id\":\"https:\/\/termotom.com\/hr\/#website\"},\"primaryImageOfPage\":{\"@id\":\"https:\/\/termotom.com\/hr\/viseslojna-polikarbonatna-ploca-lexan-6-mm-2xuv-smeda-broncana\/#primaryimage\"},\"image\":{\"@id\":\"https:\/\/termotom.com\/hr\/viseslojna-polikarbonatna-ploca-lexan-6-mm-2xuv-smeda-broncana\/#primaryimage\"},\"thumbnailUrl\":\"https:\/\/termotom.com\/wp-content\/uploads\/Vecslojna-polikarbonatna-plosca-LEXAN-deb.-6-mm-2\u00d7UV-rjava-1-1-scaled.jpg\",\"datePublished\":\"2023-11-15T18:56:45+00:00\",\"dateModified\":\"2026-04-01T12:04:22+00:00\",\"breadcrumb\":{\"@id\":\"https:\/\/termotom.com\/hr\/viseslojna-polikarbonatna-ploca-lexan-6-mm-2xuv-smeda-broncana\/#breadcrumb\"},\"inLanguage\":\"hr\",\"potentialAction\":[{\"@type\":\"ReadAction\",\"target\":[\"https:\/\/termotom.com\/hr\/viseslojna-polikarbonatna-ploca-lexan-6-mm-2xuv-smeda-broncana\/\"]}]},{\"@type\":\"ImageObject\",\"inLanguage\":\"hr\",\"@id\":\"https:\/\/termotom.com\/hr\/viseslojna-polikarbonatna-ploca-lexan-6-mm-2xuv-smeda-broncana\/#primaryimage\",\"url\":\"https:\/\/termotom.com\/wp-content\/uploads\/Vecslojna-polikarbonatna-plosca-LEXAN-deb.-6-mm-2\u00d7UV-rjava-1-1-scaled.jpg\",\"contentUrl\":\"https:\/\/termotom.com\/wp-content\/uploads\/Vecslojna-polikarbonatna-plosca-LEXAN-deb.-6-mm-2\u00d7UV-rjava-1-1-scaled.jpg\",\"width\":2560,\"height\":2560},{\"@type\":\"BreadcrumbList\",\"@id\":\"https:\/\/termotom.com\/hr\/viseslojna-polikarbonatna-ploca-lexan-6-mm-2xuv-smeda-broncana\/#breadcrumb\",\"itemListElement\":[{\"@type\":\"ListItem\",\"position\":1,\"name\":\"Home\",\"item\":\"https:\/\/termotom.com\/hr\/\"},{\"@type\":\"ListItem\",\"position\":2,\"name\":\"Trgovina\",\"item\":\"https:\/\/termotom.com\/hr\/trgovina\/\"},{\"@type\":\"ListItem\",\"position\":3,\"name\":\"Vi\u0161eslojna polikarbonatna plo\u010da LEXAN, 6 mm, 2\u00d7UV, sme\u0111a\/bron\u010dana\"}]},{\"@type\":\"WebSite\",\"@id\":\"https:\/\/termotom.com\/hr\/#website\",\"url\":\"https:\/\/termotom.com\/hr\/\",\"name\":\"Trgovina Termotom\",\"description\":\"Spletna trgovina\",\"publisher\":{\"@id\":\"https:\/\/termotom.com\/hr\/#organization\"},\"potentialAction\":[{\"@type\":\"SearchAction\",\"target\":{\"@type\":\"EntryPoint\",\"urlTemplate\":\"https:\/\/termotom.com\/hr\/?s={search_term_string}\"},\"query-input\":{\"@type\":\"PropertyValueSpecification\",\"valueRequired\":true,\"valueName\":\"search_term_string\"}}],\"inLanguage\":\"hr\"},{\"@type\":\"Organization\",\"@id\":\"https:\/\/termotom.com\/hr\/#organization\",\"name\":\"Trgovina Termotom\",\"url\":\"https:\/\/termotom.com\/hr\/\",\"logo\":{\"@type\":\"ImageObject\",\"inLanguage\":\"hr\",\"@id\":\"https:\/\/termotom.com\/hr\/#\/schema\/logo\/image\/\",\"url\":\"https:\/\/termotom.com\/wp-content\/uploads\/logo.png\",\"contentUrl\":\"https:\/\/termotom.com\/wp-content\/uploads\/logo.png\",\"width\":400,\"height\":60,\"caption\":\"Trgovina Termotom\"},\"image\":{\"@id\":\"https:\/\/termotom.com\/hr\/#\/schema\/logo\/image\/\"}}]}<\/script>\n<!-- \/ Yoast SEO plugin. -->","yoast_head_json":{"title":"Vi\u0161eslojna polikarbonatna plo\u010da LEXAN, 6 mm, 2\u00d7UV, sme\u0111a\/bron\u010dana - Trgovina Termotom","robots":{"index":"index","follow":"follow","max-snippet":"max-snippet:-1","max-image-preview":"max-image-preview:large","max-video-preview":"max-video-preview:-1"},"canonical":"https:\/\/termotom.com\/hr\/viseslojna-polikarbonatna-ploca-lexan-6-mm-2xuv-smeda-broncana\/","og_locale":"hr_HR","og_type":"article","og_title":"Vi\u0161eslojna polikarbonatna plo\u010da LEXAN, 6 mm, 2\u00d7UV, sme\u0111a\/bron\u010dana - Trgovina Termotom","og_description":"Vi\u0161eslojna polikarbonatna plo\u010da, debljine 6 mm, s pobolj\u0161anom dvostranom UV-za\u0161titom, sme\u0111e boje, pogodna za pregradne zidove, ispune prozora i ograde.","og_url":"https:\/\/termotom.com\/hr\/viseslojna-polikarbonatna-ploca-lexan-6-mm-2xuv-smeda-broncana\/","og_site_name":"Trgovina Termotom","article_modified_time":"2026-04-01T12:04:22+00:00","og_image":[{"width":2560,"height":2560,"url":"https:\/\/termotom.com\/wp-content\/uploads\/Vecslojna-polikarbonatna-plosca-LEXAN-deb.-6-mm-2\u00d7UV-rjava-1-1-scaled.jpg","type":"image\/jpeg"}],"twitter_card":"summary_large_image","twitter_misc":{"Procijenjeno vrijeme \u010ditanja":"1 minuta"},"schema":{"@context":"https:\/\/schema.org","@graph":[{"@type":"WebPage","@id":"https:\/\/termotom.com\/hr\/viseslojna-polikarbonatna-ploca-lexan-6-mm-2xuv-smeda-broncana\/","url":"https:\/\/termotom.com\/hr\/viseslojna-polikarbonatna-ploca-lexan-6-mm-2xuv-smeda-broncana\/","name":"Vi\u0161eslojna polikarbonatna plo\u010da LEXAN, 6 mm, 2\u00d7UV, sme\u0111a\/bron\u010dana - Trgovina Termotom","isPartOf":{"@id":"https:\/\/termotom.com\/hr\/#website"},"primaryImageOfPage":{"@id":"https:\/\/termotom.com\/hr\/viseslojna-polikarbonatna-ploca-lexan-6-mm-2xuv-smeda-broncana\/#primaryimage"},"image":{"@id":"https:\/\/termotom.com\/hr\/viseslojna-polikarbonatna-ploca-lexan-6-mm-2xuv-smeda-broncana\/#primaryimage"},"thumbnailUrl":"https:\/\/termotom.com\/wp-content\/uploads\/Vecslojna-polikarbonatna-plosca-LEXAN-deb.-6-mm-2\u00d7UV-rjava-1-1-scaled.jpg","datePublished":"2023-11-15T18:56:45+00:00","dateModified":"2026-04-01T12:04:22+00:00","breadcrumb":{"@id":"https:\/\/termotom.com\/hr\/viseslojna-polikarbonatna-ploca-lexan-6-mm-2xuv-smeda-broncana\/#breadcrumb"},"inLanguage":"hr","potentialAction":[{"@type":"ReadAction","target":["https:\/\/termotom.com\/hr\/viseslojna-polikarbonatna-ploca-lexan-6-mm-2xuv-smeda-broncana\/"]}]},{"@type":"ImageObject","inLanguage":"hr","@id":"https:\/\/termotom.com\/hr\/viseslojna-polikarbonatna-ploca-lexan-6-mm-2xuv-smeda-broncana\/#primaryimage","url":"https:\/\/termotom.com\/wp-content\/uploads\/Vecslojna-polikarbonatna-plosca-LEXAN-deb.-6-mm-2\u00d7UV-rjava-1-1-scaled.jpg","contentUrl":"https:\/\/termotom.com\/wp-content\/uploads\/Vecslojna-polikarbonatna-plosca-LEXAN-deb.-6-mm-2\u00d7UV-rjava-1-1-scaled.jpg","width":2560,"height":2560},{"@type":"BreadcrumbList","@id":"https:\/\/termotom.com\/hr\/viseslojna-polikarbonatna-ploca-lexan-6-mm-2xuv-smeda-broncana\/#breadcrumb","itemListElement":[{"@type":"ListItem","position":1,"name":"Home","item":"https:\/\/termotom.com\/hr\/"},{"@type":"ListItem","position":2,"name":"Trgovina","item":"https:\/\/termotom.com\/hr\/trgovina\/"},{"@type":"ListItem","position":3,"name":"Vi\u0161eslojna polikarbonatna plo\u010da LEXAN, 6 mm, 2\u00d7UV, sme\u0111a\/bron\u010dana"}]},{"@type":"WebSite","@id":"https:\/\/termotom.com\/hr\/#website","url":"https:\/\/termotom.com\/hr\/","name":"Trgovina Termotom","description":"Spletna trgovina","publisher":{"@id":"https:\/\/termotom.com\/hr\/#organization"},"potentialAction":[{"@type":"SearchAction","target":{"@type":"EntryPoint","urlTemplate":"https:\/\/termotom.com\/hr\/?s={search_term_string}"},"query-input":{"@type":"PropertyValueSpecification","valueRequired":true,"valueName":"search_term_string"}}],"inLanguage":"hr"},{"@type":"Organization","@id":"https:\/\/termotom.com\/hr\/#organization","name":"Trgovina Termotom","url":"https:\/\/termotom.com\/hr\/","logo":{"@type":"ImageObject","inLanguage":"hr","@id":"https:\/\/termotom.com\/hr\/#\/schema\/logo\/image\/","url":"https:\/\/termotom.com\/wp-content\/uploads\/logo.png","contentUrl":"https:\/\/termotom.com\/wp-content\/uploads\/logo.png","width":400,"height":60,"caption":"Trgovina Termotom"},"image":{"@id":"https:\/\/termotom.com\/hr\/#\/schema\/logo\/image\/"}}]}},"_links":{"self":[{"href":"https:\/\/termotom.com\/hr\/wp-json\/wp\/v2\/product\/38153","targetHints":{"allow":["GET"]}}],"collection":[{"href":"https:\/\/termotom.com\/hr\/wp-json\/wp\/v2\/product"}],"about":[{"href":"https:\/\/termotom.com\/hr\/wp-json\/wp\/v2\/types\/product"}],"replies":[{"embeddable":true,"href":"https:\/\/termotom.com\/hr\/wp-json\/wp\/v2\/comments?post=38153"}],"wp:featuredmedia":[{"embeddable":true,"href":"https:\/\/termotom.com\/hr\/wp-json\/wp\/v2\/media\/38154"}],"wp:attachment":[{"href":"https:\/\/termotom.com\/hr\/wp-json\/wp\/v2\/media?parent=38153"}],"wp:term":[{"taxonomy":"product_brand","embeddable":true,"href":"https:\/\/termotom.com\/hr\/wp-json\/wp\/v2\/product_brand?post=38153"},{"taxonomy":"product_cat","embeddable":true,"href":"https:\/\/termotom.com\/hr\/wp-json\/wp\/v2\/product_cat?post=38153"},{"taxonomy":"product_tag","embeddable":true,"href":"https:\/\/termotom.com\/hr\/wp-json\/wp\/v2\/product_tag?post=38153"}],"curies":[{"name":"wp","href":"https:\/\/api.w.org\/{rel}","templated":true}]}}