{"id":38334,"date":"2023-11-15T18:52:14","date_gmt":"2023-11-15T18:52:14","guid":{"rendered":"https:\/\/termotom.com\/protiprasni-trak-brez-perforacije-za-debelino-plosc-od-32-mm-do-50-mm\/"},"modified":"2026-04-01T12:05:33","modified_gmt":"2026-04-01T12:05:33","slug":"traka-protiv-prasine-bez-perforacije-za-debljine-ploca-od-32-mm-do-50-mm","status":"publish","type":"product","link":"https:\/\/termotom.com\/hr\/traka-protiv-prasine-bez-perforacije-za-debljine-ploca-od-32-mm-do-50-mm\/","title":{"rendered":"Traka protiv pra\u0161ine bez perforacije za debljine plo\u010da od 32 mm do 50 mm"},"content":{"rendered":"<p>Nepropusna traka protiv pra\u0161ine za zaptivanje \u0107elija u vi\u0161eslojnim polikarbonatnim plo\u010dama. Zalijepite traku preko otvorenih \u0107elija. To sprje\u010dava ulazak prljav\u0161tine u \u0107elije. Sama traka protiv pra\u0161ine nije dovoljna. Preporu\u010dujemo da potom zaptite plo\u010de brtvenim profilima. Lijepite neperforiranu traku na gornju stranu, jer ne omogu\u0107uje otjecanje kondenzata.<\/p>\n","protected":false},"excerpt":{"rendered":"<p>Traka protiv pra\u0161ine s perforacijama za brtvljenje vi\u0161eslojnih polikarbonatnih plo\u010da. Na rolni je 50 m trake.<\/p>\n","protected":false},"featured_media":38335,"comment_status":"open","ping_status":"closed","template":"","meta":{"_acf_changed":false},"product_brand":[],"product_cat":[1795,1932],"product_tag":[],"class_list":{"0":"post-38334","1":"product","2":"type-product","3":"status-publish","4":"has-post-thumbnail","6":"product_cat-materijali-za-pricvrscivanje-krova","7":"product_cat-trake-i-brtve","9":"first","10":"instock","11":"taxable","12":"shipping-taxable","13":"purchasable","14":"product-type-simple"},"acf":[],"yoast_head":"<!-- This site is optimized with the Yoast SEO plugin v27.0 - https:\/\/yoast.com\/product\/yoast-seo-wordpress\/ -->\n<title>Traka protiv pra\u0161ine bez perforacije za debljine plo\u010da od 32 mm do 50 mm - Trgovina Termotom<\/title>\n<meta name=\"robots\" content=\"index, follow, max-snippet:-1, max-image-preview:large, max-video-preview:-1\" \/>\n<link rel=\"canonical\" href=\"https:\/\/termotom.com\/hr\/traka-protiv-prasine-bez-perforacije-za-debljine-ploca-od-32-mm-do-50-mm\/\" \/>\n<meta property=\"og:locale\" content=\"hr_HR\" \/>\n<meta property=\"og:type\" content=\"article\" \/>\n<meta property=\"og:title\" content=\"Traka protiv pra\u0161ine bez perforacije za debljine plo\u010da od 32 mm do 50 mm - Trgovina Termotom\" \/>\n<meta property=\"og:description\" content=\"Traka protiv pra\u0161ine s perforacijama za brtvljenje vi\u0161eslojnih polikarbonatnih plo\u010da. Na rolni je 50 m trake.\" \/>\n<meta property=\"og:url\" content=\"https:\/\/termotom.com\/hr\/traka-protiv-prasine-bez-perforacije-za-debljine-ploca-od-32-mm-do-50-mm\/\" \/>\n<meta property=\"og:site_name\" content=\"Trgovina Termotom\" \/>\n<meta property=\"article:modified_time\" content=\"2026-04-01T12:05:33+00:00\" \/>\n<meta property=\"og:image\" content=\"https:\/\/termotom.com\/wp-content\/uploads\/XC-2981_barvna-scaled.jpg\" \/>\n\t<meta property=\"og:image:width\" content=\"2560\" \/>\n\t<meta property=\"og:image:height\" content=\"2111\" \/>\n\t<meta property=\"og:image:type\" content=\"image\/jpeg\" \/>\n<meta name=\"twitter:card\" content=\"summary_large_image\" \/>\n<meta name=\"twitter:label1\" content=\"Procijenjeno vrijeme \u010ditanja\" \/>\n\t<meta name=\"twitter:data1\" content=\"1 minuta\" \/>\n<script type=\"application\/ld+json\" class=\"yoast-schema-graph\">{\"@context\":\"https:\/\/schema.org\",\"@graph\":[{\"@type\":\"WebPage\",\"@id\":\"https:\/\/termotom.com\/hr\/traka-protiv-prasine-bez-perforacije-za-debljine-ploca-od-32-mm-do-50-mm\/\",\"url\":\"https:\/\/termotom.com\/hr\/traka-protiv-prasine-bez-perforacije-za-debljine-ploca-od-32-mm-do-50-mm\/\",\"name\":\"Traka protiv pra\u0161ine bez perforacije za debljine plo\u010da od 32 mm do 50 mm - Trgovina Termotom\",\"isPartOf\":{\"@id\":\"https:\/\/termotom.com\/hr\/#website\"},\"primaryImageOfPage\":{\"@id\":\"https:\/\/termotom.com\/hr\/traka-protiv-prasine-bez-perforacije-za-debljine-ploca-od-32-mm-do-50-mm\/#primaryimage\"},\"image\":{\"@id\":\"https:\/\/termotom.com\/hr\/traka-protiv-prasine-bez-perforacije-za-debljine-ploca-od-32-mm-do-50-mm\/#primaryimage\"},\"thumbnailUrl\":\"https:\/\/termotom.com\/wp-content\/uploads\/XC-2981_barvna-scaled.jpg\",\"datePublished\":\"2023-11-15T18:52:14+00:00\",\"dateModified\":\"2026-04-01T12:05:33+00:00\",\"breadcrumb\":{\"@id\":\"https:\/\/termotom.com\/hr\/traka-protiv-prasine-bez-perforacije-za-debljine-ploca-od-32-mm-do-50-mm\/#breadcrumb\"},\"inLanguage\":\"hr\",\"potentialAction\":[{\"@type\":\"ReadAction\",\"target\":[\"https:\/\/termotom.com\/hr\/traka-protiv-prasine-bez-perforacije-za-debljine-ploca-od-32-mm-do-50-mm\/\"]}]},{\"@type\":\"ImageObject\",\"inLanguage\":\"hr\",\"@id\":\"https:\/\/termotom.com\/hr\/traka-protiv-prasine-bez-perforacije-za-debljine-ploca-od-32-mm-do-50-mm\/#primaryimage\",\"url\":\"https:\/\/termotom.com\/wp-content\/uploads\/XC-2981_barvna-scaled.jpg\",\"contentUrl\":\"https:\/\/termotom.com\/wp-content\/uploads\/XC-2981_barvna-scaled.jpg\",\"width\":2560,\"height\":2111},{\"@type\":\"BreadcrumbList\",\"@id\":\"https:\/\/termotom.com\/hr\/traka-protiv-prasine-bez-perforacije-za-debljine-ploca-od-32-mm-do-50-mm\/#breadcrumb\",\"itemListElement\":[{\"@type\":\"ListItem\",\"position\":1,\"name\":\"Home\",\"item\":\"https:\/\/termotom.com\/hr\/\"},{\"@type\":\"ListItem\",\"position\":2,\"name\":\"Trgovina\",\"item\":\"https:\/\/termotom.com\/hr\/trgovina\/\"},{\"@type\":\"ListItem\",\"position\":3,\"name\":\"Traka protiv pra\u0161ine bez perforacije za debljine plo\u010da od 32 mm do 50 mm\"}]},{\"@type\":\"WebSite\",\"@id\":\"https:\/\/termotom.com\/hr\/#website\",\"url\":\"https:\/\/termotom.com\/hr\/\",\"name\":\"Trgovina Termotom\",\"description\":\"Spletna trgovina\",\"publisher\":{\"@id\":\"https:\/\/termotom.com\/hr\/#organization\"},\"potentialAction\":[{\"@type\":\"SearchAction\",\"target\":{\"@type\":\"EntryPoint\",\"urlTemplate\":\"https:\/\/termotom.com\/hr\/?s={search_term_string}\"},\"query-input\":{\"@type\":\"PropertyValueSpecification\",\"valueRequired\":true,\"valueName\":\"search_term_string\"}}],\"inLanguage\":\"hr\"},{\"@type\":\"Organization\",\"@id\":\"https:\/\/termotom.com\/hr\/#organization\",\"name\":\"Trgovina Termotom\",\"url\":\"https:\/\/termotom.com\/hr\/\",\"logo\":{\"@type\":\"ImageObject\",\"inLanguage\":\"hr\",\"@id\":\"https:\/\/termotom.com\/hr\/#\/schema\/logo\/image\/\",\"url\":\"https:\/\/termotom.com\/wp-content\/uploads\/logo.png\",\"contentUrl\":\"https:\/\/termotom.com\/wp-content\/uploads\/logo.png\",\"width\":400,\"height\":60,\"caption\":\"Trgovina Termotom\"},\"image\":{\"@id\":\"https:\/\/termotom.com\/hr\/#\/schema\/logo\/image\/\"}}]}<\/script>\n<!-- \/ Yoast SEO plugin. -->","yoast_head_json":{"title":"Traka protiv pra\u0161ine bez perforacije za debljine plo\u010da od 32 mm do 50 mm - Trgovina Termotom","robots":{"index":"index","follow":"follow","max-snippet":"max-snippet:-1","max-image-preview":"max-image-preview:large","max-video-preview":"max-video-preview:-1"},"canonical":"https:\/\/termotom.com\/hr\/traka-protiv-prasine-bez-perforacije-za-debljine-ploca-od-32-mm-do-50-mm\/","og_locale":"hr_HR","og_type":"article","og_title":"Traka protiv pra\u0161ine bez perforacije za debljine plo\u010da od 32 mm do 50 mm - Trgovina Termotom","og_description":"Traka protiv pra\u0161ine s perforacijama za brtvljenje vi\u0161eslojnih polikarbonatnih plo\u010da. Na rolni je 50 m trake.","og_url":"https:\/\/termotom.com\/hr\/traka-protiv-prasine-bez-perforacije-za-debljine-ploca-od-32-mm-do-50-mm\/","og_site_name":"Trgovina Termotom","article_modified_time":"2026-04-01T12:05:33+00:00","og_image":[{"width":2560,"height":2111,"url":"https:\/\/termotom.com\/wp-content\/uploads\/XC-2981_barvna-scaled.jpg","type":"image\/jpeg"}],"twitter_card":"summary_large_image","twitter_misc":{"Procijenjeno vrijeme \u010ditanja":"1 minuta"},"schema":{"@context":"https:\/\/schema.org","@graph":[{"@type":"WebPage","@id":"https:\/\/termotom.com\/hr\/traka-protiv-prasine-bez-perforacije-za-debljine-ploca-od-32-mm-do-50-mm\/","url":"https:\/\/termotom.com\/hr\/traka-protiv-prasine-bez-perforacije-za-debljine-ploca-od-32-mm-do-50-mm\/","name":"Traka protiv pra\u0161ine bez perforacije za debljine plo\u010da od 32 mm do 50 mm - Trgovina Termotom","isPartOf":{"@id":"https:\/\/termotom.com\/hr\/#website"},"primaryImageOfPage":{"@id":"https:\/\/termotom.com\/hr\/traka-protiv-prasine-bez-perforacije-za-debljine-ploca-od-32-mm-do-50-mm\/#primaryimage"},"image":{"@id":"https:\/\/termotom.com\/hr\/traka-protiv-prasine-bez-perforacije-za-debljine-ploca-od-32-mm-do-50-mm\/#primaryimage"},"thumbnailUrl":"https:\/\/termotom.com\/wp-content\/uploads\/XC-2981_barvna-scaled.jpg","datePublished":"2023-11-15T18:52:14+00:00","dateModified":"2026-04-01T12:05:33+00:00","breadcrumb":{"@id":"https:\/\/termotom.com\/hr\/traka-protiv-prasine-bez-perforacije-za-debljine-ploca-od-32-mm-do-50-mm\/#breadcrumb"},"inLanguage":"hr","potentialAction":[{"@type":"ReadAction","target":["https:\/\/termotom.com\/hr\/traka-protiv-prasine-bez-perforacije-za-debljine-ploca-od-32-mm-do-50-mm\/"]}]},{"@type":"ImageObject","inLanguage":"hr","@id":"https:\/\/termotom.com\/hr\/traka-protiv-prasine-bez-perforacije-za-debljine-ploca-od-32-mm-do-50-mm\/#primaryimage","url":"https:\/\/termotom.com\/wp-content\/uploads\/XC-2981_barvna-scaled.jpg","contentUrl":"https:\/\/termotom.com\/wp-content\/uploads\/XC-2981_barvna-scaled.jpg","width":2560,"height":2111},{"@type":"BreadcrumbList","@id":"https:\/\/termotom.com\/hr\/traka-protiv-prasine-bez-perforacije-za-debljine-ploca-od-32-mm-do-50-mm\/#breadcrumb","itemListElement":[{"@type":"ListItem","position":1,"name":"Home","item":"https:\/\/termotom.com\/hr\/"},{"@type":"ListItem","position":2,"name":"Trgovina","item":"https:\/\/termotom.com\/hr\/trgovina\/"},{"@type":"ListItem","position":3,"name":"Traka protiv pra\u0161ine bez perforacije za debljine plo\u010da od 32 mm do 50 mm"}]},{"@type":"WebSite","@id":"https:\/\/termotom.com\/hr\/#website","url":"https:\/\/termotom.com\/hr\/","name":"Trgovina Termotom","description":"Spletna trgovina","publisher":{"@id":"https:\/\/termotom.com\/hr\/#organization"},"potentialAction":[{"@type":"SearchAction","target":{"@type":"EntryPoint","urlTemplate":"https:\/\/termotom.com\/hr\/?s={search_term_string}"},"query-input":{"@type":"PropertyValueSpecification","valueRequired":true,"valueName":"search_term_string"}}],"inLanguage":"hr"},{"@type":"Organization","@id":"https:\/\/termotom.com\/hr\/#organization","name":"Trgovina Termotom","url":"https:\/\/termotom.com\/hr\/","logo":{"@type":"ImageObject","inLanguage":"hr","@id":"https:\/\/termotom.com\/hr\/#\/schema\/logo\/image\/","url":"https:\/\/termotom.com\/wp-content\/uploads\/logo.png","contentUrl":"https:\/\/termotom.com\/wp-content\/uploads\/logo.png","width":400,"height":60,"caption":"Trgovina Termotom"},"image":{"@id":"https:\/\/termotom.com\/hr\/#\/schema\/logo\/image\/"}}]}},"_links":{"self":[{"href":"https:\/\/termotom.com\/hr\/wp-json\/wp\/v2\/product\/38334","targetHints":{"allow":["GET"]}}],"collection":[{"href":"https:\/\/termotom.com\/hr\/wp-json\/wp\/v2\/product"}],"about":[{"href":"https:\/\/termotom.com\/hr\/wp-json\/wp\/v2\/types\/product"}],"replies":[{"embeddable":true,"href":"https:\/\/termotom.com\/hr\/wp-json\/wp\/v2\/comments?post=38334"}],"wp:featuredmedia":[{"embeddable":true,"href":"https:\/\/termotom.com\/hr\/wp-json\/wp\/v2\/media\/38335"}],"wp:attachment":[{"href":"https:\/\/termotom.com\/hr\/wp-json\/wp\/v2\/media?parent=38334"}],"wp:term":[{"taxonomy":"product_brand","embeddable":true,"href":"https:\/\/termotom.com\/hr\/wp-json\/wp\/v2\/product_brand?post=38334"},{"taxonomy":"product_cat","embeddable":true,"href":"https:\/\/termotom.com\/hr\/wp-json\/wp\/v2\/product_cat?post=38334"},{"taxonomy":"product_tag","embeddable":true,"href":"https:\/\/termotom.com\/hr\/wp-json\/wp\/v2\/product_tag?post=38334"}],"curies":[{"name":"wp","href":"https:\/\/api.w.org\/{rel}","templated":true}]}}