{"id":38340,"date":"2023-11-15T18:52:14","date_gmt":"2023-11-15T18:52:14","guid":{"rendered":"https:\/\/termotom.com\/silikon-brezkislinski-za-polikarbonat\/"},"modified":"2026-04-01T12:05:34","modified_gmt":"2026-04-01T12:05:34","slug":"silikon-bez-kiseline-za-polikarbonat","status":"publish","type":"product","link":"https:\/\/termotom.com\/hr\/silikon-bez-kiseline-za-polikarbonat\/","title":{"rendered":"Silikon, bez kiseline, za polikarbonat"},"content":{"rendered":"<p>Silikon je namijenjen brtvljenju spojeva izme\u0111u profila za kapanje i panela. Brtvilo je bez kiseline, jer kiselina mo\u017ee o\u0161tetiti polikarbonatne panele. Glavna svrha silikonskog brtvila je sprije\u010diti ispadanje profila za kapanje i klizanje gumenih brtvi iz profila.<\/p>\n","protected":false},"excerpt":{"rendered":"<p>Kiselinski neutralni silikonski brtvilo za brtvljenje izme\u0111u posude za kapanje i pladnja.<\/p>\n","protected":false},"featured_media":38341,"comment_status":"open","ping_status":"open","template":"","meta":{"_acf_changed":false},"product_brand":[],"product_cat":[1795,1932],"product_tag":[],"class_list":{"0":"post-38340","1":"product","2":"type-product","3":"status-publish","4":"has-post-thumbnail","6":"product_cat-materijali-za-pricvrscivanje-krova","7":"product_cat-trake-i-brtve","9":"first","10":"instock","11":"taxable","12":"shipping-taxable","13":"purchasable","14":"product-type-simple"},"acf":[],"yoast_head":"<!-- This site is optimized with the Yoast SEO plugin v27.0 - https:\/\/yoast.com\/product\/yoast-seo-wordpress\/ -->\n<title>Silikon, bez kiseline, za polikarbonat - Trgovina Termotom<\/title>\n<meta name=\"robots\" content=\"index, follow, max-snippet:-1, max-image-preview:large, max-video-preview:-1\" \/>\n<link rel=\"canonical\" href=\"https:\/\/termotom.com\/hr\/silikon-bez-kiseline-za-polikarbonat\/\" \/>\n<meta property=\"og:locale\" content=\"hr_HR\" \/>\n<meta property=\"og:type\" content=\"article\" \/>\n<meta property=\"og:title\" content=\"Silikon, bez kiseline, za polikarbonat - Trgovina Termotom\" \/>\n<meta property=\"og:description\" content=\"Kiselinski neutralni silikonski brtvilo za brtvljenje izme\u0111u posude za kapanje i pladnja.\" \/>\n<meta property=\"og:url\" content=\"https:\/\/termotom.com\/hr\/silikon-bez-kiseline-za-polikarbonat\/\" \/>\n<meta property=\"og:site_name\" content=\"Trgovina Termotom\" \/>\n<meta property=\"article:modified_time\" content=\"2026-04-01T12:05:34+00:00\" \/>\n<meta property=\"og:image\" content=\"https:\/\/termotom.com\/wp-content\/uploads\/silikon-ottoseal-scaled.jpg\" \/>\n\t<meta property=\"og:image:width\" content=\"2462\" \/>\n\t<meta property=\"og:image:height\" content=\"2560\" \/>\n\t<meta property=\"og:image:type\" content=\"image\/jpeg\" \/>\n<meta name=\"twitter:card\" content=\"summary_large_image\" \/>\n<script type=\"application\/ld+json\" class=\"yoast-schema-graph\">{\"@context\":\"https:\/\/schema.org\",\"@graph\":[{\"@type\":\"WebPage\",\"@id\":\"https:\/\/termotom.com\/hr\/silikon-bez-kiseline-za-polikarbonat\/\",\"url\":\"https:\/\/termotom.com\/hr\/silikon-bez-kiseline-za-polikarbonat\/\",\"name\":\"Silikon, bez kiseline, za polikarbonat - Trgovina Termotom\",\"isPartOf\":{\"@id\":\"https:\/\/termotom.com\/hr\/#website\"},\"primaryImageOfPage\":{\"@id\":\"https:\/\/termotom.com\/hr\/silikon-bez-kiseline-za-polikarbonat\/#primaryimage\"},\"image\":{\"@id\":\"https:\/\/termotom.com\/hr\/silikon-bez-kiseline-za-polikarbonat\/#primaryimage\"},\"thumbnailUrl\":\"https:\/\/termotom.com\/wp-content\/uploads\/silikon-ottoseal-scaled.jpg\",\"datePublished\":\"2023-11-15T18:52:14+00:00\",\"dateModified\":\"2026-04-01T12:05:34+00:00\",\"breadcrumb\":{\"@id\":\"https:\/\/termotom.com\/hr\/silikon-bez-kiseline-za-polikarbonat\/#breadcrumb\"},\"inLanguage\":\"hr\",\"potentialAction\":[{\"@type\":\"ReadAction\",\"target\":[\"https:\/\/termotom.com\/hr\/silikon-bez-kiseline-za-polikarbonat\/\"]}]},{\"@type\":\"ImageObject\",\"inLanguage\":\"hr\",\"@id\":\"https:\/\/termotom.com\/hr\/silikon-bez-kiseline-za-polikarbonat\/#primaryimage\",\"url\":\"https:\/\/termotom.com\/wp-content\/uploads\/silikon-ottoseal-scaled.jpg\",\"contentUrl\":\"https:\/\/termotom.com\/wp-content\/uploads\/silikon-ottoseal-scaled.jpg\",\"width\":2462,\"height\":2560},{\"@type\":\"BreadcrumbList\",\"@id\":\"https:\/\/termotom.com\/hr\/silikon-bez-kiseline-za-polikarbonat\/#breadcrumb\",\"itemListElement\":[{\"@type\":\"ListItem\",\"position\":1,\"name\":\"Home\",\"item\":\"https:\/\/termotom.com\/hr\/\"},{\"@type\":\"ListItem\",\"position\":2,\"name\":\"Trgovina\",\"item\":\"https:\/\/termotom.com\/hr\/trgovina\/\"},{\"@type\":\"ListItem\",\"position\":3,\"name\":\"Silikon, bez kiseline, za polikarbonat\"}]},{\"@type\":\"WebSite\",\"@id\":\"https:\/\/termotom.com\/hr\/#website\",\"url\":\"https:\/\/termotom.com\/hr\/\",\"name\":\"Trgovina Termotom\",\"description\":\"Spletna trgovina\",\"publisher\":{\"@id\":\"https:\/\/termotom.com\/hr\/#organization\"},\"potentialAction\":[{\"@type\":\"SearchAction\",\"target\":{\"@type\":\"EntryPoint\",\"urlTemplate\":\"https:\/\/termotom.com\/hr\/?s={search_term_string}\"},\"query-input\":{\"@type\":\"PropertyValueSpecification\",\"valueRequired\":true,\"valueName\":\"search_term_string\"}}],\"inLanguage\":\"hr\"},{\"@type\":\"Organization\",\"@id\":\"https:\/\/termotom.com\/hr\/#organization\",\"name\":\"Trgovina Termotom\",\"url\":\"https:\/\/termotom.com\/hr\/\",\"logo\":{\"@type\":\"ImageObject\",\"inLanguage\":\"hr\",\"@id\":\"https:\/\/termotom.com\/hr\/#\/schema\/logo\/image\/\",\"url\":\"https:\/\/termotom.com\/wp-content\/uploads\/logo.png\",\"contentUrl\":\"https:\/\/termotom.com\/wp-content\/uploads\/logo.png\",\"width\":400,\"height\":60,\"caption\":\"Trgovina Termotom\"},\"image\":{\"@id\":\"https:\/\/termotom.com\/hr\/#\/schema\/logo\/image\/\"}}]}<\/script>\n<!-- \/ Yoast SEO plugin. -->","yoast_head_json":{"title":"Silikon, bez kiseline, za polikarbonat - Trgovina Termotom","robots":{"index":"index","follow":"follow","max-snippet":"max-snippet:-1","max-image-preview":"max-image-preview:large","max-video-preview":"max-video-preview:-1"},"canonical":"https:\/\/termotom.com\/hr\/silikon-bez-kiseline-za-polikarbonat\/","og_locale":"hr_HR","og_type":"article","og_title":"Silikon, bez kiseline, za polikarbonat - Trgovina Termotom","og_description":"Kiselinski neutralni silikonski brtvilo za brtvljenje izme\u0111u posude za kapanje i pladnja.","og_url":"https:\/\/termotom.com\/hr\/silikon-bez-kiseline-za-polikarbonat\/","og_site_name":"Trgovina Termotom","article_modified_time":"2026-04-01T12:05:34+00:00","og_image":[{"width":2462,"height":2560,"url":"https:\/\/termotom.com\/wp-content\/uploads\/silikon-ottoseal-scaled.jpg","type":"image\/jpeg"}],"twitter_card":"summary_large_image","schema":{"@context":"https:\/\/schema.org","@graph":[{"@type":"WebPage","@id":"https:\/\/termotom.com\/hr\/silikon-bez-kiseline-za-polikarbonat\/","url":"https:\/\/termotom.com\/hr\/silikon-bez-kiseline-za-polikarbonat\/","name":"Silikon, bez kiseline, za polikarbonat - Trgovina Termotom","isPartOf":{"@id":"https:\/\/termotom.com\/hr\/#website"},"primaryImageOfPage":{"@id":"https:\/\/termotom.com\/hr\/silikon-bez-kiseline-za-polikarbonat\/#primaryimage"},"image":{"@id":"https:\/\/termotom.com\/hr\/silikon-bez-kiseline-za-polikarbonat\/#primaryimage"},"thumbnailUrl":"https:\/\/termotom.com\/wp-content\/uploads\/silikon-ottoseal-scaled.jpg","datePublished":"2023-11-15T18:52:14+00:00","dateModified":"2026-04-01T12:05:34+00:00","breadcrumb":{"@id":"https:\/\/termotom.com\/hr\/silikon-bez-kiseline-za-polikarbonat\/#breadcrumb"},"inLanguage":"hr","potentialAction":[{"@type":"ReadAction","target":["https:\/\/termotom.com\/hr\/silikon-bez-kiseline-za-polikarbonat\/"]}]},{"@type":"ImageObject","inLanguage":"hr","@id":"https:\/\/termotom.com\/hr\/silikon-bez-kiseline-za-polikarbonat\/#primaryimage","url":"https:\/\/termotom.com\/wp-content\/uploads\/silikon-ottoseal-scaled.jpg","contentUrl":"https:\/\/termotom.com\/wp-content\/uploads\/silikon-ottoseal-scaled.jpg","width":2462,"height":2560},{"@type":"BreadcrumbList","@id":"https:\/\/termotom.com\/hr\/silikon-bez-kiseline-za-polikarbonat\/#breadcrumb","itemListElement":[{"@type":"ListItem","position":1,"name":"Home","item":"https:\/\/termotom.com\/hr\/"},{"@type":"ListItem","position":2,"name":"Trgovina","item":"https:\/\/termotom.com\/hr\/trgovina\/"},{"@type":"ListItem","position":3,"name":"Silikon, bez kiseline, za polikarbonat"}]},{"@type":"WebSite","@id":"https:\/\/termotom.com\/hr\/#website","url":"https:\/\/termotom.com\/hr\/","name":"Trgovina Termotom","description":"Spletna trgovina","publisher":{"@id":"https:\/\/termotom.com\/hr\/#organization"},"potentialAction":[{"@type":"SearchAction","target":{"@type":"EntryPoint","urlTemplate":"https:\/\/termotom.com\/hr\/?s={search_term_string}"},"query-input":{"@type":"PropertyValueSpecification","valueRequired":true,"valueName":"search_term_string"}}],"inLanguage":"hr"},{"@type":"Organization","@id":"https:\/\/termotom.com\/hr\/#organization","name":"Trgovina Termotom","url":"https:\/\/termotom.com\/hr\/","logo":{"@type":"ImageObject","inLanguage":"hr","@id":"https:\/\/termotom.com\/hr\/#\/schema\/logo\/image\/","url":"https:\/\/termotom.com\/wp-content\/uploads\/logo.png","contentUrl":"https:\/\/termotom.com\/wp-content\/uploads\/logo.png","width":400,"height":60,"caption":"Trgovina Termotom"},"image":{"@id":"https:\/\/termotom.com\/hr\/#\/schema\/logo\/image\/"}}]}},"_links":{"self":[{"href":"https:\/\/termotom.com\/hr\/wp-json\/wp\/v2\/product\/38340","targetHints":{"allow":["GET"]}}],"collection":[{"href":"https:\/\/termotom.com\/hr\/wp-json\/wp\/v2\/product"}],"about":[{"href":"https:\/\/termotom.com\/hr\/wp-json\/wp\/v2\/types\/product"}],"replies":[{"embeddable":true,"href":"https:\/\/termotom.com\/hr\/wp-json\/wp\/v2\/comments?post=38340"}],"wp:featuredmedia":[{"embeddable":true,"href":"https:\/\/termotom.com\/hr\/wp-json\/wp\/v2\/media\/38341"}],"wp:attachment":[{"href":"https:\/\/termotom.com\/hr\/wp-json\/wp\/v2\/media?parent=38340"}],"wp:term":[{"taxonomy":"product_brand","embeddable":true,"href":"https:\/\/termotom.com\/hr\/wp-json\/wp\/v2\/product_brand?post=38340"},{"taxonomy":"product_cat","embeddable":true,"href":"https:\/\/termotom.com\/hr\/wp-json\/wp\/v2\/product_cat?post=38340"},{"taxonomy":"product_tag","embeddable":true,"href":"https:\/\/termotom.com\/hr\/wp-json\/wp\/v2\/product_tag?post=38340"}],"curies":[{"name":"wp","href":"https:\/\/api.w.org\/{rel}","templated":true}]}}