{"id":38424,"date":"2023-11-15T18:52:05","date_gmt":"2023-11-15T18:52:05","guid":{"rendered":"https:\/\/termotom.com\/vijak-63x50-inox-s-podlozko-fi-29-za-kovino\/"},"modified":"2026-04-01T12:06:11","modified_gmt":"2026-04-01T12:06:11","slug":"vijak-6-3x50-od-nehrdajuceg-celika-s-podloskom-fi-29-za-metal","status":"publish","type":"product","link":"https:\/\/termotom.com\/hr\/vijak-6-3x50-od-nehrdajuceg-celika-s-podloskom-fi-29-za-metal\/","title":{"rendered":"VIJAK 6.3\u00d750 od nehr\u0111aju\u0107eg \u010delika s podlo\u0161kom fi 29 za metal"},"content":{"rendered":"<p>Vijak od nehr\u0111aju\u0107eg \u010delika s gumom i brtvom od nehr\u0111aju\u0107eg \u010delika, promjer 29 mm, za pri\u010dvr\u0161\u0107ivanje polikarbonatnih plo\u010da. Vijak je namijenjen za vija\u010denje u metalne konstrukcije. Vijci su u sirovo aluminijskoj boji. Vijci su samorezni, ne samoboraju. Veli\u010dina podlo\u0161ke i meko\u0107a gumene brtve osiguravaju pravilno brtvljenje.<\/p>\n","protected":false},"excerpt":{"rendered":"<p>Vija\u010dna plo\u010da s metalnom i gumenom podlo\u0161kom za pri\u010dvr\u0161\u0107ivanje polikarbonatnih plo\u010da u metalne konstrukcije.<\/p>\n","protected":false},"featured_media":38377,"comment_status":"open","ping_status":"closed","template":"","meta":{"_acf_changed":false},"product_brand":[],"product_cat":[1795,1962],"product_tag":[],"class_list":{"0":"post-38424","1":"product","2":"type-product","3":"status-publish","4":"has-post-thumbnail","6":"product_cat-materijali-za-pricvrscivanje-krova","7":"product_cat-vijci-i-podloske","8":"product_shipping_class-nizja-dostava","9":"pa_komplet-25-kosov","10":"pa_komplet-50-kosov","12":"first","13":"instock","14":"taxable","15":"shipping-taxable","16":"purchasable","17":"product-type-variable"},"acf":[],"yoast_head":"<!-- This site is optimized with the Yoast SEO plugin v27.0 - https:\/\/yoast.com\/product\/yoast-seo-wordpress\/ -->\n<title>VIJAK 6.3\u00d750 od nehr\u0111aju\u0107eg \u010delika s podlo\u0161kom fi 29 za metal - Trgovina Termotom<\/title>\n<meta name=\"robots\" content=\"index, follow, max-snippet:-1, max-image-preview:large, max-video-preview:-1\" \/>\n<link rel=\"canonical\" href=\"https:\/\/termotom.com\/hr\/vijak-6-3x50-od-nehrdajuceg-celika-s-podloskom-fi-29-za-metal\/\" \/>\n<meta property=\"og:locale\" content=\"hr_HR\" \/>\n<meta property=\"og:type\" content=\"article\" \/>\n<meta property=\"og:title\" content=\"VIJAK 6.3\u00d750 od nehr\u0111aju\u0107eg \u010delika s podlo\u0161kom fi 29 za metal - Trgovina Termotom\" \/>\n<meta property=\"og:description\" content=\"Vija\u010dna plo\u010da s metalnom i gumenom podlo\u0161kom za pri\u010dvr\u0161\u0107ivanje polikarbonatnih plo\u010da u metalne konstrukcije.\" \/>\n<meta property=\"og:url\" content=\"https:\/\/termotom.com\/hr\/vijak-6-3x50-od-nehrdajuceg-celika-s-podloskom-fi-29-za-metal\/\" \/>\n<meta property=\"og:site_name\" content=\"Trgovina Termotom\" \/>\n<meta property=\"article:modified_time\" content=\"2026-04-01T12:06:11+00:00\" \/>\n<meta property=\"og:image\" content=\"https:\/\/termotom.com\/wp-content\/uploads\/Vijak-lesni-fi29.jpg\" \/>\n\t<meta property=\"og:image:width\" content=\"1959\" \/>\n\t<meta property=\"og:image:height\" content=\"1952\" \/>\n\t<meta property=\"og:image:type\" content=\"image\/jpeg\" \/>\n<meta name=\"twitter:card\" content=\"summary_large_image\" \/>\n<script type=\"application\/ld+json\" class=\"yoast-schema-graph\">{\"@context\":\"https:\/\/schema.org\",\"@graph\":[{\"@type\":\"WebPage\",\"@id\":\"https:\/\/termotom.com\/hr\/vijak-6-3x50-od-nehrdajuceg-celika-s-podloskom-fi-29-za-metal\/\",\"url\":\"https:\/\/termotom.com\/hr\/vijak-6-3x50-od-nehrdajuceg-celika-s-podloskom-fi-29-za-metal\/\",\"name\":\"VIJAK 6.3\u00d750 od nehr\u0111aju\u0107eg \u010delika s podlo\u0161kom fi 29 za metal - Trgovina Termotom\",\"isPartOf\":{\"@id\":\"https:\/\/termotom.com\/hr\/#website\"},\"primaryImageOfPage\":{\"@id\":\"https:\/\/termotom.com\/hr\/vijak-6-3x50-od-nehrdajuceg-celika-s-podloskom-fi-29-za-metal\/#primaryimage\"},\"image\":{\"@id\":\"https:\/\/termotom.com\/hr\/vijak-6-3x50-od-nehrdajuceg-celika-s-podloskom-fi-29-za-metal\/#primaryimage\"},\"thumbnailUrl\":\"https:\/\/termotom.com\/wp-content\/uploads\/Vijak-lesni-fi29.jpg\",\"datePublished\":\"2023-11-15T18:52:05+00:00\",\"dateModified\":\"2026-04-01T12:06:11+00:00\",\"breadcrumb\":{\"@id\":\"https:\/\/termotom.com\/hr\/vijak-6-3x50-od-nehrdajuceg-celika-s-podloskom-fi-29-za-metal\/#breadcrumb\"},\"inLanguage\":\"hr\",\"potentialAction\":[{\"@type\":\"ReadAction\",\"target\":[\"https:\/\/termotom.com\/hr\/vijak-6-3x50-od-nehrdajuceg-celika-s-podloskom-fi-29-za-metal\/\"]}]},{\"@type\":\"ImageObject\",\"inLanguage\":\"hr\",\"@id\":\"https:\/\/termotom.com\/hr\/vijak-6-3x50-od-nehrdajuceg-celika-s-podloskom-fi-29-za-metal\/#primaryimage\",\"url\":\"https:\/\/termotom.com\/wp-content\/uploads\/Vijak-lesni-fi29.jpg\",\"contentUrl\":\"https:\/\/termotom.com\/wp-content\/uploads\/Vijak-lesni-fi29.jpg\",\"width\":1959,\"height\":1952},{\"@type\":\"BreadcrumbList\",\"@id\":\"https:\/\/termotom.com\/hr\/vijak-6-3x50-od-nehrdajuceg-celika-s-podloskom-fi-29-za-metal\/#breadcrumb\",\"itemListElement\":[{\"@type\":\"ListItem\",\"position\":1,\"name\":\"Home\",\"item\":\"https:\/\/termotom.com\/hr\/\"},{\"@type\":\"ListItem\",\"position\":2,\"name\":\"Trgovina\",\"item\":\"https:\/\/termotom.com\/hr\/trgovina\/\"},{\"@type\":\"ListItem\",\"position\":3,\"name\":\"VIJAK 6.3\u00d750 od nehr\u0111aju\u0107eg \u010delika s podlo\u0161kom fi 29 za metal\"}]},{\"@type\":\"WebSite\",\"@id\":\"https:\/\/termotom.com\/hr\/#website\",\"url\":\"https:\/\/termotom.com\/hr\/\",\"name\":\"Trgovina Termotom\",\"description\":\"Spletna trgovina\",\"publisher\":{\"@id\":\"https:\/\/termotom.com\/hr\/#organization\"},\"potentialAction\":[{\"@type\":\"SearchAction\",\"target\":{\"@type\":\"EntryPoint\",\"urlTemplate\":\"https:\/\/termotom.com\/hr\/?s={search_term_string}\"},\"query-input\":{\"@type\":\"PropertyValueSpecification\",\"valueRequired\":true,\"valueName\":\"search_term_string\"}}],\"inLanguage\":\"hr\"},{\"@type\":\"Organization\",\"@id\":\"https:\/\/termotom.com\/hr\/#organization\",\"name\":\"Trgovina Termotom\",\"url\":\"https:\/\/termotom.com\/hr\/\",\"logo\":{\"@type\":\"ImageObject\",\"inLanguage\":\"hr\",\"@id\":\"https:\/\/termotom.com\/hr\/#\/schema\/logo\/image\/\",\"url\":\"https:\/\/termotom.com\/wp-content\/uploads\/logo.png\",\"contentUrl\":\"https:\/\/termotom.com\/wp-content\/uploads\/logo.png\",\"width\":400,\"height\":60,\"caption\":\"Trgovina Termotom\"},\"image\":{\"@id\":\"https:\/\/termotom.com\/hr\/#\/schema\/logo\/image\/\"}}]}<\/script>\n<!-- \/ Yoast SEO plugin. -->","yoast_head_json":{"title":"VIJAK 6.3\u00d750 od nehr\u0111aju\u0107eg \u010delika s podlo\u0161kom fi 29 za metal - Trgovina Termotom","robots":{"index":"index","follow":"follow","max-snippet":"max-snippet:-1","max-image-preview":"max-image-preview:large","max-video-preview":"max-video-preview:-1"},"canonical":"https:\/\/termotom.com\/hr\/vijak-6-3x50-od-nehrdajuceg-celika-s-podloskom-fi-29-za-metal\/","og_locale":"hr_HR","og_type":"article","og_title":"VIJAK 6.3\u00d750 od nehr\u0111aju\u0107eg \u010delika s podlo\u0161kom fi 29 za metal - Trgovina Termotom","og_description":"Vija\u010dna plo\u010da s metalnom i gumenom podlo\u0161kom za pri\u010dvr\u0161\u0107ivanje polikarbonatnih plo\u010da u metalne konstrukcije.","og_url":"https:\/\/termotom.com\/hr\/vijak-6-3x50-od-nehrdajuceg-celika-s-podloskom-fi-29-za-metal\/","og_site_name":"Trgovina Termotom","article_modified_time":"2026-04-01T12:06:11+00:00","og_image":[{"width":1959,"height":1952,"url":"https:\/\/termotom.com\/wp-content\/uploads\/Vijak-lesni-fi29.jpg","type":"image\/jpeg"}],"twitter_card":"summary_large_image","schema":{"@context":"https:\/\/schema.org","@graph":[{"@type":"WebPage","@id":"https:\/\/termotom.com\/hr\/vijak-6-3x50-od-nehrdajuceg-celika-s-podloskom-fi-29-za-metal\/","url":"https:\/\/termotom.com\/hr\/vijak-6-3x50-od-nehrdajuceg-celika-s-podloskom-fi-29-za-metal\/","name":"VIJAK 6.3\u00d750 od nehr\u0111aju\u0107eg \u010delika s podlo\u0161kom fi 29 za metal - Trgovina Termotom","isPartOf":{"@id":"https:\/\/termotom.com\/hr\/#website"},"primaryImageOfPage":{"@id":"https:\/\/termotom.com\/hr\/vijak-6-3x50-od-nehrdajuceg-celika-s-podloskom-fi-29-za-metal\/#primaryimage"},"image":{"@id":"https:\/\/termotom.com\/hr\/vijak-6-3x50-od-nehrdajuceg-celika-s-podloskom-fi-29-za-metal\/#primaryimage"},"thumbnailUrl":"https:\/\/termotom.com\/wp-content\/uploads\/Vijak-lesni-fi29.jpg","datePublished":"2023-11-15T18:52:05+00:00","dateModified":"2026-04-01T12:06:11+00:00","breadcrumb":{"@id":"https:\/\/termotom.com\/hr\/vijak-6-3x50-od-nehrdajuceg-celika-s-podloskom-fi-29-za-metal\/#breadcrumb"},"inLanguage":"hr","potentialAction":[{"@type":"ReadAction","target":["https:\/\/termotom.com\/hr\/vijak-6-3x50-od-nehrdajuceg-celika-s-podloskom-fi-29-za-metal\/"]}]},{"@type":"ImageObject","inLanguage":"hr","@id":"https:\/\/termotom.com\/hr\/vijak-6-3x50-od-nehrdajuceg-celika-s-podloskom-fi-29-za-metal\/#primaryimage","url":"https:\/\/termotom.com\/wp-content\/uploads\/Vijak-lesni-fi29.jpg","contentUrl":"https:\/\/termotom.com\/wp-content\/uploads\/Vijak-lesni-fi29.jpg","width":1959,"height":1952},{"@type":"BreadcrumbList","@id":"https:\/\/termotom.com\/hr\/vijak-6-3x50-od-nehrdajuceg-celika-s-podloskom-fi-29-za-metal\/#breadcrumb","itemListElement":[{"@type":"ListItem","position":1,"name":"Home","item":"https:\/\/termotom.com\/hr\/"},{"@type":"ListItem","position":2,"name":"Trgovina","item":"https:\/\/termotom.com\/hr\/trgovina\/"},{"@type":"ListItem","position":3,"name":"VIJAK 6.3\u00d750 od nehr\u0111aju\u0107eg \u010delika s podlo\u0161kom fi 29 za metal"}]},{"@type":"WebSite","@id":"https:\/\/termotom.com\/hr\/#website","url":"https:\/\/termotom.com\/hr\/","name":"Trgovina Termotom","description":"Spletna trgovina","publisher":{"@id":"https:\/\/termotom.com\/hr\/#organization"},"potentialAction":[{"@type":"SearchAction","target":{"@type":"EntryPoint","urlTemplate":"https:\/\/termotom.com\/hr\/?s={search_term_string}"},"query-input":{"@type":"PropertyValueSpecification","valueRequired":true,"valueName":"search_term_string"}}],"inLanguage":"hr"},{"@type":"Organization","@id":"https:\/\/termotom.com\/hr\/#organization","name":"Trgovina Termotom","url":"https:\/\/termotom.com\/hr\/","logo":{"@type":"ImageObject","inLanguage":"hr","@id":"https:\/\/termotom.com\/hr\/#\/schema\/logo\/image\/","url":"https:\/\/termotom.com\/wp-content\/uploads\/logo.png","contentUrl":"https:\/\/termotom.com\/wp-content\/uploads\/logo.png","width":400,"height":60,"caption":"Trgovina Termotom"},"image":{"@id":"https:\/\/termotom.com\/hr\/#\/schema\/logo\/image\/"}}]}},"_links":{"self":[{"href":"https:\/\/termotom.com\/hr\/wp-json\/wp\/v2\/product\/38424","targetHints":{"allow":["GET"]}}],"collection":[{"href":"https:\/\/termotom.com\/hr\/wp-json\/wp\/v2\/product"}],"about":[{"href":"https:\/\/termotom.com\/hr\/wp-json\/wp\/v2\/types\/product"}],"replies":[{"embeddable":true,"href":"https:\/\/termotom.com\/hr\/wp-json\/wp\/v2\/comments?post=38424"}],"wp:featuredmedia":[{"embeddable":true,"href":"https:\/\/termotom.com\/hr\/wp-json\/wp\/v2\/media\/38377"}],"wp:attachment":[{"href":"https:\/\/termotom.com\/hr\/wp-json\/wp\/v2\/media?parent=38424"}],"wp:term":[{"taxonomy":"product_brand","embeddable":true,"href":"https:\/\/termotom.com\/hr\/wp-json\/wp\/v2\/product_brand?post=38424"},{"taxonomy":"product_cat","embeddable":true,"href":"https:\/\/termotom.com\/hr\/wp-json\/wp\/v2\/product_cat?post=38424"},{"taxonomy":"product_tag","embeddable":true,"href":"https:\/\/termotom.com\/hr\/wp-json\/wp\/v2\/product_tag?post=38424"}],"curies":[{"name":"wp","href":"https:\/\/api.w.org\/{rel}","templated":true}]}}