{"id":38490,"date":"2023-11-15T18:51:57","date_gmt":"2023-11-15T18:51:57","guid":{"rendered":"https:\/\/termotom.com\/vijak-8-65x50-inox-z-gobastim-tesnilom-lesni-diamond\/"},"modified":"2026-04-01T12:06:52","modified_gmt":"2026-04-01T12:06:52","slug":"vijak-8-65x50-od-nehrdajuceg-celika-s-gljivastim-brtvenim-prstenom-drvo-dijamant","status":"publish","type":"product","link":"https:\/\/termotom.com\/hr\/vijak-8-65x50-od-nehrdajuceg-celika-s-gljivastim-brtvenim-prstenom-drvo-dijamant\/","title":{"rendered":"Vijak (8) 6,5\u00d750 od nehr\u0111aju\u0107eg \u010delika s gljivastim brtvenim prstenom, drvo, dijamant"},"content":{"rendered":"<p>Vijak od nehr\u0111aju\u0107eg \u010delika s gljivi\u010dnim brtvom za pri\u010dvr\u0161\u0107ivanje Diamond panela. Vijak je namijenjen za zavrtanje u drvene konstrukcije. Vijci su u sirovoj aluminijskoj boji. Vijci su samorezni, ne samoborazni.<\/p>\n","protected":false},"excerpt":{"rendered":"<p>Vijak s gljivi\u010dnim brtvenim prstenom za pri\u010dvr\u0161\u0107ivanje dijamantnih plo\u010da u drvene konstrukcije.<\/p>\n","protected":false},"featured_media":38452,"comment_status":"open","ping_status":"closed","template":"","meta":{"_acf_changed":false},"product_brand":[],"product_cat":[1655,1795,1962],"product_tag":[],"class_list":{"0":"post-38490","1":"product","2":"type-product","3":"status-publish","4":"has-post-thumbnail","6":"product_cat-valoviti-polikarbonatni-krovovi","7":"product_cat-materijali-za-pricvrscivanje-krova","8":"product_cat-vijci-i-podloske","9":"product_shipping_class-nizja-dostava","10":"pa_komplet-25-kosov","11":"pa_komplet-50-kosov","13":"first","14":"instock","15":"taxable","16":"shipping-taxable","17":"purchasable","18":"product-type-variable"},"acf":[],"yoast_head":"<!-- This site is optimized with the Yoast SEO plugin v27.0 - https:\/\/yoast.com\/product\/yoast-seo-wordpress\/ -->\n<title>Vijak (8) 6,5\u00d750 od nehr\u0111aju\u0107eg \u010delika s gljivastim brtvenim prstenom, drvo, dijamant - Trgovina Termotom<\/title>\n<meta name=\"robots\" content=\"index, follow, max-snippet:-1, max-image-preview:large, max-video-preview:-1\" \/>\n<link rel=\"canonical\" href=\"https:\/\/termotom.com\/hr\/vijak-8-65x50-od-nehrdajuceg-celika-s-gljivastim-brtvenim-prstenom-drvo-dijamant\/\" \/>\n<meta property=\"og:locale\" content=\"hr_HR\" \/>\n<meta property=\"og:type\" content=\"article\" \/>\n<meta property=\"og:title\" content=\"Vijak (8) 6,5\u00d750 od nehr\u0111aju\u0107eg \u010delika s gljivastim brtvenim prstenom, drvo, dijamant - Trgovina Termotom\" \/>\n<meta property=\"og:description\" content=\"Vijak s gljivi\u010dnim brtvenim prstenom za pri\u010dvr\u0161\u0107ivanje dijamantnih plo\u010da u drvene konstrukcije.\" \/>\n<meta property=\"og:url\" content=\"https:\/\/termotom.com\/hr\/vijak-8-65x50-od-nehrdajuceg-celika-s-gljivastim-brtvenim-prstenom-drvo-dijamant\/\" \/>\n<meta property=\"og:site_name\" content=\"Trgovina Termotom\" \/>\n<meta property=\"article:modified_time\" content=\"2026-04-01T12:06:52+00:00\" \/>\n<meta property=\"og:image\" content=\"https:\/\/termotom.com\/wp-content\/uploads\/Vijak-diamond-lesni.jpg\" \/>\n\t<meta property=\"og:image:width\" content=\"1959\" \/>\n\t<meta property=\"og:image:height\" content=\"1952\" \/>\n\t<meta property=\"og:image:type\" content=\"image\/jpeg\" \/>\n<meta name=\"twitter:card\" content=\"summary_large_image\" \/>\n<meta name=\"twitter:label1\" content=\"Procijenjeno vrijeme \u010ditanja\" \/>\n\t<meta name=\"twitter:data1\" content=\"1 minuta\" \/>\n<script type=\"application\/ld+json\" class=\"yoast-schema-graph\">{\"@context\":\"https:\/\/schema.org\",\"@graph\":[{\"@type\":\"WebPage\",\"@id\":\"https:\/\/termotom.com\/hr\/vijak-8-65x50-od-nehrdajuceg-celika-s-gljivastim-brtvenim-prstenom-drvo-dijamant\/\",\"url\":\"https:\/\/termotom.com\/hr\/vijak-8-65x50-od-nehrdajuceg-celika-s-gljivastim-brtvenim-prstenom-drvo-dijamant\/\",\"name\":\"Vijak (8) 6,5\u00d750 od nehr\u0111aju\u0107eg \u010delika s gljivastim brtvenim prstenom, drvo, dijamant - Trgovina Termotom\",\"isPartOf\":{\"@id\":\"https:\/\/termotom.com\/hr\/#website\"},\"primaryImageOfPage\":{\"@id\":\"https:\/\/termotom.com\/hr\/vijak-8-65x50-od-nehrdajuceg-celika-s-gljivastim-brtvenim-prstenom-drvo-dijamant\/#primaryimage\"},\"image\":{\"@id\":\"https:\/\/termotom.com\/hr\/vijak-8-65x50-od-nehrdajuceg-celika-s-gljivastim-brtvenim-prstenom-drvo-dijamant\/#primaryimage\"},\"thumbnailUrl\":\"https:\/\/termotom.com\/wp-content\/uploads\/Vijak-diamond-lesni.jpg\",\"datePublished\":\"2023-11-15T18:51:57+00:00\",\"dateModified\":\"2026-04-01T12:06:52+00:00\",\"breadcrumb\":{\"@id\":\"https:\/\/termotom.com\/hr\/vijak-8-65x50-od-nehrdajuceg-celika-s-gljivastim-brtvenim-prstenom-drvo-dijamant\/#breadcrumb\"},\"inLanguage\":\"hr\",\"potentialAction\":[{\"@type\":\"ReadAction\",\"target\":[\"https:\/\/termotom.com\/hr\/vijak-8-65x50-od-nehrdajuceg-celika-s-gljivastim-brtvenim-prstenom-drvo-dijamant\/\"]}]},{\"@type\":\"ImageObject\",\"inLanguage\":\"hr\",\"@id\":\"https:\/\/termotom.com\/hr\/vijak-8-65x50-od-nehrdajuceg-celika-s-gljivastim-brtvenim-prstenom-drvo-dijamant\/#primaryimage\",\"url\":\"https:\/\/termotom.com\/wp-content\/uploads\/Vijak-diamond-lesni.jpg\",\"contentUrl\":\"https:\/\/termotom.com\/wp-content\/uploads\/Vijak-diamond-lesni.jpg\",\"width\":1959,\"height\":1952},{\"@type\":\"BreadcrumbList\",\"@id\":\"https:\/\/termotom.com\/hr\/vijak-8-65x50-od-nehrdajuceg-celika-s-gljivastim-brtvenim-prstenom-drvo-dijamant\/#breadcrumb\",\"itemListElement\":[{\"@type\":\"ListItem\",\"position\":1,\"name\":\"Home\",\"item\":\"https:\/\/termotom.com\/hr\/\"},{\"@type\":\"ListItem\",\"position\":2,\"name\":\"Trgovina\",\"item\":\"https:\/\/termotom.com\/hr\/trgovina\/\"},{\"@type\":\"ListItem\",\"position\":3,\"name\":\"Vijak (8) 6,5\u00d750 od nehr\u0111aju\u0107eg \u010delika s gljivastim brtvenim prstenom, drvo, dijamant\"}]},{\"@type\":\"WebSite\",\"@id\":\"https:\/\/termotom.com\/hr\/#website\",\"url\":\"https:\/\/termotom.com\/hr\/\",\"name\":\"Trgovina Termotom\",\"description\":\"Spletna trgovina\",\"publisher\":{\"@id\":\"https:\/\/termotom.com\/hr\/#organization\"},\"potentialAction\":[{\"@type\":\"SearchAction\",\"target\":{\"@type\":\"EntryPoint\",\"urlTemplate\":\"https:\/\/termotom.com\/hr\/?s={search_term_string}\"},\"query-input\":{\"@type\":\"PropertyValueSpecification\",\"valueRequired\":true,\"valueName\":\"search_term_string\"}}],\"inLanguage\":\"hr\"},{\"@type\":\"Organization\",\"@id\":\"https:\/\/termotom.com\/hr\/#organization\",\"name\":\"Trgovina Termotom\",\"url\":\"https:\/\/termotom.com\/hr\/\",\"logo\":{\"@type\":\"ImageObject\",\"inLanguage\":\"hr\",\"@id\":\"https:\/\/termotom.com\/hr\/#\/schema\/logo\/image\/\",\"url\":\"https:\/\/termotom.com\/wp-content\/uploads\/logo.png\",\"contentUrl\":\"https:\/\/termotom.com\/wp-content\/uploads\/logo.png\",\"width\":400,\"height\":60,\"caption\":\"Trgovina Termotom\"},\"image\":{\"@id\":\"https:\/\/termotom.com\/hr\/#\/schema\/logo\/image\/\"}}]}<\/script>\n<!-- \/ Yoast SEO plugin. -->","yoast_head_json":{"title":"Vijak (8) 6,5\u00d750 od nehr\u0111aju\u0107eg \u010delika s gljivastim brtvenim prstenom, drvo, dijamant - Trgovina Termotom","robots":{"index":"index","follow":"follow","max-snippet":"max-snippet:-1","max-image-preview":"max-image-preview:large","max-video-preview":"max-video-preview:-1"},"canonical":"https:\/\/termotom.com\/hr\/vijak-8-65x50-od-nehrdajuceg-celika-s-gljivastim-brtvenim-prstenom-drvo-dijamant\/","og_locale":"hr_HR","og_type":"article","og_title":"Vijak (8) 6,5\u00d750 od nehr\u0111aju\u0107eg \u010delika s gljivastim brtvenim prstenom, drvo, dijamant - Trgovina Termotom","og_description":"Vijak s gljivi\u010dnim brtvenim prstenom za pri\u010dvr\u0161\u0107ivanje dijamantnih plo\u010da u drvene konstrukcije.","og_url":"https:\/\/termotom.com\/hr\/vijak-8-65x50-od-nehrdajuceg-celika-s-gljivastim-brtvenim-prstenom-drvo-dijamant\/","og_site_name":"Trgovina Termotom","article_modified_time":"2026-04-01T12:06:52+00:00","og_image":[{"width":1959,"height":1952,"url":"https:\/\/termotom.com\/wp-content\/uploads\/Vijak-diamond-lesni.jpg","type":"image\/jpeg"}],"twitter_card":"summary_large_image","twitter_misc":{"Procijenjeno vrijeme \u010ditanja":"1 minuta"},"schema":{"@context":"https:\/\/schema.org","@graph":[{"@type":"WebPage","@id":"https:\/\/termotom.com\/hr\/vijak-8-65x50-od-nehrdajuceg-celika-s-gljivastim-brtvenim-prstenom-drvo-dijamant\/","url":"https:\/\/termotom.com\/hr\/vijak-8-65x50-od-nehrdajuceg-celika-s-gljivastim-brtvenim-prstenom-drvo-dijamant\/","name":"Vijak (8) 6,5\u00d750 od nehr\u0111aju\u0107eg \u010delika s gljivastim brtvenim prstenom, drvo, dijamant - Trgovina Termotom","isPartOf":{"@id":"https:\/\/termotom.com\/hr\/#website"},"primaryImageOfPage":{"@id":"https:\/\/termotom.com\/hr\/vijak-8-65x50-od-nehrdajuceg-celika-s-gljivastim-brtvenim-prstenom-drvo-dijamant\/#primaryimage"},"image":{"@id":"https:\/\/termotom.com\/hr\/vijak-8-65x50-od-nehrdajuceg-celika-s-gljivastim-brtvenim-prstenom-drvo-dijamant\/#primaryimage"},"thumbnailUrl":"https:\/\/termotom.com\/wp-content\/uploads\/Vijak-diamond-lesni.jpg","datePublished":"2023-11-15T18:51:57+00:00","dateModified":"2026-04-01T12:06:52+00:00","breadcrumb":{"@id":"https:\/\/termotom.com\/hr\/vijak-8-65x50-od-nehrdajuceg-celika-s-gljivastim-brtvenim-prstenom-drvo-dijamant\/#breadcrumb"},"inLanguage":"hr","potentialAction":[{"@type":"ReadAction","target":["https:\/\/termotom.com\/hr\/vijak-8-65x50-od-nehrdajuceg-celika-s-gljivastim-brtvenim-prstenom-drvo-dijamant\/"]}]},{"@type":"ImageObject","inLanguage":"hr","@id":"https:\/\/termotom.com\/hr\/vijak-8-65x50-od-nehrdajuceg-celika-s-gljivastim-brtvenim-prstenom-drvo-dijamant\/#primaryimage","url":"https:\/\/termotom.com\/wp-content\/uploads\/Vijak-diamond-lesni.jpg","contentUrl":"https:\/\/termotom.com\/wp-content\/uploads\/Vijak-diamond-lesni.jpg","width":1959,"height":1952},{"@type":"BreadcrumbList","@id":"https:\/\/termotom.com\/hr\/vijak-8-65x50-od-nehrdajuceg-celika-s-gljivastim-brtvenim-prstenom-drvo-dijamant\/#breadcrumb","itemListElement":[{"@type":"ListItem","position":1,"name":"Home","item":"https:\/\/termotom.com\/hr\/"},{"@type":"ListItem","position":2,"name":"Trgovina","item":"https:\/\/termotom.com\/hr\/trgovina\/"},{"@type":"ListItem","position":3,"name":"Vijak (8) 6,5\u00d750 od nehr\u0111aju\u0107eg \u010delika s gljivastim brtvenim prstenom, drvo, dijamant"}]},{"@type":"WebSite","@id":"https:\/\/termotom.com\/hr\/#website","url":"https:\/\/termotom.com\/hr\/","name":"Trgovina Termotom","description":"Spletna trgovina","publisher":{"@id":"https:\/\/termotom.com\/hr\/#organization"},"potentialAction":[{"@type":"SearchAction","target":{"@type":"EntryPoint","urlTemplate":"https:\/\/termotom.com\/hr\/?s={search_term_string}"},"query-input":{"@type":"PropertyValueSpecification","valueRequired":true,"valueName":"search_term_string"}}],"inLanguage":"hr"},{"@type":"Organization","@id":"https:\/\/termotom.com\/hr\/#organization","name":"Trgovina Termotom","url":"https:\/\/termotom.com\/hr\/","logo":{"@type":"ImageObject","inLanguage":"hr","@id":"https:\/\/termotom.com\/hr\/#\/schema\/logo\/image\/","url":"https:\/\/termotom.com\/wp-content\/uploads\/logo.png","contentUrl":"https:\/\/termotom.com\/wp-content\/uploads\/logo.png","width":400,"height":60,"caption":"Trgovina Termotom"},"image":{"@id":"https:\/\/termotom.com\/hr\/#\/schema\/logo\/image\/"}}]}},"_links":{"self":[{"href":"https:\/\/termotom.com\/hr\/wp-json\/wp\/v2\/product\/38490","targetHints":{"allow":["GET"]}}],"collection":[{"href":"https:\/\/termotom.com\/hr\/wp-json\/wp\/v2\/product"}],"about":[{"href":"https:\/\/termotom.com\/hr\/wp-json\/wp\/v2\/types\/product"}],"replies":[{"embeddable":true,"href":"https:\/\/termotom.com\/hr\/wp-json\/wp\/v2\/comments?post=38490"}],"wp:featuredmedia":[{"embeddable":true,"href":"https:\/\/termotom.com\/hr\/wp-json\/wp\/v2\/media\/38452"}],"wp:attachment":[{"href":"https:\/\/termotom.com\/hr\/wp-json\/wp\/v2\/media?parent=38490"}],"wp:term":[{"taxonomy":"product_brand","embeddable":true,"href":"https:\/\/termotom.com\/hr\/wp-json\/wp\/v2\/product_brand?post=38490"},{"taxonomy":"product_cat","embeddable":true,"href":"https:\/\/termotom.com\/hr\/wp-json\/wp\/v2\/product_cat?post=38490"},{"taxonomy":"product_tag","embeddable":true,"href":"https:\/\/termotom.com\/hr\/wp-json\/wp\/v2\/product_tag?post=38490"}],"curies":[{"name":"wp","href":"https:\/\/api.w.org\/{rel}","templated":true}]}}